{"id":468055,"date":"2025-02-11T10:38:09","date_gmt":"2025-02-11T10:38:11","guid":{"rendered":"https:\/\/www.erresse-shop.it\/?post_type=product&#038;p=468055"},"modified":"2025-02-11T10:45:12","modified_gmt":"2025-02-11T10:45:12","slug":"seletti-pouf-lipsticks-copia","status":"publish","type":"product","link":"https:\/\/www.erresse-shop.it\/fr\/shop\/ameublement-maison\/chaises-et-fauteuils\/seletti-pouf-lipsticks-copia\/","title":{"rendered":"SELETTI Pouf Shit"},"content":{"rendered":"<p>Pouf Lipsticks est le pouf doux et confortable de Toiletpaper Home pour meubler le salon ou la chambre ou en le modulant avec les autres \u00e9l\u00e9ments de la collection pour cr\u00e9er des compositions uniques et originales.<\/p>\n<p><strong>Mat\u00e9riaux\u00a0:<\/strong> polyester, contreplaqu\u00e9, m\u00e9tal et polyur\u00e9thane<br \/>\n<strong>Dimensions :<\/strong> cm\u00a0 \u200b\u200b51 x 46 h. 42<br \/>\n<strong>Conception\u00a0:<\/strong> papier toilette<\/p>\n","protected":false},"excerpt":{"rendered":"<p>Pouf Lipsticks est le pouf doux et confortable de Toiletpaper Home pour meubler le salon ou la chambre ou en<\/p>\n","protected":false},"featured_media":468074,"template":"","meta":{"_acf_changed":false,"inline_featured_image":false},"product_cat":[12738,14437],"product_tag":[15759,24603,13015,13102],"acf":[],"yoast_head":"<!-- This site is optimized with the Yoast SEO Premium plugin v18.6 (Yoast SEO v19.13) - https:\/\/yoast.com\/wordpress\/plugins\/seo\/ -->\n<title>SELETTI Pouf Shit - Erresse Shop<\/title>\n<meta name=\"description\" content=\"Pouf Lipsticks est le pouf doux et confortable de Toiletpaper Home pour meubler le salon ou la chambre ou en le modulant avec les autres \u00e9l\u00e9ments de la\" \/>\n<meta name=\"robots\" content=\"index, follow, max-snippet:-1, max-image-preview:large, max-video-preview:-1\" \/>\n<link rel=\"canonical\" href=\"https:\/\/www.erresse-shop.it\/fr\/shop\/ameublement-maison\/chaises-et-fauteuils\/seletti-pouf-lipsticks-copia\/\" \/>\n<meta property=\"og:locale\" content=\"fr_FR\" \/>\n<meta property=\"og:type\" content=\"article\" \/>\n<meta property=\"og:title\" content=\"SELETTI Pouf Shit\" \/>\n<meta property=\"og:description\" content=\"Pouf Lipsticks est le pouf doux et confortable de Toiletpaper Home pour meubler le salon ou la chambre ou en le modulant avec les autres \u00e9l\u00e9ments de la\" \/>\n<meta property=\"og:url\" content=\"https:\/\/www.erresse-shop.it\/fr\/shop\/ameublement-maison\/chaises-et-fauteuils\/seletti-pouf-lipsticks-copia\/\" \/>\n<meta property=\"og:site_name\" content=\"Erresse Shop\" \/>\n<meta property=\"article:modified_time\" content=\"2025-02-11T10:45:12+00:00\" \/>\n<meta property=\"og:image\" content=\"https:\/\/www.erresse-shop.it\/wp-content\/uploads\/2025\/02\/SELETTI-Pouf-Shit.jpg\" \/>\n\t<meta property=\"og:image:width\" content=\"1200\" \/>\n\t<meta property=\"og:image:height\" content=\"1200\" \/>\n\t<meta property=\"og:image:type\" content=\"image\/jpeg\" \/>\n<meta name=\"twitter:card\" content=\"summary_large_image\" \/>\n<script type=\"application\/ld+json\" class=\"yoast-schema-graph\">{\"@context\":\"https:\/\/schema.org\",\"@graph\":[{\"@type\":\"WebPage\",\"@id\":\"https:\/\/www.erresse-shop.it\/fr\/shop\/ameublement-maison\/chaises-et-fauteuils\/seletti-pouf-lipsticks-copia\/\",\"url\":\"https:\/\/www.erresse-shop.it\/fr\/shop\/ameublement-maison\/chaises-et-fauteuils\/seletti-pouf-lipsticks-copia\/\",\"name\":\"SELETTI Pouf Shit - Erresse Shop\",\"isPartOf\":{\"@id\":\"https:\/\/www.erresse-shop.it\/fr\/#website\"},\"datePublished\":\"2025-02-11T10:38:11+00:00\",\"dateModified\":\"2025-02-11T10:45:12+00:00\",\"description\":\"Pouf Lipsticks est le pouf doux et confortable de Toiletpaper Home pour meubler le salon ou la chambre ou en le modulant avec les autres \u00e9l\u00e9ments de la\",\"breadcrumb\":{\"@id\":\"https:\/\/www.erresse-shop.it\/fr\/shop\/ameublement-maison\/chaises-et-fauteuils\/seletti-pouf-lipsticks-copia\/#breadcrumb\"},\"inLanguage\":\"fr-FR\",\"potentialAction\":[{\"@type\":\"ReadAction\",\"target\":[\"https:\/\/www.erresse-shop.it\/fr\/shop\/ameublement-maison\/chaises-et-fauteuils\/seletti-pouf-lipsticks-copia\/\"]}]},{\"@type\":\"BreadcrumbList\",\"@id\":\"https:\/\/www.erresse-shop.it\/fr\/shop\/ameublement-maison\/chaises-et-fauteuils\/seletti-pouf-lipsticks-copia\/#breadcrumb\",\"itemListElement\":[{\"@type\":\"ListItem\",\"position\":1,\"name\":\"Home\",\"item\":\"https:\/\/www.erresse-shop.it\/fr\/\"},{\"@type\":\"ListItem\",\"position\":2,\"name\":\"Shop\",\"item\":\"https:\/\/www.erresse-shop.it\/fr\/shop\/\"},{\"@type\":\"ListItem\",\"position\":3,\"name\":\"SELETTI Pouf Shit\"}]},{\"@type\":\"WebSite\",\"@id\":\"https:\/\/www.erresse-shop.it\/fr\/#website\",\"url\":\"https:\/\/www.erresse-shop.it\/fr\/\",\"name\":\"Erresse Shop\",\"description\":\"Articoli di qualit\u00e0 per la casa\",\"potentialAction\":[{\"@type\":\"SearchAction\",\"target\":{\"@type\":\"EntryPoint\",\"urlTemplate\":\"https:\/\/www.erresse-shop.it\/fr\/?s={search_term_string}\"},\"query-input\":\"required name=search_term_string\"}],\"inLanguage\":\"fr-FR\"}]}<\/script>\n<!-- \/ Yoast SEO Premium plugin. -->","yoast_head_json":{"title":"SELETTI Pouf Shit - Erresse Shop","description":"Pouf Lipsticks est le pouf doux et confortable de Toiletpaper Home pour meubler le salon ou la chambre ou en le modulant avec les autres \u00e9l\u00e9ments de la","robots":{"index":"index","follow":"follow","max-snippet":"max-snippet:-1","max-image-preview":"max-image-preview:large","max-video-preview":"max-video-preview:-1"},"canonical":"https:\/\/www.erresse-shop.it\/fr\/shop\/ameublement-maison\/chaises-et-fauteuils\/seletti-pouf-lipsticks-copia\/","og_locale":"fr_FR","og_type":"article","og_title":"SELETTI Pouf Shit","og_description":"Pouf Lipsticks est le pouf doux et confortable de Toiletpaper Home pour meubler le salon ou la chambre ou en le modulant avec les autres \u00e9l\u00e9ments de la","og_url":"https:\/\/www.erresse-shop.it\/fr\/shop\/ameublement-maison\/chaises-et-fauteuils\/seletti-pouf-lipsticks-copia\/","og_site_name":"Erresse Shop","article_modified_time":"2025-02-11T10:45:12+00:00","og_image":[{"width":1200,"height":1200,"url":"https:\/\/www.erresse-shop.it\/wp-content\/uploads\/2025\/02\/SELETTI-Pouf-Shit.jpg","type":"image\/jpeg"}],"twitter_card":"summary_large_image","schema":{"@context":"https:\/\/schema.org","@graph":[{"@type":"WebPage","@id":"https:\/\/www.erresse-shop.it\/fr\/shop\/ameublement-maison\/chaises-et-fauteuils\/seletti-pouf-lipsticks-copia\/","url":"https:\/\/www.erresse-shop.it\/fr\/shop\/ameublement-maison\/chaises-et-fauteuils\/seletti-pouf-lipsticks-copia\/","name":"SELETTI Pouf Shit - Erresse Shop","isPartOf":{"@id":"https:\/\/www.erresse-shop.it\/fr\/#website"},"datePublished":"2025-02-11T10:38:11+00:00","dateModified":"2025-02-11T10:45:12+00:00","description":"Pouf Lipsticks est le pouf doux et confortable de Toiletpaper Home pour meubler le salon ou la chambre ou en le modulant avec les autres \u00e9l\u00e9ments de la","breadcrumb":{"@id":"https:\/\/www.erresse-shop.it\/fr\/shop\/ameublement-maison\/chaises-et-fauteuils\/seletti-pouf-lipsticks-copia\/#breadcrumb"},"inLanguage":"fr-FR","potentialAction":[{"@type":"ReadAction","target":["https:\/\/www.erresse-shop.it\/fr\/shop\/ameublement-maison\/chaises-et-fauteuils\/seletti-pouf-lipsticks-copia\/"]}]},{"@type":"BreadcrumbList","@id":"https:\/\/www.erresse-shop.it\/fr\/shop\/ameublement-maison\/chaises-et-fauteuils\/seletti-pouf-lipsticks-copia\/#breadcrumb","itemListElement":[{"@type":"ListItem","position":1,"name":"Home","item":"https:\/\/www.erresse-shop.it\/fr\/"},{"@type":"ListItem","position":2,"name":"Shop","item":"https:\/\/www.erresse-shop.it\/fr\/shop\/"},{"@type":"ListItem","position":3,"name":"SELETTI Pouf Shit"}]},{"@type":"WebSite","@id":"https:\/\/www.erresse-shop.it\/fr\/#website","url":"https:\/\/www.erresse-shop.it\/fr\/","name":"Erresse Shop","description":"Articoli di qualit\u00e0 per la casa","potentialAction":[{"@type":"SearchAction","target":{"@type":"EntryPoint","urlTemplate":"https:\/\/www.erresse-shop.it\/fr\/?s={search_term_string}"},"query-input":"required name=search_term_string"}],"inLanguage":"fr-FR"}]}},"df_price":213.75,"df_sale_price":213.75,"df_regular_price":475,"df_image_link":"https:\/\/www.erresse-shop.it\/wp-content\/uploads\/2025\/02\/SELETTI-Pouf-Shit-300x300.jpg","_links":{"self":[{"href":"https:\/\/www.erresse-shop.it\/fr\/wp-json\/wp\/v2\/product\/468055"}],"collection":[{"href":"https:\/\/www.erresse-shop.it\/fr\/wp-json\/wp\/v2\/product"}],"about":[{"href":"https:\/\/www.erresse-shop.it\/fr\/wp-json\/wp\/v2\/types\/product"}],"wp:featuredmedia":[{"embeddable":true,"href":"https:\/\/www.erresse-shop.it\/fr\/wp-json\/wp\/v2\/media\/468074"}],"wp:attachment":[{"href":"https:\/\/www.erresse-shop.it\/fr\/wp-json\/wp\/v2\/media?parent=468055"}],"wp:term":[{"taxonomy":"product_cat","embeddable":true,"href":"https:\/\/www.erresse-shop.it\/fr\/wp-json\/wp\/v2\/product_cat?post=468055"},{"taxonomy":"product_tag","embeddable":true,"href":"https:\/\/www.erresse-shop.it\/fr\/wp-json\/wp\/v2\/product_tag?post=468055"}],"curies":[{"name":"wp","href":"https:\/\/api.w.org\/{rel}","templated":true}]}}