{"id":466347,"date":"2025-02-05T14:22:48","date_gmt":"2025-02-05T14:22:52","guid":{"rendered":"https:\/\/www.erresse-shop.it\/?post_type=product&#038;p=466347"},"modified":"2025-02-05T14:38:10","modified_gmt":"2025-02-05T14:38:10","slug":"berkel-teknica-jeu-de-3-couteaux-a-jambon-noir-copia","status":"publish","type":"product","link":"https:\/\/www.erresse-shop.it\/fr\/shop\/cuisine\/couteaux\/berkel-teknica-jeu-de-3-couteaux-a-jambon-noir-copia\/","title":{"rendered":"BERKEL Ensemble de 4 couteaux de chef noirs Teknica"},"content":{"rendered":"<p><strong>Berkel<\/strong> d\u00e9die ce coffret aux amateurs de charcuterie avec un couteau pour le jambon, le pain et le d\u00e9sossage.<\/p>\n<ul>\n<li>Lame en acier au chrome-molybd\u00e8ne-vanadium 1.4116-X50 Cr Mo V15 de haute qualit\u00e9<\/li>\n<li>Lame d\u00e9coup\u00e9e au laser \u00e0 partir d&#8217;une feuille de 3 mm<\/li>\n<li>\u00c9bauche, trempe, satinage et aff\u00fbtage r\u00e9alis\u00e9s selon des techniques artisanales<\/li>\n<li>Poign\u00e9e \u00ab technique \u00bb imprim\u00e9e en polym\u00e8re thermoplastique avec prise directe pour assurer une ergonomie d\u2019utilisation maximale et sugg\u00e9rer la bonne prise en main<\/li>\n<li>Double texture dans les zones de pr\u00e9hension pour augmenter l&#8217;adh\u00e9rence<\/li>\n<li>Bague avant pour un blocage parfait de la lame<\/li>\n<li>Bague arri\u00e8re qui garantit un \u00e9quilibre parfait gr\u00e2ce \u00e0 l&#8217;insertion de billes d&#8217;acier<\/li>\n<li>Logo et design Berkel reconnaissables<\/li>\n<li>\u00ab\u00a0B\u00a0\u00bb grav\u00e9 sur la lunette arri\u00e8re<\/li>\n<\/ul>\n<p><strong>SP\u00c9CIFICATIONS<\/strong><\/p>\n<div class=\"attribute\"><strong>Poids :<\/strong> 625 gr<br \/>\n<strong>Composition du set :<\/strong> Couteau \u00e0 jambon 28 cm, Couteau \u00e0 pain 22 cm, Couteau de cuisine 20 cm, Couteau Santoku 17 cm<\/div>\n<div class=\"attribute\"><strong>Mat\u00e9riau de la lame\u00a0:<\/strong> forg\u00e9 en acier inoxydable 1.4116-X50 Cr Mo V15\u00a0; \u00c9paisseur 3 mm; Duret\u00e9 apr\u00e8s T.T : 59\/60 HRC ; Certificat Catra\u00a0: Tr\u00e8s bien.<\/div>\n<div class=\"attribute\"><strong>Poign\u00e9e :<\/strong> R\u00e9sine avec finition satin\u00e9e<\/div>\n<div class=\"attribute\"><strong>Utilisation et entretien :<\/strong> Nous recommandons fortement le lavage \u00e0 la main \u00e0 l&#8217;eau chaude pour garantir l&#8217;int\u00e9grit\u00e9 du produit et sa durabilit\u00e9 dans le temps. Dans tous les cas, il est recommand\u00e9 de s\u00e9cher le couteau apr\u00e8s chaque lavage. N&#8217;utilisez pas de chiffons ou d&#8217;\u00e9ponges abrasives.<\/div>\n","protected":false},"excerpt":{"rendered":"<p>Berkel d\u00e9die ce coffret aux amateurs de charcuterie avec un couteau pour le jambon, le pain et le d\u00e9sossage. Lame<\/p>\n","protected":false},"featured_media":466364,"template":"","meta":{"_acf_changed":false,"inline_featured_image":false},"product_cat":[12742,14452,12748],"product_tag":[23690,12839,18698,23660,24403,12856,15416],"acf":[],"yoast_head":"<!-- This site is optimized with the Yoast SEO Premium plugin v18.6 (Yoast SEO v19.13) - https:\/\/yoast.com\/wordpress\/plugins\/seo\/ -->\n<title>BERKEL Teknica Jeu de 3 Couteaux \u00e0 Jambon Noir<\/title>\n<meta name=\"description\" content=\"D\u00e9couvrez BERKEL Teknica Jeu de 3 Couteaux \u00e0 Jambon Noir sur ErresseShop. Qualit\u00e9, prix r\u00e9duits et achat s\u00e9curis\u00e9 \u2013 commandez d\u00e8s maintenant en ligne !\" \/>\n<meta name=\"robots\" content=\"index, follow, max-snippet:-1, max-image-preview:large, max-video-preview:-1\" \/>\n<link rel=\"canonical\" href=\"https:\/\/www.erresse-shop.it\/fr\/shop\/cuisine\/couteaux\/berkel-teknica-jeu-de-3-couteaux-a-jambon-noir-copia\/\" \/>\n<meta property=\"og:locale\" content=\"fr_FR\" \/>\n<meta property=\"og:type\" content=\"article\" \/>\n<meta property=\"og:title\" content=\"BERKEL Ensemble de 4 couteaux de chef noirs Teknica\" \/>\n<meta property=\"og:description\" content=\"D\u00e9couvrez BERKEL Teknica Jeu de 3 Couteaux \u00e0 Jambon Noir sur ErresseShop. Qualit\u00e9, prix r\u00e9duits et achat s\u00e9curis\u00e9 \u2013 commandez d\u00e8s maintenant en ligne !\" \/>\n<meta property=\"og:url\" content=\"https:\/\/www.erresse-shop.it\/fr\/shop\/cuisine\/couteaux\/berkel-teknica-jeu-de-3-couteaux-a-jambon-noir-copia\/\" \/>\n<meta property=\"og:site_name\" content=\"Erresse Shop\" \/>\n<meta property=\"article:modified_time\" content=\"2025-02-05T14:38:10+00:00\" \/>\n<meta property=\"og:image\" content=\"https:\/\/www.erresse-shop.it\/wp-content\/uploads\/2025\/02\/BERKEL-Teknica-Set-4-Coltelli-Chef-Nero.jpg\" \/>\n\t<meta property=\"og:image:width\" content=\"1200\" \/>\n\t<meta property=\"og:image:height\" content=\"1200\" \/>\n\t<meta property=\"og:image:type\" content=\"image\/jpeg\" \/>\n<meta name=\"twitter:card\" content=\"summary_large_image\" \/>\n<script type=\"application\/ld+json\" class=\"yoast-schema-graph\">{\"@context\":\"https:\/\/schema.org\",\"@graph\":[{\"@type\":\"WebPage\",\"@id\":\"https:\/\/www.erresse-shop.it\/fr\/shop\/cuisine\/couteaux\/berkel-teknica-jeu-de-3-couteaux-a-jambon-noir-copia\/\",\"url\":\"https:\/\/www.erresse-shop.it\/fr\/shop\/cuisine\/couteaux\/berkel-teknica-jeu-de-3-couteaux-a-jambon-noir-copia\/\",\"name\":\"BERKEL Teknica Jeu de 3 Couteaux \u00e0 Jambon Noir\",\"isPartOf\":{\"@id\":\"https:\/\/www.erresse-shop.it\/fr\/#website\"},\"datePublished\":\"2025-02-05T14:22:52+00:00\",\"dateModified\":\"2025-02-05T14:38:10+00:00\",\"description\":\"D\u00e9couvrez BERKEL Teknica Jeu de 3 Couteaux \u00e0 Jambon Noir sur ErresseShop. Qualit\u00e9, prix r\u00e9duits et achat s\u00e9curis\u00e9 \u2013 commandez d\u00e8s maintenant en ligne !\",\"breadcrumb\":{\"@id\":\"https:\/\/www.erresse-shop.it\/fr\/shop\/cuisine\/couteaux\/berkel-teknica-jeu-de-3-couteaux-a-jambon-noir-copia\/#breadcrumb\"},\"inLanguage\":\"fr-FR\",\"potentialAction\":[{\"@type\":\"ReadAction\",\"target\":[\"https:\/\/www.erresse-shop.it\/fr\/shop\/cuisine\/couteaux\/berkel-teknica-jeu-de-3-couteaux-a-jambon-noir-copia\/\"]}]},{\"@type\":\"BreadcrumbList\",\"@id\":\"https:\/\/www.erresse-shop.it\/fr\/shop\/cuisine\/couteaux\/berkel-teknica-jeu-de-3-couteaux-a-jambon-noir-copia\/#breadcrumb\",\"itemListElement\":[{\"@type\":\"ListItem\",\"position\":1,\"name\":\"Home\",\"item\":\"https:\/\/www.erresse-shop.it\/fr\/\"},{\"@type\":\"ListItem\",\"position\":2,\"name\":\"Shop\",\"item\":\"https:\/\/www.erresse-shop.it\/fr\/shop\/\"},{\"@type\":\"ListItem\",\"position\":3,\"name\":\"BERKEL Ensemble de 4 couteaux de chef noirs Teknica\"}]},{\"@type\":\"WebSite\",\"@id\":\"https:\/\/www.erresse-shop.it\/fr\/#website\",\"url\":\"https:\/\/www.erresse-shop.it\/fr\/\",\"name\":\"Erresse Shop\",\"description\":\"Articoli di qualit\u00e0 per la casa\",\"potentialAction\":[{\"@type\":\"SearchAction\",\"target\":{\"@type\":\"EntryPoint\",\"urlTemplate\":\"https:\/\/www.erresse-shop.it\/fr\/?s={search_term_string}\"},\"query-input\":\"required name=search_term_string\"}],\"inLanguage\":\"fr-FR\"}]}<\/script>\n<!-- \/ Yoast SEO Premium plugin. -->","yoast_head_json":{"title":"BERKEL Teknica Jeu de 3 Couteaux \u00e0 Jambon Noir","description":"D\u00e9couvrez BERKEL Teknica Jeu de 3 Couteaux \u00e0 Jambon Noir sur ErresseShop. Qualit\u00e9, prix r\u00e9duits et achat s\u00e9curis\u00e9 \u2013 commandez d\u00e8s maintenant en ligne !","robots":{"index":"index","follow":"follow","max-snippet":"max-snippet:-1","max-image-preview":"max-image-preview:large","max-video-preview":"max-video-preview:-1"},"canonical":"https:\/\/www.erresse-shop.it\/fr\/shop\/cuisine\/couteaux\/berkel-teknica-jeu-de-3-couteaux-a-jambon-noir-copia\/","og_locale":"fr_FR","og_type":"article","og_title":"BERKEL Ensemble de 4 couteaux de chef noirs Teknica","og_description":"D\u00e9couvrez BERKEL Teknica Jeu de 3 Couteaux \u00e0 Jambon Noir sur ErresseShop. Qualit\u00e9, prix r\u00e9duits et achat s\u00e9curis\u00e9 \u2013 commandez d\u00e8s maintenant en ligne !","og_url":"https:\/\/www.erresse-shop.it\/fr\/shop\/cuisine\/couteaux\/berkel-teknica-jeu-de-3-couteaux-a-jambon-noir-copia\/","og_site_name":"Erresse Shop","article_modified_time":"2025-02-05T14:38:10+00:00","og_image":[{"width":1200,"height":1200,"url":"https:\/\/www.erresse-shop.it\/wp-content\/uploads\/2025\/02\/BERKEL-Teknica-Set-4-Coltelli-Chef-Nero.jpg","type":"image\/jpeg"}],"twitter_card":"summary_large_image","schema":{"@context":"https:\/\/schema.org","@graph":[{"@type":"WebPage","@id":"https:\/\/www.erresse-shop.it\/fr\/shop\/cuisine\/couteaux\/berkel-teknica-jeu-de-3-couteaux-a-jambon-noir-copia\/","url":"https:\/\/www.erresse-shop.it\/fr\/shop\/cuisine\/couteaux\/berkel-teknica-jeu-de-3-couteaux-a-jambon-noir-copia\/","name":"BERKEL Teknica Jeu de 3 Couteaux \u00e0 Jambon Noir","isPartOf":{"@id":"https:\/\/www.erresse-shop.it\/fr\/#website"},"datePublished":"2025-02-05T14:22:52+00:00","dateModified":"2025-02-05T14:38:10+00:00","description":"D\u00e9couvrez BERKEL Teknica Jeu de 3 Couteaux \u00e0 Jambon Noir sur ErresseShop. Qualit\u00e9, prix r\u00e9duits et achat s\u00e9curis\u00e9 \u2013 commandez d\u00e8s maintenant en ligne !","breadcrumb":{"@id":"https:\/\/www.erresse-shop.it\/fr\/shop\/cuisine\/couteaux\/berkel-teknica-jeu-de-3-couteaux-a-jambon-noir-copia\/#breadcrumb"},"inLanguage":"fr-FR","potentialAction":[{"@type":"ReadAction","target":["https:\/\/www.erresse-shop.it\/fr\/shop\/cuisine\/couteaux\/berkel-teknica-jeu-de-3-couteaux-a-jambon-noir-copia\/"]}]},{"@type":"BreadcrumbList","@id":"https:\/\/www.erresse-shop.it\/fr\/shop\/cuisine\/couteaux\/berkel-teknica-jeu-de-3-couteaux-a-jambon-noir-copia\/#breadcrumb","itemListElement":[{"@type":"ListItem","position":1,"name":"Home","item":"https:\/\/www.erresse-shop.it\/fr\/"},{"@type":"ListItem","position":2,"name":"Shop","item":"https:\/\/www.erresse-shop.it\/fr\/shop\/"},{"@type":"ListItem","position":3,"name":"BERKEL Ensemble de 4 couteaux de chef noirs Teknica"}]},{"@type":"WebSite","@id":"https:\/\/www.erresse-shop.it\/fr\/#website","url":"https:\/\/www.erresse-shop.it\/fr\/","name":"Erresse Shop","description":"Articoli di qualit\u00e0 per la casa","potentialAction":[{"@type":"SearchAction","target":{"@type":"EntryPoint","urlTemplate":"https:\/\/www.erresse-shop.it\/fr\/?s={search_term_string}"},"query-input":"required name=search_term_string"}],"inLanguage":"fr-FR"}]}},"df_price":219.5,"df_sale_price":219.5,"df_regular_price":439,"df_image_link":"https:\/\/www.erresse-shop.it\/wp-content\/uploads\/2025\/02\/BERKEL-Teknica-Set-4-Coltelli-Chef-Nero-300x300.jpg","_links":{"self":[{"href":"https:\/\/www.erresse-shop.it\/fr\/wp-json\/wp\/v2\/product\/466347"}],"collection":[{"href":"https:\/\/www.erresse-shop.it\/fr\/wp-json\/wp\/v2\/product"}],"about":[{"href":"https:\/\/www.erresse-shop.it\/fr\/wp-json\/wp\/v2\/types\/product"}],"wp:featuredmedia":[{"embeddable":true,"href":"https:\/\/www.erresse-shop.it\/fr\/wp-json\/wp\/v2\/media\/466364"}],"wp:attachment":[{"href":"https:\/\/www.erresse-shop.it\/fr\/wp-json\/wp\/v2\/media?parent=466347"}],"wp:term":[{"taxonomy":"product_cat","embeddable":true,"href":"https:\/\/www.erresse-shop.it\/fr\/wp-json\/wp\/v2\/product_cat?post=466347"},{"taxonomy":"product_tag","embeddable":true,"href":"https:\/\/www.erresse-shop.it\/fr\/wp-json\/wp\/v2\/product_tag?post=466347"}],"curies":[{"name":"wp","href":"https:\/\/api.w.org\/{rel}","templated":true}]}}