{"id":466190,"date":"2025-02-05T10:20:56","date_gmt":"2025-02-05T10:20:58","guid":{"rendered":"https:\/\/www.erresse-shop.it\/?post_type=product&#038;p=466190"},"modified":"2026-02-23T11:31:21","modified_gmt":"2026-02-23T11:31:21","slug":"wd-lifestyle-lot-de-6-tasses-a-cafe","status":"publish","type":"product","link":"https:\/\/www.erresse-shop.it\/fr\/shop\/table-fr-2\/tasses\/wd-lifestyle-lot-de-6-tasses-a-cafe\/","title":{"rendered":"WD LIFESTYLE Lot de 6 tasses \u00e0 caf\u00e9"},"content":{"rendered":"<p>Rendez chaque pause caf\u00e9 sp\u00e9ciale avec l&#8217;ensemble de 6 tasses en verre borosilicat\u00e9 transparent. L\u00e9g\u00e8res et r\u00e9sistantes, ces tasses sont agr\u00e9ment\u00e9es d&#8217;une anse color\u00e9e et d&#8217;une \u00e9criture d\u00e9corative qui ajoutent une touche d&#8217;originalit\u00e9 \u00e0 votre moment de plaisir.<\/p>\n<p>Un m\u00e9lange parfait de fonctionnalit\u00e9 et d\u2019\u00e9l\u00e9gance pour tous les amateurs de caf\u00e9 !<\/p>\n<p>Capacit\u00e9 : 100 ml<br \/>\nDimensions : \u00d8 7,5 x 7,5 cm<\/p>\n","protected":false},"excerpt":{"rendered":"<p>Rendez chaque pause caf\u00e9 sp\u00e9ciale avec l&#8217;ensemble de 6 tasses en verre borosilicat\u00e9 transparent. L\u00e9g\u00e8res et r\u00e9sistantes, ces tasses sont<\/p>\n","protected":false},"featured_media":466202,"template":"","meta":{"_acf_changed":false,"inline_featured_image":false},"product_cat":[12782,12791],"product_tag":[24603,16906,14889,21294],"acf":[],"yoast_head":"<!-- This site is optimized with the Yoast SEO Premium plugin v18.6 (Yoast SEO v19.13) - https:\/\/yoast.com\/wordpress\/plugins\/seo\/ -->\n<title>WD LIFESTYLE Lot de 6 tasses \u00e0 caf\u00e9 - Erresse Shop<\/title>\n<meta name=\"description\" content=\"Rendez chaque pause caf\u00e9 sp\u00e9ciale avec l&#039;ensemble de 6 tasses en verre borosilicat\u00e9 transparent. L\u00e9g\u00e8res et r\u00e9sistantes, ces tasses sont agr\u00e9ment\u00e9es d&#039;une\" \/>\n<meta name=\"robots\" content=\"index, follow, max-snippet:-1, max-image-preview:large, max-video-preview:-1\" \/>\n<link rel=\"canonical\" href=\"https:\/\/www.erresse-shop.it\/fr\/shop\/table-fr-2\/tasses\/wd-lifestyle-lot-de-6-tasses-a-cafe\/\" \/>\n<meta property=\"og:locale\" content=\"fr_FR\" \/>\n<meta property=\"og:type\" content=\"article\" \/>\n<meta property=\"og:title\" content=\"WD LIFESTYLE Lot de 6 tasses \u00e0 caf\u00e9\" \/>\n<meta property=\"og:description\" content=\"Rendez chaque pause caf\u00e9 sp\u00e9ciale avec l&#039;ensemble de 6 tasses en verre borosilicat\u00e9 transparent. L\u00e9g\u00e8res et r\u00e9sistantes, ces tasses sont agr\u00e9ment\u00e9es d&#039;une\" \/>\n<meta property=\"og:url\" content=\"https:\/\/www.erresse-shop.it\/fr\/shop\/table-fr-2\/tasses\/wd-lifestyle-lot-de-6-tasses-a-cafe\/\" \/>\n<meta property=\"og:site_name\" content=\"Erresse Shop\" \/>\n<meta property=\"article:modified_time\" content=\"2026-02-23T11:31:21+00:00\" \/>\n<meta property=\"og:image\" content=\"https:\/\/www.erresse-shop.it\/wp-content\/uploads\/2025\/02\/WD-LIFESTYLE-Set-6-Tazzine-da-Caffe.jpg\" \/>\n\t<meta property=\"og:image:width\" content=\"1200\" \/>\n\t<meta property=\"og:image:height\" content=\"1200\" \/>\n\t<meta property=\"og:image:type\" content=\"image\/jpeg\" \/>\n<meta name=\"twitter:card\" content=\"summary_large_image\" \/>\n<script type=\"application\/ld+json\" class=\"yoast-schema-graph\">{\"@context\":\"https:\/\/schema.org\",\"@graph\":[{\"@type\":\"WebPage\",\"@id\":\"https:\/\/www.erresse-shop.it\/fr\/shop\/table-fr-2\/tasses\/wd-lifestyle-lot-de-6-tasses-a-cafe\/\",\"url\":\"https:\/\/www.erresse-shop.it\/fr\/shop\/table-fr-2\/tasses\/wd-lifestyle-lot-de-6-tasses-a-cafe\/\",\"name\":\"WD LIFESTYLE Lot de 6 tasses \u00e0 caf\u00e9 - Erresse Shop\",\"isPartOf\":{\"@id\":\"https:\/\/www.erresse-shop.it\/fr\/#website\"},\"datePublished\":\"2025-02-05T10:20:58+00:00\",\"dateModified\":\"2026-02-23T11:31:21+00:00\",\"description\":\"Rendez chaque pause caf\u00e9 sp\u00e9ciale avec l'ensemble de 6 tasses en verre borosilicat\u00e9 transparent. L\u00e9g\u00e8res et r\u00e9sistantes, ces tasses sont agr\u00e9ment\u00e9es d'une\",\"breadcrumb\":{\"@id\":\"https:\/\/www.erresse-shop.it\/fr\/shop\/table-fr-2\/tasses\/wd-lifestyle-lot-de-6-tasses-a-cafe\/#breadcrumb\"},\"inLanguage\":\"fr-FR\",\"potentialAction\":[{\"@type\":\"ReadAction\",\"target\":[\"https:\/\/www.erresse-shop.it\/fr\/shop\/table-fr-2\/tasses\/wd-lifestyle-lot-de-6-tasses-a-cafe\/\"]}]},{\"@type\":\"BreadcrumbList\",\"@id\":\"https:\/\/www.erresse-shop.it\/fr\/shop\/table-fr-2\/tasses\/wd-lifestyle-lot-de-6-tasses-a-cafe\/#breadcrumb\",\"itemListElement\":[{\"@type\":\"ListItem\",\"position\":1,\"name\":\"Home\",\"item\":\"https:\/\/www.erresse-shop.it\/fr\/\"},{\"@type\":\"ListItem\",\"position\":2,\"name\":\"Shop\",\"item\":\"https:\/\/www.erresse-shop.it\/fr\/shop\/\"},{\"@type\":\"ListItem\",\"position\":3,\"name\":\"WD LIFESTYLE Lot de 6 tasses \u00e0 caf\u00e9\"}]},{\"@type\":\"WebSite\",\"@id\":\"https:\/\/www.erresse-shop.it\/fr\/#website\",\"url\":\"https:\/\/www.erresse-shop.it\/fr\/\",\"name\":\"Erresse Shop\",\"description\":\"Articoli di qualit\u00e0 per la casa\",\"potentialAction\":[{\"@type\":\"SearchAction\",\"target\":{\"@type\":\"EntryPoint\",\"urlTemplate\":\"https:\/\/www.erresse-shop.it\/fr\/?s={search_term_string}\"},\"query-input\":\"required name=search_term_string\"}],\"inLanguage\":\"fr-FR\"}]}<\/script>\n<!-- \/ Yoast SEO Premium plugin. -->","yoast_head_json":{"title":"WD LIFESTYLE Lot de 6 tasses \u00e0 caf\u00e9 - Erresse Shop","description":"Rendez chaque pause caf\u00e9 sp\u00e9ciale avec l'ensemble de 6 tasses en verre borosilicat\u00e9 transparent. L\u00e9g\u00e8res et r\u00e9sistantes, ces tasses sont agr\u00e9ment\u00e9es d'une","robots":{"index":"index","follow":"follow","max-snippet":"max-snippet:-1","max-image-preview":"max-image-preview:large","max-video-preview":"max-video-preview:-1"},"canonical":"https:\/\/www.erresse-shop.it\/fr\/shop\/table-fr-2\/tasses\/wd-lifestyle-lot-de-6-tasses-a-cafe\/","og_locale":"fr_FR","og_type":"article","og_title":"WD LIFESTYLE Lot de 6 tasses \u00e0 caf\u00e9","og_description":"Rendez chaque pause caf\u00e9 sp\u00e9ciale avec l'ensemble de 6 tasses en verre borosilicat\u00e9 transparent. L\u00e9g\u00e8res et r\u00e9sistantes, ces tasses sont agr\u00e9ment\u00e9es d'une","og_url":"https:\/\/www.erresse-shop.it\/fr\/shop\/table-fr-2\/tasses\/wd-lifestyle-lot-de-6-tasses-a-cafe\/","og_site_name":"Erresse Shop","article_modified_time":"2026-02-23T11:31:21+00:00","og_image":[{"width":1200,"height":1200,"url":"https:\/\/www.erresse-shop.it\/wp-content\/uploads\/2025\/02\/WD-LIFESTYLE-Set-6-Tazzine-da-Caffe.jpg","type":"image\/jpeg"}],"twitter_card":"summary_large_image","schema":{"@context":"https:\/\/schema.org","@graph":[{"@type":"WebPage","@id":"https:\/\/www.erresse-shop.it\/fr\/shop\/table-fr-2\/tasses\/wd-lifestyle-lot-de-6-tasses-a-cafe\/","url":"https:\/\/www.erresse-shop.it\/fr\/shop\/table-fr-2\/tasses\/wd-lifestyle-lot-de-6-tasses-a-cafe\/","name":"WD LIFESTYLE Lot de 6 tasses \u00e0 caf\u00e9 - Erresse Shop","isPartOf":{"@id":"https:\/\/www.erresse-shop.it\/fr\/#website"},"datePublished":"2025-02-05T10:20:58+00:00","dateModified":"2026-02-23T11:31:21+00:00","description":"Rendez chaque pause caf\u00e9 sp\u00e9ciale avec l'ensemble de 6 tasses en verre borosilicat\u00e9 transparent. L\u00e9g\u00e8res et r\u00e9sistantes, ces tasses sont agr\u00e9ment\u00e9es d'une","breadcrumb":{"@id":"https:\/\/www.erresse-shop.it\/fr\/shop\/table-fr-2\/tasses\/wd-lifestyle-lot-de-6-tasses-a-cafe\/#breadcrumb"},"inLanguage":"fr-FR","potentialAction":[{"@type":"ReadAction","target":["https:\/\/www.erresse-shop.it\/fr\/shop\/table-fr-2\/tasses\/wd-lifestyle-lot-de-6-tasses-a-cafe\/"]}]},{"@type":"BreadcrumbList","@id":"https:\/\/www.erresse-shop.it\/fr\/shop\/table-fr-2\/tasses\/wd-lifestyle-lot-de-6-tasses-a-cafe\/#breadcrumb","itemListElement":[{"@type":"ListItem","position":1,"name":"Home","item":"https:\/\/www.erresse-shop.it\/fr\/"},{"@type":"ListItem","position":2,"name":"Shop","item":"https:\/\/www.erresse-shop.it\/fr\/shop\/"},{"@type":"ListItem","position":3,"name":"WD LIFESTYLE Lot de 6 tasses \u00e0 caf\u00e9"}]},{"@type":"WebSite","@id":"https:\/\/www.erresse-shop.it\/fr\/#website","url":"https:\/\/www.erresse-shop.it\/fr\/","name":"Erresse Shop","description":"Articoli di qualit\u00e0 per la casa","potentialAction":[{"@type":"SearchAction","target":{"@type":"EntryPoint","urlTemplate":"https:\/\/www.erresse-shop.it\/fr\/?s={search_term_string}"},"query-input":"required name=search_term_string"}],"inLanguage":"fr-FR"}]}},"df_price":13.739999999999998,"df_sale_price":13.739999999999998,"df_regular_price":22.9,"df_image_link":"https:\/\/www.erresse-shop.it\/wp-content\/uploads\/2025\/02\/WD-LIFESTYLE-Set-6-Tazzine-da-Caffe-300x300.jpg","_links":{"self":[{"href":"https:\/\/www.erresse-shop.it\/fr\/wp-json\/wp\/v2\/product\/466190"}],"collection":[{"href":"https:\/\/www.erresse-shop.it\/fr\/wp-json\/wp\/v2\/product"}],"about":[{"href":"https:\/\/www.erresse-shop.it\/fr\/wp-json\/wp\/v2\/types\/product"}],"wp:featuredmedia":[{"embeddable":true,"href":"https:\/\/www.erresse-shop.it\/fr\/wp-json\/wp\/v2\/media\/466202"}],"wp:attachment":[{"href":"https:\/\/www.erresse-shop.it\/fr\/wp-json\/wp\/v2\/media?parent=466190"}],"wp:term":[{"taxonomy":"product_cat","embeddable":true,"href":"https:\/\/www.erresse-shop.it\/fr\/wp-json\/wp\/v2\/product_cat?post=466190"},{"taxonomy":"product_tag","embeddable":true,"href":"https:\/\/www.erresse-shop.it\/fr\/wp-json\/wp\/v2\/product_tag?post=466190"}],"curies":[{"name":"wp","href":"https:\/\/api.w.org\/{rel}","templated":true}]}}