{"id":466170,"date":"2025-02-05T10:00:58","date_gmt":"2025-02-05T10:01:01","guid":{"rendered":"https:\/\/www.erresse-shop.it\/?post_type=product&#038;p=466170"},"modified":"2026-02-23T11:35:09","modified_gmt":"2026-02-23T11:35:09","slug":"wd-lifestyle-lot-de-4-tasses-a-the-en-verre","status":"publish","type":"product","link":"https:\/\/www.erresse-shop.it\/fr\/shop\/table-fr-2\/tasses\/wd-lifestyle-lot-de-4-tasses-a-the-en-verre\/","title":{"rendered":"WD LIFESTYLE Lot de 4 tasses \u00e0 th\u00e9 en verre"},"content":{"rendered":"<p>Ajoutez une touche de style \u00e0 votre pause th\u00e9 avec l&#8217;ensemble de 4 tasses en verre borosilicat\u00e9 transparent. L\u00e9g\u00e8res et durables, ces tasses sont dot\u00e9es d&#8217;une poign\u00e9e color\u00e9e et d&#8217;un lettrage d\u00e9coratif qui rend chaque gorg\u00e9e encore plus sp\u00e9ciale. Parfaits pour tout moment de d\u00e9tente, ils allient fonctionnalit\u00e9 et \u00e9l\u00e9gance pour une exp\u00e9rience unique.<\/p>\n<p>Capacit\u00e9 : 250 ml<br \/>\nDimensions : \u00d8 5,5 x 5,5 cm<\/p>\n","protected":false},"excerpt":{"rendered":"<p>Ajoutez une touche de style \u00e0 votre pause th\u00e9 avec l&#8217;ensemble de 4 tasses en verre borosilicat\u00e9 transparent. L\u00e9g\u00e8res et<\/p>\n","protected":false},"featured_media":466182,"template":"","meta":{"_acf_changed":false,"inline_featured_image":false},"product_cat":[12782,12791],"product_tag":[21327,14579,14889,21294],"acf":[],"yoast_head":"<!-- This site is optimized with the Yoast SEO Premium plugin v18.6 (Yoast SEO v19.13) - https:\/\/yoast.com\/wordpress\/plugins\/seo\/ -->\n<title>WD LIFESTYLE Lot de 4 tasses \u00e0 th\u00e9 en verre - Erresse Shop<\/title>\n<meta name=\"description\" content=\"Ajoutez une touche de style \u00e0 votre pause th\u00e9 avec l&#039;ensemble de 4 tasses en verre borosilicat\u00e9 transparent. L\u00e9g\u00e8res et durables, ces tasses sont dot\u00e9es\" \/>\n<meta name=\"robots\" content=\"index, follow, max-snippet:-1, max-image-preview:large, max-video-preview:-1\" \/>\n<link rel=\"canonical\" href=\"https:\/\/www.erresse-shop.it\/fr\/shop\/table-fr-2\/tasses\/wd-lifestyle-lot-de-4-tasses-a-the-en-verre\/\" \/>\n<meta property=\"og:locale\" content=\"fr_FR\" \/>\n<meta property=\"og:type\" content=\"article\" \/>\n<meta property=\"og:title\" content=\"WD LIFESTYLE Lot de 4 tasses \u00e0 th\u00e9 en verre\" \/>\n<meta property=\"og:description\" content=\"Ajoutez une touche de style \u00e0 votre pause th\u00e9 avec l&#039;ensemble de 4 tasses en verre borosilicat\u00e9 transparent. L\u00e9g\u00e8res et durables, ces tasses sont dot\u00e9es\" \/>\n<meta property=\"og:url\" content=\"https:\/\/www.erresse-shop.it\/fr\/shop\/table-fr-2\/tasses\/wd-lifestyle-lot-de-4-tasses-a-the-en-verre\/\" \/>\n<meta property=\"og:site_name\" content=\"Erresse Shop\" \/>\n<meta property=\"article:modified_time\" content=\"2026-02-23T11:35:09+00:00\" \/>\n<meta property=\"og:image\" content=\"https:\/\/www.erresse-shop.it\/wp-content\/uploads\/2025\/02\/WD-LIFESTYLE-Set-4-Tazze-da-Te-in-Vetro.jpg\" \/>\n\t<meta property=\"og:image:width\" content=\"1200\" \/>\n\t<meta property=\"og:image:height\" content=\"1200\" \/>\n\t<meta property=\"og:image:type\" content=\"image\/jpeg\" \/>\n<meta name=\"twitter:card\" content=\"summary_large_image\" \/>\n<script type=\"application\/ld+json\" class=\"yoast-schema-graph\">{\"@context\":\"https:\/\/schema.org\",\"@graph\":[{\"@type\":\"WebPage\",\"@id\":\"https:\/\/www.erresse-shop.it\/fr\/shop\/table-fr-2\/tasses\/wd-lifestyle-lot-de-4-tasses-a-the-en-verre\/\",\"url\":\"https:\/\/www.erresse-shop.it\/fr\/shop\/table-fr-2\/tasses\/wd-lifestyle-lot-de-4-tasses-a-the-en-verre\/\",\"name\":\"WD LIFESTYLE Lot de 4 tasses \u00e0 th\u00e9 en verre - Erresse Shop\",\"isPartOf\":{\"@id\":\"https:\/\/www.erresse-shop.it\/fr\/#website\"},\"datePublished\":\"2025-02-05T10:01:01+00:00\",\"dateModified\":\"2026-02-23T11:35:09+00:00\",\"description\":\"Ajoutez une touche de style \u00e0 votre pause th\u00e9 avec l'ensemble de 4 tasses en verre borosilicat\u00e9 transparent. L\u00e9g\u00e8res et durables, ces tasses sont dot\u00e9es\",\"breadcrumb\":{\"@id\":\"https:\/\/www.erresse-shop.it\/fr\/shop\/table-fr-2\/tasses\/wd-lifestyle-lot-de-4-tasses-a-the-en-verre\/#breadcrumb\"},\"inLanguage\":\"fr-FR\",\"potentialAction\":[{\"@type\":\"ReadAction\",\"target\":[\"https:\/\/www.erresse-shop.it\/fr\/shop\/table-fr-2\/tasses\/wd-lifestyle-lot-de-4-tasses-a-the-en-verre\/\"]}]},{\"@type\":\"BreadcrumbList\",\"@id\":\"https:\/\/www.erresse-shop.it\/fr\/shop\/table-fr-2\/tasses\/wd-lifestyle-lot-de-4-tasses-a-the-en-verre\/#breadcrumb\",\"itemListElement\":[{\"@type\":\"ListItem\",\"position\":1,\"name\":\"Home\",\"item\":\"https:\/\/www.erresse-shop.it\/fr\/\"},{\"@type\":\"ListItem\",\"position\":2,\"name\":\"Shop\",\"item\":\"https:\/\/www.erresse-shop.it\/fr\/shop\/\"},{\"@type\":\"ListItem\",\"position\":3,\"name\":\"WD LIFESTYLE Lot de 4 tasses \u00e0 th\u00e9 en verre\"}]},{\"@type\":\"WebSite\",\"@id\":\"https:\/\/www.erresse-shop.it\/fr\/#website\",\"url\":\"https:\/\/www.erresse-shop.it\/fr\/\",\"name\":\"Erresse Shop\",\"description\":\"Articoli di qualit\u00e0 per la casa\",\"potentialAction\":[{\"@type\":\"SearchAction\",\"target\":{\"@type\":\"EntryPoint\",\"urlTemplate\":\"https:\/\/www.erresse-shop.it\/fr\/?s={search_term_string}\"},\"query-input\":\"required name=search_term_string\"}],\"inLanguage\":\"fr-FR\"}]}<\/script>\n<!-- \/ Yoast SEO Premium plugin. -->","yoast_head_json":{"title":"WD LIFESTYLE Lot de 4 tasses \u00e0 th\u00e9 en verre - Erresse Shop","description":"Ajoutez une touche de style \u00e0 votre pause th\u00e9 avec l'ensemble de 4 tasses en verre borosilicat\u00e9 transparent. L\u00e9g\u00e8res et durables, ces tasses sont dot\u00e9es","robots":{"index":"index","follow":"follow","max-snippet":"max-snippet:-1","max-image-preview":"max-image-preview:large","max-video-preview":"max-video-preview:-1"},"canonical":"https:\/\/www.erresse-shop.it\/fr\/shop\/table-fr-2\/tasses\/wd-lifestyle-lot-de-4-tasses-a-the-en-verre\/","og_locale":"fr_FR","og_type":"article","og_title":"WD LIFESTYLE Lot de 4 tasses \u00e0 th\u00e9 en verre","og_description":"Ajoutez une touche de style \u00e0 votre pause th\u00e9 avec l'ensemble de 4 tasses en verre borosilicat\u00e9 transparent. L\u00e9g\u00e8res et durables, ces tasses sont dot\u00e9es","og_url":"https:\/\/www.erresse-shop.it\/fr\/shop\/table-fr-2\/tasses\/wd-lifestyle-lot-de-4-tasses-a-the-en-verre\/","og_site_name":"Erresse Shop","article_modified_time":"2026-02-23T11:35:09+00:00","og_image":[{"width":1200,"height":1200,"url":"https:\/\/www.erresse-shop.it\/wp-content\/uploads\/2025\/02\/WD-LIFESTYLE-Set-4-Tazze-da-Te-in-Vetro.jpg","type":"image\/jpeg"}],"twitter_card":"summary_large_image","schema":{"@context":"https:\/\/schema.org","@graph":[{"@type":"WebPage","@id":"https:\/\/www.erresse-shop.it\/fr\/shop\/table-fr-2\/tasses\/wd-lifestyle-lot-de-4-tasses-a-the-en-verre\/","url":"https:\/\/www.erresse-shop.it\/fr\/shop\/table-fr-2\/tasses\/wd-lifestyle-lot-de-4-tasses-a-the-en-verre\/","name":"WD LIFESTYLE Lot de 4 tasses \u00e0 th\u00e9 en verre - Erresse Shop","isPartOf":{"@id":"https:\/\/www.erresse-shop.it\/fr\/#website"},"datePublished":"2025-02-05T10:01:01+00:00","dateModified":"2026-02-23T11:35:09+00:00","description":"Ajoutez une touche de style \u00e0 votre pause th\u00e9 avec l'ensemble de 4 tasses en verre borosilicat\u00e9 transparent. L\u00e9g\u00e8res et durables, ces tasses sont dot\u00e9es","breadcrumb":{"@id":"https:\/\/www.erresse-shop.it\/fr\/shop\/table-fr-2\/tasses\/wd-lifestyle-lot-de-4-tasses-a-the-en-verre\/#breadcrumb"},"inLanguage":"fr-FR","potentialAction":[{"@type":"ReadAction","target":["https:\/\/www.erresse-shop.it\/fr\/shop\/table-fr-2\/tasses\/wd-lifestyle-lot-de-4-tasses-a-the-en-verre\/"]}]},{"@type":"BreadcrumbList","@id":"https:\/\/www.erresse-shop.it\/fr\/shop\/table-fr-2\/tasses\/wd-lifestyle-lot-de-4-tasses-a-the-en-verre\/#breadcrumb","itemListElement":[{"@type":"ListItem","position":1,"name":"Home","item":"https:\/\/www.erresse-shop.it\/fr\/"},{"@type":"ListItem","position":2,"name":"Shop","item":"https:\/\/www.erresse-shop.it\/fr\/shop\/"},{"@type":"ListItem","position":3,"name":"WD LIFESTYLE Lot de 4 tasses \u00e0 th\u00e9 en verre"}]},{"@type":"WebSite","@id":"https:\/\/www.erresse-shop.it\/fr\/#website","url":"https:\/\/www.erresse-shop.it\/fr\/","name":"Erresse Shop","description":"Articoli di qualit\u00e0 per la casa","potentialAction":[{"@type":"SearchAction","target":{"@type":"EntryPoint","urlTemplate":"https:\/\/www.erresse-shop.it\/fr\/?s={search_term_string}"},"query-input":"required name=search_term_string"}],"inLanguage":"fr-FR"}]}},"df_price":13.739999999999998,"df_sale_price":13.739999999999998,"df_regular_price":22.9,"df_image_link":"https:\/\/www.erresse-shop.it\/wp-content\/uploads\/2025\/02\/WD-LIFESTYLE-Set-4-Tazze-da-Te-in-Vetro-300x300.jpg","_links":{"self":[{"href":"https:\/\/www.erresse-shop.it\/fr\/wp-json\/wp\/v2\/product\/466170"}],"collection":[{"href":"https:\/\/www.erresse-shop.it\/fr\/wp-json\/wp\/v2\/product"}],"about":[{"href":"https:\/\/www.erresse-shop.it\/fr\/wp-json\/wp\/v2\/types\/product"}],"wp:featuredmedia":[{"embeddable":true,"href":"https:\/\/www.erresse-shop.it\/fr\/wp-json\/wp\/v2\/media\/466182"}],"wp:attachment":[{"href":"https:\/\/www.erresse-shop.it\/fr\/wp-json\/wp\/v2\/media?parent=466170"}],"wp:term":[{"taxonomy":"product_cat","embeddable":true,"href":"https:\/\/www.erresse-shop.it\/fr\/wp-json\/wp\/v2\/product_cat?post=466170"},{"taxonomy":"product_tag","embeddable":true,"href":"https:\/\/www.erresse-shop.it\/fr\/wp-json\/wp\/v2\/product_tag?post=466170"}],"curies":[{"name":"wp","href":"https:\/\/api.w.org\/{rel}","templated":true}]}}