{"id":466149,"date":"2025-02-05T09:36:13","date_gmt":"2025-02-05T09:36:16","guid":{"rendered":"https:\/\/www.erresse-shop.it\/?post_type=product&#038;p=466149"},"modified":"2026-02-23T11:37:20","modified_gmt":"2026-02-23T11:37:20","slug":"wd-lifestyle-theiere-a-tisane-avec-filtre-en-verre-et-poignee-grise","status":"publish","type":"product","link":"https:\/\/www.erresse-shop.it\/fr\/shop\/table-fr-2\/tasses\/theieres-sucriers-pots-a-lait\/wd-lifestyle-theiere-a-tisane-avec-filtre-en-verre-et-poignee-grise\/","title":{"rendered":"WD LIFESTYLE Th\u00e9i\u00e8re \u00e0 tisane avec filtre en verre et poign\u00e9e grise"},"content":{"rendered":"<div class=\"flex-shrink-0 flex flex-col \u00e9l\u00e9ments relatifs-fin\">\n<div class=\"pt-0\">\n<div class=\"gizmo-bot-avatar flex h-8 w-8 \u00e9l\u00e9ments-centre justifier-centre d\u00e9bordement-masqu\u00e9 arrondi-plein\">\n<div class=\"relative p-1 rounded-sm flex items-center justify-center bg-token-main-surface-primary text-token-text-primary h-8 w-8\">D\u00e9couvrez la th\u00e9i\u00e8re en verre borosilicat\u00e9, \u00e9l\u00e9gante et fonctionnelle, parfaite pour pr\u00e9parer vos tisanes pr\u00e9f\u00e9r\u00e9es. Equip\u00e9 d&#8217;un filtre en acier inoxydable de haute qualit\u00e9, il assure une filtration optimale. La poign\u00e9e color\u00e9e ajoute une touche de vivacit\u00e9, tandis que le lettrage d\u00e9coratif \u00ab Keep Calm\u00bb vous invite \u00e0 profiter de chaque instant de d\u00e9tente. Un accessoire indispensable pour tout amateur de tisane !<\/div>\n<\/div>\n<\/div>\n<\/div>\n<p>Capacit\u00e9 : 420 ml<\/p>\n<p><strong>Le filtre ne convient pas au micro-ondes<\/strong><\/p>\n","protected":false},"excerpt":{"rendered":"<p>D\u00e9couvrez la th\u00e9i\u00e8re en verre borosilicat\u00e9, \u00e9l\u00e9gante et fonctionnelle, parfaite pour pr\u00e9parer vos tisanes pr\u00e9f\u00e9r\u00e9es. Equip\u00e9 d&#8217;un filtre en acier<\/p>\n","protected":false},"featured_media":466161,"template":"","meta":{"_acf_changed":false,"inline_featured_image":false},"product_cat":[12782,12760],"product_tag":[24603,12826,21294],"acf":[],"yoast_head":"<!-- This site is optimized with the Yoast SEO Premium plugin v18.6 (Yoast SEO v19.13) - https:\/\/yoast.com\/wordpress\/plugins\/seo\/ -->\n<title>WD LIFESTYLE Th\u00e9i\u00e8re \u00e0 tisane avec filtre en verre et poign\u00e9e grise - Erresse Shop<\/title>\n<meta name=\"description\" content=\"D\u00e9couvrez la th\u00e9i\u00e8re en verre borosilicat\u00e9, \u00e9l\u00e9gante et fonctionnelle, parfaite pour pr\u00e9parer vos tisanes pr\u00e9f\u00e9r\u00e9es. Equip\u00e9 d&#039;un filtre en acier\" \/>\n<meta name=\"robots\" content=\"index, follow, max-snippet:-1, max-image-preview:large, max-video-preview:-1\" \/>\n<link rel=\"canonical\" href=\"https:\/\/www.erresse-shop.it\/fr\/shop\/table-fr-2\/tasses\/theieres-sucriers-pots-a-lait\/wd-lifestyle-theiere-a-tisane-avec-filtre-en-verre-et-poignee-grise\/\" \/>\n<meta property=\"og:locale\" content=\"fr_FR\" \/>\n<meta property=\"og:type\" content=\"article\" \/>\n<meta property=\"og:title\" content=\"WD LIFESTYLE Th\u00e9i\u00e8re \u00e0 tisane avec filtre en verre et poign\u00e9e grise\" \/>\n<meta property=\"og:description\" content=\"D\u00e9couvrez la th\u00e9i\u00e8re en verre borosilicat\u00e9, \u00e9l\u00e9gante et fonctionnelle, parfaite pour pr\u00e9parer vos tisanes pr\u00e9f\u00e9r\u00e9es. Equip\u00e9 d&#039;un filtre en acier\" \/>\n<meta property=\"og:url\" content=\"https:\/\/www.erresse-shop.it\/fr\/shop\/table-fr-2\/tasses\/theieres-sucriers-pots-a-lait\/wd-lifestyle-theiere-a-tisane-avec-filtre-en-verre-et-poignee-grise\/\" \/>\n<meta property=\"og:site_name\" content=\"Erresse Shop\" \/>\n<meta property=\"article:modified_time\" content=\"2026-02-23T11:37:20+00:00\" \/>\n<meta property=\"og:image\" content=\"https:\/\/www.erresse-shop.it\/wp-content\/uploads\/2025\/02\/WD-LIFESTYLE-Tisaniera-con-Filtro-in-Vetro-Manico-Grigio.jpg\" \/>\n\t<meta property=\"og:image:width\" content=\"1200\" \/>\n\t<meta property=\"og:image:height\" content=\"1200\" \/>\n\t<meta property=\"og:image:type\" content=\"image\/jpeg\" \/>\n<meta name=\"twitter:card\" content=\"summary_large_image\" \/>\n<script type=\"application\/ld+json\" class=\"yoast-schema-graph\">{\"@context\":\"https:\/\/schema.org\",\"@graph\":[{\"@type\":\"WebPage\",\"@id\":\"https:\/\/www.erresse-shop.it\/fr\/shop\/table-fr-2\/tasses\/theieres-sucriers-pots-a-lait\/wd-lifestyle-theiere-a-tisane-avec-filtre-en-verre-et-poignee-grise\/\",\"url\":\"https:\/\/www.erresse-shop.it\/fr\/shop\/table-fr-2\/tasses\/theieres-sucriers-pots-a-lait\/wd-lifestyle-theiere-a-tisane-avec-filtre-en-verre-et-poignee-grise\/\",\"name\":\"WD LIFESTYLE Th\u00e9i\u00e8re \u00e0 tisane avec filtre en verre et poign\u00e9e grise - Erresse Shop\",\"isPartOf\":{\"@id\":\"https:\/\/www.erresse-shop.it\/fr\/#website\"},\"datePublished\":\"2025-02-05T09:36:16+00:00\",\"dateModified\":\"2026-02-23T11:37:20+00:00\",\"description\":\"D\u00e9couvrez la th\u00e9i\u00e8re en verre borosilicat\u00e9, \u00e9l\u00e9gante et fonctionnelle, parfaite pour pr\u00e9parer vos tisanes pr\u00e9f\u00e9r\u00e9es. Equip\u00e9 d'un filtre en acier\",\"breadcrumb\":{\"@id\":\"https:\/\/www.erresse-shop.it\/fr\/shop\/table-fr-2\/tasses\/theieres-sucriers-pots-a-lait\/wd-lifestyle-theiere-a-tisane-avec-filtre-en-verre-et-poignee-grise\/#breadcrumb\"},\"inLanguage\":\"fr-FR\",\"potentialAction\":[{\"@type\":\"ReadAction\",\"target\":[\"https:\/\/www.erresse-shop.it\/fr\/shop\/table-fr-2\/tasses\/theieres-sucriers-pots-a-lait\/wd-lifestyle-theiere-a-tisane-avec-filtre-en-verre-et-poignee-grise\/\"]}]},{\"@type\":\"BreadcrumbList\",\"@id\":\"https:\/\/www.erresse-shop.it\/fr\/shop\/table-fr-2\/tasses\/theieres-sucriers-pots-a-lait\/wd-lifestyle-theiere-a-tisane-avec-filtre-en-verre-et-poignee-grise\/#breadcrumb\",\"itemListElement\":[{\"@type\":\"ListItem\",\"position\":1,\"name\":\"Home\",\"item\":\"https:\/\/www.erresse-shop.it\/fr\/\"},{\"@type\":\"ListItem\",\"position\":2,\"name\":\"Shop\",\"item\":\"https:\/\/www.erresse-shop.it\/fr\/shop\/\"},{\"@type\":\"ListItem\",\"position\":3,\"name\":\"WD LIFESTYLE Th\u00e9i\u00e8re \u00e0 tisane avec filtre en verre et poign\u00e9e grise\"}]},{\"@type\":\"WebSite\",\"@id\":\"https:\/\/www.erresse-shop.it\/fr\/#website\",\"url\":\"https:\/\/www.erresse-shop.it\/fr\/\",\"name\":\"Erresse Shop\",\"description\":\"Articoli di qualit\u00e0 per la casa\",\"potentialAction\":[{\"@type\":\"SearchAction\",\"target\":{\"@type\":\"EntryPoint\",\"urlTemplate\":\"https:\/\/www.erresse-shop.it\/fr\/?s={search_term_string}\"},\"query-input\":\"required name=search_term_string\"}],\"inLanguage\":\"fr-FR\"}]}<\/script>\n<!-- \/ Yoast SEO Premium plugin. -->","yoast_head_json":{"title":"WD LIFESTYLE Th\u00e9i\u00e8re \u00e0 tisane avec filtre en verre et poign\u00e9e grise - Erresse Shop","description":"D\u00e9couvrez la th\u00e9i\u00e8re en verre borosilicat\u00e9, \u00e9l\u00e9gante et fonctionnelle, parfaite pour pr\u00e9parer vos tisanes pr\u00e9f\u00e9r\u00e9es. Equip\u00e9 d'un filtre en acier","robots":{"index":"index","follow":"follow","max-snippet":"max-snippet:-1","max-image-preview":"max-image-preview:large","max-video-preview":"max-video-preview:-1"},"canonical":"https:\/\/www.erresse-shop.it\/fr\/shop\/table-fr-2\/tasses\/theieres-sucriers-pots-a-lait\/wd-lifestyle-theiere-a-tisane-avec-filtre-en-verre-et-poignee-grise\/","og_locale":"fr_FR","og_type":"article","og_title":"WD LIFESTYLE Th\u00e9i\u00e8re \u00e0 tisane avec filtre en verre et poign\u00e9e grise","og_description":"D\u00e9couvrez la th\u00e9i\u00e8re en verre borosilicat\u00e9, \u00e9l\u00e9gante et fonctionnelle, parfaite pour pr\u00e9parer vos tisanes pr\u00e9f\u00e9r\u00e9es. Equip\u00e9 d'un filtre en acier","og_url":"https:\/\/www.erresse-shop.it\/fr\/shop\/table-fr-2\/tasses\/theieres-sucriers-pots-a-lait\/wd-lifestyle-theiere-a-tisane-avec-filtre-en-verre-et-poignee-grise\/","og_site_name":"Erresse Shop","article_modified_time":"2026-02-23T11:37:20+00:00","og_image":[{"width":1200,"height":1200,"url":"https:\/\/www.erresse-shop.it\/wp-content\/uploads\/2025\/02\/WD-LIFESTYLE-Tisaniera-con-Filtro-in-Vetro-Manico-Grigio.jpg","type":"image\/jpeg"}],"twitter_card":"summary_large_image","schema":{"@context":"https:\/\/schema.org","@graph":[{"@type":"WebPage","@id":"https:\/\/www.erresse-shop.it\/fr\/shop\/table-fr-2\/tasses\/theieres-sucriers-pots-a-lait\/wd-lifestyle-theiere-a-tisane-avec-filtre-en-verre-et-poignee-grise\/","url":"https:\/\/www.erresse-shop.it\/fr\/shop\/table-fr-2\/tasses\/theieres-sucriers-pots-a-lait\/wd-lifestyle-theiere-a-tisane-avec-filtre-en-verre-et-poignee-grise\/","name":"WD LIFESTYLE Th\u00e9i\u00e8re \u00e0 tisane avec filtre en verre et poign\u00e9e grise - Erresse Shop","isPartOf":{"@id":"https:\/\/www.erresse-shop.it\/fr\/#website"},"datePublished":"2025-02-05T09:36:16+00:00","dateModified":"2026-02-23T11:37:20+00:00","description":"D\u00e9couvrez la th\u00e9i\u00e8re en verre borosilicat\u00e9, \u00e9l\u00e9gante et fonctionnelle, parfaite pour pr\u00e9parer vos tisanes pr\u00e9f\u00e9r\u00e9es. Equip\u00e9 d'un filtre en acier","breadcrumb":{"@id":"https:\/\/www.erresse-shop.it\/fr\/shop\/table-fr-2\/tasses\/theieres-sucriers-pots-a-lait\/wd-lifestyle-theiere-a-tisane-avec-filtre-en-verre-et-poignee-grise\/#breadcrumb"},"inLanguage":"fr-FR","potentialAction":[{"@type":"ReadAction","target":["https:\/\/www.erresse-shop.it\/fr\/shop\/table-fr-2\/tasses\/theieres-sucriers-pots-a-lait\/wd-lifestyle-theiere-a-tisane-avec-filtre-en-verre-et-poignee-grise\/"]}]},{"@type":"BreadcrumbList","@id":"https:\/\/www.erresse-shop.it\/fr\/shop\/table-fr-2\/tasses\/theieres-sucriers-pots-a-lait\/wd-lifestyle-theiere-a-tisane-avec-filtre-en-verre-et-poignee-grise\/#breadcrumb","itemListElement":[{"@type":"ListItem","position":1,"name":"Home","item":"https:\/\/www.erresse-shop.it\/fr\/"},{"@type":"ListItem","position":2,"name":"Shop","item":"https:\/\/www.erresse-shop.it\/fr\/shop\/"},{"@type":"ListItem","position":3,"name":"WD LIFESTYLE Th\u00e9i\u00e8re \u00e0 tisane avec filtre en verre et poign\u00e9e grise"}]},{"@type":"WebSite","@id":"https:\/\/www.erresse-shop.it\/fr\/#website","url":"https:\/\/www.erresse-shop.it\/fr\/","name":"Erresse Shop","description":"Articoli di qualit\u00e0 per la casa","potentialAction":[{"@type":"SearchAction","target":{"@type":"EntryPoint","urlTemplate":"https:\/\/www.erresse-shop.it\/fr\/?s={search_term_string}"},"query-input":"required name=search_term_string"}],"inLanguage":"fr-FR"}]}},"df_price":8.94,"df_sale_price":8.94,"df_regular_price":14.9,"df_image_link":"https:\/\/www.erresse-shop.it\/wp-content\/uploads\/2025\/02\/WD-LIFESTYLE-Tisaniera-con-Filtro-in-Vetro-Manico-Grigio-300x300.jpg","_links":{"self":[{"href":"https:\/\/www.erresse-shop.it\/fr\/wp-json\/wp\/v2\/product\/466149"}],"collection":[{"href":"https:\/\/www.erresse-shop.it\/fr\/wp-json\/wp\/v2\/product"}],"about":[{"href":"https:\/\/www.erresse-shop.it\/fr\/wp-json\/wp\/v2\/types\/product"}],"wp:featuredmedia":[{"embeddable":true,"href":"https:\/\/www.erresse-shop.it\/fr\/wp-json\/wp\/v2\/media\/466161"}],"wp:attachment":[{"href":"https:\/\/www.erresse-shop.it\/fr\/wp-json\/wp\/v2\/media?parent=466149"}],"wp:term":[{"taxonomy":"product_cat","embeddable":true,"href":"https:\/\/www.erresse-shop.it\/fr\/wp-json\/wp\/v2\/product_cat?post=466149"},{"taxonomy":"product_tag","embeddable":true,"href":"https:\/\/www.erresse-shop.it\/fr\/wp-json\/wp\/v2\/product_tag?post=466149"}],"curies":[{"name":"wp","href":"https:\/\/api.w.org\/{rel}","templated":true}]}}