{"id":466020,"date":"2025-02-05T06:56:07","date_gmt":"2025-02-05T06:56:10","guid":{"rendered":"https:\/\/www.erresse-shop.it\/?post_type=product&#038;p=466020"},"modified":"2026-02-23T11:44:08","modified_gmt":"2026-02-23T11:44:08","slug":"nio-cocktails-pairing-tasting-box","status":"publish","type":"product","link":"https:\/\/www.erresse-shop.it\/fr\/shop\/table-fr-2\/nio-cocktails-pairing-tasting-box\/","title":{"rendered":"NIO COCKTAILS Pairing Tasting Box"},"content":{"rendered":"<p>D\u00e9couvrez le cadeau parfait pour les amateurs de cocktails avec cet \u00e9l\u00e9gant coffret contenant 2 verres et 4 cocktails. Chaque cocktail est con\u00e7u pour offrir une exp\u00e9rience unique, id\u00e9ale pour siroter des moments de plaisir avec style. Un ensemble raffin\u00e9 pour ceux qui souhaitent d\u00e9guster des cocktails artisanaux directement \u00e0 la maison, sans sacrifier la qualit\u00e9. Parfait comme id\u00e9e cadeau ou pour une occasion sp\u00e9ciale.<\/p>\n<p><span style=\"font-size: 14pt;\"><strong>Cocktails dans la bo\u00eete\u00a0:<\/strong><\/span><\/p>\n<p><strong>Tommy&#8217;s Margarita\u00a0:<\/strong> Tequila Exotico Blanco 100\u00a0% agave bleu \/ SIROP D&#8217;AGAVE 1883 \/ ACIDE CITRIQUE \/ Eau \/ 100\u00a0ML \/ 20\u00a0% VOL.<\/p>\n<p><strong>Negroni<\/strong> : Tanqueray London Dry Gin \/ Cocchi Storico Vermouth \/ Campari Bitter \/ ANGOSTURA AROMATIQUE BITTER \/ Eau \/ 100 ML \/ 22% VOL<\/p>\n<p><strong>Daiquiri<\/strong> : SANTIAGO DE CUBA\u2122 RON CARTA BLANCA \/ SIROP DE SUCRE DE CANNE TOSCHI \/ SIROP DE CITRON VERT 1883 \/ ACIDE CITRIQUE \/ Eau \/ 100 ML \/ 23,2% VOL.<\/p>\n<p><strong>Cosmopolitan\u00a0:<\/strong> VODKA FAMILIALE KETEL ONE \/ SIROP DE MYRTILLES TOSCHI \/ COINTREAU \/ ACIDIFIANT\u00a0: ACIDE CITRIQUE \/ Eau \/ 100\u00a0ML \/ 22\u00a0% VOL.<\/p>\n<div id=\"shopify-section-product-image-text-2\" class=\"shopify-section\">\n<section class=\"sec-Section sec-Section-white sec-Section-border\">\n<div class=\"sec-Section_Inner lyt-Container\">\n<div class=\"sec-Section_Body\">\n<div class=\"sec-ImageText sec-ImageText-right sec-ImageText-noimage\">\n<div class=\"sec-ImageText_Content\">\n<div class=\"sec-ImageText_Text\">Nous vous apportons chez vous ou l\u00e0 o\u00f9 vous le souhaitez, une exp\u00e9rience de d\u00e9gustation pleine de qualit\u00e9 et d&#8217;\u00e9motion. Faites-vous plaisir ou offrez un agr\u00e9able moment sensoriel : nos cocktails sont \u00e9labor\u00e9s selon la recette de Patrick Pistolesi et exp\u00e9di\u00e9s dans un packaging design, enti\u00e8rement recyclable.<\/div>\n<\/div>\n<\/div>\n<\/div>\n<\/div>\n<\/section>\n<\/div>\n<p>&nbsp;<\/p>\n","protected":false},"excerpt":{"rendered":"<p>D\u00e9couvrez le cadeau parfait pour les amateurs de cocktails avec cet \u00e9l\u00e9gant coffret contenant 2 verres et 4 cocktails. Chaque<\/p>\n","protected":false},"featured_media":466061,"template":"","meta":{"_acf_changed":false,"inline_featured_image":false},"product_cat":[21703,12782],"product_tag":[21697,21304,12817],"acf":[],"yoast_head":"<!-- This site is optimized with the Yoast SEO Premium plugin v18.6 (Yoast SEO v19.13) - https:\/\/yoast.com\/wordpress\/plugins\/seo\/ -->\n<title>NIO COCKTAILS Pairing Tasting Box - Erresse Shop<\/title>\n<meta name=\"description\" content=\"D\u00e9couvrez le cadeau parfait pour les amateurs de cocktails avec cet \u00e9l\u00e9gant coffret contenant 2 verres et 4 cocktails. Chaque cocktail est con\u00e7u pour\" \/>\n<meta name=\"robots\" content=\"index, follow, max-snippet:-1, max-image-preview:large, max-video-preview:-1\" \/>\n<link rel=\"canonical\" href=\"https:\/\/www.erresse-shop.it\/fr\/shop\/table-fr-2\/nio-cocktails-pairing-tasting-box\/\" \/>\n<meta property=\"og:locale\" content=\"fr_FR\" \/>\n<meta property=\"og:type\" content=\"article\" \/>\n<meta property=\"og:title\" content=\"NIO COCKTAILS Pairing Tasting Box\" \/>\n<meta property=\"og:description\" content=\"D\u00e9couvrez le cadeau parfait pour les amateurs de cocktails avec cet \u00e9l\u00e9gant coffret contenant 2 verres et 4 cocktails. Chaque cocktail est con\u00e7u pour\" \/>\n<meta property=\"og:url\" content=\"https:\/\/www.erresse-shop.it\/fr\/shop\/table-fr-2\/nio-cocktails-pairing-tasting-box\/\" \/>\n<meta property=\"og:site_name\" content=\"Erresse Shop\" \/>\n<meta property=\"article:modified_time\" content=\"2026-02-23T11:44:08+00:00\" \/>\n<meta property=\"og:image\" content=\"https:\/\/www.erresse-shop.it\/wp-content\/uploads\/2025\/02\/NIO-COCKTAILS-Pairing-Tasting-Box.jpg\" \/>\n\t<meta property=\"og:image:width\" content=\"1200\" \/>\n\t<meta property=\"og:image:height\" content=\"1200\" \/>\n\t<meta property=\"og:image:type\" content=\"image\/jpeg\" \/>\n<meta name=\"twitter:card\" content=\"summary_large_image\" \/>\n<script type=\"application\/ld+json\" class=\"yoast-schema-graph\">{\"@context\":\"https:\/\/schema.org\",\"@graph\":[{\"@type\":\"WebPage\",\"@id\":\"https:\/\/www.erresse-shop.it\/fr\/shop\/table-fr-2\/nio-cocktails-pairing-tasting-box\/\",\"url\":\"https:\/\/www.erresse-shop.it\/fr\/shop\/table-fr-2\/nio-cocktails-pairing-tasting-box\/\",\"name\":\"NIO COCKTAILS Pairing Tasting Box - Erresse Shop\",\"isPartOf\":{\"@id\":\"https:\/\/www.erresse-shop.it\/fr\/#website\"},\"datePublished\":\"2025-02-05T06:56:10+00:00\",\"dateModified\":\"2026-02-23T11:44:08+00:00\",\"description\":\"D\u00e9couvrez le cadeau parfait pour les amateurs de cocktails avec cet \u00e9l\u00e9gant coffret contenant 2 verres et 4 cocktails. Chaque cocktail est con\u00e7u pour\",\"breadcrumb\":{\"@id\":\"https:\/\/www.erresse-shop.it\/fr\/shop\/table-fr-2\/nio-cocktails-pairing-tasting-box\/#breadcrumb\"},\"inLanguage\":\"fr-FR\",\"potentialAction\":[{\"@type\":\"ReadAction\",\"target\":[\"https:\/\/www.erresse-shop.it\/fr\/shop\/table-fr-2\/nio-cocktails-pairing-tasting-box\/\"]}]},{\"@type\":\"BreadcrumbList\",\"@id\":\"https:\/\/www.erresse-shop.it\/fr\/shop\/table-fr-2\/nio-cocktails-pairing-tasting-box\/#breadcrumb\",\"itemListElement\":[{\"@type\":\"ListItem\",\"position\":1,\"name\":\"Home\",\"item\":\"https:\/\/www.erresse-shop.it\/fr\/\"},{\"@type\":\"ListItem\",\"position\":2,\"name\":\"Shop\",\"item\":\"https:\/\/www.erresse-shop.it\/fr\/shop\/\"},{\"@type\":\"ListItem\",\"position\":3,\"name\":\"NIO COCKTAILS Pairing Tasting Box\"}]},{\"@type\":\"WebSite\",\"@id\":\"https:\/\/www.erresse-shop.it\/fr\/#website\",\"url\":\"https:\/\/www.erresse-shop.it\/fr\/\",\"name\":\"Erresse Shop\",\"description\":\"Articoli di qualit\u00e0 per la casa\",\"potentialAction\":[{\"@type\":\"SearchAction\",\"target\":{\"@type\":\"EntryPoint\",\"urlTemplate\":\"https:\/\/www.erresse-shop.it\/fr\/?s={search_term_string}\"},\"query-input\":\"required name=search_term_string\"}],\"inLanguage\":\"fr-FR\"}]}<\/script>\n<!-- \/ Yoast SEO Premium plugin. -->","yoast_head_json":{"title":"NIO COCKTAILS Pairing Tasting Box - Erresse Shop","description":"D\u00e9couvrez le cadeau parfait pour les amateurs de cocktails avec cet \u00e9l\u00e9gant coffret contenant 2 verres et 4 cocktails. Chaque cocktail est con\u00e7u pour","robots":{"index":"index","follow":"follow","max-snippet":"max-snippet:-1","max-image-preview":"max-image-preview:large","max-video-preview":"max-video-preview:-1"},"canonical":"https:\/\/www.erresse-shop.it\/fr\/shop\/table-fr-2\/nio-cocktails-pairing-tasting-box\/","og_locale":"fr_FR","og_type":"article","og_title":"NIO COCKTAILS Pairing Tasting Box","og_description":"D\u00e9couvrez le cadeau parfait pour les amateurs de cocktails avec cet \u00e9l\u00e9gant coffret contenant 2 verres et 4 cocktails. Chaque cocktail est con\u00e7u pour","og_url":"https:\/\/www.erresse-shop.it\/fr\/shop\/table-fr-2\/nio-cocktails-pairing-tasting-box\/","og_site_name":"Erresse Shop","article_modified_time":"2026-02-23T11:44:08+00:00","og_image":[{"width":1200,"height":1200,"url":"https:\/\/www.erresse-shop.it\/wp-content\/uploads\/2025\/02\/NIO-COCKTAILS-Pairing-Tasting-Box.jpg","type":"image\/jpeg"}],"twitter_card":"summary_large_image","schema":{"@context":"https:\/\/schema.org","@graph":[{"@type":"WebPage","@id":"https:\/\/www.erresse-shop.it\/fr\/shop\/table-fr-2\/nio-cocktails-pairing-tasting-box\/","url":"https:\/\/www.erresse-shop.it\/fr\/shop\/table-fr-2\/nio-cocktails-pairing-tasting-box\/","name":"NIO COCKTAILS Pairing Tasting Box - Erresse Shop","isPartOf":{"@id":"https:\/\/www.erresse-shop.it\/fr\/#website"},"datePublished":"2025-02-05T06:56:10+00:00","dateModified":"2026-02-23T11:44:08+00:00","description":"D\u00e9couvrez le cadeau parfait pour les amateurs de cocktails avec cet \u00e9l\u00e9gant coffret contenant 2 verres et 4 cocktails. Chaque cocktail est con\u00e7u pour","breadcrumb":{"@id":"https:\/\/www.erresse-shop.it\/fr\/shop\/table-fr-2\/nio-cocktails-pairing-tasting-box\/#breadcrumb"},"inLanguage":"fr-FR","potentialAction":[{"@type":"ReadAction","target":["https:\/\/www.erresse-shop.it\/fr\/shop\/table-fr-2\/nio-cocktails-pairing-tasting-box\/"]}]},{"@type":"BreadcrumbList","@id":"https:\/\/www.erresse-shop.it\/fr\/shop\/table-fr-2\/nio-cocktails-pairing-tasting-box\/#breadcrumb","itemListElement":[{"@type":"ListItem","position":1,"name":"Home","item":"https:\/\/www.erresse-shop.it\/fr\/"},{"@type":"ListItem","position":2,"name":"Shop","item":"https:\/\/www.erresse-shop.it\/fr\/shop\/"},{"@type":"ListItem","position":3,"name":"NIO COCKTAILS Pairing Tasting Box"}]},{"@type":"WebSite","@id":"https:\/\/www.erresse-shop.it\/fr\/#website","url":"https:\/\/www.erresse-shop.it\/fr\/","name":"Erresse Shop","description":"Articoli di qualit\u00e0 per la casa","potentialAction":[{"@type":"SearchAction","target":{"@type":"EntryPoint","urlTemplate":"https:\/\/www.erresse-shop.it\/fr\/?s={search_term_string}"},"query-input":"required name=search_term_string"}],"inLanguage":"fr-FR"}]}},"df_price":39,"df_sale_price":39,"df_regular_price":75,"df_image_link":"https:\/\/www.erresse-shop.it\/wp-content\/uploads\/2025\/02\/NIO-COCKTAILS-Pairing-Tasting-Box-300x300.jpg","_links":{"self":[{"href":"https:\/\/www.erresse-shop.it\/fr\/wp-json\/wp\/v2\/product\/466020"}],"collection":[{"href":"https:\/\/www.erresse-shop.it\/fr\/wp-json\/wp\/v2\/product"}],"about":[{"href":"https:\/\/www.erresse-shop.it\/fr\/wp-json\/wp\/v2\/types\/product"}],"wp:featuredmedia":[{"embeddable":true,"href":"https:\/\/www.erresse-shop.it\/fr\/wp-json\/wp\/v2\/media\/466061"}],"wp:attachment":[{"href":"https:\/\/www.erresse-shop.it\/fr\/wp-json\/wp\/v2\/media?parent=466020"}],"wp:term":[{"taxonomy":"product_cat","embeddable":true,"href":"https:\/\/www.erresse-shop.it\/fr\/wp-json\/wp\/v2\/product_cat?post=466020"},{"taxonomy":"product_tag","embeddable":true,"href":"https:\/\/www.erresse-shop.it\/fr\/wp-json\/wp\/v2\/product_tag?post=466020"}],"curies":[{"name":"wp","href":"https:\/\/api.w.org\/{rel}","templated":true}]}}