{"id":465968,"date":"2025-02-04T15:09:36","date_gmt":"2025-02-04T15:09:38","guid":{"rendered":"https:\/\/www.erresse-shop.it\/?post_type=product&#038;p=465968"},"modified":"2026-02-23T11:48:35","modified_gmt":"2026-02-23T11:48:35","slug":"wd-lifestyle-coffret-theiere-et-4-verres-bleu-et-blanc","status":"publish","type":"product","link":"https:\/\/www.erresse-shop.it\/fr\/shop\/table-fr-2\/tasses\/theieres-sucriers-pots-a-lait\/wd-lifestyle-coffret-theiere-et-4-verres-bleu-et-blanc\/","title":{"rendered":"WD LIFESTYLE Coffret Th\u00e9i\u00e8re et 4 Verres Bleu et Blanc"},"content":{"rendered":"<div class=\"flex-shrink-0 flex flex-col \u00e9l\u00e9ments relatifs-fin\">\n<div class=\"pt-0\">\n<div class=\"gizmo-bot-avatar flex h-8 w-8 \u00e9l\u00e9ments-centre justifier-centre d\u00e9bordement-masqu\u00e9 arrondi-plein\">\n<div class=\"relative p-1 rounded-sm flex items-center justify-center bg-token-main-surface-primary text-token-text-primary h-8 w-8\">Ensemble th\u00e9i\u00e8re avec manche en bambou et 4 coupes d\u00e9cor\u00e9es en relief. Cet ensemble au parfait style asiatique vous permettra de donner originalit\u00e9 et authenticit\u00e9 \u00e0 vos moments de d\u00e9tente.<\/div>\n<div class=\"relative p-1 rounded-sm flex items-center justify-center bg-token-main-surface-primary text-token-text-primary h-8 w-8\">Pour \u00e9viter un chauffage direct excessif, il il est sugg\u00e9r\u00e9 d&#8217;utiliser un diffuseur de flamme \u00e0 placer entre la th\u00e9i\u00e8re et la flamme du gaz, prot\u00e9geant ainsi la th\u00e9i\u00e8re et am\u00e9liorant l&#8217;efficacit\u00e9 du processus.<\/div>\n<\/div>\n<\/div>\n<\/div>\n<p>Capacit\u00e9 : 750 ml<\/p>\n<p><strong>Ne convient pas aux lave-vaisselle et aux micro-ondes<\/strong><\/p>\n","protected":false},"excerpt":{"rendered":"<p>Ensemble th\u00e9i\u00e8re avec manche en bambou et 4 coupes d\u00e9cor\u00e9es en relief. Cet ensemble au parfait style asiatique vous permettra<\/p>\n","protected":false},"featured_media":465981,"template":"","meta":{"_acf_changed":false,"inline_featured_image":false},"product_cat":[12782,12760],"product_tag":[13555,12460,24603,12826],"acf":[],"yoast_head":"<!-- This site is optimized with the Yoast SEO Premium plugin v18.6 (Yoast SEO v19.13) - https:\/\/yoast.com\/wordpress\/plugins\/seo\/ -->\n<title>WD LIFESTYLE Coffret Th\u00e9i\u00e8re et 4 Verres Bleu et Blanc - Erresse Shop<\/title>\n<meta name=\"description\" content=\"Ensemble th\u00e9i\u00e8re avec manche en bambou et 4 coupes d\u00e9cor\u00e9es en relief. Cet ensemble au parfait style asiatique vous permettra de donner originalit\u00e9 et\" \/>\n<meta name=\"robots\" content=\"index, follow, max-snippet:-1, max-image-preview:large, max-video-preview:-1\" \/>\n<link rel=\"canonical\" href=\"https:\/\/www.erresse-shop.it\/fr\/shop\/table-fr-2\/tasses\/theieres-sucriers-pots-a-lait\/wd-lifestyle-coffret-theiere-et-4-verres-bleu-et-blanc\/\" \/>\n<meta property=\"og:locale\" content=\"fr_FR\" \/>\n<meta property=\"og:type\" content=\"article\" \/>\n<meta property=\"og:title\" content=\"WD LIFESTYLE Coffret Th\u00e9i\u00e8re et 4 Verres Bleu et Blanc\" \/>\n<meta property=\"og:description\" content=\"Ensemble th\u00e9i\u00e8re avec manche en bambou et 4 coupes d\u00e9cor\u00e9es en relief. Cet ensemble au parfait style asiatique vous permettra de donner originalit\u00e9 et\" \/>\n<meta property=\"og:url\" content=\"https:\/\/www.erresse-shop.it\/fr\/shop\/table-fr-2\/tasses\/theieres-sucriers-pots-a-lait\/wd-lifestyle-coffret-theiere-et-4-verres-bleu-et-blanc\/\" \/>\n<meta property=\"og:site_name\" content=\"Erresse Shop\" \/>\n<meta property=\"article:modified_time\" content=\"2026-02-23T11:48:35+00:00\" \/>\n<meta property=\"og:image\" content=\"https:\/\/www.erresse-shop.it\/wp-content\/uploads\/2025\/02\/WD-LIFESTYLE-Set-Teiera-e-4-Bicchierini-Blue-e-Bianco.jpg\" \/>\n\t<meta property=\"og:image:width\" content=\"1200\" \/>\n\t<meta property=\"og:image:height\" content=\"1200\" \/>\n\t<meta property=\"og:image:type\" content=\"image\/jpeg\" \/>\n<meta name=\"twitter:card\" content=\"summary_large_image\" \/>\n<script type=\"application\/ld+json\" class=\"yoast-schema-graph\">{\"@context\":\"https:\/\/schema.org\",\"@graph\":[{\"@type\":\"WebPage\",\"@id\":\"https:\/\/www.erresse-shop.it\/fr\/shop\/table-fr-2\/tasses\/theieres-sucriers-pots-a-lait\/wd-lifestyle-coffret-theiere-et-4-verres-bleu-et-blanc\/\",\"url\":\"https:\/\/www.erresse-shop.it\/fr\/shop\/table-fr-2\/tasses\/theieres-sucriers-pots-a-lait\/wd-lifestyle-coffret-theiere-et-4-verres-bleu-et-blanc\/\",\"name\":\"WD LIFESTYLE Coffret Th\u00e9i\u00e8re et 4 Verres Bleu et Blanc - Erresse Shop\",\"isPartOf\":{\"@id\":\"https:\/\/www.erresse-shop.it\/fr\/#website\"},\"datePublished\":\"2025-02-04T15:09:38+00:00\",\"dateModified\":\"2026-02-23T11:48:35+00:00\",\"description\":\"Ensemble th\u00e9i\u00e8re avec manche en bambou et 4 coupes d\u00e9cor\u00e9es en relief. Cet ensemble au parfait style asiatique vous permettra de donner originalit\u00e9 et\",\"breadcrumb\":{\"@id\":\"https:\/\/www.erresse-shop.it\/fr\/shop\/table-fr-2\/tasses\/theieres-sucriers-pots-a-lait\/wd-lifestyle-coffret-theiere-et-4-verres-bleu-et-blanc\/#breadcrumb\"},\"inLanguage\":\"fr-FR\",\"potentialAction\":[{\"@type\":\"ReadAction\",\"target\":[\"https:\/\/www.erresse-shop.it\/fr\/shop\/table-fr-2\/tasses\/theieres-sucriers-pots-a-lait\/wd-lifestyle-coffret-theiere-et-4-verres-bleu-et-blanc\/\"]}]},{\"@type\":\"BreadcrumbList\",\"@id\":\"https:\/\/www.erresse-shop.it\/fr\/shop\/table-fr-2\/tasses\/theieres-sucriers-pots-a-lait\/wd-lifestyle-coffret-theiere-et-4-verres-bleu-et-blanc\/#breadcrumb\",\"itemListElement\":[{\"@type\":\"ListItem\",\"position\":1,\"name\":\"Home\",\"item\":\"https:\/\/www.erresse-shop.it\/fr\/\"},{\"@type\":\"ListItem\",\"position\":2,\"name\":\"Shop\",\"item\":\"https:\/\/www.erresse-shop.it\/fr\/shop\/\"},{\"@type\":\"ListItem\",\"position\":3,\"name\":\"WD LIFESTYLE Coffret Th\u00e9i\u00e8re et 4 Verres Bleu et Blanc\"}]},{\"@type\":\"WebSite\",\"@id\":\"https:\/\/www.erresse-shop.it\/fr\/#website\",\"url\":\"https:\/\/www.erresse-shop.it\/fr\/\",\"name\":\"Erresse Shop\",\"description\":\"Articoli di qualit\u00e0 per la casa\",\"potentialAction\":[{\"@type\":\"SearchAction\",\"target\":{\"@type\":\"EntryPoint\",\"urlTemplate\":\"https:\/\/www.erresse-shop.it\/fr\/?s={search_term_string}\"},\"query-input\":\"required name=search_term_string\"}],\"inLanguage\":\"fr-FR\"}]}<\/script>\n<!-- \/ Yoast SEO Premium plugin. -->","yoast_head_json":{"title":"WD LIFESTYLE Coffret Th\u00e9i\u00e8re et 4 Verres Bleu et Blanc - Erresse Shop","description":"Ensemble th\u00e9i\u00e8re avec manche en bambou et 4 coupes d\u00e9cor\u00e9es en relief. Cet ensemble au parfait style asiatique vous permettra de donner originalit\u00e9 et","robots":{"index":"index","follow":"follow","max-snippet":"max-snippet:-1","max-image-preview":"max-image-preview:large","max-video-preview":"max-video-preview:-1"},"canonical":"https:\/\/www.erresse-shop.it\/fr\/shop\/table-fr-2\/tasses\/theieres-sucriers-pots-a-lait\/wd-lifestyle-coffret-theiere-et-4-verres-bleu-et-blanc\/","og_locale":"fr_FR","og_type":"article","og_title":"WD LIFESTYLE Coffret Th\u00e9i\u00e8re et 4 Verres Bleu et Blanc","og_description":"Ensemble th\u00e9i\u00e8re avec manche en bambou et 4 coupes d\u00e9cor\u00e9es en relief. Cet ensemble au parfait style asiatique vous permettra de donner originalit\u00e9 et","og_url":"https:\/\/www.erresse-shop.it\/fr\/shop\/table-fr-2\/tasses\/theieres-sucriers-pots-a-lait\/wd-lifestyle-coffret-theiere-et-4-verres-bleu-et-blanc\/","og_site_name":"Erresse Shop","article_modified_time":"2026-02-23T11:48:35+00:00","og_image":[{"width":1200,"height":1200,"url":"https:\/\/www.erresse-shop.it\/wp-content\/uploads\/2025\/02\/WD-LIFESTYLE-Set-Teiera-e-4-Bicchierini-Blue-e-Bianco.jpg","type":"image\/jpeg"}],"twitter_card":"summary_large_image","schema":{"@context":"https:\/\/schema.org","@graph":[{"@type":"WebPage","@id":"https:\/\/www.erresse-shop.it\/fr\/shop\/table-fr-2\/tasses\/theieres-sucriers-pots-a-lait\/wd-lifestyle-coffret-theiere-et-4-verres-bleu-et-blanc\/","url":"https:\/\/www.erresse-shop.it\/fr\/shop\/table-fr-2\/tasses\/theieres-sucriers-pots-a-lait\/wd-lifestyle-coffret-theiere-et-4-verres-bleu-et-blanc\/","name":"WD LIFESTYLE Coffret Th\u00e9i\u00e8re et 4 Verres Bleu et Blanc - Erresse Shop","isPartOf":{"@id":"https:\/\/www.erresse-shop.it\/fr\/#website"},"datePublished":"2025-02-04T15:09:38+00:00","dateModified":"2026-02-23T11:48:35+00:00","description":"Ensemble th\u00e9i\u00e8re avec manche en bambou et 4 coupes d\u00e9cor\u00e9es en relief. Cet ensemble au parfait style asiatique vous permettra de donner originalit\u00e9 et","breadcrumb":{"@id":"https:\/\/www.erresse-shop.it\/fr\/shop\/table-fr-2\/tasses\/theieres-sucriers-pots-a-lait\/wd-lifestyle-coffret-theiere-et-4-verres-bleu-et-blanc\/#breadcrumb"},"inLanguage":"fr-FR","potentialAction":[{"@type":"ReadAction","target":["https:\/\/www.erresse-shop.it\/fr\/shop\/table-fr-2\/tasses\/theieres-sucriers-pots-a-lait\/wd-lifestyle-coffret-theiere-et-4-verres-bleu-et-blanc\/"]}]},{"@type":"BreadcrumbList","@id":"https:\/\/www.erresse-shop.it\/fr\/shop\/table-fr-2\/tasses\/theieres-sucriers-pots-a-lait\/wd-lifestyle-coffret-theiere-et-4-verres-bleu-et-blanc\/#breadcrumb","itemListElement":[{"@type":"ListItem","position":1,"name":"Home","item":"https:\/\/www.erresse-shop.it\/fr\/"},{"@type":"ListItem","position":2,"name":"Shop","item":"https:\/\/www.erresse-shop.it\/fr\/shop\/"},{"@type":"ListItem","position":3,"name":"WD LIFESTYLE Coffret Th\u00e9i\u00e8re et 4 Verres Bleu et Blanc"}]},{"@type":"WebSite","@id":"https:\/\/www.erresse-shop.it\/fr\/#website","url":"https:\/\/www.erresse-shop.it\/fr\/","name":"Erresse Shop","description":"Articoli di qualit\u00e0 per la casa","potentialAction":[{"@type":"SearchAction","target":{"@type":"EntryPoint","urlTemplate":"https:\/\/www.erresse-shop.it\/fr\/?s={search_term_string}"},"query-input":"required name=search_term_string"}],"inLanguage":"fr-FR"}]}},"df_price":23.939999999999998,"df_sale_price":23.939999999999998,"df_regular_price":39.9,"df_image_link":"https:\/\/www.erresse-shop.it\/wp-content\/uploads\/2025\/02\/WD-LIFESTYLE-Set-Teiera-e-4-Bicchierini-Blue-e-Bianco-300x300.jpg","_links":{"self":[{"href":"https:\/\/www.erresse-shop.it\/fr\/wp-json\/wp\/v2\/product\/465968"}],"collection":[{"href":"https:\/\/www.erresse-shop.it\/fr\/wp-json\/wp\/v2\/product"}],"about":[{"href":"https:\/\/www.erresse-shop.it\/fr\/wp-json\/wp\/v2\/types\/product"}],"wp:featuredmedia":[{"embeddable":true,"href":"https:\/\/www.erresse-shop.it\/fr\/wp-json\/wp\/v2\/media\/465981"}],"wp:attachment":[{"href":"https:\/\/www.erresse-shop.it\/fr\/wp-json\/wp\/v2\/media?parent=465968"}],"wp:term":[{"taxonomy":"product_cat","embeddable":true,"href":"https:\/\/www.erresse-shop.it\/fr\/wp-json\/wp\/v2\/product_cat?post=465968"},{"taxonomy":"product_tag","embeddable":true,"href":"https:\/\/www.erresse-shop.it\/fr\/wp-json\/wp\/v2\/product_tag?post=465968"}],"curies":[{"name":"wp","href":"https:\/\/api.w.org\/{rel}","templated":true}]}}