{"id":465887,"date":"2025-02-04T14:01:21","date_gmt":"2025-02-04T14:01:23","guid":{"rendered":"https:\/\/www.erresse-shop.it\/?post_type=product&#038;p=465887"},"modified":"2026-02-23T13:07:01","modified_gmt":"2026-02-23T13:07:01","slug":"wd-lifestyle-theiere-en-fonte-anthracite","status":"publish","type":"product","link":"https:\/\/www.erresse-shop.it\/fr\/shop\/table-fr-2\/tasses\/theieres-sucriers-pots-a-lait\/wd-lifestyle-theiere-en-fonte-anthracite\/","title":{"rendered":"WD LIFESTYLE Th\u00e9i\u00e8re en fonte anthracite"},"content":{"rendered":"<div class=\"flex-shrink-0 flex flex-col \u00e9l\u00e9ments relatifs-fin\">\n<div>\n<div class=\"pt-0\">\n<div class=\"gizmo-bot-avatar flex h-8 w-8 \u00e9l\u00e9ments-centre justifier-centre d\u00e9bordement-masqu\u00e9 arrondi-plein\">\n<div class=\"relative p-1 rounded-sm flex items-center justify-center bg-token-main-surface-primary text-token-text-primary h-8 w-8\">Les th\u00e9i\u00e8res en fonte, avec une Design r\u00e9sistant et raffin\u00e9, ils constituent un excellent choix pour ceux qui recherchent un produit alliant esth\u00e9tique et fonctionnalit\u00e9. Gr\u00e2ce \u00e0 leur structure, ces th\u00e9i\u00e8res sont capables de garantir une conduction thermique parfaite, la gardant constante pendant plusieurs heures, pour une exp\u00e9rience de th\u00e9 id\u00e9ale.<\/div>\n<div class=\"relative p-1 rounded-sm flex items-center justify-center bg-token-main-surface-primary text-token-text-primary h-8 w-8\">Pour une utilisation optimale, si vous utilisez la th\u00e9i\u00e8re pour faire bouillir l&#8217;eau, il est conseill\u00e9 de retirer le filtre pendant la phase d&#8217;\u00e9bullition. De plus, pour \u00e9viter un chauffage direct excessif, il est sugg\u00e9r\u00e9 d&#8217;utiliser un diffuseur de flamme \u00e0 placer entre la th\u00e9i\u00e8re et la flamme du gaz, prot\u00e9geant ainsi la th\u00e9i\u00e8re et am\u00e9liorant l&#8217;efficacit\u00e9 du processus.<\/div>\n<\/div>\n<\/div>\n<\/div>\n<p>Capacit\u00e9 : 800 ml<\/p>\n<p><strong>Ne convient pas aux lave-vaisselle et aux micro-ondes<\/strong><\/p>\n<\/div>\n","protected":false},"excerpt":{"rendered":"<p>Les th\u00e9i\u00e8res en fonte, avec une Design r\u00e9sistant et raffin\u00e9, ils constituent un excellent choix pour ceux qui recherchent un<\/p>\n","protected":false},"featured_media":465899,"template":"","meta":{"_acf_changed":false,"inline_featured_image":false},"product_cat":[12782,12760],"product_tag":[13555,12460,24603,12826],"acf":[],"yoast_head":"<!-- This site is optimized with the Yoast SEO Premium plugin v18.6 (Yoast SEO v19.13) - https:\/\/yoast.com\/wordpress\/plugins\/seo\/ -->\n<title>WD LIFESTYLE Th\u00e9i\u00e8re en fonte anthracite - Erresse Shop<\/title>\n<meta name=\"description\" content=\"Les th\u00e9i\u00e8res en fonte, avec une Design r\u00e9sistant et raffin\u00e9, ils constituent un excellent choix pour ceux qui recherchent un produit alliant esth\u00e9tique et\" \/>\n<meta name=\"robots\" content=\"index, follow, max-snippet:-1, max-image-preview:large, max-video-preview:-1\" \/>\n<link rel=\"canonical\" href=\"https:\/\/www.erresse-shop.it\/fr\/shop\/table-fr-2\/tasses\/theieres-sucriers-pots-a-lait\/wd-lifestyle-theiere-en-fonte-anthracite\/\" \/>\n<meta property=\"og:locale\" content=\"fr_FR\" \/>\n<meta property=\"og:type\" content=\"article\" \/>\n<meta property=\"og:title\" content=\"WD LIFESTYLE Th\u00e9i\u00e8re en fonte anthracite\" \/>\n<meta property=\"og:description\" content=\"Les th\u00e9i\u00e8res en fonte, avec une Design r\u00e9sistant et raffin\u00e9, ils constituent un excellent choix pour ceux qui recherchent un produit alliant esth\u00e9tique et\" \/>\n<meta property=\"og:url\" content=\"https:\/\/www.erresse-shop.it\/fr\/shop\/table-fr-2\/tasses\/theieres-sucriers-pots-a-lait\/wd-lifestyle-theiere-en-fonte-anthracite\/\" \/>\n<meta property=\"og:site_name\" content=\"Erresse Shop\" \/>\n<meta property=\"article:modified_time\" content=\"2026-02-23T13:07:01+00:00\" \/>\n<meta property=\"og:image\" content=\"https:\/\/www.erresse-shop.it\/wp-content\/uploads\/2025\/02\/WD-LIFESTYLE-Teiera-in-Ghisa-Antracite.jpg\" \/>\n\t<meta property=\"og:image:width\" content=\"1200\" \/>\n\t<meta property=\"og:image:height\" content=\"1200\" \/>\n\t<meta property=\"og:image:type\" content=\"image\/jpeg\" \/>\n<meta name=\"twitter:card\" content=\"summary_large_image\" \/>\n<script type=\"application\/ld+json\" class=\"yoast-schema-graph\">{\"@context\":\"https:\/\/schema.org\",\"@graph\":[{\"@type\":\"WebPage\",\"@id\":\"https:\/\/www.erresse-shop.it\/fr\/shop\/table-fr-2\/tasses\/theieres-sucriers-pots-a-lait\/wd-lifestyle-theiere-en-fonte-anthracite\/\",\"url\":\"https:\/\/www.erresse-shop.it\/fr\/shop\/table-fr-2\/tasses\/theieres-sucriers-pots-a-lait\/wd-lifestyle-theiere-en-fonte-anthracite\/\",\"name\":\"WD LIFESTYLE Th\u00e9i\u00e8re en fonte anthracite - Erresse Shop\",\"isPartOf\":{\"@id\":\"https:\/\/www.erresse-shop.it\/fr\/#website\"},\"datePublished\":\"2025-02-04T14:01:23+00:00\",\"dateModified\":\"2026-02-23T13:07:01+00:00\",\"description\":\"Les th\u00e9i\u00e8res en fonte, avec une Design r\u00e9sistant et raffin\u00e9, ils constituent un excellent choix pour ceux qui recherchent un produit alliant esth\u00e9tique et\",\"breadcrumb\":{\"@id\":\"https:\/\/www.erresse-shop.it\/fr\/shop\/table-fr-2\/tasses\/theieres-sucriers-pots-a-lait\/wd-lifestyle-theiere-en-fonte-anthracite\/#breadcrumb\"},\"inLanguage\":\"fr-FR\",\"potentialAction\":[{\"@type\":\"ReadAction\",\"target\":[\"https:\/\/www.erresse-shop.it\/fr\/shop\/table-fr-2\/tasses\/theieres-sucriers-pots-a-lait\/wd-lifestyle-theiere-en-fonte-anthracite\/\"]}]},{\"@type\":\"BreadcrumbList\",\"@id\":\"https:\/\/www.erresse-shop.it\/fr\/shop\/table-fr-2\/tasses\/theieres-sucriers-pots-a-lait\/wd-lifestyle-theiere-en-fonte-anthracite\/#breadcrumb\",\"itemListElement\":[{\"@type\":\"ListItem\",\"position\":1,\"name\":\"Home\",\"item\":\"https:\/\/www.erresse-shop.it\/fr\/\"},{\"@type\":\"ListItem\",\"position\":2,\"name\":\"Shop\",\"item\":\"https:\/\/www.erresse-shop.it\/fr\/shop\/\"},{\"@type\":\"ListItem\",\"position\":3,\"name\":\"WD LIFESTYLE Th\u00e9i\u00e8re en fonte anthracite\"}]},{\"@type\":\"WebSite\",\"@id\":\"https:\/\/www.erresse-shop.it\/fr\/#website\",\"url\":\"https:\/\/www.erresse-shop.it\/fr\/\",\"name\":\"Erresse Shop\",\"description\":\"Articoli di qualit\u00e0 per la casa\",\"potentialAction\":[{\"@type\":\"SearchAction\",\"target\":{\"@type\":\"EntryPoint\",\"urlTemplate\":\"https:\/\/www.erresse-shop.it\/fr\/?s={search_term_string}\"},\"query-input\":\"required name=search_term_string\"}],\"inLanguage\":\"fr-FR\"}]}<\/script>\n<!-- \/ Yoast SEO Premium plugin. -->","yoast_head_json":{"title":"WD LIFESTYLE Th\u00e9i\u00e8re en fonte anthracite - Erresse Shop","description":"Les th\u00e9i\u00e8res en fonte, avec une Design r\u00e9sistant et raffin\u00e9, ils constituent un excellent choix pour ceux qui recherchent un produit alliant esth\u00e9tique et","robots":{"index":"index","follow":"follow","max-snippet":"max-snippet:-1","max-image-preview":"max-image-preview:large","max-video-preview":"max-video-preview:-1"},"canonical":"https:\/\/www.erresse-shop.it\/fr\/shop\/table-fr-2\/tasses\/theieres-sucriers-pots-a-lait\/wd-lifestyle-theiere-en-fonte-anthracite\/","og_locale":"fr_FR","og_type":"article","og_title":"WD LIFESTYLE Th\u00e9i\u00e8re en fonte anthracite","og_description":"Les th\u00e9i\u00e8res en fonte, avec une Design r\u00e9sistant et raffin\u00e9, ils constituent un excellent choix pour ceux qui recherchent un produit alliant esth\u00e9tique et","og_url":"https:\/\/www.erresse-shop.it\/fr\/shop\/table-fr-2\/tasses\/theieres-sucriers-pots-a-lait\/wd-lifestyle-theiere-en-fonte-anthracite\/","og_site_name":"Erresse Shop","article_modified_time":"2026-02-23T13:07:01+00:00","og_image":[{"width":1200,"height":1200,"url":"https:\/\/www.erresse-shop.it\/wp-content\/uploads\/2025\/02\/WD-LIFESTYLE-Teiera-in-Ghisa-Antracite.jpg","type":"image\/jpeg"}],"twitter_card":"summary_large_image","schema":{"@context":"https:\/\/schema.org","@graph":[{"@type":"WebPage","@id":"https:\/\/www.erresse-shop.it\/fr\/shop\/table-fr-2\/tasses\/theieres-sucriers-pots-a-lait\/wd-lifestyle-theiere-en-fonte-anthracite\/","url":"https:\/\/www.erresse-shop.it\/fr\/shop\/table-fr-2\/tasses\/theieres-sucriers-pots-a-lait\/wd-lifestyle-theiere-en-fonte-anthracite\/","name":"WD LIFESTYLE Th\u00e9i\u00e8re en fonte anthracite - Erresse Shop","isPartOf":{"@id":"https:\/\/www.erresse-shop.it\/fr\/#website"},"datePublished":"2025-02-04T14:01:23+00:00","dateModified":"2026-02-23T13:07:01+00:00","description":"Les th\u00e9i\u00e8res en fonte, avec une Design r\u00e9sistant et raffin\u00e9, ils constituent un excellent choix pour ceux qui recherchent un produit alliant esth\u00e9tique et","breadcrumb":{"@id":"https:\/\/www.erresse-shop.it\/fr\/shop\/table-fr-2\/tasses\/theieres-sucriers-pots-a-lait\/wd-lifestyle-theiere-en-fonte-anthracite\/#breadcrumb"},"inLanguage":"fr-FR","potentialAction":[{"@type":"ReadAction","target":["https:\/\/www.erresse-shop.it\/fr\/shop\/table-fr-2\/tasses\/theieres-sucriers-pots-a-lait\/wd-lifestyle-theiere-en-fonte-anthracite\/"]}]},{"@type":"BreadcrumbList","@id":"https:\/\/www.erresse-shop.it\/fr\/shop\/table-fr-2\/tasses\/theieres-sucriers-pots-a-lait\/wd-lifestyle-theiere-en-fonte-anthracite\/#breadcrumb","itemListElement":[{"@type":"ListItem","position":1,"name":"Home","item":"https:\/\/www.erresse-shop.it\/fr\/"},{"@type":"ListItem","position":2,"name":"Shop","item":"https:\/\/www.erresse-shop.it\/fr\/shop\/"},{"@type":"ListItem","position":3,"name":"WD LIFESTYLE Th\u00e9i\u00e8re en fonte anthracite"}]},{"@type":"WebSite","@id":"https:\/\/www.erresse-shop.it\/fr\/#website","url":"https:\/\/www.erresse-shop.it\/fr\/","name":"Erresse Shop","description":"Articoli di qualit\u00e0 per la casa","potentialAction":[{"@type":"SearchAction","target":{"@type":"EntryPoint","urlTemplate":"https:\/\/www.erresse-shop.it\/fr\/?s={search_term_string}"},"query-input":"required name=search_term_string"}],"inLanguage":"fr-FR"}]}},"df_price":23.939999999999998,"df_sale_price":23.939999999999998,"df_regular_price":39.9,"df_image_link":"https:\/\/www.erresse-shop.it\/wp-content\/uploads\/2025\/02\/WD-LIFESTYLE-Teiera-in-Ghisa-Antracite-300x300.jpg","_links":{"self":[{"href":"https:\/\/www.erresse-shop.it\/fr\/wp-json\/wp\/v2\/product\/465887"}],"collection":[{"href":"https:\/\/www.erresse-shop.it\/fr\/wp-json\/wp\/v2\/product"}],"about":[{"href":"https:\/\/www.erresse-shop.it\/fr\/wp-json\/wp\/v2\/types\/product"}],"wp:featuredmedia":[{"embeddable":true,"href":"https:\/\/www.erresse-shop.it\/fr\/wp-json\/wp\/v2\/media\/465899"}],"wp:attachment":[{"href":"https:\/\/www.erresse-shop.it\/fr\/wp-json\/wp\/v2\/media?parent=465887"}],"wp:term":[{"taxonomy":"product_cat","embeddable":true,"href":"https:\/\/www.erresse-shop.it\/fr\/wp-json\/wp\/v2\/product_cat?post=465887"},{"taxonomy":"product_tag","embeddable":true,"href":"https:\/\/www.erresse-shop.it\/fr\/wp-json\/wp\/v2\/product_tag?post=465887"}],"curies":[{"name":"wp","href":"https:\/\/api.w.org\/{rel}","templated":true}]}}