{"id":465837,"date":"2025-02-04T11:48:26","date_gmt":"2025-02-04T11:48:28","guid":{"rendered":"https:\/\/www.erresse-shop.it\/?post_type=product&#038;p=465837"},"modified":"2026-02-23T13:18:58","modified_gmt":"2026-02-23T13:18:58","slug":"wd-lifestyle-coffret-theiere-et-4-verres-en-fonte-violette","status":"publish","type":"product","link":"https:\/\/www.erresse-shop.it\/fr\/shop\/table-fr-2\/tasses\/theieres-sucriers-pots-a-lait\/wd-lifestyle-coffret-theiere-et-4-verres-en-fonte-violette\/","title":{"rendered":"WD LIFESTYLE Coffret th\u00e9i\u00e8re et 4 verres en fonte violette"},"content":{"rendered":"<p>Ce service \u00e0 th\u00e9 en fonte, compos\u00e9 d&#8217;une th\u00e9i\u00e8re avec filtre et de quatre verres, se caract\u00e9rise par une texture en relief raffin\u00e9e qui donne un effet visuel et tactile de grand impact. La robustesse de la fonte garantit une excellente r\u00e9tention de la chaleur, id\u00e9ale pour une infusion parfaite. Les verres, \u00e9galement en fonte, s&#8217;accordent \u00e9l\u00e9gamment \u00e0 la th\u00e9i\u00e8re, offrant une prise en main confortable et une exp\u00e9rience de d\u00e9gustation unique.<\/p>\n<p>Un excellent choix pour ceux qui veulent un service \u00e0 th\u00e9 alliant fonctionnalit\u00e9 et style.<\/p>\n<p>Capacit\u00e9 : 1 L<\/p>\n<p><strong>Ne convient pas aux lave-vaisselle et aux micro-ondes<\/strong><\/p>\n","protected":false},"excerpt":{"rendered":"<p>Ce service \u00e0 th\u00e9 en fonte, compos\u00e9 d&#8217;une th\u00e9i\u00e8re avec filtre et de quatre verres, se caract\u00e9rise par une texture<\/p>\n","protected":false},"featured_media":465856,"template":"","meta":{"_acf_changed":false,"inline_featured_image":false},"product_cat":[12782,12760],"product_tag":[13555,12460,24603,12826],"acf":[],"yoast_head":"<!-- This site is optimized with the Yoast SEO Premium plugin v18.6 (Yoast SEO v19.13) - https:\/\/yoast.com\/wordpress\/plugins\/seo\/ -->\n<title>WD LIFESTYLE Coffret th\u00e9i\u00e8re et 4 verres en fonte violette - Erresse Shop<\/title>\n<meta name=\"description\" content=\"Ce service \u00e0 th\u00e9 en fonte, compos\u00e9 d&#039;une th\u00e9i\u00e8re avec filtre et de quatre verres, se caract\u00e9rise par une texture en relief raffin\u00e9e qui donne un effet\" \/>\n<meta name=\"robots\" content=\"index, follow, max-snippet:-1, max-image-preview:large, max-video-preview:-1\" \/>\n<link rel=\"canonical\" href=\"https:\/\/www.erresse-shop.it\/fr\/shop\/table-fr-2\/tasses\/theieres-sucriers-pots-a-lait\/wd-lifestyle-coffret-theiere-et-4-verres-en-fonte-violette\/\" \/>\n<meta property=\"og:locale\" content=\"fr_FR\" \/>\n<meta property=\"og:type\" content=\"article\" \/>\n<meta property=\"og:title\" content=\"WD LIFESTYLE Coffret th\u00e9i\u00e8re et 4 verres en fonte violette\" \/>\n<meta property=\"og:description\" content=\"Ce service \u00e0 th\u00e9 en fonte, compos\u00e9 d&#039;une th\u00e9i\u00e8re avec filtre et de quatre verres, se caract\u00e9rise par une texture en relief raffin\u00e9e qui donne un effet\" \/>\n<meta property=\"og:url\" content=\"https:\/\/www.erresse-shop.it\/fr\/shop\/table-fr-2\/tasses\/theieres-sucriers-pots-a-lait\/wd-lifestyle-coffret-theiere-et-4-verres-en-fonte-violette\/\" \/>\n<meta property=\"og:site_name\" content=\"Erresse Shop\" \/>\n<meta property=\"article:modified_time\" content=\"2026-02-23T13:18:58+00:00\" \/>\n<meta property=\"og:image\" content=\"https:\/\/www.erresse-shop.it\/wp-content\/uploads\/2025\/02\/WD-LIFESTYLE-Set-Teiera-e-4-Bicchieri-in-Ghisa-Viola.jpg\" \/>\n\t<meta property=\"og:image:width\" content=\"1200\" \/>\n\t<meta property=\"og:image:height\" content=\"1200\" \/>\n\t<meta property=\"og:image:type\" content=\"image\/jpeg\" \/>\n<meta name=\"twitter:card\" content=\"summary_large_image\" \/>\n<script type=\"application\/ld+json\" class=\"yoast-schema-graph\">{\"@context\":\"https:\/\/schema.org\",\"@graph\":[{\"@type\":\"WebPage\",\"@id\":\"https:\/\/www.erresse-shop.it\/fr\/shop\/table-fr-2\/tasses\/theieres-sucriers-pots-a-lait\/wd-lifestyle-coffret-theiere-et-4-verres-en-fonte-violette\/\",\"url\":\"https:\/\/www.erresse-shop.it\/fr\/shop\/table-fr-2\/tasses\/theieres-sucriers-pots-a-lait\/wd-lifestyle-coffret-theiere-et-4-verres-en-fonte-violette\/\",\"name\":\"WD LIFESTYLE Coffret th\u00e9i\u00e8re et 4 verres en fonte violette - Erresse Shop\",\"isPartOf\":{\"@id\":\"https:\/\/www.erresse-shop.it\/fr\/#website\"},\"datePublished\":\"2025-02-04T11:48:28+00:00\",\"dateModified\":\"2026-02-23T13:18:58+00:00\",\"description\":\"Ce service \u00e0 th\u00e9 en fonte, compos\u00e9 d'une th\u00e9i\u00e8re avec filtre et de quatre verres, se caract\u00e9rise par une texture en relief raffin\u00e9e qui donne un effet\",\"breadcrumb\":{\"@id\":\"https:\/\/www.erresse-shop.it\/fr\/shop\/table-fr-2\/tasses\/theieres-sucriers-pots-a-lait\/wd-lifestyle-coffret-theiere-et-4-verres-en-fonte-violette\/#breadcrumb\"},\"inLanguage\":\"fr-FR\",\"potentialAction\":[{\"@type\":\"ReadAction\",\"target\":[\"https:\/\/www.erresse-shop.it\/fr\/shop\/table-fr-2\/tasses\/theieres-sucriers-pots-a-lait\/wd-lifestyle-coffret-theiere-et-4-verres-en-fonte-violette\/\"]}]},{\"@type\":\"BreadcrumbList\",\"@id\":\"https:\/\/www.erresse-shop.it\/fr\/shop\/table-fr-2\/tasses\/theieres-sucriers-pots-a-lait\/wd-lifestyle-coffret-theiere-et-4-verres-en-fonte-violette\/#breadcrumb\",\"itemListElement\":[{\"@type\":\"ListItem\",\"position\":1,\"name\":\"Home\",\"item\":\"https:\/\/www.erresse-shop.it\/fr\/\"},{\"@type\":\"ListItem\",\"position\":2,\"name\":\"Shop\",\"item\":\"https:\/\/www.erresse-shop.it\/fr\/shop\/\"},{\"@type\":\"ListItem\",\"position\":3,\"name\":\"WD LIFESTYLE Coffret th\u00e9i\u00e8re et 4 verres en fonte violette\"}]},{\"@type\":\"WebSite\",\"@id\":\"https:\/\/www.erresse-shop.it\/fr\/#website\",\"url\":\"https:\/\/www.erresse-shop.it\/fr\/\",\"name\":\"Erresse Shop\",\"description\":\"Articoli di qualit\u00e0 per la casa\",\"potentialAction\":[{\"@type\":\"SearchAction\",\"target\":{\"@type\":\"EntryPoint\",\"urlTemplate\":\"https:\/\/www.erresse-shop.it\/fr\/?s={search_term_string}\"},\"query-input\":\"required name=search_term_string\"}],\"inLanguage\":\"fr-FR\"}]}<\/script>\n<!-- \/ Yoast SEO Premium plugin. -->","yoast_head_json":{"title":"WD LIFESTYLE Coffret th\u00e9i\u00e8re et 4 verres en fonte violette - Erresse Shop","description":"Ce service \u00e0 th\u00e9 en fonte, compos\u00e9 d'une th\u00e9i\u00e8re avec filtre et de quatre verres, se caract\u00e9rise par une texture en relief raffin\u00e9e qui donne un effet","robots":{"index":"index","follow":"follow","max-snippet":"max-snippet:-1","max-image-preview":"max-image-preview:large","max-video-preview":"max-video-preview:-1"},"canonical":"https:\/\/www.erresse-shop.it\/fr\/shop\/table-fr-2\/tasses\/theieres-sucriers-pots-a-lait\/wd-lifestyle-coffret-theiere-et-4-verres-en-fonte-violette\/","og_locale":"fr_FR","og_type":"article","og_title":"WD LIFESTYLE Coffret th\u00e9i\u00e8re et 4 verres en fonte violette","og_description":"Ce service \u00e0 th\u00e9 en fonte, compos\u00e9 d'une th\u00e9i\u00e8re avec filtre et de quatre verres, se caract\u00e9rise par une texture en relief raffin\u00e9e qui donne un effet","og_url":"https:\/\/www.erresse-shop.it\/fr\/shop\/table-fr-2\/tasses\/theieres-sucriers-pots-a-lait\/wd-lifestyle-coffret-theiere-et-4-verres-en-fonte-violette\/","og_site_name":"Erresse Shop","article_modified_time":"2026-02-23T13:18:58+00:00","og_image":[{"width":1200,"height":1200,"url":"https:\/\/www.erresse-shop.it\/wp-content\/uploads\/2025\/02\/WD-LIFESTYLE-Set-Teiera-e-4-Bicchieri-in-Ghisa-Viola.jpg","type":"image\/jpeg"}],"twitter_card":"summary_large_image","schema":{"@context":"https:\/\/schema.org","@graph":[{"@type":"WebPage","@id":"https:\/\/www.erresse-shop.it\/fr\/shop\/table-fr-2\/tasses\/theieres-sucriers-pots-a-lait\/wd-lifestyle-coffret-theiere-et-4-verres-en-fonte-violette\/","url":"https:\/\/www.erresse-shop.it\/fr\/shop\/table-fr-2\/tasses\/theieres-sucriers-pots-a-lait\/wd-lifestyle-coffret-theiere-et-4-verres-en-fonte-violette\/","name":"WD LIFESTYLE Coffret th\u00e9i\u00e8re et 4 verres en fonte violette - Erresse Shop","isPartOf":{"@id":"https:\/\/www.erresse-shop.it\/fr\/#website"},"datePublished":"2025-02-04T11:48:28+00:00","dateModified":"2026-02-23T13:18:58+00:00","description":"Ce service \u00e0 th\u00e9 en fonte, compos\u00e9 d'une th\u00e9i\u00e8re avec filtre et de quatre verres, se caract\u00e9rise par une texture en relief raffin\u00e9e qui donne un effet","breadcrumb":{"@id":"https:\/\/www.erresse-shop.it\/fr\/shop\/table-fr-2\/tasses\/theieres-sucriers-pots-a-lait\/wd-lifestyle-coffret-theiere-et-4-verres-en-fonte-violette\/#breadcrumb"},"inLanguage":"fr-FR","potentialAction":[{"@type":"ReadAction","target":["https:\/\/www.erresse-shop.it\/fr\/shop\/table-fr-2\/tasses\/theieres-sucriers-pots-a-lait\/wd-lifestyle-coffret-theiere-et-4-verres-en-fonte-violette\/"]}]},{"@type":"BreadcrumbList","@id":"https:\/\/www.erresse-shop.it\/fr\/shop\/table-fr-2\/tasses\/theieres-sucriers-pots-a-lait\/wd-lifestyle-coffret-theiere-et-4-verres-en-fonte-violette\/#breadcrumb","itemListElement":[{"@type":"ListItem","position":1,"name":"Home","item":"https:\/\/www.erresse-shop.it\/fr\/"},{"@type":"ListItem","position":2,"name":"Shop","item":"https:\/\/www.erresse-shop.it\/fr\/shop\/"},{"@type":"ListItem","position":3,"name":"WD LIFESTYLE Coffret th\u00e9i\u00e8re et 4 verres en fonte violette"}]},{"@type":"WebSite","@id":"https:\/\/www.erresse-shop.it\/fr\/#website","url":"https:\/\/www.erresse-shop.it\/fr\/","name":"Erresse Shop","description":"Articoli di qualit\u00e0 per la casa","potentialAction":[{"@type":"SearchAction","target":{"@type":"EntryPoint","urlTemplate":"https:\/\/www.erresse-shop.it\/fr\/?s={search_term_string}"},"query-input":"required name=search_term_string"}],"inLanguage":"fr-FR"}]}},"df_price":33,"df_sale_price":33,"df_regular_price":55,"df_image_link":"https:\/\/www.erresse-shop.it\/wp-content\/uploads\/2025\/02\/WD-LIFESTYLE-Set-Teiera-e-4-Bicchieri-in-Ghisa-Viola-300x300.jpg","_links":{"self":[{"href":"https:\/\/www.erresse-shop.it\/fr\/wp-json\/wp\/v2\/product\/465837"}],"collection":[{"href":"https:\/\/www.erresse-shop.it\/fr\/wp-json\/wp\/v2\/product"}],"about":[{"href":"https:\/\/www.erresse-shop.it\/fr\/wp-json\/wp\/v2\/types\/product"}],"wp:featuredmedia":[{"embeddable":true,"href":"https:\/\/www.erresse-shop.it\/fr\/wp-json\/wp\/v2\/media\/465856"}],"wp:attachment":[{"href":"https:\/\/www.erresse-shop.it\/fr\/wp-json\/wp\/v2\/media?parent=465837"}],"wp:term":[{"taxonomy":"product_cat","embeddable":true,"href":"https:\/\/www.erresse-shop.it\/fr\/wp-json\/wp\/v2\/product_cat?post=465837"},{"taxonomy":"product_tag","embeddable":true,"href":"https:\/\/www.erresse-shop.it\/fr\/wp-json\/wp\/v2\/product_tag?post=465837"}],"curies":[{"name":"wp","href":"https:\/\/api.w.org\/{rel}","templated":true}]}}