{"id":465029,"date":"2025-01-30T14:50:40","date_gmt":"2025-01-30T14:50:43","guid":{"rendered":"https:\/\/www.erresse-shop.it\/?post_type=product&#038;p=465029"},"modified":"2025-03-01T18:38:18","modified_gmt":"2025-03-01T18:38:18","slug":"nio-cocktails-postcards-from-venice-copia","status":"publish","type":"product","link":"https:\/\/www.erresse-shop.it\/fr\/shop\/table-fr-2\/nio-cocktails-postcards-from-venice-copia\/","title":{"rendered":"NIO COCKTAILS Postcards from Hawaii"},"content":{"rendered":"<p>\u00ab Aloha et Komo Mai \u00e0 Honolulu ! Je suis ici dans la belle Oahu, \u00e0 Hawa\u00ef, l&#8217;\u00eele c\u00e9l\u00e8bre pour ses vagues cristallines pour surfer et ses plages de sable blanc. Le voyage de Patrick au paradis du Pacifique l\u2019a amen\u00e9 \u00e0 savourer de la mangue fra\u00eeche, de l\u2019ananas et de l\u2019agave, des ingr\u00e9dients qui composent bon nombre de nos cocktails. Il a cr\u00e9\u00e9 un Negroni tropical, un Mai Tai chaleureux, une Margarita \u00e0 la mangue \u00e9pic\u00e9e et un cocktail signature exotique, chacun \u00e9tant un hommage \u00e0 cette terre tropicale luxuriante impr\u00e9gn\u00e9e de culture et de folklore.<\/p>\n<p><span style=\"font-size: 14pt;\"><strong>Cocktails dans le paquet :<\/strong><\/span><\/p>\n<p><strong>Waikiki<\/strong> : Ron Santiago De Cuba Carta Blanca \/ Ron Santiago De Cuba A\u00f1ejo 11 ans \/ Monin Orange Cura\u00e7ao \/ Ancho Reyes \/ Sirop d&#8217;amande 1883 \/ Sirop de sucre de canne Toschi \/ Acide citrique \/ 100 ml \/ 21,6 % VOL<\/p>\n<p><strong>Kahala<\/strong> : Tequila Exotico Blanco \/ Bols Mango \/ Cointreau \/ Ancho Reyes \/ Sirop d&#8217;agave 1883 \/ Acide citrique \/ 100 ml \/ 20,6 % VOL<\/p>\n<p><strong>Sandy<\/strong> : Gin sec London Dry Tanqueray \/ Vermouth Cocchi Storico \/ Bitter Campari \/ Mangue Bols \/ Liqueur d&#8217;ananas des Cara\u00efbes Giffard \/ 100 ml \/ 20,5 % VOL<\/p>\n<p><strong>Lanikai<\/strong> : Vodka Ketel One Family Made \/ Liqueur d&#8217;ananas des Cara\u00efbes Giffard \/ Cura\u00e7ao bleu Monin \/ Sirop de sucre de canne Toschi \/ Acide citrique \/ 100 ml \/ 23 % VOL<\/p>\n<p>&nbsp;<\/p>\n<p><strong>Fabriqu\u00e9 \u00e0 la main en Italie avec les meilleurs spiritueux du monde<\/strong><br \/>\nNous vous apportons chez vous ou l\u00e0 o\u00f9 vous le souhaitez, une exp\u00e9rience de d\u00e9gustation pleine de qualit\u00e9 et d&#8217;\u00e9motion. Faites-vous plaisir ou offrez un agr\u00e9able moment sensoriel : nos cocktails sont \u00e9labor\u00e9s selon la recette de Patrick Pistolesi et exp\u00e9di\u00e9s dans un packaging design, enti\u00e8rement recyclable.<\/p>\n","protected":false},"excerpt":{"rendered":"<p>\u00ab Aloha et Komo Mai \u00e0 Honolulu ! Je suis ici dans la belle Oahu, \u00e0 Hawa\u00ef, l&#8217;\u00eele c\u00e9l\u00e8bre pour<\/p>\n","protected":false},"featured_media":465064,"template":"","meta":{"_acf_changed":false,"inline_featured_image":false},"product_cat":[21703,12782],"product_tag":[21697,21304,12817],"acf":[],"yoast_head":"<!-- This site is optimized with the Yoast SEO Premium plugin v18.6 (Yoast SEO v19.13) - https:\/\/yoast.com\/wordpress\/plugins\/seo\/ -->\n<title>NIO COCKTAILS Postcards from Hawaii - Erresse Shop<\/title>\n<meta name=\"description\" content=\"\u00ab Aloha et Komo Mai \u00e0 Honolulu ! Je suis ici dans la belle Oahu, \u00e0 Hawa\u00ef, l&#039;\u00eele c\u00e9l\u00e8bre pour ses vagues cristallines pour surfer et ses plages de sable\" \/>\n<meta name=\"robots\" content=\"index, follow, max-snippet:-1, max-image-preview:large, max-video-preview:-1\" \/>\n<link rel=\"canonical\" href=\"https:\/\/www.erresse-shop.it\/fr\/shop\/table-fr-2\/nio-cocktails-postcards-from-venice-copia\/\" \/>\n<meta property=\"og:locale\" content=\"fr_FR\" \/>\n<meta property=\"og:type\" content=\"article\" \/>\n<meta property=\"og:title\" content=\"NIO COCKTAILS Postcards from Hawaii\" \/>\n<meta property=\"og:description\" content=\"\u00ab Aloha et Komo Mai \u00e0 Honolulu ! Je suis ici dans la belle Oahu, \u00e0 Hawa\u00ef, l&#039;\u00eele c\u00e9l\u00e8bre pour ses vagues cristallines pour surfer et ses plages de sable\" \/>\n<meta property=\"og:url\" content=\"https:\/\/www.erresse-shop.it\/fr\/shop\/table-fr-2\/nio-cocktails-postcards-from-venice-copia\/\" \/>\n<meta property=\"og:site_name\" content=\"Erresse Shop\" \/>\n<meta property=\"article:modified_time\" content=\"2025-03-01T18:38:18+00:00\" \/>\n<meta property=\"og:image\" content=\"https:\/\/www.erresse-shop.it\/wp-content\/uploads\/2025\/01\/NIO-COCKTAILS-Postcards-from-Hawaii.jpg\" \/>\n\t<meta property=\"og:image:width\" content=\"1200\" \/>\n\t<meta property=\"og:image:height\" content=\"1200\" \/>\n\t<meta property=\"og:image:type\" content=\"image\/jpeg\" \/>\n<meta name=\"twitter:card\" content=\"summary_large_image\" \/>\n<script type=\"application\/ld+json\" class=\"yoast-schema-graph\">{\"@context\":\"https:\/\/schema.org\",\"@graph\":[{\"@type\":\"WebPage\",\"@id\":\"https:\/\/www.erresse-shop.it\/fr\/shop\/table-fr-2\/nio-cocktails-postcards-from-venice-copia\/\",\"url\":\"https:\/\/www.erresse-shop.it\/fr\/shop\/table-fr-2\/nio-cocktails-postcards-from-venice-copia\/\",\"name\":\"NIO COCKTAILS Postcards from Hawaii - Erresse Shop\",\"isPartOf\":{\"@id\":\"https:\/\/www.erresse-shop.it\/fr\/#website\"},\"datePublished\":\"2025-01-30T14:50:43+00:00\",\"dateModified\":\"2025-03-01T18:38:18+00:00\",\"description\":\"\u00ab Aloha et Komo Mai \u00e0 Honolulu ! Je suis ici dans la belle Oahu, \u00e0 Hawa\u00ef, l'\u00eele c\u00e9l\u00e8bre pour ses vagues cristallines pour surfer et ses plages de sable\",\"breadcrumb\":{\"@id\":\"https:\/\/www.erresse-shop.it\/fr\/shop\/table-fr-2\/nio-cocktails-postcards-from-venice-copia\/#breadcrumb\"},\"inLanguage\":\"fr-FR\",\"potentialAction\":[{\"@type\":\"ReadAction\",\"target\":[\"https:\/\/www.erresse-shop.it\/fr\/shop\/table-fr-2\/nio-cocktails-postcards-from-venice-copia\/\"]}]},{\"@type\":\"BreadcrumbList\",\"@id\":\"https:\/\/www.erresse-shop.it\/fr\/shop\/table-fr-2\/nio-cocktails-postcards-from-venice-copia\/#breadcrumb\",\"itemListElement\":[{\"@type\":\"ListItem\",\"position\":1,\"name\":\"Home\",\"item\":\"https:\/\/www.erresse-shop.it\/fr\/\"},{\"@type\":\"ListItem\",\"position\":2,\"name\":\"Shop\",\"item\":\"https:\/\/www.erresse-shop.it\/fr\/shop\/\"},{\"@type\":\"ListItem\",\"position\":3,\"name\":\"NIO COCKTAILS Postcards from Hawaii\"}]},{\"@type\":\"WebSite\",\"@id\":\"https:\/\/www.erresse-shop.it\/fr\/#website\",\"url\":\"https:\/\/www.erresse-shop.it\/fr\/\",\"name\":\"Erresse Shop\",\"description\":\"Articoli di qualit\u00e0 per la casa\",\"potentialAction\":[{\"@type\":\"SearchAction\",\"target\":{\"@type\":\"EntryPoint\",\"urlTemplate\":\"https:\/\/www.erresse-shop.it\/fr\/?s={search_term_string}\"},\"query-input\":\"required name=search_term_string\"}],\"inLanguage\":\"fr-FR\"}]}<\/script>\n<!-- \/ Yoast SEO Premium plugin. -->","yoast_head_json":{"title":"NIO COCKTAILS Postcards from Hawaii - Erresse Shop","description":"\u00ab Aloha et Komo Mai \u00e0 Honolulu ! Je suis ici dans la belle Oahu, \u00e0 Hawa\u00ef, l'\u00eele c\u00e9l\u00e8bre pour ses vagues cristallines pour surfer et ses plages de sable","robots":{"index":"index","follow":"follow","max-snippet":"max-snippet:-1","max-image-preview":"max-image-preview:large","max-video-preview":"max-video-preview:-1"},"canonical":"https:\/\/www.erresse-shop.it\/fr\/shop\/table-fr-2\/nio-cocktails-postcards-from-venice-copia\/","og_locale":"fr_FR","og_type":"article","og_title":"NIO COCKTAILS Postcards from Hawaii","og_description":"\u00ab Aloha et Komo Mai \u00e0 Honolulu ! Je suis ici dans la belle Oahu, \u00e0 Hawa\u00ef, l'\u00eele c\u00e9l\u00e8bre pour ses vagues cristallines pour surfer et ses plages de sable","og_url":"https:\/\/www.erresse-shop.it\/fr\/shop\/table-fr-2\/nio-cocktails-postcards-from-venice-copia\/","og_site_name":"Erresse Shop","article_modified_time":"2025-03-01T18:38:18+00:00","og_image":[{"width":1200,"height":1200,"url":"https:\/\/www.erresse-shop.it\/wp-content\/uploads\/2025\/01\/NIO-COCKTAILS-Postcards-from-Hawaii.jpg","type":"image\/jpeg"}],"twitter_card":"summary_large_image","schema":{"@context":"https:\/\/schema.org","@graph":[{"@type":"WebPage","@id":"https:\/\/www.erresse-shop.it\/fr\/shop\/table-fr-2\/nio-cocktails-postcards-from-venice-copia\/","url":"https:\/\/www.erresse-shop.it\/fr\/shop\/table-fr-2\/nio-cocktails-postcards-from-venice-copia\/","name":"NIO COCKTAILS Postcards from Hawaii - Erresse Shop","isPartOf":{"@id":"https:\/\/www.erresse-shop.it\/fr\/#website"},"datePublished":"2025-01-30T14:50:43+00:00","dateModified":"2025-03-01T18:38:18+00:00","description":"\u00ab Aloha et Komo Mai \u00e0 Honolulu ! Je suis ici dans la belle Oahu, \u00e0 Hawa\u00ef, l'\u00eele c\u00e9l\u00e8bre pour ses vagues cristallines pour surfer et ses plages de sable","breadcrumb":{"@id":"https:\/\/www.erresse-shop.it\/fr\/shop\/table-fr-2\/nio-cocktails-postcards-from-venice-copia\/#breadcrumb"},"inLanguage":"fr-FR","potentialAction":[{"@type":"ReadAction","target":["https:\/\/www.erresse-shop.it\/fr\/shop\/table-fr-2\/nio-cocktails-postcards-from-venice-copia\/"]}]},{"@type":"BreadcrumbList","@id":"https:\/\/www.erresse-shop.it\/fr\/shop\/table-fr-2\/nio-cocktails-postcards-from-venice-copia\/#breadcrumb","itemListElement":[{"@type":"ListItem","position":1,"name":"Home","item":"https:\/\/www.erresse-shop.it\/fr\/"},{"@type":"ListItem","position":2,"name":"Shop","item":"https:\/\/www.erresse-shop.it\/fr\/shop\/"},{"@type":"ListItem","position":3,"name":"NIO COCKTAILS Postcards from Hawaii"}]},{"@type":"WebSite","@id":"https:\/\/www.erresse-shop.it\/fr\/#website","url":"https:\/\/www.erresse-shop.it\/fr\/","name":"Erresse Shop","description":"Articoli di qualit\u00e0 per la casa","potentialAction":[{"@type":"SearchAction","target":{"@type":"EntryPoint","urlTemplate":"https:\/\/www.erresse-shop.it\/fr\/?s={search_term_string}"},"query-input":"required name=search_term_string"}],"inLanguage":"fr-FR"}]}},"df_price":30,"df_sale_price":30,"df_regular_price":30,"df_image_link":"https:\/\/www.erresse-shop.it\/wp-content\/uploads\/2025\/01\/NIO-COCKTAILS-Postcards-from-Hawaii-300x300.jpg","_links":{"self":[{"href":"https:\/\/www.erresse-shop.it\/fr\/wp-json\/wp\/v2\/product\/465029"}],"collection":[{"href":"https:\/\/www.erresse-shop.it\/fr\/wp-json\/wp\/v2\/product"}],"about":[{"href":"https:\/\/www.erresse-shop.it\/fr\/wp-json\/wp\/v2\/types\/product"}],"wp:featuredmedia":[{"embeddable":true,"href":"https:\/\/www.erresse-shop.it\/fr\/wp-json\/wp\/v2\/media\/465064"}],"wp:attachment":[{"href":"https:\/\/www.erresse-shop.it\/fr\/wp-json\/wp\/v2\/media?parent=465029"}],"wp:term":[{"taxonomy":"product_cat","embeddable":true,"href":"https:\/\/www.erresse-shop.it\/fr\/wp-json\/wp\/v2\/product_cat?post=465029"},{"taxonomy":"product_tag","embeddable":true,"href":"https:\/\/www.erresse-shop.it\/fr\/wp-json\/wp\/v2\/product_tag?post=465029"}],"curies":[{"name":"wp","href":"https:\/\/api.w.org\/{rel}","templated":true}]}}