{"id":464930,"date":"2025-01-30T11:39:30","date_gmt":"2025-01-30T11:39:33","guid":{"rendered":"https:\/\/www.erresse-shop.it\/?post_type=product&#038;p=464930"},"modified":"2025-03-01T18:38:18","modified_gmt":"2025-03-01T18:38:18","slug":"seletti-blue-bear-copia","status":"publish","type":"product","link":"https:\/\/www.erresse-shop.it\/fr\/shop\/table-fr-2\/seletti-blue-bear-copia\/","title":{"rendered":"NIO COCKTAILS Postcards from Japan"},"content":{"rendered":"<p>NIO Cocktails vous transporte dans le Japon le plus traditionnel avec un coffret sp\u00e9cial de 4 cocktails exclusifs, dans lequel une culture ancienne rencontre les saveurs de son territoire. Tout chez vous. Voici pour vous 4 cartes postales de d\u00e9gustation venues directement du Japon et de la ma\u00eetrise de Patrick Pistolesi, class\u00e9 parmi les meilleurs barmen du monde par le World&#8217;s 50 Best Bars<\/p>\n<p><span style=\"font-size: 14pt;\"><strong>Cocktails dans le paquet:<\/strong><\/span><\/p>\n<p><strong>HOKKAIDO GLORY<\/strong><\/p>\n<p>Vodka japonaise Eiko de l&#8217;\u00eele luxuriante d&#8217;Hokkaido.<\/p>\n<p>Une recette proche d&#8217;un Bloody Mary, avec un ingr\u00e9dient secret : une liqueur de tomate japonaise, qui donne \u00e0 ce cocktail une personnalit\u00e9 disruptive et une saveur formidable. L&#8217;esprit principal est la Vodka Eiko : claire, cristalline, d&#8217;une puret\u00e9 presque unique dont la classe parvient \u00e0 se marier divinement avec la liqueur \u00e9pic\u00e9e et l&#8217;acide citrique.<\/p>\n<p><strong>HOKKAIDO PLEASURE<\/strong><\/p>\n<p>Gin Etsu \u00e0 d\u00e9guster \u00e0 la maison, vient d&#8217;Hokkaido.<\/p>\n<p>Une version japonaise d&#8217;un classique de la mixologie comme le Gin Sour, r\u00e9invent\u00e9 autour d&#8217;une liqueur de pomme verte rare, aux notes rondes et acides. Une exp\u00e9rience de d\u00e9gustation avec une base botanique forte et parfum\u00e9e qui frappe le palais et le nez, transportant les sens dans un jardin japonais parfum\u00e9. Le tout avec du Gin Etsu, \u00e9labor\u00e9 \u00e0 partir d&#8217;une recette traditionnelle secr\u00e8te avec la note jaune caract\u00e9ristique du yuzu.<\/p>\n<p><strong>OKINAWA PURE BEAUTY<\/strong><\/p>\n<p>Rhum Blanc Kiyomi : entre plages et traditions d&#8217;Okinawa.<\/p>\n<p>Des Cara\u00efbes au Japon, un Daiquiri oriental, caract\u00e9ris\u00e9 par la liqueur de yuzu. Ce fruit a une \u00e9corce semblable \u00e0 celle des citrons typiques des plantations d&#8217;agrumes siciliennes, mais ses notes aromatiques sont plus proches de la fra\u00eecheur du pamplemousse. L&#8217;esprit cl\u00e9 est le rhum blanc Kiyomi \u00e9labor\u00e9 \u00e0 partir de jus de canne \u00e0 sucre. Le Kiyomi est ferment\u00e9 pendant 1 mois et laiss\u00e9 reposer 6 mois dans des cuves en acier, pour une puret\u00e9 maximale.<\/p>\n<p><strong>KURYOSHI HERITAGE<\/strong><\/p>\n<p>Voici le whisky Tottori pour vous.<\/p>\n<p>Une version d&#8217;un Whiskey Sour d&#8217;un raffinement et d&#8217;une qualit\u00e9 extr\u00eames. La touche de classe de ce cocktail est une liqueur de gingembre aux tons exotiques typiques du Pays du Soleil Levant. L&#8217;esprit principal est un whisky m\u00e9lang\u00e9 qui, comme dans les meilleures traditions et coutumes japonaises, se fait magistralement doux. L&#8217;association des diff\u00e9rents malts donne un unicum \u00e9quilibr\u00e9, moins invasif et doux.<\/p>\n<p>&nbsp;<\/p>\n<p><em>Les cocktails NIO sont pr\u00e9par\u00e9s \u00e0 partir des meilleures liqueurs et spiritueux sans ajout de conservateurs, d&#8217;additifs ou d&#8217;agents chimiques.<\/em><\/p>\n<p>&nbsp;<\/p>\n","protected":false},"excerpt":{"rendered":"<p>NIO Cocktails vous transporte dans le Japon le plus traditionnel avec un coffret sp\u00e9cial de 4 cocktails exclusifs, dans lequel<\/p>\n","protected":false},"featured_media":464965,"template":"","meta":{"_acf_changed":false,"inline_featured_image":false},"product_cat":[21703,12782],"product_tag":[21697,21304,12817],"acf":[],"yoast_head":"<!-- This site is optimized with the Yoast SEO Premium plugin v18.6 (Yoast SEO v19.13) - https:\/\/yoast.com\/wordpress\/plugins\/seo\/ -->\n<title>NIO COCKTAILS Postcards from Japan - Erresse Shop<\/title>\n<meta name=\"description\" content=\"NIO Cocktails vous transporte dans le Japon le plus traditionnel avec un coffret sp\u00e9cial de 4 cocktails exclusifs, dans lequel une culture ancienne\" \/>\n<meta name=\"robots\" content=\"index, follow, max-snippet:-1, max-image-preview:large, max-video-preview:-1\" \/>\n<link rel=\"canonical\" href=\"https:\/\/www.erresse-shop.it\/fr\/shop\/table-fr-2\/seletti-blue-bear-copia\/\" \/>\n<meta property=\"og:locale\" content=\"fr_FR\" \/>\n<meta property=\"og:type\" content=\"article\" \/>\n<meta property=\"og:title\" content=\"NIO COCKTAILS Postcards from Japan\" \/>\n<meta property=\"og:description\" content=\"NIO Cocktails vous transporte dans le Japon le plus traditionnel avec un coffret sp\u00e9cial de 4 cocktails exclusifs, dans lequel une culture ancienne\" \/>\n<meta property=\"og:url\" content=\"https:\/\/www.erresse-shop.it\/fr\/shop\/table-fr-2\/seletti-blue-bear-copia\/\" \/>\n<meta property=\"og:site_name\" content=\"Erresse Shop\" \/>\n<meta property=\"article:modified_time\" content=\"2025-03-01T18:38:18+00:00\" \/>\n<meta property=\"og:image\" content=\"https:\/\/www.erresse-shop.it\/wp-content\/uploads\/2025\/01\/NIO-COCKTAILS-Postcards-from-Japan.jpg\" \/>\n\t<meta property=\"og:image:width\" content=\"1200\" \/>\n\t<meta property=\"og:image:height\" content=\"1200\" \/>\n\t<meta property=\"og:image:type\" content=\"image\/jpeg\" \/>\n<meta name=\"twitter:card\" content=\"summary_large_image\" \/>\n<script type=\"application\/ld+json\" class=\"yoast-schema-graph\">{\"@context\":\"https:\/\/schema.org\",\"@graph\":[{\"@type\":\"WebPage\",\"@id\":\"https:\/\/www.erresse-shop.it\/fr\/shop\/table-fr-2\/seletti-blue-bear-copia\/\",\"url\":\"https:\/\/www.erresse-shop.it\/fr\/shop\/table-fr-2\/seletti-blue-bear-copia\/\",\"name\":\"NIO COCKTAILS Postcards from Japan - Erresse Shop\",\"isPartOf\":{\"@id\":\"https:\/\/www.erresse-shop.it\/fr\/#website\"},\"datePublished\":\"2025-01-30T11:39:33+00:00\",\"dateModified\":\"2025-03-01T18:38:18+00:00\",\"description\":\"NIO Cocktails vous transporte dans le Japon le plus traditionnel avec un coffret sp\u00e9cial de 4 cocktails exclusifs, dans lequel une culture ancienne\",\"breadcrumb\":{\"@id\":\"https:\/\/www.erresse-shop.it\/fr\/shop\/table-fr-2\/seletti-blue-bear-copia\/#breadcrumb\"},\"inLanguage\":\"fr-FR\",\"potentialAction\":[{\"@type\":\"ReadAction\",\"target\":[\"https:\/\/www.erresse-shop.it\/fr\/shop\/table-fr-2\/seletti-blue-bear-copia\/\"]}]},{\"@type\":\"BreadcrumbList\",\"@id\":\"https:\/\/www.erresse-shop.it\/fr\/shop\/table-fr-2\/seletti-blue-bear-copia\/#breadcrumb\",\"itemListElement\":[{\"@type\":\"ListItem\",\"position\":1,\"name\":\"Home\",\"item\":\"https:\/\/www.erresse-shop.it\/fr\/\"},{\"@type\":\"ListItem\",\"position\":2,\"name\":\"Shop\",\"item\":\"https:\/\/www.erresse-shop.it\/fr\/shop\/\"},{\"@type\":\"ListItem\",\"position\":3,\"name\":\"NIO COCKTAILS Postcards from Japan\"}]},{\"@type\":\"WebSite\",\"@id\":\"https:\/\/www.erresse-shop.it\/fr\/#website\",\"url\":\"https:\/\/www.erresse-shop.it\/fr\/\",\"name\":\"Erresse Shop\",\"description\":\"Articoli di qualit\u00e0 per la casa\",\"potentialAction\":[{\"@type\":\"SearchAction\",\"target\":{\"@type\":\"EntryPoint\",\"urlTemplate\":\"https:\/\/www.erresse-shop.it\/fr\/?s={search_term_string}\"},\"query-input\":\"required name=search_term_string\"}],\"inLanguage\":\"fr-FR\"}]}<\/script>\n<!-- \/ Yoast SEO Premium plugin. -->","yoast_head_json":{"title":"NIO COCKTAILS Postcards from Japan - Erresse Shop","description":"NIO Cocktails vous transporte dans le Japon le plus traditionnel avec un coffret sp\u00e9cial de 4 cocktails exclusifs, dans lequel une culture ancienne","robots":{"index":"index","follow":"follow","max-snippet":"max-snippet:-1","max-image-preview":"max-image-preview:large","max-video-preview":"max-video-preview:-1"},"canonical":"https:\/\/www.erresse-shop.it\/fr\/shop\/table-fr-2\/seletti-blue-bear-copia\/","og_locale":"fr_FR","og_type":"article","og_title":"NIO COCKTAILS Postcards from Japan","og_description":"NIO Cocktails vous transporte dans le Japon le plus traditionnel avec un coffret sp\u00e9cial de 4 cocktails exclusifs, dans lequel une culture ancienne","og_url":"https:\/\/www.erresse-shop.it\/fr\/shop\/table-fr-2\/seletti-blue-bear-copia\/","og_site_name":"Erresse Shop","article_modified_time":"2025-03-01T18:38:18+00:00","og_image":[{"width":1200,"height":1200,"url":"https:\/\/www.erresse-shop.it\/wp-content\/uploads\/2025\/01\/NIO-COCKTAILS-Postcards-from-Japan.jpg","type":"image\/jpeg"}],"twitter_card":"summary_large_image","schema":{"@context":"https:\/\/schema.org","@graph":[{"@type":"WebPage","@id":"https:\/\/www.erresse-shop.it\/fr\/shop\/table-fr-2\/seletti-blue-bear-copia\/","url":"https:\/\/www.erresse-shop.it\/fr\/shop\/table-fr-2\/seletti-blue-bear-copia\/","name":"NIO COCKTAILS Postcards from Japan - Erresse Shop","isPartOf":{"@id":"https:\/\/www.erresse-shop.it\/fr\/#website"},"datePublished":"2025-01-30T11:39:33+00:00","dateModified":"2025-03-01T18:38:18+00:00","description":"NIO Cocktails vous transporte dans le Japon le plus traditionnel avec un coffret sp\u00e9cial de 4 cocktails exclusifs, dans lequel une culture ancienne","breadcrumb":{"@id":"https:\/\/www.erresse-shop.it\/fr\/shop\/table-fr-2\/seletti-blue-bear-copia\/#breadcrumb"},"inLanguage":"fr-FR","potentialAction":[{"@type":"ReadAction","target":["https:\/\/www.erresse-shop.it\/fr\/shop\/table-fr-2\/seletti-blue-bear-copia\/"]}]},{"@type":"BreadcrumbList","@id":"https:\/\/www.erresse-shop.it\/fr\/shop\/table-fr-2\/seletti-blue-bear-copia\/#breadcrumb","itemListElement":[{"@type":"ListItem","position":1,"name":"Home","item":"https:\/\/www.erresse-shop.it\/fr\/"},{"@type":"ListItem","position":2,"name":"Shop","item":"https:\/\/www.erresse-shop.it\/fr\/shop\/"},{"@type":"ListItem","position":3,"name":"NIO COCKTAILS Postcards from Japan"}]},{"@type":"WebSite","@id":"https:\/\/www.erresse-shop.it\/fr\/#website","url":"https:\/\/www.erresse-shop.it\/fr\/","name":"Erresse Shop","description":"Articoli di qualit\u00e0 per la casa","potentialAction":[{"@type":"SearchAction","target":{"@type":"EntryPoint","urlTemplate":"https:\/\/www.erresse-shop.it\/fr\/?s={search_term_string}"},"query-input":"required name=search_term_string"}],"inLanguage":"fr-FR"}]}},"df_price":30,"df_sale_price":30,"df_regular_price":30,"df_image_link":"https:\/\/www.erresse-shop.it\/wp-content\/uploads\/2025\/01\/NIO-COCKTAILS-Postcards-from-Japan-300x300.jpg","_links":{"self":[{"href":"https:\/\/www.erresse-shop.it\/fr\/wp-json\/wp\/v2\/product\/464930"}],"collection":[{"href":"https:\/\/www.erresse-shop.it\/fr\/wp-json\/wp\/v2\/product"}],"about":[{"href":"https:\/\/www.erresse-shop.it\/fr\/wp-json\/wp\/v2\/types\/product"}],"wp:featuredmedia":[{"embeddable":true,"href":"https:\/\/www.erresse-shop.it\/fr\/wp-json\/wp\/v2\/media\/464965"}],"wp:attachment":[{"href":"https:\/\/www.erresse-shop.it\/fr\/wp-json\/wp\/v2\/media?parent=464930"}],"wp:term":[{"taxonomy":"product_cat","embeddable":true,"href":"https:\/\/www.erresse-shop.it\/fr\/wp-json\/wp\/v2\/product_cat?post=464930"},{"taxonomy":"product_tag","embeddable":true,"href":"https:\/\/www.erresse-shop.it\/fr\/wp-json\/wp\/v2\/product_tag?post=464930"}],"curies":[{"name":"wp","href":"https:\/\/api.w.org\/{rel}","templated":true}]}}