{"id":464540,"date":"2025-01-30T08:15:31","date_gmt":"2025-01-30T08:15:34","guid":{"rendered":"https:\/\/www.erresse-shop.it\/?post_type=product&#038;p=464540"},"modified":"2026-02-23T13:32:35","modified_gmt":"2026-02-23T13:32:35","slug":"santos-four-a-pizza-o-120","status":"publish","type":"product","link":"https:\/\/www.erresse-shop.it\/fr\/shop\/petits-electromenagers\/fours\/santos-four-a-pizza-o-120\/","title":{"rendered":"SANTOS Four \u00e0 pizza O-120"},"content":{"rendered":"<p>Le nouveau four \u00e0 pizza SANTOS O-120 noir est le compl\u00e9ment id\u00e9al de votre cuisine ext\u00e9rieure. Avec une puissance de chauffe de 4,4 KW vous pourrez atteindre des temp\u00e9ratures id\u00e9ales pour cuire des pizzas croustillantes. La pierre \u00e0 pizza de 30,5 cm de diam\u00e8tre incluse dans la livraison est suffisante pour une pizza que vous pouvez garnir de ce que vous pr\u00e9f\u00e9rez.<\/p>\n<p>Une nouveaut\u00e9 absolue du four \u00e0 pizza SANTOS est le plateau tournant innovant. Cela vous permet de faire pivoter votre pizza en toute s\u00e9curit\u00e9 pour un brunissement parfait \u00e0 360\u00b0. Le bouton r\u00e9sistant \u00e0 la chaleur avec roulement \u00e0 billes est situ\u00e9 sous le four \u00e0 pizza et peut donc \u00eatre utilis\u00e9 sans accident m\u00eame pendant le fonctionnement.<\/p>\n<p><strong>Sp\u00e9cifications techniques<\/strong><\/p>\n<p><strong>Mat\u00e9riau<\/strong> : Acier<br \/>\n<strong>Dimensions<\/strong> : (L x H x P) 35,9 x 34,7 x 64,7 cm<br \/>\nHauteur d&#8217;ouverture 6,5 cm \/ Largeur 36 cm<br \/>\n<strong>Poids<\/strong> : 11,3 kg<br \/>\n<strong>R\u00e9gulateur de gaz<\/strong> : 1,5 kg\/heure 50 mbar<br \/>\n<strong>Conduite de gaz<\/strong> : 80 cm<br \/>\n<strong>Dimensions de la pierre \u00e0 pizza<\/strong> : \u2300 30,5 x H 1,2 cm<\/p>\n<p><strong>Remarque\u00a0: ne convient pas \u00e0 une utilisation en int\u00e9rieur, ne convient pas \u00e0 une utilisation avec du gaz naturel<\/strong><\/p>\n<p><span style=\"text-decoration: underline;\"><strong>Not for sale outside Europe<\/strong><\/span><\/p>\n","protected":false},"excerpt":{"rendered":"<p>Le nouveau four \u00e0 pizza SANTOS O-120 noir est le compl\u00e9ment id\u00e9al de votre cuisine ext\u00e9rieure. Avec une puissance de<\/p>\n","protected":false},"featured_media":464876,"template":"","meta":{"_acf_changed":false,"inline_featured_image":false},"product_cat":[15660,12449],"product_tag":[23690,17107,23094,23095],"acf":[],"yoast_head":"<!-- This site is optimized with the Yoast SEO Premium plugin v18.6 (Yoast SEO v19.13) - https:\/\/yoast.com\/wordpress\/plugins\/seo\/ -->\n<title>SANTOS Four \u00e0 pizza O-120 - Erresse Shop<\/title>\n<meta name=\"description\" content=\"Le nouveau four \u00e0 pizza SANTOS O-120 noir est le compl\u00e9ment id\u00e9al de votre cuisine ext\u00e9rieure. Avec une puissance de chauffe de 4,4 KW vous pourrez\" \/>\n<meta name=\"robots\" content=\"index, follow, max-snippet:-1, max-image-preview:large, max-video-preview:-1\" \/>\n<link rel=\"canonical\" href=\"https:\/\/www.erresse-shop.it\/fr\/shop\/petits-electromenagers\/fours\/santos-four-a-pizza-o-120\/\" \/>\n<meta property=\"og:locale\" content=\"fr_FR\" \/>\n<meta property=\"og:type\" content=\"article\" \/>\n<meta property=\"og:title\" content=\"SANTOS Four \u00e0 pizza O-120\" \/>\n<meta property=\"og:description\" content=\"Le nouveau four \u00e0 pizza SANTOS O-120 noir est le compl\u00e9ment id\u00e9al de votre cuisine ext\u00e9rieure. Avec une puissance de chauffe de 4,4 KW vous pourrez\" \/>\n<meta property=\"og:url\" content=\"https:\/\/www.erresse-shop.it\/fr\/shop\/petits-electromenagers\/fours\/santos-four-a-pizza-o-120\/\" \/>\n<meta property=\"og:site_name\" content=\"Erresse Shop\" \/>\n<meta property=\"article:modified_time\" content=\"2026-02-23T13:32:35+00:00\" \/>\n<meta property=\"og:image\" content=\"https:\/\/www.erresse-shop.it\/wp-content\/uploads\/2025\/01\/SANTOS-Forno-per-Pizza-O-120.jpg\" \/>\n\t<meta property=\"og:image:width\" content=\"1200\" \/>\n\t<meta property=\"og:image:height\" content=\"1200\" \/>\n\t<meta property=\"og:image:type\" content=\"image\/jpeg\" \/>\n<meta name=\"twitter:card\" content=\"summary_large_image\" \/>\n<script type=\"application\/ld+json\" class=\"yoast-schema-graph\">{\"@context\":\"https:\/\/schema.org\",\"@graph\":[{\"@type\":\"WebPage\",\"@id\":\"https:\/\/www.erresse-shop.it\/fr\/shop\/petits-electromenagers\/fours\/santos-four-a-pizza-o-120\/\",\"url\":\"https:\/\/www.erresse-shop.it\/fr\/shop\/petits-electromenagers\/fours\/santos-four-a-pizza-o-120\/\",\"name\":\"SANTOS Four \u00e0 pizza O-120 - Erresse Shop\",\"isPartOf\":{\"@id\":\"https:\/\/www.erresse-shop.it\/fr\/#website\"},\"datePublished\":\"2025-01-30T08:15:34+00:00\",\"dateModified\":\"2026-02-23T13:32:35+00:00\",\"description\":\"Le nouveau four \u00e0 pizza SANTOS O-120 noir est le compl\u00e9ment id\u00e9al de votre cuisine ext\u00e9rieure. Avec une puissance de chauffe de 4,4 KW vous pourrez\",\"breadcrumb\":{\"@id\":\"https:\/\/www.erresse-shop.it\/fr\/shop\/petits-electromenagers\/fours\/santos-four-a-pizza-o-120\/#breadcrumb\"},\"inLanguage\":\"fr-FR\",\"potentialAction\":[{\"@type\":\"ReadAction\",\"target\":[\"https:\/\/www.erresse-shop.it\/fr\/shop\/petits-electromenagers\/fours\/santos-four-a-pizza-o-120\/\"]}]},{\"@type\":\"BreadcrumbList\",\"@id\":\"https:\/\/www.erresse-shop.it\/fr\/shop\/petits-electromenagers\/fours\/santos-four-a-pizza-o-120\/#breadcrumb\",\"itemListElement\":[{\"@type\":\"ListItem\",\"position\":1,\"name\":\"Home\",\"item\":\"https:\/\/www.erresse-shop.it\/fr\/\"},{\"@type\":\"ListItem\",\"position\":2,\"name\":\"Shop\",\"item\":\"https:\/\/www.erresse-shop.it\/fr\/shop\/\"},{\"@type\":\"ListItem\",\"position\":3,\"name\":\"SANTOS Four \u00e0 pizza O-120\"}]},{\"@type\":\"WebSite\",\"@id\":\"https:\/\/www.erresse-shop.it\/fr\/#website\",\"url\":\"https:\/\/www.erresse-shop.it\/fr\/\",\"name\":\"Erresse Shop\",\"description\":\"Articoli di qualit\u00e0 per la casa\",\"potentialAction\":[{\"@type\":\"SearchAction\",\"target\":{\"@type\":\"EntryPoint\",\"urlTemplate\":\"https:\/\/www.erresse-shop.it\/fr\/?s={search_term_string}\"},\"query-input\":\"required name=search_term_string\"}],\"inLanguage\":\"fr-FR\"}]}<\/script>\n<!-- \/ Yoast SEO Premium plugin. -->","yoast_head_json":{"title":"SANTOS Four \u00e0 pizza O-120 - Erresse Shop","description":"Le nouveau four \u00e0 pizza SANTOS O-120 noir est le compl\u00e9ment id\u00e9al de votre cuisine ext\u00e9rieure. Avec une puissance de chauffe de 4,4 KW vous pourrez","robots":{"index":"index","follow":"follow","max-snippet":"max-snippet:-1","max-image-preview":"max-image-preview:large","max-video-preview":"max-video-preview:-1"},"canonical":"https:\/\/www.erresse-shop.it\/fr\/shop\/petits-electromenagers\/fours\/santos-four-a-pizza-o-120\/","og_locale":"fr_FR","og_type":"article","og_title":"SANTOS Four \u00e0 pizza O-120","og_description":"Le nouveau four \u00e0 pizza SANTOS O-120 noir est le compl\u00e9ment id\u00e9al de votre cuisine ext\u00e9rieure. Avec une puissance de chauffe de 4,4 KW vous pourrez","og_url":"https:\/\/www.erresse-shop.it\/fr\/shop\/petits-electromenagers\/fours\/santos-four-a-pizza-o-120\/","og_site_name":"Erresse Shop","article_modified_time":"2026-02-23T13:32:35+00:00","og_image":[{"width":1200,"height":1200,"url":"https:\/\/www.erresse-shop.it\/wp-content\/uploads\/2025\/01\/SANTOS-Forno-per-Pizza-O-120.jpg","type":"image\/jpeg"}],"twitter_card":"summary_large_image","schema":{"@context":"https:\/\/schema.org","@graph":[{"@type":"WebPage","@id":"https:\/\/www.erresse-shop.it\/fr\/shop\/petits-electromenagers\/fours\/santos-four-a-pizza-o-120\/","url":"https:\/\/www.erresse-shop.it\/fr\/shop\/petits-electromenagers\/fours\/santos-four-a-pizza-o-120\/","name":"SANTOS Four \u00e0 pizza O-120 - Erresse Shop","isPartOf":{"@id":"https:\/\/www.erresse-shop.it\/fr\/#website"},"datePublished":"2025-01-30T08:15:34+00:00","dateModified":"2026-02-23T13:32:35+00:00","description":"Le nouveau four \u00e0 pizza SANTOS O-120 noir est le compl\u00e9ment id\u00e9al de votre cuisine ext\u00e9rieure. Avec une puissance de chauffe de 4,4 KW vous pourrez","breadcrumb":{"@id":"https:\/\/www.erresse-shop.it\/fr\/shop\/petits-electromenagers\/fours\/santos-four-a-pizza-o-120\/#breadcrumb"},"inLanguage":"fr-FR","potentialAction":[{"@type":"ReadAction","target":["https:\/\/www.erresse-shop.it\/fr\/shop\/petits-electromenagers\/fours\/santos-four-a-pizza-o-120\/"]}]},{"@type":"BreadcrumbList","@id":"https:\/\/www.erresse-shop.it\/fr\/shop\/petits-electromenagers\/fours\/santos-four-a-pizza-o-120\/#breadcrumb","itemListElement":[{"@type":"ListItem","position":1,"name":"Home","item":"https:\/\/www.erresse-shop.it\/fr\/"},{"@type":"ListItem","position":2,"name":"Shop","item":"https:\/\/www.erresse-shop.it\/fr\/shop\/"},{"@type":"ListItem","position":3,"name":"SANTOS Four \u00e0 pizza O-120"}]},{"@type":"WebSite","@id":"https:\/\/www.erresse-shop.it\/fr\/#website","url":"https:\/\/www.erresse-shop.it\/fr\/","name":"Erresse Shop","description":"Articoli di qualit\u00e0 per la casa","potentialAction":[{"@type":"SearchAction","target":{"@type":"EntryPoint","urlTemplate":"https:\/\/www.erresse-shop.it\/fr\/?s={search_term_string}"},"query-input":"required name=search_term_string"}],"inLanguage":"fr-FR"}]}},"df_price":199,"df_sale_price":199,"df_regular_price":299,"df_image_link":"https:\/\/www.erresse-shop.it\/wp-content\/uploads\/2025\/01\/SANTOS-Forno-per-Pizza-O-120-300x300.jpg","_links":{"self":[{"href":"https:\/\/www.erresse-shop.it\/fr\/wp-json\/wp\/v2\/product\/464540"}],"collection":[{"href":"https:\/\/www.erresse-shop.it\/fr\/wp-json\/wp\/v2\/product"}],"about":[{"href":"https:\/\/www.erresse-shop.it\/fr\/wp-json\/wp\/v2\/types\/product"}],"wp:featuredmedia":[{"embeddable":true,"href":"https:\/\/www.erresse-shop.it\/fr\/wp-json\/wp\/v2\/media\/464876"}],"wp:attachment":[{"href":"https:\/\/www.erresse-shop.it\/fr\/wp-json\/wp\/v2\/media?parent=464540"}],"wp:term":[{"taxonomy":"product_cat","embeddable":true,"href":"https:\/\/www.erresse-shop.it\/fr\/wp-json\/wp\/v2\/product_cat?post=464540"},{"taxonomy":"product_tag","embeddable":true,"href":"https:\/\/www.erresse-shop.it\/fr\/wp-json\/wp\/v2\/product_tag?post=464540"}],"curies":[{"name":"wp","href":"https:\/\/api.w.org\/{rel}","templated":true}]}}