{"id":464396,"date":"2025-01-29T10:51:09","date_gmt":"2025-01-29T10:51:11","guid":{"rendered":"https:\/\/www.erresse-shop.it\/?post_type=product&#038;p=464396"},"modified":"2025-01-29T14:20:04","modified_gmt":"2025-01-29T14:20:04","slug":"staub-cocotte-ronde-twister-24-cm-la-mer-copia","status":"publish","type":"product","link":"https:\/\/www.erresse-shop.it\/fr\/shop\/table-fr-2\/tasses\/theieres-sucriers-pots-a-lait\/staub-cocotte-ronde-twister-24-cm-la-mer-copia\/","title":{"rendered":"STAUB Th\u00e9i\u00e8re ronde bleu fonc\u00e9"},"content":{"rendered":"<p>Malgr\u00e9 les progr\u00e8s technologiques, les m\u00e9thodes traditionnelles restent souvent les meilleures. La th\u00e9i\u00e8re en fonte Staub conserve la chaleur et maintient la temp\u00e9rature, id\u00e9ale pour les th\u00e9s noirs, verts ou aux herbes. Il est dot\u00e9 d&#8217;un couvercle avec un crochet pour l&#8217;infuseur et d&#8217;une poign\u00e9e en acier qui facilite le versement. De couleur bleu fonc\u00e9, il convient aux cuisines modernes ou rustiques. Il a une capacit\u00e9 de 1,15 L et est compatible avec tous les feux, y compris l&#8217;induction. \u00c9l\u00e9gant et fonctionnel, c&#8217;est un ajout sp\u00e9cial \u00e0 la collection Staub.<\/p>\n<ul>\n<li>Convient pour faire bouillir de l&#8217;eau et infuser du th\u00e9<\/li>\n<li>Le th\u00e9 reste chaud longtemps<\/li>\n<li>L&#8217;infuseur \u00e0 th\u00e9 est accroch\u00e9 sous le bouton<\/li>\n<li>Convient \u00e0 tous les types de plaques de cuisson, y compris \u00e0 induction<\/li>\n<li>Il convient \u00e9galement pour servir des soupes de mani\u00e8re originale<\/li>\n<\/ul>\n<p><strong>Marque<\/strong> : Staub<br \/>\n<strong>Mat\u00e9riau<\/strong> : Fonte<br \/>\n<strong>Couleur<\/strong> : Bleu fonc\u00e9<br \/>\n<strong>Dimensions<\/strong> : cm 16,6, 12, H 18<br \/>\n<strong>Capacit\u00e9<\/strong> : 1,15 L<br \/>\n<strong>Poids<\/strong> : 2,10 kg<\/p>\n","protected":false},"excerpt":{"rendered":"<p>Malgr\u00e9 les progr\u00e8s technologiques, les m\u00e9thodes traditionnelles restent souvent les meilleures. La th\u00e9i\u00e8re en fonte Staub conserve la chaleur et<\/p>\n","protected":false},"featured_media":464426,"template":"","meta":{"_acf_changed":false,"inline_featured_image":false},"product_cat":[12782,12760],"product_tag":[25086,13555,21529,24397,12994,12460],"acf":[],"yoast_head":"<!-- This site is optimized with the Yoast SEO Premium plugin v18.6 (Yoast SEO v19.13) - https:\/\/yoast.com\/wordpress\/plugins\/seo\/ -->\n<title>STAUB Th\u00e9i\u00e8re ronde bleu fonc\u00e9 - Erresse Shop<\/title>\n<meta name=\"description\" content=\"Malgr\u00e9 les progr\u00e8s technologiques, les m\u00e9thodes traditionnelles restent souvent les meilleures. La th\u00e9i\u00e8re en fonte Staub conserve la chaleur et maintient\" \/>\n<meta name=\"robots\" content=\"index, follow, max-snippet:-1, max-image-preview:large, max-video-preview:-1\" \/>\n<link rel=\"canonical\" href=\"https:\/\/www.erresse-shop.it\/fr\/shop\/table-fr-2\/tasses\/theieres-sucriers-pots-a-lait\/staub-cocotte-ronde-twister-24-cm-la-mer-copia\/\" \/>\n<meta property=\"og:locale\" content=\"fr_FR\" \/>\n<meta property=\"og:type\" content=\"article\" \/>\n<meta property=\"og:title\" content=\"STAUB Th\u00e9i\u00e8re ronde bleu fonc\u00e9\" \/>\n<meta property=\"og:description\" content=\"Malgr\u00e9 les progr\u00e8s technologiques, les m\u00e9thodes traditionnelles restent souvent les meilleures. La th\u00e9i\u00e8re en fonte Staub conserve la chaleur et maintient\" \/>\n<meta property=\"og:url\" content=\"https:\/\/www.erresse-shop.it\/fr\/shop\/table-fr-2\/tasses\/theieres-sucriers-pots-a-lait\/staub-cocotte-ronde-twister-24-cm-la-mer-copia\/\" \/>\n<meta property=\"og:site_name\" content=\"Erresse Shop\" \/>\n<meta property=\"article:modified_time\" content=\"2025-01-29T14:20:04+00:00\" \/>\n<meta property=\"og:image\" content=\"https:\/\/www.erresse-shop.it\/wp-content\/uploads\/2025\/01\/STAUB-Teiera-Tonda-Blue-Scuro.jpg\" \/>\n\t<meta property=\"og:image:width\" content=\"1200\" \/>\n\t<meta property=\"og:image:height\" content=\"1200\" \/>\n\t<meta property=\"og:image:type\" content=\"image\/jpeg\" \/>\n<meta name=\"twitter:card\" content=\"summary_large_image\" \/>\n<script type=\"application\/ld+json\" class=\"yoast-schema-graph\">{\"@context\":\"https:\/\/schema.org\",\"@graph\":[{\"@type\":\"WebPage\",\"@id\":\"https:\/\/www.erresse-shop.it\/fr\/shop\/table-fr-2\/tasses\/theieres-sucriers-pots-a-lait\/staub-cocotte-ronde-twister-24-cm-la-mer-copia\/\",\"url\":\"https:\/\/www.erresse-shop.it\/fr\/shop\/table-fr-2\/tasses\/theieres-sucriers-pots-a-lait\/staub-cocotte-ronde-twister-24-cm-la-mer-copia\/\",\"name\":\"STAUB Th\u00e9i\u00e8re ronde bleu fonc\u00e9 - Erresse Shop\",\"isPartOf\":{\"@id\":\"https:\/\/www.erresse-shop.it\/fr\/#website\"},\"datePublished\":\"2025-01-29T10:51:11+00:00\",\"dateModified\":\"2025-01-29T14:20:04+00:00\",\"description\":\"Malgr\u00e9 les progr\u00e8s technologiques, les m\u00e9thodes traditionnelles restent souvent les meilleures. La th\u00e9i\u00e8re en fonte Staub conserve la chaleur et maintient\",\"breadcrumb\":{\"@id\":\"https:\/\/www.erresse-shop.it\/fr\/shop\/table-fr-2\/tasses\/theieres-sucriers-pots-a-lait\/staub-cocotte-ronde-twister-24-cm-la-mer-copia\/#breadcrumb\"},\"inLanguage\":\"fr-FR\",\"potentialAction\":[{\"@type\":\"ReadAction\",\"target\":[\"https:\/\/www.erresse-shop.it\/fr\/shop\/table-fr-2\/tasses\/theieres-sucriers-pots-a-lait\/staub-cocotte-ronde-twister-24-cm-la-mer-copia\/\"]}]},{\"@type\":\"BreadcrumbList\",\"@id\":\"https:\/\/www.erresse-shop.it\/fr\/shop\/table-fr-2\/tasses\/theieres-sucriers-pots-a-lait\/staub-cocotte-ronde-twister-24-cm-la-mer-copia\/#breadcrumb\",\"itemListElement\":[{\"@type\":\"ListItem\",\"position\":1,\"name\":\"Home\",\"item\":\"https:\/\/www.erresse-shop.it\/fr\/\"},{\"@type\":\"ListItem\",\"position\":2,\"name\":\"Shop\",\"item\":\"https:\/\/www.erresse-shop.it\/fr\/shop\/\"},{\"@type\":\"ListItem\",\"position\":3,\"name\":\"STAUB Th\u00e9i\u00e8re ronde bleu fonc\u00e9\"}]},{\"@type\":\"WebSite\",\"@id\":\"https:\/\/www.erresse-shop.it\/fr\/#website\",\"url\":\"https:\/\/www.erresse-shop.it\/fr\/\",\"name\":\"Erresse Shop\",\"description\":\"Articoli di qualit\u00e0 per la casa\",\"potentialAction\":[{\"@type\":\"SearchAction\",\"target\":{\"@type\":\"EntryPoint\",\"urlTemplate\":\"https:\/\/www.erresse-shop.it\/fr\/?s={search_term_string}\"},\"query-input\":\"required name=search_term_string\"}],\"inLanguage\":\"fr-FR\"}]}<\/script>\n<!-- \/ Yoast SEO Premium plugin. -->","yoast_head_json":{"title":"STAUB Th\u00e9i\u00e8re ronde bleu fonc\u00e9 - Erresse Shop","description":"Malgr\u00e9 les progr\u00e8s technologiques, les m\u00e9thodes traditionnelles restent souvent les meilleures. La th\u00e9i\u00e8re en fonte Staub conserve la chaleur et maintient","robots":{"index":"index","follow":"follow","max-snippet":"max-snippet:-1","max-image-preview":"max-image-preview:large","max-video-preview":"max-video-preview:-1"},"canonical":"https:\/\/www.erresse-shop.it\/fr\/shop\/table-fr-2\/tasses\/theieres-sucriers-pots-a-lait\/staub-cocotte-ronde-twister-24-cm-la-mer-copia\/","og_locale":"fr_FR","og_type":"article","og_title":"STAUB Th\u00e9i\u00e8re ronde bleu fonc\u00e9","og_description":"Malgr\u00e9 les progr\u00e8s technologiques, les m\u00e9thodes traditionnelles restent souvent les meilleures. La th\u00e9i\u00e8re en fonte Staub conserve la chaleur et maintient","og_url":"https:\/\/www.erresse-shop.it\/fr\/shop\/table-fr-2\/tasses\/theieres-sucriers-pots-a-lait\/staub-cocotte-ronde-twister-24-cm-la-mer-copia\/","og_site_name":"Erresse Shop","article_modified_time":"2025-01-29T14:20:04+00:00","og_image":[{"width":1200,"height":1200,"url":"https:\/\/www.erresse-shop.it\/wp-content\/uploads\/2025\/01\/STAUB-Teiera-Tonda-Blue-Scuro.jpg","type":"image\/jpeg"}],"twitter_card":"summary_large_image","schema":{"@context":"https:\/\/schema.org","@graph":[{"@type":"WebPage","@id":"https:\/\/www.erresse-shop.it\/fr\/shop\/table-fr-2\/tasses\/theieres-sucriers-pots-a-lait\/staub-cocotte-ronde-twister-24-cm-la-mer-copia\/","url":"https:\/\/www.erresse-shop.it\/fr\/shop\/table-fr-2\/tasses\/theieres-sucriers-pots-a-lait\/staub-cocotte-ronde-twister-24-cm-la-mer-copia\/","name":"STAUB Th\u00e9i\u00e8re ronde bleu fonc\u00e9 - Erresse Shop","isPartOf":{"@id":"https:\/\/www.erresse-shop.it\/fr\/#website"},"datePublished":"2025-01-29T10:51:11+00:00","dateModified":"2025-01-29T14:20:04+00:00","description":"Malgr\u00e9 les progr\u00e8s technologiques, les m\u00e9thodes traditionnelles restent souvent les meilleures. La th\u00e9i\u00e8re en fonte Staub conserve la chaleur et maintient","breadcrumb":{"@id":"https:\/\/www.erresse-shop.it\/fr\/shop\/table-fr-2\/tasses\/theieres-sucriers-pots-a-lait\/staub-cocotte-ronde-twister-24-cm-la-mer-copia\/#breadcrumb"},"inLanguage":"fr-FR","potentialAction":[{"@type":"ReadAction","target":["https:\/\/www.erresse-shop.it\/fr\/shop\/table-fr-2\/tasses\/theieres-sucriers-pots-a-lait\/staub-cocotte-ronde-twister-24-cm-la-mer-copia\/"]}]},{"@type":"BreadcrumbList","@id":"https:\/\/www.erresse-shop.it\/fr\/shop\/table-fr-2\/tasses\/theieres-sucriers-pots-a-lait\/staub-cocotte-ronde-twister-24-cm-la-mer-copia\/#breadcrumb","itemListElement":[{"@type":"ListItem","position":1,"name":"Home","item":"https:\/\/www.erresse-shop.it\/fr\/"},{"@type":"ListItem","position":2,"name":"Shop","item":"https:\/\/www.erresse-shop.it\/fr\/shop\/"},{"@type":"ListItem","position":3,"name":"STAUB Th\u00e9i\u00e8re ronde bleu fonc\u00e9"}]},{"@type":"WebSite","@id":"https:\/\/www.erresse-shop.it\/fr\/#website","url":"https:\/\/www.erresse-shop.it\/fr\/","name":"Erresse Shop","description":"Articoli di qualit\u00e0 per la casa","potentialAction":[{"@type":"SearchAction","target":{"@type":"EntryPoint","urlTemplate":"https:\/\/www.erresse-shop.it\/fr\/?s={search_term_string}"},"query-input":"required name=search_term_string"}],"inLanguage":"fr-FR"}]}},"df_price":109.5,"df_sale_price":109.5,"df_regular_price":219,"df_image_link":"https:\/\/www.erresse-shop.it\/wp-content\/uploads\/2025\/01\/STAUB-Teiera-Tonda-Blue-Scuro-300x300.jpg","_links":{"self":[{"href":"https:\/\/www.erresse-shop.it\/fr\/wp-json\/wp\/v2\/product\/464396"}],"collection":[{"href":"https:\/\/www.erresse-shop.it\/fr\/wp-json\/wp\/v2\/product"}],"about":[{"href":"https:\/\/www.erresse-shop.it\/fr\/wp-json\/wp\/v2\/types\/product"}],"wp:featuredmedia":[{"embeddable":true,"href":"https:\/\/www.erresse-shop.it\/fr\/wp-json\/wp\/v2\/media\/464426"}],"wp:attachment":[{"href":"https:\/\/www.erresse-shop.it\/fr\/wp-json\/wp\/v2\/media?parent=464396"}],"wp:term":[{"taxonomy":"product_cat","embeddable":true,"href":"https:\/\/www.erresse-shop.it\/fr\/wp-json\/wp\/v2\/product_cat?post=464396"},{"taxonomy":"product_tag","embeddable":true,"href":"https:\/\/www.erresse-shop.it\/fr\/wp-json\/wp\/v2\/product_tag?post=464396"}],"curies":[{"name":"wp","href":"https:\/\/api.w.org\/{rel}","templated":true}]}}