{"id":464345,"date":"2025-01-29T08:20:07","date_gmt":"2025-01-29T08:20:10","guid":{"rendered":"https:\/\/www.erresse-shop.it\/?post_type=product&#038;p=464345"},"modified":"2025-01-29T08:47:53","modified_gmt":"2025-01-29T08:47:53","slug":"g3-ferrari-napoletana-noir-copia","status":"publish","type":"product","link":"https:\/\/www.erresse-shop.it\/fr\/shop\/petits-electromenagers\/fours\/g3-ferrari-napoletana-noir-copia\/","title":{"rendered":"G3 FERRARI Four \u00e0 pizza Pummarola"},"content":{"rendered":"<p>Avec le four \u00e0 pizza Pummarola, la perfection de la pizza est \u00e0 port\u00e9e de main.<\/p>\n<p>La combinaison de la haute temp\u00e9rature (jusqu&#8217;\u00e0 420\u00b0C) et de la pierre r\u00e9fractaire assure une cuisson rapide et uniforme, et avec les deux \u00e9l\u00e9ments chauffants fonctionnant s\u00e9par\u00e9ment, vous avez un contr\u00f4le total sur la cuisson de la pizza, pour toujours obtenir une base parfum\u00e9e et une cuisson bien pizza cuite : pr\u00e9parez une pizza napolitaine parfaite en seulement 4 minutes !<\/p>\n<p>En plus de la pierre r\u00e9fractaire amovible et r\u00e9versible, le livre de recettes et les palettes de cuisson en acier inoxydable sont inclus.<\/p>\n<p>Pummarola est enti\u00e8rement \u00e9lectrique pour cuire des pizzas \u00e0 la maison aussi bonnes que dans une pizzeria, et c&#8217;est aussi le meilleur en termes de s\u00e9curit\u00e9 : ses parois sont toujours froides m\u00eame lorsqu&#8217;elles sont utilis\u00e9es \u00e0 temp\u00e9rature maximale.<\/p>\n<p><strong>Sp\u00e9cifications techniques<\/strong><\/p>\n<ul>\n<li>Thermostat r\u00e9glable jusqu&#8217;\u00e0 420\u00b0C<\/li>\n<li>2 r\u00e9sistances commutables s\u00e9par\u00e9ment<\/li>\n<li>Pierre r\u00e9fractaire r\u00e9versible (\u00d831cm)<\/li>\n<li>Pierre amovible pour pyrolyse et nettoyage<\/li>\n<li>Thermom\u00e8tre et 2 voyants de fonctionnement<\/li>\n<li>Murs froids<\/li>\n<li>Partie sup\u00e9rieure du corps avec fermeture en douceur<\/li>\n<li>Casquette r\u00e9fl\u00e9chissante en acier inoxydable<\/li>\n<li>Accessoires : spatules en inox \u00d828cm, pierre, livre de recettes<\/li>\n<li>Alimentation : AC 220-240V ~ 50-60Hz<\/li>\n<li>Puissance : 1200 W<\/li>\n<li>Dimensions (L x H x P) : 33 x 20 x 39 cm<\/li>\n<li>Poids : 5,2 kg<\/li>\n<\/ul>\n<p><strong>NON A VENDRE EN DEHORS DE L&#8217;EUROPE<\/strong><\/p>\n","protected":false},"excerpt":{"rendered":"<p>Avec le four \u00e0 pizza Pummarola, la perfection de la pizza est \u00e0 port\u00e9e de main. La combinaison de la<\/p>\n","protected":false},"featured_media":464381,"template":"","meta":{"_acf_changed":false,"inline_featured_image":false},"product_cat":[15660,12449],"product_tag":[23690,23095,23094,12858,14638,22089,13783],"acf":[],"yoast_head":"<!-- This site is optimized with the Yoast SEO Premium plugin v18.6 (Yoast SEO v19.13) - https:\/\/yoast.com\/wordpress\/plugins\/seo\/ -->\n<title>G3 FERRARI Napoletana Noir<\/title>\n<meta name=\"description\" content=\"D\u00e9couvrez G3 FERRARI Napoletana Noir sur ErresseShop. Qualit\u00e9, prix r\u00e9duits et achat s\u00e9curis\u00e9 \u2013 commandez d\u00e8s maintenant en ligne !\" \/>\n<meta name=\"robots\" content=\"index, follow, max-snippet:-1, max-image-preview:large, max-video-preview:-1\" \/>\n<link rel=\"canonical\" href=\"https:\/\/www.erresse-shop.it\/fr\/shop\/petits-electromenagers\/fours\/g3-ferrari-napoletana-noir-copia\/\" \/>\n<meta property=\"og:locale\" content=\"fr_FR\" \/>\n<meta property=\"og:type\" content=\"article\" \/>\n<meta property=\"og:title\" content=\"G3 FERRARI Four \u00e0 pizza Pummarola\" \/>\n<meta property=\"og:description\" content=\"D\u00e9couvrez G3 FERRARI Napoletana Noir sur ErresseShop. Qualit\u00e9, prix r\u00e9duits et achat s\u00e9curis\u00e9 \u2013 commandez d\u00e8s maintenant en ligne !\" \/>\n<meta property=\"og:url\" content=\"https:\/\/www.erresse-shop.it\/fr\/shop\/petits-electromenagers\/fours\/g3-ferrari-napoletana-noir-copia\/\" \/>\n<meta property=\"og:site_name\" content=\"Erresse Shop\" \/>\n<meta property=\"article:modified_time\" content=\"2025-01-29T08:47:53+00:00\" \/>\n<meta property=\"og:image\" content=\"https:\/\/www.erresse-shop.it\/wp-content\/uploads\/2025\/01\/G3-FERRARI-Forno-Pizza-Pummarola.jpg\" \/>\n\t<meta property=\"og:image:width\" content=\"1200\" \/>\n\t<meta property=\"og:image:height\" content=\"1200\" \/>\n\t<meta property=\"og:image:type\" content=\"image\/jpeg\" \/>\n<meta name=\"twitter:card\" content=\"summary_large_image\" \/>\n<script type=\"application\/ld+json\" class=\"yoast-schema-graph\">{\"@context\":\"https:\/\/schema.org\",\"@graph\":[{\"@type\":\"WebPage\",\"@id\":\"https:\/\/www.erresse-shop.it\/fr\/shop\/petits-electromenagers\/fours\/g3-ferrari-napoletana-noir-copia\/\",\"url\":\"https:\/\/www.erresse-shop.it\/fr\/shop\/petits-electromenagers\/fours\/g3-ferrari-napoletana-noir-copia\/\",\"name\":\"G3 FERRARI Napoletana Noir\",\"isPartOf\":{\"@id\":\"https:\/\/www.erresse-shop.it\/fr\/#website\"},\"datePublished\":\"2025-01-29T08:20:10+00:00\",\"dateModified\":\"2025-01-29T08:47:53+00:00\",\"description\":\"D\u00e9couvrez G3 FERRARI Napoletana Noir sur ErresseShop. Qualit\u00e9, prix r\u00e9duits et achat s\u00e9curis\u00e9 \u2013 commandez d\u00e8s maintenant en ligne !\",\"breadcrumb\":{\"@id\":\"https:\/\/www.erresse-shop.it\/fr\/shop\/petits-electromenagers\/fours\/g3-ferrari-napoletana-noir-copia\/#breadcrumb\"},\"inLanguage\":\"fr-FR\",\"potentialAction\":[{\"@type\":\"ReadAction\",\"target\":[\"https:\/\/www.erresse-shop.it\/fr\/shop\/petits-electromenagers\/fours\/g3-ferrari-napoletana-noir-copia\/\"]}]},{\"@type\":\"BreadcrumbList\",\"@id\":\"https:\/\/www.erresse-shop.it\/fr\/shop\/petits-electromenagers\/fours\/g3-ferrari-napoletana-noir-copia\/#breadcrumb\",\"itemListElement\":[{\"@type\":\"ListItem\",\"position\":1,\"name\":\"Home\",\"item\":\"https:\/\/www.erresse-shop.it\/fr\/\"},{\"@type\":\"ListItem\",\"position\":2,\"name\":\"Shop\",\"item\":\"https:\/\/www.erresse-shop.it\/fr\/shop\/\"},{\"@type\":\"ListItem\",\"position\":3,\"name\":\"G3 FERRARI Four \u00e0 pizza Pummarola\"}]},{\"@type\":\"WebSite\",\"@id\":\"https:\/\/www.erresse-shop.it\/fr\/#website\",\"url\":\"https:\/\/www.erresse-shop.it\/fr\/\",\"name\":\"Erresse Shop\",\"description\":\"Articoli di qualit\u00e0 per la casa\",\"potentialAction\":[{\"@type\":\"SearchAction\",\"target\":{\"@type\":\"EntryPoint\",\"urlTemplate\":\"https:\/\/www.erresse-shop.it\/fr\/?s={search_term_string}\"},\"query-input\":\"required name=search_term_string\"}],\"inLanguage\":\"fr-FR\"}]}<\/script>\n<!-- \/ Yoast SEO Premium plugin. -->","yoast_head_json":{"title":"G3 FERRARI Napoletana Noir","description":"D\u00e9couvrez G3 FERRARI Napoletana Noir sur ErresseShop. Qualit\u00e9, prix r\u00e9duits et achat s\u00e9curis\u00e9 \u2013 commandez d\u00e8s maintenant en ligne !","robots":{"index":"index","follow":"follow","max-snippet":"max-snippet:-1","max-image-preview":"max-image-preview:large","max-video-preview":"max-video-preview:-1"},"canonical":"https:\/\/www.erresse-shop.it\/fr\/shop\/petits-electromenagers\/fours\/g3-ferrari-napoletana-noir-copia\/","og_locale":"fr_FR","og_type":"article","og_title":"G3 FERRARI Four \u00e0 pizza Pummarola","og_description":"D\u00e9couvrez G3 FERRARI Napoletana Noir sur ErresseShop. Qualit\u00e9, prix r\u00e9duits et achat s\u00e9curis\u00e9 \u2013 commandez d\u00e8s maintenant en ligne !","og_url":"https:\/\/www.erresse-shop.it\/fr\/shop\/petits-electromenagers\/fours\/g3-ferrari-napoletana-noir-copia\/","og_site_name":"Erresse Shop","article_modified_time":"2025-01-29T08:47:53+00:00","og_image":[{"width":1200,"height":1200,"url":"https:\/\/www.erresse-shop.it\/wp-content\/uploads\/2025\/01\/G3-FERRARI-Forno-Pizza-Pummarola.jpg","type":"image\/jpeg"}],"twitter_card":"summary_large_image","schema":{"@context":"https:\/\/schema.org","@graph":[{"@type":"WebPage","@id":"https:\/\/www.erresse-shop.it\/fr\/shop\/petits-electromenagers\/fours\/g3-ferrari-napoletana-noir-copia\/","url":"https:\/\/www.erresse-shop.it\/fr\/shop\/petits-electromenagers\/fours\/g3-ferrari-napoletana-noir-copia\/","name":"G3 FERRARI Napoletana Noir","isPartOf":{"@id":"https:\/\/www.erresse-shop.it\/fr\/#website"},"datePublished":"2025-01-29T08:20:10+00:00","dateModified":"2025-01-29T08:47:53+00:00","description":"D\u00e9couvrez G3 FERRARI Napoletana Noir sur ErresseShop. Qualit\u00e9, prix r\u00e9duits et achat s\u00e9curis\u00e9 \u2013 commandez d\u00e8s maintenant en ligne !","breadcrumb":{"@id":"https:\/\/www.erresse-shop.it\/fr\/shop\/petits-electromenagers\/fours\/g3-ferrari-napoletana-noir-copia\/#breadcrumb"},"inLanguage":"fr-FR","potentialAction":[{"@type":"ReadAction","target":["https:\/\/www.erresse-shop.it\/fr\/shop\/petits-electromenagers\/fours\/g3-ferrari-napoletana-noir-copia\/"]}]},{"@type":"BreadcrumbList","@id":"https:\/\/www.erresse-shop.it\/fr\/shop\/petits-electromenagers\/fours\/g3-ferrari-napoletana-noir-copia\/#breadcrumb","itemListElement":[{"@type":"ListItem","position":1,"name":"Home","item":"https:\/\/www.erresse-shop.it\/fr\/"},{"@type":"ListItem","position":2,"name":"Shop","item":"https:\/\/www.erresse-shop.it\/fr\/shop\/"},{"@type":"ListItem","position":3,"name":"G3 FERRARI Four \u00e0 pizza Pummarola"}]},{"@type":"WebSite","@id":"https:\/\/www.erresse-shop.it\/fr\/#website","url":"https:\/\/www.erresse-shop.it\/fr\/","name":"Erresse Shop","description":"Articoli di qualit\u00e0 per la casa","potentialAction":[{"@type":"SearchAction","target":{"@type":"EntryPoint","urlTemplate":"https:\/\/www.erresse-shop.it\/fr\/?s={search_term_string}"},"query-input":"required name=search_term_string"}],"inLanguage":"fr-FR"}]}},"df_price":129,"df_sale_price":129,"df_regular_price":129,"df_image_link":"https:\/\/www.erresse-shop.it\/wp-content\/uploads\/2025\/01\/G3-FERRARI-Forno-Pizza-Pummarola-300x300.jpg","_links":{"self":[{"href":"https:\/\/www.erresse-shop.it\/fr\/wp-json\/wp\/v2\/product\/464345"}],"collection":[{"href":"https:\/\/www.erresse-shop.it\/fr\/wp-json\/wp\/v2\/product"}],"about":[{"href":"https:\/\/www.erresse-shop.it\/fr\/wp-json\/wp\/v2\/types\/product"}],"wp:featuredmedia":[{"embeddable":true,"href":"https:\/\/www.erresse-shop.it\/fr\/wp-json\/wp\/v2\/media\/464381"}],"wp:attachment":[{"href":"https:\/\/www.erresse-shop.it\/fr\/wp-json\/wp\/v2\/media?parent=464345"}],"wp:term":[{"taxonomy":"product_cat","embeddable":true,"href":"https:\/\/www.erresse-shop.it\/fr\/wp-json\/wp\/v2\/product_cat?post=464345"},{"taxonomy":"product_tag","embeddable":true,"href":"https:\/\/www.erresse-shop.it\/fr\/wp-json\/wp\/v2\/product_tag?post=464345"}],"curies":[{"name":"wp","href":"https:\/\/api.w.org\/{rel}","templated":true}]}}