{"id":464290,"date":"2025-01-29T07:46:44","date_gmt":"2025-01-29T07:46:48","guid":{"rendered":"https:\/\/www.erresse-shop.it\/?post_type=product&#038;p=464290"},"modified":"2025-02-06T10:05:46","modified_gmt":"2025-02-06T10:05:46","slug":"g3-ferrari-four-a-pizza-pronto-pizza-2-minuti-copia","status":"publish","type":"product","link":"https:\/\/www.erresse-shop.it\/fr\/shop\/petits-electromenagers\/fours\/g3-ferrari-four-a-pizza-pronto-pizza-2-minuti-copia\/","title":{"rendered":"G3 FERRARI Four \u00e0 pizza Pizza Pro 2 Minuti"},"content":{"rendered":"<h2><strong>Four \u00e0 pizza<\/strong><\/h2>\n<p>Avec le four \u00e0 pizza Pizza PRO 2 minutes, la perfection de la pizza est \u00e0 port\u00e9e de main.<\/p>\n<p>La <strong>combinaison de haute temp\u00e9rature (jusqu&#8217;\u00e0 450\u00b0C) et de pierre r\u00e9fractaire assure une cuisson rapide et uniforme<\/strong>, et avec la r\u00e9gulation s\u00e9par\u00e9e de la temp\u00e9rature au-dessus et en dessous, vous avez un contr\u00f4le total sur la cuisson de la pizza, pour obtenir toujours une base parfum\u00e9e et une pizza bien cuite : faites cuire une pizza napolitaine parfaite en seulement 2 minutes !<\/p>\n<p>L&#8217;\u00e9cran num\u00e9rique offre une grande polyvalence : il est \u00e9quip\u00e9 de <strong>6 programmes<\/strong> pour cuire tout type de pizza et bien plus encore : de la napolitaine \u00e0 la fine et croustillante, de la pizza \u00e0 la po\u00eale \u00e0 la pizza surgel\u00e9e, ainsi que des recettes DIY.<\/p>\n<p>En plus de la pierre r\u00e9fractaire amovible, une grande pelle en aluminium pour la cuisson et le livre de recettes exclusif du chef napolitain Valerio La Rosa sont inclus.<\/p>\n<p>Le four \u00e0 pizza Pizza PRO 2 minutes est enti\u00e8rement \u00e9lectrique pour cuire \u00e0 la maison des pizzas aussi bonnes que dans une pizzeria, et c&#8217;est aussi le meilleur en termes de s\u00e9curit\u00e9 : con\u00e7u avec un syst\u00e8me de refroidissement par ventilation forc\u00e9e et une porte avec une ouverture \u00e0 3 niveaux fen\u00eatre isolante, ses parois sont toujours froides m\u00eame lorsqu&#8217;elle est utilis\u00e9e \u00e0 temp\u00e9rature maximale.<\/p>\n<p><strong>Sp\u00e9cifications techniques<\/strong><\/p>\n<ul>\n<li>Double r\u00e9sistance, sup\u00e9rieure 1200W et inf\u00e9rieure 500W<\/li>\n<li>Temp\u00e9rature 80\u00b0 &#8211; 450\u00b0C, Minuterie 60 minutes<\/li>\n<li>Affichage num\u00e9rique avec 6 programmes : manuel, napolitain, fin, po\u00eale, pizza ronde, surgel\u00e9<\/li>\n<li>Contr\u00f4le de temp\u00e9rature diff\u00e9renci\u00e9 au-dessus et au-dessous<\/li>\n<li>Lampe d&#8217;int\u00e9rieur<\/li>\n<li>Parois froides avec syst\u00e8me de refroidissement par ventilation forc\u00e9e<\/li>\n<li>Porte avec triple verre borosilicat\u00e9 pour une isolation maximale<\/li>\n<li>Accessoires : pierre r\u00e9fractaire 32&#215;32 cm, pelle en aluminium \u00d830 cm<\/li>\n<li>Alimentation : AC 220-240V ~ 50-60Hz<\/li>\n<li>Puissance : 1600-1850W<\/li>\n<li>Dimensions (L x H x P) : 44 x 28,2 x 47,5 cm<\/li>\n<li>Poids : 12,2 kg<\/li>\n<\/ul>\n<p><span style=\"text-decoration: underline;\"><strong>Ne pas vendre en dehors de l&#8217;Europe<\/strong><\/span><\/p>\n","protected":false},"excerpt":{"rendered":"<p>Four \u00e0 pizza Avec le four \u00e0 pizza Pizza PRO 2 minutes, la perfection de la pizza est \u00e0 port\u00e9e<\/p>\n","protected":false},"featured_media":464332,"template":"","meta":{"_acf_changed":false,"inline_featured_image":false},"product_cat":[15660,12449],"product_tag":[23690,17107,22111,23094,23095],"acf":[],"yoast_head":"<!-- This site is optimized with the Yoast SEO Premium plugin v18.6 (Yoast SEO v19.13) - https:\/\/yoast.com\/wordpress\/plugins\/seo\/ -->\n<title>G3 FERRARI Four \u00e0 pizza Pizza Pro 2 Minuti - Erresse Shop<\/title>\n<meta name=\"description\" content=\"Four \u00e0 pizza Avec le four \u00e0 pizza Pizza PRO 2 minutes, la perfection de la pizza est \u00e0 port\u00e9e de main. La combinaison de haute temp\u00e9rature (jusqu&#039;\u00e0 450\u00b0C)\" \/>\n<meta name=\"robots\" content=\"index, follow, max-snippet:-1, max-image-preview:large, max-video-preview:-1\" \/>\n<link rel=\"canonical\" href=\"https:\/\/www.erresse-shop.it\/fr\/shop\/petits-electromenagers\/fours\/g3-ferrari-four-a-pizza-pronto-pizza-2-minuti-copia\/\" \/>\n<meta property=\"og:locale\" content=\"fr_FR\" \/>\n<meta property=\"og:type\" content=\"article\" \/>\n<meta property=\"og:title\" content=\"G3 FERRARI Four \u00e0 pizza Pizza Pro 2 Minuti\" \/>\n<meta property=\"og:description\" content=\"Four \u00e0 pizza Avec le four \u00e0 pizza Pizza PRO 2 minutes, la perfection de la pizza est \u00e0 port\u00e9e de main. La combinaison de haute temp\u00e9rature (jusqu&#039;\u00e0 450\u00b0C)\" \/>\n<meta property=\"og:url\" content=\"https:\/\/www.erresse-shop.it\/fr\/shop\/petits-electromenagers\/fours\/g3-ferrari-four-a-pizza-pronto-pizza-2-minuti-copia\/\" \/>\n<meta property=\"og:site_name\" content=\"Erresse Shop\" \/>\n<meta property=\"article:modified_time\" content=\"2025-02-06T10:05:46+00:00\" \/>\n<meta property=\"og:image\" content=\"https:\/\/www.erresse-shop.it\/wp-content\/uploads\/2025\/01\/G3-FERRARI-Forno-Pizza-Pro-2-Minuti.jpg\" \/>\n\t<meta property=\"og:image:width\" content=\"1200\" \/>\n\t<meta property=\"og:image:height\" content=\"1200\" \/>\n\t<meta property=\"og:image:type\" content=\"image\/jpeg\" \/>\n<meta name=\"twitter:card\" content=\"summary_large_image\" \/>\n<script type=\"application\/ld+json\" class=\"yoast-schema-graph\">{\"@context\":\"https:\/\/schema.org\",\"@graph\":[{\"@type\":\"WebPage\",\"@id\":\"https:\/\/www.erresse-shop.it\/fr\/shop\/petits-electromenagers\/fours\/g3-ferrari-four-a-pizza-pronto-pizza-2-minuti-copia\/\",\"url\":\"https:\/\/www.erresse-shop.it\/fr\/shop\/petits-electromenagers\/fours\/g3-ferrari-four-a-pizza-pronto-pizza-2-minuti-copia\/\",\"name\":\"G3 FERRARI Four \u00e0 pizza Pizza Pro 2 Minuti - Erresse Shop\",\"isPartOf\":{\"@id\":\"https:\/\/www.erresse-shop.it\/fr\/#website\"},\"datePublished\":\"2025-01-29T07:46:48+00:00\",\"dateModified\":\"2025-02-06T10:05:46+00:00\",\"description\":\"Four \u00e0 pizza Avec le four \u00e0 pizza Pizza PRO 2 minutes, la perfection de la pizza est \u00e0 port\u00e9e de main. La combinaison de haute temp\u00e9rature (jusqu'\u00e0 450\u00b0C)\",\"breadcrumb\":{\"@id\":\"https:\/\/www.erresse-shop.it\/fr\/shop\/petits-electromenagers\/fours\/g3-ferrari-four-a-pizza-pronto-pizza-2-minuti-copia\/#breadcrumb\"},\"inLanguage\":\"fr-FR\",\"potentialAction\":[{\"@type\":\"ReadAction\",\"target\":[\"https:\/\/www.erresse-shop.it\/fr\/shop\/petits-electromenagers\/fours\/g3-ferrari-four-a-pizza-pronto-pizza-2-minuti-copia\/\"]}]},{\"@type\":\"BreadcrumbList\",\"@id\":\"https:\/\/www.erresse-shop.it\/fr\/shop\/petits-electromenagers\/fours\/g3-ferrari-four-a-pizza-pronto-pizza-2-minuti-copia\/#breadcrumb\",\"itemListElement\":[{\"@type\":\"ListItem\",\"position\":1,\"name\":\"Home\",\"item\":\"https:\/\/www.erresse-shop.it\/fr\/\"},{\"@type\":\"ListItem\",\"position\":2,\"name\":\"Shop\",\"item\":\"https:\/\/www.erresse-shop.it\/fr\/shop\/\"},{\"@type\":\"ListItem\",\"position\":3,\"name\":\"G3 FERRARI Four \u00e0 pizza Pizza Pro 2 Minuti\"}]},{\"@type\":\"WebSite\",\"@id\":\"https:\/\/www.erresse-shop.it\/fr\/#website\",\"url\":\"https:\/\/www.erresse-shop.it\/fr\/\",\"name\":\"Erresse Shop\",\"description\":\"Articoli di qualit\u00e0 per la casa\",\"potentialAction\":[{\"@type\":\"SearchAction\",\"target\":{\"@type\":\"EntryPoint\",\"urlTemplate\":\"https:\/\/www.erresse-shop.it\/fr\/?s={search_term_string}\"},\"query-input\":\"required name=search_term_string\"}],\"inLanguage\":\"fr-FR\"}]}<\/script>\n<!-- \/ Yoast SEO Premium plugin. -->","yoast_head_json":{"title":"G3 FERRARI Four \u00e0 pizza Pizza Pro 2 Minuti - Erresse Shop","description":"Four \u00e0 pizza Avec le four \u00e0 pizza Pizza PRO 2 minutes, la perfection de la pizza est \u00e0 port\u00e9e de main. La combinaison de haute temp\u00e9rature (jusqu'\u00e0 450\u00b0C)","robots":{"index":"index","follow":"follow","max-snippet":"max-snippet:-1","max-image-preview":"max-image-preview:large","max-video-preview":"max-video-preview:-1"},"canonical":"https:\/\/www.erresse-shop.it\/fr\/shop\/petits-electromenagers\/fours\/g3-ferrari-four-a-pizza-pronto-pizza-2-minuti-copia\/","og_locale":"fr_FR","og_type":"article","og_title":"G3 FERRARI Four \u00e0 pizza Pizza Pro 2 Minuti","og_description":"Four \u00e0 pizza Avec le four \u00e0 pizza Pizza PRO 2 minutes, la perfection de la pizza est \u00e0 port\u00e9e de main. La combinaison de haute temp\u00e9rature (jusqu'\u00e0 450\u00b0C)","og_url":"https:\/\/www.erresse-shop.it\/fr\/shop\/petits-electromenagers\/fours\/g3-ferrari-four-a-pizza-pronto-pizza-2-minuti-copia\/","og_site_name":"Erresse Shop","article_modified_time":"2025-02-06T10:05:46+00:00","og_image":[{"width":1200,"height":1200,"url":"https:\/\/www.erresse-shop.it\/wp-content\/uploads\/2025\/01\/G3-FERRARI-Forno-Pizza-Pro-2-Minuti.jpg","type":"image\/jpeg"}],"twitter_card":"summary_large_image","schema":{"@context":"https:\/\/schema.org","@graph":[{"@type":"WebPage","@id":"https:\/\/www.erresse-shop.it\/fr\/shop\/petits-electromenagers\/fours\/g3-ferrari-four-a-pizza-pronto-pizza-2-minuti-copia\/","url":"https:\/\/www.erresse-shop.it\/fr\/shop\/petits-electromenagers\/fours\/g3-ferrari-four-a-pizza-pronto-pizza-2-minuti-copia\/","name":"G3 FERRARI Four \u00e0 pizza Pizza Pro 2 Minuti - Erresse Shop","isPartOf":{"@id":"https:\/\/www.erresse-shop.it\/fr\/#website"},"datePublished":"2025-01-29T07:46:48+00:00","dateModified":"2025-02-06T10:05:46+00:00","description":"Four \u00e0 pizza Avec le four \u00e0 pizza Pizza PRO 2 minutes, la perfection de la pizza est \u00e0 port\u00e9e de main. La combinaison de haute temp\u00e9rature (jusqu'\u00e0 450\u00b0C)","breadcrumb":{"@id":"https:\/\/www.erresse-shop.it\/fr\/shop\/petits-electromenagers\/fours\/g3-ferrari-four-a-pizza-pronto-pizza-2-minuti-copia\/#breadcrumb"},"inLanguage":"fr-FR","potentialAction":[{"@type":"ReadAction","target":["https:\/\/www.erresse-shop.it\/fr\/shop\/petits-electromenagers\/fours\/g3-ferrari-four-a-pizza-pronto-pizza-2-minuti-copia\/"]}]},{"@type":"BreadcrumbList","@id":"https:\/\/www.erresse-shop.it\/fr\/shop\/petits-electromenagers\/fours\/g3-ferrari-four-a-pizza-pronto-pizza-2-minuti-copia\/#breadcrumb","itemListElement":[{"@type":"ListItem","position":1,"name":"Home","item":"https:\/\/www.erresse-shop.it\/fr\/"},{"@type":"ListItem","position":2,"name":"Shop","item":"https:\/\/www.erresse-shop.it\/fr\/shop\/"},{"@type":"ListItem","position":3,"name":"G3 FERRARI Four \u00e0 pizza Pizza Pro 2 Minuti"}]},{"@type":"WebSite","@id":"https:\/\/www.erresse-shop.it\/fr\/#website","url":"https:\/\/www.erresse-shop.it\/fr\/","name":"Erresse Shop","description":"Articoli di qualit\u00e0 per la casa","potentialAction":[{"@type":"SearchAction","target":{"@type":"EntryPoint","urlTemplate":"https:\/\/www.erresse-shop.it\/fr\/?s={search_term_string}"},"query-input":"required name=search_term_string"}],"inLanguage":"fr-FR"}]}},"df_price":249,"df_sale_price":249,"df_regular_price":249,"df_image_link":"https:\/\/www.erresse-shop.it\/wp-content\/uploads\/2025\/01\/G3-FERRARI-Forno-Pizza-Pro-2-Minuti-300x300.jpg","_links":{"self":[{"href":"https:\/\/www.erresse-shop.it\/fr\/wp-json\/wp\/v2\/product\/464290"}],"collection":[{"href":"https:\/\/www.erresse-shop.it\/fr\/wp-json\/wp\/v2\/product"}],"about":[{"href":"https:\/\/www.erresse-shop.it\/fr\/wp-json\/wp\/v2\/types\/product"}],"wp:featuredmedia":[{"embeddable":true,"href":"https:\/\/www.erresse-shop.it\/fr\/wp-json\/wp\/v2\/media\/464332"}],"wp:attachment":[{"href":"https:\/\/www.erresse-shop.it\/fr\/wp-json\/wp\/v2\/media?parent=464290"}],"wp:term":[{"taxonomy":"product_cat","embeddable":true,"href":"https:\/\/www.erresse-shop.it\/fr\/wp-json\/wp\/v2\/product_cat?post=464290"},{"taxonomy":"product_tag","embeddable":true,"href":"https:\/\/www.erresse-shop.it\/fr\/wp-json\/wp\/v2\/product_tag?post=464290"}],"curies":[{"name":"wp","href":"https:\/\/api.w.org\/{rel}","templated":true}]}}