{"id":464204,"date":"2025-01-28T14:03:53","date_gmt":"2025-01-28T14:03:56","guid":{"rendered":"https:\/\/www.erresse-shop.it\/?post_type=product&#038;p=464204"},"modified":"2026-02-24T07:52:43","modified_gmt":"2026-02-24T07:52:43","slug":"seletti-bougie-flirty-glow-green-apple","status":"publish","type":"product","link":"https:\/\/www.erresse-shop.it\/fr\/shop\/ameublement-maison\/objets-de-decoration\/seletti-bougie-flirty-glow-green-apple\/","title":{"rendered":"SELETTI Bougie Flirty Glow Green Apple"},"content":{"rendered":"<p>Trois bougies parfum\u00e9es au parfait style r\u00e9tro Market : fraise, pomme verte et citron. Leurs graphismes ludiques s&#8217;harmonisent parfaitement avec les bo\u00eetes de conserve de votre cuisine, apportant l&#8217;ironie typique de Seletti Market dans votre maison.<\/p>\n<p>Bougie parfum\u00e9e en cire et \u00e9tain<\/p>\n<p>30 heures<\/p>\n<p><strong>Dimensions<\/strong> : \u2205 7,5 H. 9,7 CM<\/p>\n","protected":false},"excerpt":{"rendered":"<p>Trois bougies parfum\u00e9es au parfait style r\u00e9tro Market : fraise, pomme verte et citron. Leurs graphismes ludiques s&#8217;harmonisent parfaitement avec<\/p>\n","protected":false},"featured_media":464227,"template":"","meta":{"_acf_changed":false,"inline_featured_image":false},"product_cat":[12738,14441],"product_tag":[13015],"acf":[],"yoast_head":"<!-- This site is optimized with the Yoast SEO Premium plugin v18.6 (Yoast SEO v19.13) - https:\/\/yoast.com\/wordpress\/plugins\/seo\/ -->\n<title>SELETTI Bougie Flirty Glow Green Apple - Erresse Shop<\/title>\n<meta name=\"description\" content=\"Trois bougies parfum\u00e9es au parfait style r\u00e9tro Market : fraise, pomme verte et citron. Leurs graphismes ludiques s&#039;harmonisent parfaitement avec les\" \/>\n<meta name=\"robots\" content=\"index, follow, max-snippet:-1, max-image-preview:large, max-video-preview:-1\" \/>\n<link rel=\"canonical\" href=\"https:\/\/www.erresse-shop.it\/fr\/shop\/ameublement-maison\/objets-de-decoration\/seletti-bougie-flirty-glow-green-apple\/\" \/>\n<meta property=\"og:locale\" content=\"fr_FR\" \/>\n<meta property=\"og:type\" content=\"article\" \/>\n<meta property=\"og:title\" content=\"SELETTI Bougie Flirty Glow Green Apple\" \/>\n<meta property=\"og:description\" content=\"Trois bougies parfum\u00e9es au parfait style r\u00e9tro Market : fraise, pomme verte et citron. Leurs graphismes ludiques s&#039;harmonisent parfaitement avec les\" \/>\n<meta property=\"og:url\" content=\"https:\/\/www.erresse-shop.it\/fr\/shop\/ameublement-maison\/objets-de-decoration\/seletti-bougie-flirty-glow-green-apple\/\" \/>\n<meta property=\"og:site_name\" content=\"Erresse Shop\" \/>\n<meta property=\"article:modified_time\" content=\"2026-02-24T07:52:43+00:00\" \/>\n<meta property=\"og:image\" content=\"https:\/\/www.erresse-shop.it\/wp-content\/uploads\/2025\/01\/SELETTI-Candela-Flirty-Glow-Green-Apple.jpg\" \/>\n\t<meta property=\"og:image:width\" content=\"1200\" \/>\n\t<meta property=\"og:image:height\" content=\"1200\" \/>\n\t<meta property=\"og:image:type\" content=\"image\/jpeg\" \/>\n<meta name=\"twitter:card\" content=\"summary_large_image\" \/>\n<script type=\"application\/ld+json\" class=\"yoast-schema-graph\">{\"@context\":\"https:\/\/schema.org\",\"@graph\":[{\"@type\":\"WebPage\",\"@id\":\"https:\/\/www.erresse-shop.it\/fr\/shop\/ameublement-maison\/objets-de-decoration\/seletti-bougie-flirty-glow-green-apple\/\",\"url\":\"https:\/\/www.erresse-shop.it\/fr\/shop\/ameublement-maison\/objets-de-decoration\/seletti-bougie-flirty-glow-green-apple\/\",\"name\":\"SELETTI Bougie Flirty Glow Green Apple - Erresse Shop\",\"isPartOf\":{\"@id\":\"https:\/\/www.erresse-shop.it\/fr\/#website\"},\"datePublished\":\"2025-01-28T14:03:56+00:00\",\"dateModified\":\"2026-02-24T07:52:43+00:00\",\"description\":\"Trois bougies parfum\u00e9es au parfait style r\u00e9tro Market : fraise, pomme verte et citron. Leurs graphismes ludiques s'harmonisent parfaitement avec les\",\"breadcrumb\":{\"@id\":\"https:\/\/www.erresse-shop.it\/fr\/shop\/ameublement-maison\/objets-de-decoration\/seletti-bougie-flirty-glow-green-apple\/#breadcrumb\"},\"inLanguage\":\"fr-FR\",\"potentialAction\":[{\"@type\":\"ReadAction\",\"target\":[\"https:\/\/www.erresse-shop.it\/fr\/shop\/ameublement-maison\/objets-de-decoration\/seletti-bougie-flirty-glow-green-apple\/\"]}]},{\"@type\":\"BreadcrumbList\",\"@id\":\"https:\/\/www.erresse-shop.it\/fr\/shop\/ameublement-maison\/objets-de-decoration\/seletti-bougie-flirty-glow-green-apple\/#breadcrumb\",\"itemListElement\":[{\"@type\":\"ListItem\",\"position\":1,\"name\":\"Home\",\"item\":\"https:\/\/www.erresse-shop.it\/fr\/\"},{\"@type\":\"ListItem\",\"position\":2,\"name\":\"Shop\",\"item\":\"https:\/\/www.erresse-shop.it\/fr\/shop\/\"},{\"@type\":\"ListItem\",\"position\":3,\"name\":\"SELETTI Bougie Flirty Glow Green Apple\"}]},{\"@type\":\"WebSite\",\"@id\":\"https:\/\/www.erresse-shop.it\/fr\/#website\",\"url\":\"https:\/\/www.erresse-shop.it\/fr\/\",\"name\":\"Erresse Shop\",\"description\":\"Articoli di qualit\u00e0 per la casa\",\"potentialAction\":[{\"@type\":\"SearchAction\",\"target\":{\"@type\":\"EntryPoint\",\"urlTemplate\":\"https:\/\/www.erresse-shop.it\/fr\/?s={search_term_string}\"},\"query-input\":\"required name=search_term_string\"}],\"inLanguage\":\"fr-FR\"}]}<\/script>\n<!-- \/ Yoast SEO Premium plugin. -->","yoast_head_json":{"title":"SELETTI Bougie Flirty Glow Green Apple - Erresse Shop","description":"Trois bougies parfum\u00e9es au parfait style r\u00e9tro Market : fraise, pomme verte et citron. Leurs graphismes ludiques s'harmonisent parfaitement avec les","robots":{"index":"index","follow":"follow","max-snippet":"max-snippet:-1","max-image-preview":"max-image-preview:large","max-video-preview":"max-video-preview:-1"},"canonical":"https:\/\/www.erresse-shop.it\/fr\/shop\/ameublement-maison\/objets-de-decoration\/seletti-bougie-flirty-glow-green-apple\/","og_locale":"fr_FR","og_type":"article","og_title":"SELETTI Bougie Flirty Glow Green Apple","og_description":"Trois bougies parfum\u00e9es au parfait style r\u00e9tro Market : fraise, pomme verte et citron. Leurs graphismes ludiques s'harmonisent parfaitement avec les","og_url":"https:\/\/www.erresse-shop.it\/fr\/shop\/ameublement-maison\/objets-de-decoration\/seletti-bougie-flirty-glow-green-apple\/","og_site_name":"Erresse Shop","article_modified_time":"2026-02-24T07:52:43+00:00","og_image":[{"width":1200,"height":1200,"url":"https:\/\/www.erresse-shop.it\/wp-content\/uploads\/2025\/01\/SELETTI-Candela-Flirty-Glow-Green-Apple.jpg","type":"image\/jpeg"}],"twitter_card":"summary_large_image","schema":{"@context":"https:\/\/schema.org","@graph":[{"@type":"WebPage","@id":"https:\/\/www.erresse-shop.it\/fr\/shop\/ameublement-maison\/objets-de-decoration\/seletti-bougie-flirty-glow-green-apple\/","url":"https:\/\/www.erresse-shop.it\/fr\/shop\/ameublement-maison\/objets-de-decoration\/seletti-bougie-flirty-glow-green-apple\/","name":"SELETTI Bougie Flirty Glow Green Apple - Erresse Shop","isPartOf":{"@id":"https:\/\/www.erresse-shop.it\/fr\/#website"},"datePublished":"2025-01-28T14:03:56+00:00","dateModified":"2026-02-24T07:52:43+00:00","description":"Trois bougies parfum\u00e9es au parfait style r\u00e9tro Market : fraise, pomme verte et citron. Leurs graphismes ludiques s'harmonisent parfaitement avec les","breadcrumb":{"@id":"https:\/\/www.erresse-shop.it\/fr\/shop\/ameublement-maison\/objets-de-decoration\/seletti-bougie-flirty-glow-green-apple\/#breadcrumb"},"inLanguage":"fr-FR","potentialAction":[{"@type":"ReadAction","target":["https:\/\/www.erresse-shop.it\/fr\/shop\/ameublement-maison\/objets-de-decoration\/seletti-bougie-flirty-glow-green-apple\/"]}]},{"@type":"BreadcrumbList","@id":"https:\/\/www.erresse-shop.it\/fr\/shop\/ameublement-maison\/objets-de-decoration\/seletti-bougie-flirty-glow-green-apple\/#breadcrumb","itemListElement":[{"@type":"ListItem","position":1,"name":"Home","item":"https:\/\/www.erresse-shop.it\/fr\/"},{"@type":"ListItem","position":2,"name":"Shop","item":"https:\/\/www.erresse-shop.it\/fr\/shop\/"},{"@type":"ListItem","position":3,"name":"SELETTI Bougie Flirty Glow Green Apple"}]},{"@type":"WebSite","@id":"https:\/\/www.erresse-shop.it\/fr\/#website","url":"https:\/\/www.erresse-shop.it\/fr\/","name":"Erresse Shop","description":"Articoli di qualit\u00e0 per la casa","potentialAction":[{"@type":"SearchAction","target":{"@type":"EntryPoint","urlTemplate":"https:\/\/www.erresse-shop.it\/fr\/?s={search_term_string}"},"query-input":"required name=search_term_string"}],"inLanguage":"fr-FR"}]}},"df_price":8.55,"df_sale_price":8.55,"df_regular_price":19,"df_image_link":"https:\/\/www.erresse-shop.it\/wp-content\/uploads\/2025\/01\/SELETTI-Candela-Flirty-Glow-Green-Apple-300x300.jpg","_links":{"self":[{"href":"https:\/\/www.erresse-shop.it\/fr\/wp-json\/wp\/v2\/product\/464204"}],"collection":[{"href":"https:\/\/www.erresse-shop.it\/fr\/wp-json\/wp\/v2\/product"}],"about":[{"href":"https:\/\/www.erresse-shop.it\/fr\/wp-json\/wp\/v2\/types\/product"}],"wp:featuredmedia":[{"embeddable":true,"href":"https:\/\/www.erresse-shop.it\/fr\/wp-json\/wp\/v2\/media\/464227"}],"wp:attachment":[{"href":"https:\/\/www.erresse-shop.it\/fr\/wp-json\/wp\/v2\/media?parent=464204"}],"wp:term":[{"taxonomy":"product_cat","embeddable":true,"href":"https:\/\/www.erresse-shop.it\/fr\/wp-json\/wp\/v2\/product_cat?post=464204"},{"taxonomy":"product_tag","embeddable":true,"href":"https:\/\/www.erresse-shop.it\/fr\/wp-json\/wp\/v2\/product_tag?post=464204"}],"curies":[{"name":"wp","href":"https:\/\/api.w.org\/{rel}","templated":true}]}}