{"id":464035,"date":"2025-01-28T11:11:22","date_gmt":"2025-01-28T11:11:25","guid":{"rendered":"https:\/\/www.erresse-shop.it\/?post_type=product&#038;p=464035"},"modified":"2025-01-30T07:58:32","modified_gmt":"2025-01-30T07:58:32","slug":"seletti-love-hurts-you-copia","status":"publish","type":"product","link":"https:\/\/www.erresse-shop.it\/fr\/shop\/ameublement-maison\/objets-de-decoration\/seletti-love-hurts-you-copia\/","title":{"rendered":"SELETTI Too Much Sauce"},"content":{"rendered":"<p>\u00ab Too much sauce \u00bb est un art toy au go\u00fbt particulier, un hommage \u00e0 la chose la plus POP du monde : la pizza Margherita. Limit\u00e9e \u00e0 1889 pi\u00e8ces, l&#8217;ann\u00e9e o\u00f9 la premi\u00e8re Margherita a \u00e9t\u00e9 cuite, elle rassemble quelques ingr\u00e9dients essentiels pour cr\u00e9er quelque chose d&#8217;extraordinaire ! Il n&#8217;y a rien de plus pop, de plus d\u00e9mocratique, de plus global qu&#8217;une pizza Margherita&#8230; et beaucoup de tomates !<\/p>\n<p>Ornement en r\u00e9sine<\/p>\n<p><strong>Concepteur<\/strong> : Gianpiero D&#8217;Alessandro<\/p>\n<p><strong>Mat\u00e9riau<\/strong> : R\u00e9sine<\/p>\n<p><strong>Dimensions<\/strong> : cm 15 \u00d7 11,3 H. 22,5 | 5,90\u201d x 4,44\u201d x 8,85\u201d<\/p>\n","protected":false},"excerpt":{"rendered":"<p>\u00ab Too much sauce \u00bb est un art toy au go\u00fbt particulier, un hommage \u00e0 la chose la plus POP<\/p>\n","protected":false},"featured_media":464066,"template":"","meta":{"_acf_changed":false,"inline_featured_image":false},"product_cat":[12738,14441],"product_tag":[13014,13015],"acf":[],"yoast_head":"<!-- This site is optimized with the Yoast SEO Premium plugin v18.6 (Yoast SEO v19.13) - https:\/\/yoast.com\/wordpress\/plugins\/seo\/ -->\n<title>SELETTI Too Much Sauce - Erresse Shop<\/title>\n<meta name=\"description\" content=\"\u00ab Too much sauce \u00bb est un art toy au go\u00fbt particulier, un hommage \u00e0 la chose la plus POP du monde : la pizza Margherita. Limit\u00e9e \u00e0 1889 pi\u00e8ces, l&#039;ann\u00e9e o\u00f9\" \/>\n<meta name=\"robots\" content=\"index, follow, max-snippet:-1, max-image-preview:large, max-video-preview:-1\" \/>\n<link rel=\"canonical\" href=\"https:\/\/www.erresse-shop.it\/fr\/shop\/ameublement-maison\/objets-de-decoration\/seletti-love-hurts-you-copia\/\" \/>\n<meta property=\"og:locale\" content=\"fr_FR\" \/>\n<meta property=\"og:type\" content=\"article\" \/>\n<meta property=\"og:title\" content=\"SELETTI Too Much Sauce\" \/>\n<meta property=\"og:description\" content=\"\u00ab Too much sauce \u00bb est un art toy au go\u00fbt particulier, un hommage \u00e0 la chose la plus POP du monde : la pizza Margherita. Limit\u00e9e \u00e0 1889 pi\u00e8ces, l&#039;ann\u00e9e o\u00f9\" \/>\n<meta property=\"og:url\" content=\"https:\/\/www.erresse-shop.it\/fr\/shop\/ameublement-maison\/objets-de-decoration\/seletti-love-hurts-you-copia\/\" \/>\n<meta property=\"og:site_name\" content=\"Erresse Shop\" \/>\n<meta property=\"article:modified_time\" content=\"2025-01-30T07:58:32+00:00\" \/>\n<meta property=\"og:image\" content=\"https:\/\/www.erresse-shop.it\/wp-content\/uploads\/2025\/01\/SELETTI-Too-Much-Sauce.jpg\" \/>\n\t<meta property=\"og:image:width\" content=\"1200\" \/>\n\t<meta property=\"og:image:height\" content=\"1200\" \/>\n\t<meta property=\"og:image:type\" content=\"image\/jpeg\" \/>\n<meta name=\"twitter:card\" content=\"summary_large_image\" \/>\n<script type=\"application\/ld+json\" class=\"yoast-schema-graph\">{\"@context\":\"https:\/\/schema.org\",\"@graph\":[{\"@type\":\"WebPage\",\"@id\":\"https:\/\/www.erresse-shop.it\/fr\/shop\/ameublement-maison\/objets-de-decoration\/seletti-love-hurts-you-copia\/\",\"url\":\"https:\/\/www.erresse-shop.it\/fr\/shop\/ameublement-maison\/objets-de-decoration\/seletti-love-hurts-you-copia\/\",\"name\":\"SELETTI Too Much Sauce - Erresse Shop\",\"isPartOf\":{\"@id\":\"https:\/\/www.erresse-shop.it\/fr\/#website\"},\"datePublished\":\"2025-01-28T11:11:25+00:00\",\"dateModified\":\"2025-01-30T07:58:32+00:00\",\"description\":\"\u00ab Too much sauce \u00bb est un art toy au go\u00fbt particulier, un hommage \u00e0 la chose la plus POP du monde : la pizza Margherita. Limit\u00e9e \u00e0 1889 pi\u00e8ces, l'ann\u00e9e o\u00f9\",\"breadcrumb\":{\"@id\":\"https:\/\/www.erresse-shop.it\/fr\/shop\/ameublement-maison\/objets-de-decoration\/seletti-love-hurts-you-copia\/#breadcrumb\"},\"inLanguage\":\"fr-FR\",\"potentialAction\":[{\"@type\":\"ReadAction\",\"target\":[\"https:\/\/www.erresse-shop.it\/fr\/shop\/ameublement-maison\/objets-de-decoration\/seletti-love-hurts-you-copia\/\"]}]},{\"@type\":\"BreadcrumbList\",\"@id\":\"https:\/\/www.erresse-shop.it\/fr\/shop\/ameublement-maison\/objets-de-decoration\/seletti-love-hurts-you-copia\/#breadcrumb\",\"itemListElement\":[{\"@type\":\"ListItem\",\"position\":1,\"name\":\"Home\",\"item\":\"https:\/\/www.erresse-shop.it\/fr\/\"},{\"@type\":\"ListItem\",\"position\":2,\"name\":\"Shop\",\"item\":\"https:\/\/www.erresse-shop.it\/fr\/shop\/\"},{\"@type\":\"ListItem\",\"position\":3,\"name\":\"SELETTI Too Much Sauce\"}]},{\"@type\":\"WebSite\",\"@id\":\"https:\/\/www.erresse-shop.it\/fr\/#website\",\"url\":\"https:\/\/www.erresse-shop.it\/fr\/\",\"name\":\"Erresse Shop\",\"description\":\"Articoli di qualit\u00e0 per la casa\",\"potentialAction\":[{\"@type\":\"SearchAction\",\"target\":{\"@type\":\"EntryPoint\",\"urlTemplate\":\"https:\/\/www.erresse-shop.it\/fr\/?s={search_term_string}\"},\"query-input\":\"required name=search_term_string\"}],\"inLanguage\":\"fr-FR\"}]}<\/script>\n<!-- \/ Yoast SEO Premium plugin. -->","yoast_head_json":{"title":"SELETTI Too Much Sauce - Erresse Shop","description":"\u00ab Too much sauce \u00bb est un art toy au go\u00fbt particulier, un hommage \u00e0 la chose la plus POP du monde : la pizza Margherita. Limit\u00e9e \u00e0 1889 pi\u00e8ces, l'ann\u00e9e o\u00f9","robots":{"index":"index","follow":"follow","max-snippet":"max-snippet:-1","max-image-preview":"max-image-preview:large","max-video-preview":"max-video-preview:-1"},"canonical":"https:\/\/www.erresse-shop.it\/fr\/shop\/ameublement-maison\/objets-de-decoration\/seletti-love-hurts-you-copia\/","og_locale":"fr_FR","og_type":"article","og_title":"SELETTI Too Much Sauce","og_description":"\u00ab Too much sauce \u00bb est un art toy au go\u00fbt particulier, un hommage \u00e0 la chose la plus POP du monde : la pizza Margherita. Limit\u00e9e \u00e0 1889 pi\u00e8ces, l'ann\u00e9e o\u00f9","og_url":"https:\/\/www.erresse-shop.it\/fr\/shop\/ameublement-maison\/objets-de-decoration\/seletti-love-hurts-you-copia\/","og_site_name":"Erresse Shop","article_modified_time":"2025-01-30T07:58:32+00:00","og_image":[{"width":1200,"height":1200,"url":"https:\/\/www.erresse-shop.it\/wp-content\/uploads\/2025\/01\/SELETTI-Too-Much-Sauce.jpg","type":"image\/jpeg"}],"twitter_card":"summary_large_image","schema":{"@context":"https:\/\/schema.org","@graph":[{"@type":"WebPage","@id":"https:\/\/www.erresse-shop.it\/fr\/shop\/ameublement-maison\/objets-de-decoration\/seletti-love-hurts-you-copia\/","url":"https:\/\/www.erresse-shop.it\/fr\/shop\/ameublement-maison\/objets-de-decoration\/seletti-love-hurts-you-copia\/","name":"SELETTI Too Much Sauce - Erresse Shop","isPartOf":{"@id":"https:\/\/www.erresse-shop.it\/fr\/#website"},"datePublished":"2025-01-28T11:11:25+00:00","dateModified":"2025-01-30T07:58:32+00:00","description":"\u00ab Too much sauce \u00bb est un art toy au go\u00fbt particulier, un hommage \u00e0 la chose la plus POP du monde : la pizza Margherita. Limit\u00e9e \u00e0 1889 pi\u00e8ces, l'ann\u00e9e o\u00f9","breadcrumb":{"@id":"https:\/\/www.erresse-shop.it\/fr\/shop\/ameublement-maison\/objets-de-decoration\/seletti-love-hurts-you-copia\/#breadcrumb"},"inLanguage":"fr-FR","potentialAction":[{"@type":"ReadAction","target":["https:\/\/www.erresse-shop.it\/fr\/shop\/ameublement-maison\/objets-de-decoration\/seletti-love-hurts-you-copia\/"]}]},{"@type":"BreadcrumbList","@id":"https:\/\/www.erresse-shop.it\/fr\/shop\/ameublement-maison\/objets-de-decoration\/seletti-love-hurts-you-copia\/#breadcrumb","itemListElement":[{"@type":"ListItem","position":1,"name":"Home","item":"https:\/\/www.erresse-shop.it\/fr\/"},{"@type":"ListItem","position":2,"name":"Shop","item":"https:\/\/www.erresse-shop.it\/fr\/shop\/"},{"@type":"ListItem","position":3,"name":"SELETTI Too Much Sauce"}]},{"@type":"WebSite","@id":"https:\/\/www.erresse-shop.it\/fr\/#website","url":"https:\/\/www.erresse-shop.it\/fr\/","name":"Erresse Shop","description":"Articoli di qualit\u00e0 per la casa","potentialAction":[{"@type":"SearchAction","target":{"@type":"EntryPoint","urlTemplate":"https:\/\/www.erresse-shop.it\/fr\/?s={search_term_string}"},"query-input":"required name=search_term_string"}],"inLanguage":"fr-FR"}]}},"df_price":44.550000000000004,"df_sale_price":44.550000000000004,"df_regular_price":99,"df_image_link":"https:\/\/www.erresse-shop.it\/wp-content\/uploads\/2025\/01\/SELETTI-Too-Much-Sauce-300x300.jpg","_links":{"self":[{"href":"https:\/\/www.erresse-shop.it\/fr\/wp-json\/wp\/v2\/product\/464035"}],"collection":[{"href":"https:\/\/www.erresse-shop.it\/fr\/wp-json\/wp\/v2\/product"}],"about":[{"href":"https:\/\/www.erresse-shop.it\/fr\/wp-json\/wp\/v2\/types\/product"}],"wp:featuredmedia":[{"embeddable":true,"href":"https:\/\/www.erresse-shop.it\/fr\/wp-json\/wp\/v2\/media\/464066"}],"wp:attachment":[{"href":"https:\/\/www.erresse-shop.it\/fr\/wp-json\/wp\/v2\/media?parent=464035"}],"wp:term":[{"taxonomy":"product_cat","embeddable":true,"href":"https:\/\/www.erresse-shop.it\/fr\/wp-json\/wp\/v2\/product_cat?post=464035"},{"taxonomy":"product_tag","embeddable":true,"href":"https:\/\/www.erresse-shop.it\/fr\/wp-json\/wp\/v2\/product_tag?post=464035"}],"curies":[{"name":"wp","href":"https:\/\/api.w.org\/{rel}","templated":true}]}}