{"id":463948,"date":"2025-01-28T09:54:15","date_gmt":"2025-01-28T09:54:18","guid":{"rendered":"https:\/\/www.erresse-shop.it\/?post_type=product&#038;p=463948"},"modified":"2025-01-28T10:02:59","modified_gmt":"2025-01-28T10:02:59","slug":"seletti-kintsugi-tasse-a-the-avec-soucoupe-n3-copia","status":"publish","type":"product","link":"https:\/\/www.erresse-shop.it\/fr\/shop\/table-fr-2\/tasses\/seletti-kintsugi-tasse-a-the-avec-soucoupe-n3-copia\/","title":{"rendered":"SELETTI Kintsugi Tasse \u00e0 th\u00e9 avec soucoupe n\u00b01"},"content":{"rendered":"<p><strong>Seletti<\/strong>, une histoire d&#8217;entreprise faite de vision et d&#8217;\u00e9volution. Une histoire qui commence en 1964 \u00e0 Cicognara (Mantoue). Aujourd&#8217;hui Seletti collabore avec de jeunes designers italiens et internationaux, des jeunes qui s&#8217;affirment rapidement, la volont\u00e9 est pr\u00e9cis\u00e9ment celle de cr\u00e9er un groupe pour grandir et \u00e9voluer ensemble, un d\u00e9fi qui porte de grands r\u00e9sultats. &#8220;Je collabore \u00e9galement avec des personnes et des personnages en dehors du monde du design au sens strict : des artistes, des visionnaires, avec lesquels j&#8217;aimerais d\u00e9passer certaines \u00ab barri\u00e8res \u00bb. Ma formation atypique, pas strictement acad\u00e9mique, m&#8217;am\u00e8ne naturellement \u00e0 \u00eatre \u00ab transversale \u00bb, un voyage dans l&#8217;id\u00e9e de \u200b&#8221;une nouvelle beaut\u00e9&#8221;. Pour nous, c&#8217;est une (r)\u00e9volution&#8221;.<\/p>\n<p>L&#8217;art japonais <strong>Kintsugi<\/strong> prend des formes contemporaines. La porcelaine d\u00e9licate est glorifi\u00e9e et enrichie de fragments d\u2019or pour une collection de vaisselle compos\u00e9e de compositions fascinantes et inattendues.<\/p>\n<p><strong>Tasse \u00e0 th\u00e9 et soucoupe<\/strong><\/p>\n<p><strong>Mat\u00e9riau\u00a0:<\/strong> porcelaine et or v\u00e9ritable<br \/>\n<strong>Dimensions\u00a0:<\/strong> 13 x 9,8 x 6,2<br \/>\n<strong>Ne passe pas au lave-vaisselle ni au micro-ondes<\/strong><\/p>\n","protected":false},"excerpt":{"rendered":"<p>Seletti, une histoire d&#8217;entreprise faite de vision et d&#8217;\u00e9volution. Une histoire qui commence en 1964 \u00e0 Cicognara (Mantoue). Aujourd&#8217;hui Seletti<\/p>\n","protected":false},"featured_media":463955,"template":"","meta":{"_acf_changed":false,"inline_featured_image":false},"product_cat":[12782,12791],"product_tag":[15681,23563,25021,13041,13042,14280,15764,14276,16906],"acf":[],"yoast_head":"<!-- This site is optimized with the Yoast SEO Premium plugin v18.6 (Yoast SEO v19.13) - https:\/\/yoast.com\/wordpress\/plugins\/seo\/ -->\n<title>SELETTI Kintsugi Tasse \u00e0 Caf\u00e9 No\u00b03 en Porcelaine<\/title>\n<meta name=\"description\" content=\"D\u00e9couvrez SELETTI Kintsugi Tasse \u00e0 Caf\u00e9 No\u00b03 en Porcelaine sur ErresseShop. Qualit\u00e9, prix r\u00e9duits et achat s\u00e9curis\u00e9 \u2013 commandez d\u00e8s maintenant en ligne !\" \/>\n<meta name=\"robots\" content=\"index, follow, max-snippet:-1, max-image-preview:large, max-video-preview:-1\" \/>\n<link rel=\"canonical\" href=\"https:\/\/www.erresse-shop.it\/fr\/shop\/table-fr-2\/tasses\/seletti-kintsugi-tasse-a-the-avec-soucoupe-n3-copia\/\" \/>\n<meta property=\"og:locale\" content=\"fr_FR\" \/>\n<meta property=\"og:type\" content=\"article\" \/>\n<meta property=\"og:title\" content=\"SELETTI Kintsugi Tasse \u00e0 th\u00e9 avec soucoupe n\u00b01\" \/>\n<meta property=\"og:description\" content=\"D\u00e9couvrez SELETTI Kintsugi Tasse \u00e0 Caf\u00e9 No\u00b03 en Porcelaine sur ErresseShop. Qualit\u00e9, prix r\u00e9duits et achat s\u00e9curis\u00e9 \u2013 commandez d\u00e8s maintenant en ligne !\" \/>\n<meta property=\"og:url\" content=\"https:\/\/www.erresse-shop.it\/fr\/shop\/table-fr-2\/tasses\/seletti-kintsugi-tasse-a-the-avec-soucoupe-n3-copia\/\" \/>\n<meta property=\"og:site_name\" content=\"Erresse Shop\" \/>\n<meta property=\"article:modified_time\" content=\"2025-01-28T10:02:59+00:00\" \/>\n<meta property=\"og:image\" content=\"https:\/\/www.erresse-shop.it\/wp-content\/uploads\/2025\/01\/SELETTI-Kintsugi-Tazza-Te-con-Piattino-n\u00b01.jpg\" \/>\n\t<meta property=\"og:image:width\" content=\"1200\" \/>\n\t<meta property=\"og:image:height\" content=\"1200\" \/>\n\t<meta property=\"og:image:type\" content=\"image\/jpeg\" \/>\n<meta name=\"twitter:card\" content=\"summary_large_image\" \/>\n<script type=\"application\/ld+json\" class=\"yoast-schema-graph\">{\"@context\":\"https:\/\/schema.org\",\"@graph\":[{\"@type\":\"WebPage\",\"@id\":\"https:\/\/www.erresse-shop.it\/fr\/shop\/table-fr-2\/tasses\/seletti-kintsugi-tasse-a-the-avec-soucoupe-n3-copia\/\",\"url\":\"https:\/\/www.erresse-shop.it\/fr\/shop\/table-fr-2\/tasses\/seletti-kintsugi-tasse-a-the-avec-soucoupe-n3-copia\/\",\"name\":\"SELETTI Kintsugi Tasse \u00e0 Caf\u00e9 No\u00b03 en Porcelaine\",\"isPartOf\":{\"@id\":\"https:\/\/www.erresse-shop.it\/fr\/#website\"},\"datePublished\":\"2025-01-28T09:54:18+00:00\",\"dateModified\":\"2025-01-28T10:02:59+00:00\",\"description\":\"D\u00e9couvrez SELETTI Kintsugi Tasse \u00e0 Caf\u00e9 No\u00b03 en Porcelaine sur ErresseShop. Qualit\u00e9, prix r\u00e9duits et achat s\u00e9curis\u00e9 \u2013 commandez d\u00e8s maintenant en ligne !\",\"breadcrumb\":{\"@id\":\"https:\/\/www.erresse-shop.it\/fr\/shop\/table-fr-2\/tasses\/seletti-kintsugi-tasse-a-the-avec-soucoupe-n3-copia\/#breadcrumb\"},\"inLanguage\":\"fr-FR\",\"potentialAction\":[{\"@type\":\"ReadAction\",\"target\":[\"https:\/\/www.erresse-shop.it\/fr\/shop\/table-fr-2\/tasses\/seletti-kintsugi-tasse-a-the-avec-soucoupe-n3-copia\/\"]}]},{\"@type\":\"BreadcrumbList\",\"@id\":\"https:\/\/www.erresse-shop.it\/fr\/shop\/table-fr-2\/tasses\/seletti-kintsugi-tasse-a-the-avec-soucoupe-n3-copia\/#breadcrumb\",\"itemListElement\":[{\"@type\":\"ListItem\",\"position\":1,\"name\":\"Home\",\"item\":\"https:\/\/www.erresse-shop.it\/fr\/\"},{\"@type\":\"ListItem\",\"position\":2,\"name\":\"Shop\",\"item\":\"https:\/\/www.erresse-shop.it\/fr\/shop\/\"},{\"@type\":\"ListItem\",\"position\":3,\"name\":\"SELETTI Kintsugi Tasse \u00e0 th\u00e9 avec soucoupe n\u00b01\"}]},{\"@type\":\"WebSite\",\"@id\":\"https:\/\/www.erresse-shop.it\/fr\/#website\",\"url\":\"https:\/\/www.erresse-shop.it\/fr\/\",\"name\":\"Erresse Shop\",\"description\":\"Articoli di qualit\u00e0 per la casa\",\"potentialAction\":[{\"@type\":\"SearchAction\",\"target\":{\"@type\":\"EntryPoint\",\"urlTemplate\":\"https:\/\/www.erresse-shop.it\/fr\/?s={search_term_string}\"},\"query-input\":\"required name=search_term_string\"}],\"inLanguage\":\"fr-FR\"}]}<\/script>\n<!-- \/ Yoast SEO Premium plugin. -->","yoast_head_json":{"title":"SELETTI Kintsugi Tasse \u00e0 Caf\u00e9 No\u00b03 en Porcelaine","description":"D\u00e9couvrez SELETTI Kintsugi Tasse \u00e0 Caf\u00e9 No\u00b03 en Porcelaine sur ErresseShop. Qualit\u00e9, prix r\u00e9duits et achat s\u00e9curis\u00e9 \u2013 commandez d\u00e8s maintenant en ligne !","robots":{"index":"index","follow":"follow","max-snippet":"max-snippet:-1","max-image-preview":"max-image-preview:large","max-video-preview":"max-video-preview:-1"},"canonical":"https:\/\/www.erresse-shop.it\/fr\/shop\/table-fr-2\/tasses\/seletti-kintsugi-tasse-a-the-avec-soucoupe-n3-copia\/","og_locale":"fr_FR","og_type":"article","og_title":"SELETTI Kintsugi Tasse \u00e0 th\u00e9 avec soucoupe n\u00b01","og_description":"D\u00e9couvrez SELETTI Kintsugi Tasse \u00e0 Caf\u00e9 No\u00b03 en Porcelaine sur ErresseShop. Qualit\u00e9, prix r\u00e9duits et achat s\u00e9curis\u00e9 \u2013 commandez d\u00e8s maintenant en ligne !","og_url":"https:\/\/www.erresse-shop.it\/fr\/shop\/table-fr-2\/tasses\/seletti-kintsugi-tasse-a-the-avec-soucoupe-n3-copia\/","og_site_name":"Erresse Shop","article_modified_time":"2025-01-28T10:02:59+00:00","og_image":[{"width":1200,"height":1200,"url":"https:\/\/www.erresse-shop.it\/wp-content\/uploads\/2025\/01\/SELETTI-Kintsugi-Tazza-Te-con-Piattino-n\u00b01.jpg","type":"image\/jpeg"}],"twitter_card":"summary_large_image","schema":{"@context":"https:\/\/schema.org","@graph":[{"@type":"WebPage","@id":"https:\/\/www.erresse-shop.it\/fr\/shop\/table-fr-2\/tasses\/seletti-kintsugi-tasse-a-the-avec-soucoupe-n3-copia\/","url":"https:\/\/www.erresse-shop.it\/fr\/shop\/table-fr-2\/tasses\/seletti-kintsugi-tasse-a-the-avec-soucoupe-n3-copia\/","name":"SELETTI Kintsugi Tasse \u00e0 Caf\u00e9 No\u00b03 en Porcelaine","isPartOf":{"@id":"https:\/\/www.erresse-shop.it\/fr\/#website"},"datePublished":"2025-01-28T09:54:18+00:00","dateModified":"2025-01-28T10:02:59+00:00","description":"D\u00e9couvrez SELETTI Kintsugi Tasse \u00e0 Caf\u00e9 No\u00b03 en Porcelaine sur ErresseShop. Qualit\u00e9, prix r\u00e9duits et achat s\u00e9curis\u00e9 \u2013 commandez d\u00e8s maintenant en ligne !","breadcrumb":{"@id":"https:\/\/www.erresse-shop.it\/fr\/shop\/table-fr-2\/tasses\/seletti-kintsugi-tasse-a-the-avec-soucoupe-n3-copia\/#breadcrumb"},"inLanguage":"fr-FR","potentialAction":[{"@type":"ReadAction","target":["https:\/\/www.erresse-shop.it\/fr\/shop\/table-fr-2\/tasses\/seletti-kintsugi-tasse-a-the-avec-soucoupe-n3-copia\/"]}]},{"@type":"BreadcrumbList","@id":"https:\/\/www.erresse-shop.it\/fr\/shop\/table-fr-2\/tasses\/seletti-kintsugi-tasse-a-the-avec-soucoupe-n3-copia\/#breadcrumb","itemListElement":[{"@type":"ListItem","position":1,"name":"Home","item":"https:\/\/www.erresse-shop.it\/fr\/"},{"@type":"ListItem","position":2,"name":"Shop","item":"https:\/\/www.erresse-shop.it\/fr\/shop\/"},{"@type":"ListItem","position":3,"name":"SELETTI Kintsugi Tasse \u00e0 th\u00e9 avec soucoupe n\u00b01"}]},{"@type":"WebSite","@id":"https:\/\/www.erresse-shop.it\/fr\/#website","url":"https:\/\/www.erresse-shop.it\/fr\/","name":"Erresse Shop","description":"Articoli di qualit\u00e0 per la casa","potentialAction":[{"@type":"SearchAction","target":{"@type":"EntryPoint","urlTemplate":"https:\/\/www.erresse-shop.it\/fr\/?s={search_term_string}"},"query-input":"required name=search_term_string"}],"inLanguage":"fr-FR"}]}},"df_price":27.900000000000002,"df_sale_price":27.900000000000002,"df_regular_price":62,"df_image_link":"https:\/\/www.erresse-shop.it\/wp-content\/uploads\/2025\/01\/SELETTI-Kintsugi-Tazza-Te-con-Piattino-n\u00b01-300x300.jpg","_links":{"self":[{"href":"https:\/\/www.erresse-shop.it\/fr\/wp-json\/wp\/v2\/product\/463948"}],"collection":[{"href":"https:\/\/www.erresse-shop.it\/fr\/wp-json\/wp\/v2\/product"}],"about":[{"href":"https:\/\/www.erresse-shop.it\/fr\/wp-json\/wp\/v2\/types\/product"}],"wp:featuredmedia":[{"embeddable":true,"href":"https:\/\/www.erresse-shop.it\/fr\/wp-json\/wp\/v2\/media\/463955"}],"wp:attachment":[{"href":"https:\/\/www.erresse-shop.it\/fr\/wp-json\/wp\/v2\/media?parent=463948"}],"wp:term":[{"taxonomy":"product_cat","embeddable":true,"href":"https:\/\/www.erresse-shop.it\/fr\/wp-json\/wp\/v2\/product_cat?post=463948"},{"taxonomy":"product_tag","embeddable":true,"href":"https:\/\/www.erresse-shop.it\/fr\/wp-json\/wp\/v2\/product_tag?post=463948"}],"curies":[{"name":"wp","href":"https:\/\/api.w.org\/{rel}","templated":true}]}}