{"id":463724,"date":"2025-01-27T08:35:49","date_gmt":"2025-01-27T08:35:52","guid":{"rendered":"https:\/\/www.erresse-shop.it\/?post_type=product&#038;p=463724"},"modified":"2026-02-24T08:24:01","modified_gmt":"2026-02-24T08:24:01","slug":"mario-luca-giusti-verre-a-eau-sancho-6-pieces-vert","status":"publish","type":"product","link":"https:\/\/www.erresse-shop.it\/fr\/shop\/table-fr-2\/verres\/mario-luca-giusti-verre-a-eau-sancho-6-pieces-vert\/","title":{"rendered":"MARIO LUCA GIUSTI Verre \u00e0 eau Sancho 6 pi\u00e8ces Vert"},"content":{"rendered":"<p><strong>Dimensions<\/strong><br \/>\nHauteur 17,5 cm<br \/>\nDiam\u00e8tre 9,7 cm<br \/>\nCapacit\u00e9 275 ml<br \/>\npoids 233 gr<\/p>\n<div class=\"clearfix\">\n<div class=\"float-left\"><strong>Instructions pour ce produit<\/strong><\/div>\n<\/div>\n<div id=\"collapseinstructions\" class=\"p-t-30 collapse show\">\n<ul>\n<li>test\u00e9 par T\u00dcV, SGS, Intertek<\/li>\n<li>absolument sans go\u00fbt et sans odeur<\/li>\n<li>Sans BPA<\/li>\n<li>Pas indestructible<\/li>\n<li>R\u00e9sistant de -10\u00b0C \u00e0 50\u00b0C<\/li>\n<li>congelable<\/li>\n<li>Lavage \u00e0 la main recommand\u00e9 pour augmenter la dur\u00e9e de vie du produit<\/li>\n<li>ne pas utiliser au lave-vaisselle<\/li>\n<li>ne convient pas au micro-ondes<\/li>\n<li>utilisez uniquement des d\u00e9tergents neutres et des mat\u00e9riaux non abrasifs<\/li>\n<\/ul>\n<p><strong>Les \u00e9l\u00e9ments suivants <u>peuvent<\/u>\u00a0d\u00e9colorer le produit ou le rendre terne \u00e0 long terme\u00a0:<\/strong><\/p>\n<ul>\n<li>Laisser les produits pendant une longue p\u00e9riode \u00e0 des temp\u00e9ratures \u00e9lev\u00e9es et \u00e0 une humidit\u00e9 \u00e9lev\u00e9e<\/li>\n<li>Dosage de d\u00e9tergent incorrect<\/li>\n<li>Utiliser un nettoyant contenant une protection pour l&#8217;aluminium ou le m\u00e9tal.<\/li>\n<li>Les produits laitiers, le caf\u00e9, le cacao, le th\u00e9 ou l&#8217;alcool peuvent laisser une trace sur le verre s&#8217;ils sont laiss\u00e9s toute la nuit. Lavez le verre \u00e0 l&#8217;eau ti\u00e8de savonneuse imm\u00e9diatement apr\u00e8s utilisation, lavez-le \u00e0 la main ou utilisez notre produit nettoyant. D\u00e9poussi\u00e9rez r\u00e9guli\u00e8rement.<\/li>\n<\/ul>\n<\/div>\n","protected":false},"excerpt":{"rendered":"<p>Dimensions Hauteur 17,5 cm Diam\u00e8tre 9,7 cm Capacit\u00e9 275 ml poids 233 gr Instructions pour ce produit test\u00e9 par T\u00dcV,<\/p>\n","protected":false},"featured_media":462757,"template":"","meta":{"_acf_changed":false,"inline_featured_image":false},"product_cat":[12782,12784],"product_tag":[25026,14893,25021,17758,25404,24603,12826,15730,19392],"acf":[],"yoast_head":"<!-- This site is optimized with the Yoast SEO Premium plugin v18.6 (Yoast SEO v19.13) - https:\/\/yoast.com\/wordpress\/plugins\/seo\/ -->\n<title>MARIO LUCA GIUSTI Verre \u00e0 eau Sancho 6 pi\u00e8ces Vert - Erresse Shop<\/title>\n<meta name=\"description\" content=\"Dimensions Hauteur 17,5 cm Diam\u00e8tre 9,7 cm Capacit\u00e9 275 ml poids 233 gr Instructions pour ce produit test\u00e9 par T\u00dcV, SGS, Intertek absolument sans go\u00fbt et\" \/>\n<meta name=\"robots\" content=\"index, follow, max-snippet:-1, max-image-preview:large, max-video-preview:-1\" \/>\n<link rel=\"canonical\" href=\"https:\/\/www.erresse-shop.it\/fr\/shop\/table-fr-2\/verres\/mario-luca-giusti-verre-a-eau-sancho-6-pieces-vert\/\" \/>\n<meta property=\"og:locale\" content=\"fr_FR\" \/>\n<meta property=\"og:type\" content=\"article\" \/>\n<meta property=\"og:title\" content=\"MARIO LUCA GIUSTI Verre \u00e0 eau Sancho 6 pi\u00e8ces Vert\" \/>\n<meta property=\"og:description\" content=\"Dimensions Hauteur 17,5 cm Diam\u00e8tre 9,7 cm Capacit\u00e9 275 ml poids 233 gr Instructions pour ce produit test\u00e9 par T\u00dcV, SGS, Intertek absolument sans go\u00fbt et\" \/>\n<meta property=\"og:url\" content=\"https:\/\/www.erresse-shop.it\/fr\/shop\/table-fr-2\/verres\/mario-luca-giusti-verre-a-eau-sancho-6-pieces-vert\/\" \/>\n<meta property=\"og:site_name\" content=\"Erresse Shop\" \/>\n<meta property=\"article:modified_time\" content=\"2026-02-24T08:24:01+00:00\" \/>\n<meta property=\"og:image\" content=\"https:\/\/www.erresse-shop.it\/wp-content\/uploads\/2025\/01\/mario-luca-giusti-sancho-verde.jpg\" \/>\n\t<meta property=\"og:image:width\" content=\"1200\" \/>\n\t<meta property=\"og:image:height\" content=\"1200\" \/>\n\t<meta property=\"og:image:type\" content=\"image\/jpeg\" \/>\n<meta name=\"twitter:card\" content=\"summary_large_image\" \/>\n<script type=\"application\/ld+json\" class=\"yoast-schema-graph\">{\"@context\":\"https:\/\/schema.org\",\"@graph\":[{\"@type\":\"WebPage\",\"@id\":\"https:\/\/www.erresse-shop.it\/fr\/shop\/table-fr-2\/verres\/mario-luca-giusti-verre-a-eau-sancho-6-pieces-vert\/\",\"url\":\"https:\/\/www.erresse-shop.it\/fr\/shop\/table-fr-2\/verres\/mario-luca-giusti-verre-a-eau-sancho-6-pieces-vert\/\",\"name\":\"MARIO LUCA GIUSTI Verre \u00e0 eau Sancho 6 pi\u00e8ces Vert - Erresse Shop\",\"isPartOf\":{\"@id\":\"https:\/\/www.erresse-shop.it\/fr\/#website\"},\"datePublished\":\"2025-01-27T08:35:52+00:00\",\"dateModified\":\"2026-02-24T08:24:01+00:00\",\"description\":\"Dimensions Hauteur 17,5 cm Diam\u00e8tre 9,7 cm Capacit\u00e9 275 ml poids 233 gr Instructions pour ce produit test\u00e9 par T\u00dcV, SGS, Intertek absolument sans go\u00fbt et\",\"breadcrumb\":{\"@id\":\"https:\/\/www.erresse-shop.it\/fr\/shop\/table-fr-2\/verres\/mario-luca-giusti-verre-a-eau-sancho-6-pieces-vert\/#breadcrumb\"},\"inLanguage\":\"fr-FR\",\"potentialAction\":[{\"@type\":\"ReadAction\",\"target\":[\"https:\/\/www.erresse-shop.it\/fr\/shop\/table-fr-2\/verres\/mario-luca-giusti-verre-a-eau-sancho-6-pieces-vert\/\"]}]},{\"@type\":\"BreadcrumbList\",\"@id\":\"https:\/\/www.erresse-shop.it\/fr\/shop\/table-fr-2\/verres\/mario-luca-giusti-verre-a-eau-sancho-6-pieces-vert\/#breadcrumb\",\"itemListElement\":[{\"@type\":\"ListItem\",\"position\":1,\"name\":\"Home\",\"item\":\"https:\/\/www.erresse-shop.it\/fr\/\"},{\"@type\":\"ListItem\",\"position\":2,\"name\":\"Shop\",\"item\":\"https:\/\/www.erresse-shop.it\/fr\/shop\/\"},{\"@type\":\"ListItem\",\"position\":3,\"name\":\"MARIO LUCA GIUSTI Verre \u00e0 eau Sancho 6 pi\u00e8ces Vert\"}]},{\"@type\":\"WebSite\",\"@id\":\"https:\/\/www.erresse-shop.it\/fr\/#website\",\"url\":\"https:\/\/www.erresse-shop.it\/fr\/\",\"name\":\"Erresse Shop\",\"description\":\"Articoli di qualit\u00e0 per la casa\",\"potentialAction\":[{\"@type\":\"SearchAction\",\"target\":{\"@type\":\"EntryPoint\",\"urlTemplate\":\"https:\/\/www.erresse-shop.it\/fr\/?s={search_term_string}\"},\"query-input\":\"required name=search_term_string\"}],\"inLanguage\":\"fr-FR\"}]}<\/script>\n<!-- \/ Yoast SEO Premium plugin. -->","yoast_head_json":{"title":"MARIO LUCA GIUSTI Verre \u00e0 eau Sancho 6 pi\u00e8ces Vert - Erresse Shop","description":"Dimensions Hauteur 17,5 cm Diam\u00e8tre 9,7 cm Capacit\u00e9 275 ml poids 233 gr Instructions pour ce produit test\u00e9 par T\u00dcV, SGS, Intertek absolument sans go\u00fbt et","robots":{"index":"index","follow":"follow","max-snippet":"max-snippet:-1","max-image-preview":"max-image-preview:large","max-video-preview":"max-video-preview:-1"},"canonical":"https:\/\/www.erresse-shop.it\/fr\/shop\/table-fr-2\/verres\/mario-luca-giusti-verre-a-eau-sancho-6-pieces-vert\/","og_locale":"fr_FR","og_type":"article","og_title":"MARIO LUCA GIUSTI Verre \u00e0 eau Sancho 6 pi\u00e8ces Vert","og_description":"Dimensions Hauteur 17,5 cm Diam\u00e8tre 9,7 cm Capacit\u00e9 275 ml poids 233 gr Instructions pour ce produit test\u00e9 par T\u00dcV, SGS, Intertek absolument sans go\u00fbt et","og_url":"https:\/\/www.erresse-shop.it\/fr\/shop\/table-fr-2\/verres\/mario-luca-giusti-verre-a-eau-sancho-6-pieces-vert\/","og_site_name":"Erresse Shop","article_modified_time":"2026-02-24T08:24:01+00:00","og_image":[{"width":1200,"height":1200,"url":"https:\/\/www.erresse-shop.it\/wp-content\/uploads\/2025\/01\/mario-luca-giusti-sancho-verde.jpg","type":"image\/jpeg"}],"twitter_card":"summary_large_image","schema":{"@context":"https:\/\/schema.org","@graph":[{"@type":"WebPage","@id":"https:\/\/www.erresse-shop.it\/fr\/shop\/table-fr-2\/verres\/mario-luca-giusti-verre-a-eau-sancho-6-pieces-vert\/","url":"https:\/\/www.erresse-shop.it\/fr\/shop\/table-fr-2\/verres\/mario-luca-giusti-verre-a-eau-sancho-6-pieces-vert\/","name":"MARIO LUCA GIUSTI Verre \u00e0 eau Sancho 6 pi\u00e8ces Vert - Erresse Shop","isPartOf":{"@id":"https:\/\/www.erresse-shop.it\/fr\/#website"},"datePublished":"2025-01-27T08:35:52+00:00","dateModified":"2026-02-24T08:24:01+00:00","description":"Dimensions Hauteur 17,5 cm Diam\u00e8tre 9,7 cm Capacit\u00e9 275 ml poids 233 gr Instructions pour ce produit test\u00e9 par T\u00dcV, SGS, Intertek absolument sans go\u00fbt et","breadcrumb":{"@id":"https:\/\/www.erresse-shop.it\/fr\/shop\/table-fr-2\/verres\/mario-luca-giusti-verre-a-eau-sancho-6-pieces-vert\/#breadcrumb"},"inLanguage":"fr-FR","potentialAction":[{"@type":"ReadAction","target":["https:\/\/www.erresse-shop.it\/fr\/shop\/table-fr-2\/verres\/mario-luca-giusti-verre-a-eau-sancho-6-pieces-vert\/"]}]},{"@type":"BreadcrumbList","@id":"https:\/\/www.erresse-shop.it\/fr\/shop\/table-fr-2\/verres\/mario-luca-giusti-verre-a-eau-sancho-6-pieces-vert\/#breadcrumb","itemListElement":[{"@type":"ListItem","position":1,"name":"Home","item":"https:\/\/www.erresse-shop.it\/fr\/"},{"@type":"ListItem","position":2,"name":"Shop","item":"https:\/\/www.erresse-shop.it\/fr\/shop\/"},{"@type":"ListItem","position":3,"name":"MARIO LUCA GIUSTI Verre \u00e0 eau Sancho 6 pi\u00e8ces Vert"}]},{"@type":"WebSite","@id":"https:\/\/www.erresse-shop.it\/fr\/#website","url":"https:\/\/www.erresse-shop.it\/fr\/","name":"Erresse Shop","description":"Articoli di qualit\u00e0 per la casa","potentialAction":[{"@type":"SearchAction","target":{"@type":"EntryPoint","urlTemplate":"https:\/\/www.erresse-shop.it\/fr\/?s={search_term_string}"},"query-input":"required name=search_term_string"}],"inLanguage":"fr-FR"}]}},"df_price":109,"df_sale_price":109,"df_regular_price":162,"df_image_link":"https:\/\/www.erresse-shop.it\/wp-content\/uploads\/2025\/01\/mario-luca-giusti-sancho-verde-300x300.jpg","_links":{"self":[{"href":"https:\/\/www.erresse-shop.it\/fr\/wp-json\/wp\/v2\/product\/463724"}],"collection":[{"href":"https:\/\/www.erresse-shop.it\/fr\/wp-json\/wp\/v2\/product"}],"about":[{"href":"https:\/\/www.erresse-shop.it\/fr\/wp-json\/wp\/v2\/types\/product"}],"wp:featuredmedia":[{"embeddable":true,"href":"https:\/\/www.erresse-shop.it\/fr\/wp-json\/wp\/v2\/media\/462757"}],"wp:attachment":[{"href":"https:\/\/www.erresse-shop.it\/fr\/wp-json\/wp\/v2\/media?parent=463724"}],"wp:term":[{"taxonomy":"product_cat","embeddable":true,"href":"https:\/\/www.erresse-shop.it\/fr\/wp-json\/wp\/v2\/product_cat?post=463724"},{"taxonomy":"product_tag","embeddable":true,"href":"https:\/\/www.erresse-shop.it\/fr\/wp-json\/wp\/v2\/product_tag?post=463724"}],"curies":[{"name":"wp","href":"https:\/\/api.w.org\/{rel}","templated":true}]}}