{"id":462329,"date":"2025-01-22T08:35:15","date_gmt":"2025-01-22T08:35:18","guid":{"rendered":"https:\/\/www.erresse-shop.it\/?post_type=product&#038;p=462329"},"modified":"2025-01-22T08:49:58","modified_gmt":"2025-01-22T08:49:58","slug":"sambonet-bloom-antique-6-fourchettes-a-dessert-copia","status":"publish","type":"product","link":"https:\/\/www.erresse-shop.it\/fr\/shop\/table-fr-2\/couverts\/sambonet-bloom-antique-6-fourchettes-a-dessert-copia\/","title":{"rendered":"SAMBONET 24 Piece Set Monobloc Rock Black"},"content":{"rendered":"<p>Pour Sambonet, \u00eatre \u00ab rock \u00bb va bien au-del\u00e0 de l&#8217;esth\u00e9tique. Forts d&#8217;un ADN innovant, d&#8217;un design d\u00e9termin\u00e9 et d&#8217;un style raffin\u00e9, les nouveaux couverts Rock sont extr\u00eamement flexibles tout en apportant du caract\u00e8re et du relief \u00e0 la table. Les lignes carr\u00e9es et l&#8217;acier inoxydable \u00e9pais en font une collection fonctionnelle et contemporaine.<\/p>\n<p>Un design moderne, d\u00e9contract\u00e9 et attrayant qui donne du relief \u00e0 la table.<br \/>\nService de table pour 6 personnes. Comprend 6 fourchettes, 6 cuill\u00e8res, 6 couteaux et 6 cuill\u00e8res \u00e0 th\u00e9.<br \/>\nFabriqu\u00e9 en acier inoxydable 18\/10 durable et de haute qualit\u00e9. Peut \u00eatre lav\u00e9 au lave-vaisselle.<br \/>\nLe poli miroir met en valeur la haute qualit\u00e9 de l&#8217;acier Sambonet, en soulignant la forme et le design.<br \/>\nLa texture Antique captivante, agr\u00e9able au toucher, donne une finition mate sophistiqu\u00e9e et raffin\u00e9e \u00e0 l&#8217;acier. La coloration PVD &#8211; savoir-faire d\u00e9pos\u00e9 par Sambonet &#8211; conf\u00e8re style et solidit\u00e9 aux surfaces.<\/p>\n<p><strong>AVANT ET APR\u00c8S CHAQUE UTILISATION<\/strong><br \/>\nLaver avec des d\u00e9tergents appropri\u00e9s en \u00e9vitant le chlore et les produits de blanchiment, rincer et s\u00e9cher soigneusement. Les ranger ensuite dans un endroit sec. Ne pas utiliser d&#8217;\u00e9ponges ou de chiffons abrasifs. Enlever imm\u00e9diatement les r\u00e9sidus de sel, de citron, de vinaigre, de sauces \u00e0 base de tomates, etc. Si vous utilisez un lave-vaisselle, veillez \u00e0 ce que le traitement comprenne un s\u00e9chage et un polissage parfaits et, dans le cas contraire, faites-le manuellement. Les lames de couteaux sont fabriqu\u00e9es en acier inoxydable 420 martensitique tremp\u00e9, ce qui assure la durabilit\u00e9 de l&#8217;aiguisage mais rend le mat\u00e9riau plus sensible aux attaques corrosives. Il est imp\u00e9ratif que les couteaux soient correctement nettoy\u00e9s, lav\u00e9s et s\u00e9ch\u00e9s imm\u00e9diatement apr\u00e8s utilisation.<\/p>\n","protected":false},"excerpt":{"rendered":"<p>Pour Sambonet, \u00eatre \u00ab rock \u00bb va bien au-del\u00e0 de l&#8217;esth\u00e9tique. Forts d&#8217;un ADN innovant, d&#8217;un design d\u00e9termin\u00e9 et d&#8217;un<\/p>\n","protected":false},"featured_media":462347,"template":"","meta":{"_acf_changed":false,"inline_featured_image":false},"product_cat":[12790,12782],"product_tag":[23910,23690,17193,23660,24397,24428,12856,17194,21821],"acf":[],"yoast_head":"<!-- This site is optimized with the Yoast SEO Premium plugin v18.6 (Yoast SEO v19.13) - https:\/\/yoast.com\/wordpress\/plugins\/seo\/ -->\n<title>SAMBONET 24 Piece Set Monobloc Rock Black - Erresse Shop<\/title>\n<meta name=\"description\" content=\"Pour Sambonet, \u00eatre \u00ab rock \u00bb va bien au-del\u00e0 de l&#039;esth\u00e9tique. Forts d&#039;un ADN innovant, d&#039;un design d\u00e9termin\u00e9 et d&#039;un style raffin\u00e9, les nouveaux couverts\" \/>\n<meta name=\"robots\" content=\"index, follow, max-snippet:-1, max-image-preview:large, max-video-preview:-1\" \/>\n<link rel=\"canonical\" href=\"https:\/\/www.erresse-shop.it\/fr\/shop\/table-fr-2\/couverts\/sambonet-bloom-antique-6-fourchettes-a-dessert-copia\/\" \/>\n<meta property=\"og:locale\" content=\"fr_FR\" \/>\n<meta property=\"og:type\" content=\"article\" \/>\n<meta property=\"og:title\" content=\"SAMBONET 24 Piece Set Monobloc Rock Black\" \/>\n<meta property=\"og:description\" content=\"Pour Sambonet, \u00eatre \u00ab rock \u00bb va bien au-del\u00e0 de l&#039;esth\u00e9tique. Forts d&#039;un ADN innovant, d&#039;un design d\u00e9termin\u00e9 et d&#039;un style raffin\u00e9, les nouveaux couverts\" \/>\n<meta property=\"og:url\" content=\"https:\/\/www.erresse-shop.it\/fr\/shop\/table-fr-2\/couverts\/sambonet-bloom-antique-6-fourchettes-a-dessert-copia\/\" \/>\n<meta property=\"og:site_name\" content=\"Erresse Shop\" \/>\n<meta property=\"article:modified_time\" content=\"2025-01-22T08:49:58+00:00\" \/>\n<meta property=\"og:image\" content=\"https:\/\/www.erresse-shop.it\/wp-content\/uploads\/2025\/01\/Sambonet-Servizio-monoblocco-rock.jpg\" \/>\n\t<meta property=\"og:image:width\" content=\"1200\" \/>\n\t<meta property=\"og:image:height\" content=\"1200\" \/>\n\t<meta property=\"og:image:type\" content=\"image\/jpeg\" \/>\n<meta name=\"twitter:card\" content=\"summary_large_image\" \/>\n<script type=\"application\/ld+json\" class=\"yoast-schema-graph\">{\"@context\":\"https:\/\/schema.org\",\"@graph\":[{\"@type\":\"WebPage\",\"@id\":\"https:\/\/www.erresse-shop.it\/fr\/shop\/table-fr-2\/couverts\/sambonet-bloom-antique-6-fourchettes-a-dessert-copia\/\",\"url\":\"https:\/\/www.erresse-shop.it\/fr\/shop\/table-fr-2\/couverts\/sambonet-bloom-antique-6-fourchettes-a-dessert-copia\/\",\"name\":\"SAMBONET 24 Piece Set Monobloc Rock Black - Erresse Shop\",\"isPartOf\":{\"@id\":\"https:\/\/www.erresse-shop.it\/fr\/#website\"},\"datePublished\":\"2025-01-22T08:35:18+00:00\",\"dateModified\":\"2025-01-22T08:49:58+00:00\",\"description\":\"Pour Sambonet, \u00eatre \u00ab rock \u00bb va bien au-del\u00e0 de l'esth\u00e9tique. Forts d'un ADN innovant, d'un design d\u00e9termin\u00e9 et d'un style raffin\u00e9, les nouveaux couverts\",\"breadcrumb\":{\"@id\":\"https:\/\/www.erresse-shop.it\/fr\/shop\/table-fr-2\/couverts\/sambonet-bloom-antique-6-fourchettes-a-dessert-copia\/#breadcrumb\"},\"inLanguage\":\"fr-FR\",\"potentialAction\":[{\"@type\":\"ReadAction\",\"target\":[\"https:\/\/www.erresse-shop.it\/fr\/shop\/table-fr-2\/couverts\/sambonet-bloom-antique-6-fourchettes-a-dessert-copia\/\"]}]},{\"@type\":\"BreadcrumbList\",\"@id\":\"https:\/\/www.erresse-shop.it\/fr\/shop\/table-fr-2\/couverts\/sambonet-bloom-antique-6-fourchettes-a-dessert-copia\/#breadcrumb\",\"itemListElement\":[{\"@type\":\"ListItem\",\"position\":1,\"name\":\"Home\",\"item\":\"https:\/\/www.erresse-shop.it\/fr\/\"},{\"@type\":\"ListItem\",\"position\":2,\"name\":\"Shop\",\"item\":\"https:\/\/www.erresse-shop.it\/fr\/shop\/\"},{\"@type\":\"ListItem\",\"position\":3,\"name\":\"SAMBONET 24 Piece Set Monobloc Rock Black\"}]},{\"@type\":\"WebSite\",\"@id\":\"https:\/\/www.erresse-shop.it\/fr\/#website\",\"url\":\"https:\/\/www.erresse-shop.it\/fr\/\",\"name\":\"Erresse Shop\",\"description\":\"Articoli di qualit\u00e0 per la casa\",\"potentialAction\":[{\"@type\":\"SearchAction\",\"target\":{\"@type\":\"EntryPoint\",\"urlTemplate\":\"https:\/\/www.erresse-shop.it\/fr\/?s={search_term_string}\"},\"query-input\":\"required name=search_term_string\"}],\"inLanguage\":\"fr-FR\"}]}<\/script>\n<!-- \/ Yoast SEO Premium plugin. -->","yoast_head_json":{"title":"SAMBONET 24 Piece Set Monobloc Rock Black - Erresse Shop","description":"Pour Sambonet, \u00eatre \u00ab rock \u00bb va bien au-del\u00e0 de l'esth\u00e9tique. Forts d'un ADN innovant, d'un design d\u00e9termin\u00e9 et d'un style raffin\u00e9, les nouveaux couverts","robots":{"index":"index","follow":"follow","max-snippet":"max-snippet:-1","max-image-preview":"max-image-preview:large","max-video-preview":"max-video-preview:-1"},"canonical":"https:\/\/www.erresse-shop.it\/fr\/shop\/table-fr-2\/couverts\/sambonet-bloom-antique-6-fourchettes-a-dessert-copia\/","og_locale":"fr_FR","og_type":"article","og_title":"SAMBONET 24 Piece Set Monobloc Rock Black","og_description":"Pour Sambonet, \u00eatre \u00ab rock \u00bb va bien au-del\u00e0 de l'esth\u00e9tique. Forts d'un ADN innovant, d'un design d\u00e9termin\u00e9 et d'un style raffin\u00e9, les nouveaux couverts","og_url":"https:\/\/www.erresse-shop.it\/fr\/shop\/table-fr-2\/couverts\/sambonet-bloom-antique-6-fourchettes-a-dessert-copia\/","og_site_name":"Erresse Shop","article_modified_time":"2025-01-22T08:49:58+00:00","og_image":[{"width":1200,"height":1200,"url":"https:\/\/www.erresse-shop.it\/wp-content\/uploads\/2025\/01\/Sambonet-Servizio-monoblocco-rock.jpg","type":"image\/jpeg"}],"twitter_card":"summary_large_image","schema":{"@context":"https:\/\/schema.org","@graph":[{"@type":"WebPage","@id":"https:\/\/www.erresse-shop.it\/fr\/shop\/table-fr-2\/couverts\/sambonet-bloom-antique-6-fourchettes-a-dessert-copia\/","url":"https:\/\/www.erresse-shop.it\/fr\/shop\/table-fr-2\/couverts\/sambonet-bloom-antique-6-fourchettes-a-dessert-copia\/","name":"SAMBONET 24 Piece Set Monobloc Rock Black - Erresse Shop","isPartOf":{"@id":"https:\/\/www.erresse-shop.it\/fr\/#website"},"datePublished":"2025-01-22T08:35:18+00:00","dateModified":"2025-01-22T08:49:58+00:00","description":"Pour Sambonet, \u00eatre \u00ab rock \u00bb va bien au-del\u00e0 de l'esth\u00e9tique. Forts d'un ADN innovant, d'un design d\u00e9termin\u00e9 et d'un style raffin\u00e9, les nouveaux couverts","breadcrumb":{"@id":"https:\/\/www.erresse-shop.it\/fr\/shop\/table-fr-2\/couverts\/sambonet-bloom-antique-6-fourchettes-a-dessert-copia\/#breadcrumb"},"inLanguage":"fr-FR","potentialAction":[{"@type":"ReadAction","target":["https:\/\/www.erresse-shop.it\/fr\/shop\/table-fr-2\/couverts\/sambonet-bloom-antique-6-fourchettes-a-dessert-copia\/"]}]},{"@type":"BreadcrumbList","@id":"https:\/\/www.erresse-shop.it\/fr\/shop\/table-fr-2\/couverts\/sambonet-bloom-antique-6-fourchettes-a-dessert-copia\/#breadcrumb","itemListElement":[{"@type":"ListItem","position":1,"name":"Home","item":"https:\/\/www.erresse-shop.it\/fr\/"},{"@type":"ListItem","position":2,"name":"Shop","item":"https:\/\/www.erresse-shop.it\/fr\/shop\/"},{"@type":"ListItem","position":3,"name":"SAMBONET 24 Piece Set Monobloc Rock Black"}]},{"@type":"WebSite","@id":"https:\/\/www.erresse-shop.it\/fr\/#website","url":"https:\/\/www.erresse-shop.it\/fr\/","name":"Erresse Shop","description":"Articoli di qualit\u00e0 per la casa","potentialAction":[{"@type":"SearchAction","target":{"@type":"EntryPoint","urlTemplate":"https:\/\/www.erresse-shop.it\/fr\/?s={search_term_string}"},"query-input":"required name=search_term_string"}],"inLanguage":"fr-FR"}]}},"df_price":169,"df_sale_price":169,"df_regular_price":275,"df_image_link":"https:\/\/www.erresse-shop.it\/wp-content\/uploads\/2025\/01\/Sambonet-Servizio-monoblocco-rock-300x300.jpg","_links":{"self":[{"href":"https:\/\/www.erresse-shop.it\/fr\/wp-json\/wp\/v2\/product\/462329"}],"collection":[{"href":"https:\/\/www.erresse-shop.it\/fr\/wp-json\/wp\/v2\/product"}],"about":[{"href":"https:\/\/www.erresse-shop.it\/fr\/wp-json\/wp\/v2\/types\/product"}],"wp:featuredmedia":[{"embeddable":true,"href":"https:\/\/www.erresse-shop.it\/fr\/wp-json\/wp\/v2\/media\/462347"}],"wp:attachment":[{"href":"https:\/\/www.erresse-shop.it\/fr\/wp-json\/wp\/v2\/media?parent=462329"}],"wp:term":[{"taxonomy":"product_cat","embeddable":true,"href":"https:\/\/www.erresse-shop.it\/fr\/wp-json\/wp\/v2\/product_cat?post=462329"},{"taxonomy":"product_tag","embeddable":true,"href":"https:\/\/www.erresse-shop.it\/fr\/wp-json\/wp\/v2\/product_tag?post=462329"}],"curies":[{"name":"wp","href":"https:\/\/api.w.org\/{rel}","templated":true}]}}