{"id":462201,"date":"2025-01-21T14:37:53","date_gmt":"2025-01-21T14:37:56","guid":{"rendered":"https:\/\/www.erresse-shop.it\/?post_type=product&#038;p=462201"},"modified":"2025-01-21T14:51:54","modified_gmt":"2025-01-21T14:51:54","slug":"berkel-couteau-a-desosser-adhoc-black-16-cm-copia","status":"publish","type":"product","link":"https:\/\/www.erresse-shop.it\/fr\/shop\/cuisine\/couteaux\/berkel-couteau-a-desosser-adhoc-black-16-cm-copia\/","title":{"rendered":"BERKEL Couteau de cuisine Adhoc 20 cm Noir"},"content":{"rendered":"<p><strong>Le couteau de qualit\u00e9 professionnelle pour votre cuisine<\/strong><\/p>\n<p>Gr\u00e2ce \u00e0 sa pointe et sa lame mi-longue, ce couteau est indispensable en cuisine pour couper et \u00e9mincer viandes, poissons, fruits ou l\u00e9gumes.<\/p>\n<p><strong>CARACT\u00c9RISTIQUES<\/strong><\/p>\n<p>Le couteau de cuisine de la ligne Adhoc Berkel, gr\u00e2ce \u00e0 sa pointe et sa lame de longueur moyenne, est un outil indispensable en cuisine pour couper et hacher de la viande, du poisson, des fruits ou des l\u00e9gumes. Couteau de qualit\u00e9 professionnelle en acier inoxydable, strictement fabriqu\u00e9 en Italie, dot\u00e9 d&#8217;un manche noir avec rivets. Parfait pour pr\u00e9parer des recettes gourmandes, en travaillant les ingr\u00e9dients avec une coupe pr\u00e9cise et uniforme.<\/p>\n<ul>\n<li>Lame en acier au chrome-molybd\u00e8ne-vanadium 1.4116-X50 Cr Mo V15 de haute qualit\u00e9<\/li>\n<li>Lame d\u00e9coup\u00e9e au laser<\/li>\n<li>Poign\u00e9e compos\u00e9e de joues en r\u00e9sine assembl\u00e9es avec des rivets en acier AISI 304 sans rainures pour \u00e9viter l&#8217;accumulation de r\u00e9sidus<\/li>\n<li>Noeud en acier pour assurer une adh\u00e9rence maximale entre la lame et le manche et un \u00e9quilibre parfait du couteau pendant l&#8217;utilisation<\/li>\n<li>Logo Berkel grav\u00e9 sur la lame<\/li>\n<\/ul>\n<p><strong>Poids :<\/strong> 314 gr<br \/>\n<strong>Mat\u00e9riau de la lame\u00a0:<\/strong> acier inoxydable 1.4116-X50 Cr Mo V15\u00a0; Duret\u00e9 apr\u00e8s T.T : 53-54 HRC ; Carte : Bonne ; Rivets : Acier AISI 304<br \/>\n<strong>Grip :<\/strong> poign\u00e9es en r\u00e9sine assembl\u00e9es par rivets<br \/>\n<strong>Utilisation et entretien :<\/strong> Nous recommandons fortement le lavage \u00e0 la main \u00e0 l&#8217;eau chaude pour garantir l&#8217;int\u00e9grit\u00e9 du produit et sa durabilit\u00e9 dans le temps. Dans tous les cas, il est recommand\u00e9 de s\u00e9cher le couteau apr\u00e8s chaque lavage. N&#8217;utilisez pas de chiffons ou d&#8217;\u00e9ponges abrasives.<\/p>\n","protected":false},"excerpt":{"rendered":"<p>Le couteau de qualit\u00e9 professionnelle pour votre cuisine Gr\u00e2ce \u00e0 sa pointe et sa lame mi-longue, ce couteau est indispensable<\/p>\n","protected":false},"featured_media":462212,"template":"","meta":{"_acf_changed":false,"inline_featured_image":false},"product_cat":[12742,14452,12748],"product_tag":[18494,12839,20097,17315,12856],"acf":[],"yoast_head":"<!-- This site is optimized with the Yoast SEO Premium plugin v18.6 (Yoast SEO v19.13) - https:\/\/yoast.com\/wordpress\/plugins\/seo\/ -->\n<title>BERKEL Couteau \u00e0 pain Adhoc Noir 22 cm<\/title>\n<meta name=\"description\" content=\"D\u00e9couvrez BERKEL Couteau \u00e0 pain Adhoc Noir 22 cm sur ErresseShop. Qualit\u00e9, prix r\u00e9duits et achat s\u00e9curis\u00e9 \u2013 commandez d\u00e8s maintenant en ligne !\" \/>\n<meta name=\"robots\" content=\"index, follow, max-snippet:-1, max-image-preview:large, max-video-preview:-1\" \/>\n<link rel=\"canonical\" href=\"https:\/\/www.erresse-shop.it\/fr\/shop\/cuisine\/couteaux\/berkel-couteau-a-desosser-adhoc-black-16-cm-copia\/\" \/>\n<meta property=\"og:locale\" content=\"fr_FR\" \/>\n<meta property=\"og:type\" content=\"article\" \/>\n<meta property=\"og:title\" content=\"BERKEL Couteau de cuisine Adhoc 20 cm Noir\" \/>\n<meta property=\"og:description\" content=\"D\u00e9couvrez BERKEL Couteau \u00e0 pain Adhoc Noir 22 cm sur ErresseShop. Qualit\u00e9, prix r\u00e9duits et achat s\u00e9curis\u00e9 \u2013 commandez d\u00e8s maintenant en ligne !\" \/>\n<meta property=\"og:url\" content=\"https:\/\/www.erresse-shop.it\/fr\/shop\/cuisine\/couteaux\/berkel-couteau-a-desosser-adhoc-black-16-cm-copia\/\" \/>\n<meta property=\"og:site_name\" content=\"Erresse Shop\" \/>\n<meta property=\"article:modified_time\" content=\"2025-01-21T14:51:54+00:00\" \/>\n<meta property=\"og:image\" content=\"https:\/\/www.erresse-shop.it\/wp-content\/uploads\/2025\/01\/BERKEL-Coltello-da-Cucina-Adhoc-20-cm-Nero.jpg\" \/>\n\t<meta property=\"og:image:width\" content=\"1200\" \/>\n\t<meta property=\"og:image:height\" content=\"1200\" \/>\n\t<meta property=\"og:image:type\" content=\"image\/jpeg\" \/>\n<meta name=\"twitter:card\" content=\"summary_large_image\" \/>\n<script type=\"application\/ld+json\" class=\"yoast-schema-graph\">{\"@context\":\"https:\/\/schema.org\",\"@graph\":[{\"@type\":\"WebPage\",\"@id\":\"https:\/\/www.erresse-shop.it\/fr\/shop\/cuisine\/couteaux\/berkel-couteau-a-desosser-adhoc-black-16-cm-copia\/\",\"url\":\"https:\/\/www.erresse-shop.it\/fr\/shop\/cuisine\/couteaux\/berkel-couteau-a-desosser-adhoc-black-16-cm-copia\/\",\"name\":\"BERKEL Couteau \u00e0 pain Adhoc Noir 22 cm\",\"isPartOf\":{\"@id\":\"https:\/\/www.erresse-shop.it\/fr\/#website\"},\"datePublished\":\"2025-01-21T14:37:56+00:00\",\"dateModified\":\"2025-01-21T14:51:54+00:00\",\"description\":\"D\u00e9couvrez BERKEL Couteau \u00e0 pain Adhoc Noir 22 cm sur ErresseShop. Qualit\u00e9, prix r\u00e9duits et achat s\u00e9curis\u00e9 \u2013 commandez d\u00e8s maintenant en ligne !\",\"breadcrumb\":{\"@id\":\"https:\/\/www.erresse-shop.it\/fr\/shop\/cuisine\/couteaux\/berkel-couteau-a-desosser-adhoc-black-16-cm-copia\/#breadcrumb\"},\"inLanguage\":\"fr-FR\",\"potentialAction\":[{\"@type\":\"ReadAction\",\"target\":[\"https:\/\/www.erresse-shop.it\/fr\/shop\/cuisine\/couteaux\/berkel-couteau-a-desosser-adhoc-black-16-cm-copia\/\"]}]},{\"@type\":\"BreadcrumbList\",\"@id\":\"https:\/\/www.erresse-shop.it\/fr\/shop\/cuisine\/couteaux\/berkel-couteau-a-desosser-adhoc-black-16-cm-copia\/#breadcrumb\",\"itemListElement\":[{\"@type\":\"ListItem\",\"position\":1,\"name\":\"Home\",\"item\":\"https:\/\/www.erresse-shop.it\/fr\/\"},{\"@type\":\"ListItem\",\"position\":2,\"name\":\"Shop\",\"item\":\"https:\/\/www.erresse-shop.it\/fr\/shop\/\"},{\"@type\":\"ListItem\",\"position\":3,\"name\":\"BERKEL Couteau de cuisine Adhoc 20 cm Noir\"}]},{\"@type\":\"WebSite\",\"@id\":\"https:\/\/www.erresse-shop.it\/fr\/#website\",\"url\":\"https:\/\/www.erresse-shop.it\/fr\/\",\"name\":\"Erresse Shop\",\"description\":\"Articoli di qualit\u00e0 per la casa\",\"potentialAction\":[{\"@type\":\"SearchAction\",\"target\":{\"@type\":\"EntryPoint\",\"urlTemplate\":\"https:\/\/www.erresse-shop.it\/fr\/?s={search_term_string}\"},\"query-input\":\"required name=search_term_string\"}],\"inLanguage\":\"fr-FR\"}]}<\/script>\n<!-- \/ Yoast SEO Premium plugin. -->","yoast_head_json":{"title":"BERKEL Couteau \u00e0 pain Adhoc Noir 22 cm","description":"D\u00e9couvrez BERKEL Couteau \u00e0 pain Adhoc Noir 22 cm sur ErresseShop. Qualit\u00e9, prix r\u00e9duits et achat s\u00e9curis\u00e9 \u2013 commandez d\u00e8s maintenant en ligne !","robots":{"index":"index","follow":"follow","max-snippet":"max-snippet:-1","max-image-preview":"max-image-preview:large","max-video-preview":"max-video-preview:-1"},"canonical":"https:\/\/www.erresse-shop.it\/fr\/shop\/cuisine\/couteaux\/berkel-couteau-a-desosser-adhoc-black-16-cm-copia\/","og_locale":"fr_FR","og_type":"article","og_title":"BERKEL Couteau de cuisine Adhoc 20 cm Noir","og_description":"D\u00e9couvrez BERKEL Couteau \u00e0 pain Adhoc Noir 22 cm sur ErresseShop. Qualit\u00e9, prix r\u00e9duits et achat s\u00e9curis\u00e9 \u2013 commandez d\u00e8s maintenant en ligne !","og_url":"https:\/\/www.erresse-shop.it\/fr\/shop\/cuisine\/couteaux\/berkel-couteau-a-desosser-adhoc-black-16-cm-copia\/","og_site_name":"Erresse Shop","article_modified_time":"2025-01-21T14:51:54+00:00","og_image":[{"width":1200,"height":1200,"url":"https:\/\/www.erresse-shop.it\/wp-content\/uploads\/2025\/01\/BERKEL-Coltello-da-Cucina-Adhoc-20-cm-Nero.jpg","type":"image\/jpeg"}],"twitter_card":"summary_large_image","schema":{"@context":"https:\/\/schema.org","@graph":[{"@type":"WebPage","@id":"https:\/\/www.erresse-shop.it\/fr\/shop\/cuisine\/couteaux\/berkel-couteau-a-desosser-adhoc-black-16-cm-copia\/","url":"https:\/\/www.erresse-shop.it\/fr\/shop\/cuisine\/couteaux\/berkel-couteau-a-desosser-adhoc-black-16-cm-copia\/","name":"BERKEL Couteau \u00e0 pain Adhoc Noir 22 cm","isPartOf":{"@id":"https:\/\/www.erresse-shop.it\/fr\/#website"},"datePublished":"2025-01-21T14:37:56+00:00","dateModified":"2025-01-21T14:51:54+00:00","description":"D\u00e9couvrez BERKEL Couteau \u00e0 pain Adhoc Noir 22 cm sur ErresseShop. Qualit\u00e9, prix r\u00e9duits et achat s\u00e9curis\u00e9 \u2013 commandez d\u00e8s maintenant en ligne !","breadcrumb":{"@id":"https:\/\/www.erresse-shop.it\/fr\/shop\/cuisine\/couteaux\/berkel-couteau-a-desosser-adhoc-black-16-cm-copia\/#breadcrumb"},"inLanguage":"fr-FR","potentialAction":[{"@type":"ReadAction","target":["https:\/\/www.erresse-shop.it\/fr\/shop\/cuisine\/couteaux\/berkel-couteau-a-desosser-adhoc-black-16-cm-copia\/"]}]},{"@type":"BreadcrumbList","@id":"https:\/\/www.erresse-shop.it\/fr\/shop\/cuisine\/couteaux\/berkel-couteau-a-desosser-adhoc-black-16-cm-copia\/#breadcrumb","itemListElement":[{"@type":"ListItem","position":1,"name":"Home","item":"https:\/\/www.erresse-shop.it\/fr\/"},{"@type":"ListItem","position":2,"name":"Shop","item":"https:\/\/www.erresse-shop.it\/fr\/shop\/"},{"@type":"ListItem","position":3,"name":"BERKEL Couteau de cuisine Adhoc 20 cm Noir"}]},{"@type":"WebSite","@id":"https:\/\/www.erresse-shop.it\/fr\/#website","url":"https:\/\/www.erresse-shop.it\/fr\/","name":"Erresse Shop","description":"Articoli di qualit\u00e0 per la casa","potentialAction":[{"@type":"SearchAction","target":{"@type":"EntryPoint","urlTemplate":"https:\/\/www.erresse-shop.it\/fr\/?s={search_term_string}"},"query-input":"required name=search_term_string"}],"inLanguage":"fr-FR"}]}},"df_price":29.5,"df_sale_price":29.5,"df_regular_price":59,"df_image_link":"https:\/\/www.erresse-shop.it\/wp-content\/uploads\/2025\/01\/BERKEL-Coltello-da-Cucina-Adhoc-20-cm-Nero-300x300.jpg","_links":{"self":[{"href":"https:\/\/www.erresse-shop.it\/fr\/wp-json\/wp\/v2\/product\/462201"}],"collection":[{"href":"https:\/\/www.erresse-shop.it\/fr\/wp-json\/wp\/v2\/product"}],"about":[{"href":"https:\/\/www.erresse-shop.it\/fr\/wp-json\/wp\/v2\/types\/product"}],"wp:featuredmedia":[{"embeddable":true,"href":"https:\/\/www.erresse-shop.it\/fr\/wp-json\/wp\/v2\/media\/462212"}],"wp:attachment":[{"href":"https:\/\/www.erresse-shop.it\/fr\/wp-json\/wp\/v2\/media?parent=462201"}],"wp:term":[{"taxonomy":"product_cat","embeddable":true,"href":"https:\/\/www.erresse-shop.it\/fr\/wp-json\/wp\/v2\/product_cat?post=462201"},{"taxonomy":"product_tag","embeddable":true,"href":"https:\/\/www.erresse-shop.it\/fr\/wp-json\/wp\/v2\/product_tag?post=462201"}],"curies":[{"name":"wp","href":"https:\/\/api.w.org\/{rel}","templated":true}]}}