{"id":462137,"date":"2025-01-21T13:40:19","date_gmt":"2025-01-21T13:40:22","guid":{"rendered":"https:\/\/www.erresse-shop.it\/?post_type=product&#038;p=462137"},"modified":"2025-01-21T14:04:31","modified_gmt":"2025-01-21T14:04:31","slug":"berkel-bloc-couteau-bag-blanc-copia","status":"publish","type":"product","link":"https:\/\/www.erresse-shop.it\/fr\/shop\/cuisine\/couteaux\/berkel-bloc-couteau-bag-blanc-copia\/","title":{"rendered":"BERKEL Bloc Sense Black + Set de 5 Couteaux Elegance Black"},"content":{"rendered":"<h1><span style=\"font-size: 12pt;\">Bloc de couteaux avec jeu de 5 pi\u00e8ces<\/span><\/h1>\n<p>Bloc en bois recouvert de cuir teint\u00e9. Contient un ensemble de 5 pi\u00e8ces pour ne pas vous tromper lorsque vous souhaitez trancher du pain ou r\u00f4tir. Les couteaux d&#8217;office et de cuisine permettent une grande vari\u00e9t\u00e9 de pr\u00e9parations de base. Les malles \u00e9l\u00e9gantes qui les contiennent sont fabriqu\u00e9es avec les meilleurs mat\u00e9riaux par des artisans sp\u00e9cialis\u00e9s ; un objet qui meuble et compl\u00e8te la cuisine.<\/p>\n<p><strong>Composition du d\u00e9cor :<\/strong><\/p>\n<ul>\n<li>Couteau \u00e0 pain 22 cm<\/li>\n<li>Couteau \u00e0 r\u00f4ti 22 cm<\/li>\n<li>Couteau de cuisine 20 cm<\/li>\n<li>Couteau de cuisine 16 cm<\/li>\n<li>Couteau d&#8217;office 11 cm<\/li>\n<li>Souche Sens Black<\/li>\n<\/ul>\n<div class=\"attribute\"><strong>Utilisation et maintenance<\/strong><\/div>\n<div class=\"data\">Nous recommandons fortement le lavage \u00e0 la main \u00e0 l&#8217;eau chaude pour garantir l&#8217;int\u00e9grit\u00e9 et la durabilit\u00e9 du produit.<br \/>\nDans tous les cas, il est recommand\u00e9 de s\u00e9cher le couteau apr\u00e8s chaque lavage.<br \/>\nN&#8217;utilisez pas de chiffons ou d&#8217;\u00e9ponges abrasives.<\/div>\n","protected":false},"excerpt":{"rendered":"<p>Bloc de couteaux avec jeu de 5 pi\u00e8ces Bloc en bois recouvert de cuir teint\u00e9. Contient un ensemble de 5<\/p>\n","protected":false},"featured_media":462142,"template":"","meta":{"_acf_changed":false,"inline_featured_image":false},"product_cat":[12745,12742,12748],"product_tag":[15838,14045,12839,17305,17310,17315,12856,15416],"acf":[],"yoast_head":"<!-- This site is optimized with the Yoast SEO Premium plugin v18.6 (Yoast SEO v19.13) - https:\/\/yoast.com\/wordpress\/plugins\/seo\/ -->\n<title>BERKEL Bloc Couteau Bag Blanc<\/title>\n<meta name=\"description\" content=\"D\u00e9couvrez BERKEL Bloc Couteau Bag Blanc sur ErresseShop. Qualit\u00e9, prix r\u00e9duits et achat s\u00e9curis\u00e9 \u2013 commandez d\u00e8s maintenant en ligne !\" \/>\n<meta name=\"robots\" content=\"index, follow, max-snippet:-1, max-image-preview:large, max-video-preview:-1\" \/>\n<link rel=\"canonical\" href=\"https:\/\/www.erresse-shop.it\/fr\/shop\/cuisine\/couteaux\/berkel-bloc-couteau-bag-blanc-copia\/\" \/>\n<meta property=\"og:locale\" content=\"fr_FR\" \/>\n<meta property=\"og:type\" content=\"article\" \/>\n<meta property=\"og:title\" content=\"BERKEL Bloc Sense Black + Set de 5 Couteaux Elegance Black\" \/>\n<meta property=\"og:description\" content=\"D\u00e9couvrez BERKEL Bloc Couteau Bag Blanc sur ErresseShop. Qualit\u00e9, prix r\u00e9duits et achat s\u00e9curis\u00e9 \u2013 commandez d\u00e8s maintenant en ligne !\" \/>\n<meta property=\"og:url\" content=\"https:\/\/www.erresse-shop.it\/fr\/shop\/cuisine\/couteaux\/berkel-bloc-couteau-bag-blanc-copia\/\" \/>\n<meta property=\"og:site_name\" content=\"Erresse Shop\" \/>\n<meta property=\"article:modified_time\" content=\"2025-01-21T14:04:31+00:00\" \/>\n<meta property=\"og:image\" content=\"https:\/\/www.erresse-shop.it\/wp-content\/uploads\/2025\/01\/BERKEL-Ceppo-Sense-Nero-Set-5-coltelli-Elegance-Nero.jpg\" \/>\n\t<meta property=\"og:image:width\" content=\"1200\" \/>\n\t<meta property=\"og:image:height\" content=\"1200\" \/>\n\t<meta property=\"og:image:type\" content=\"image\/jpeg\" \/>\n<meta name=\"twitter:card\" content=\"summary_large_image\" \/>\n<script type=\"application\/ld+json\" class=\"yoast-schema-graph\">{\"@context\":\"https:\/\/schema.org\",\"@graph\":[{\"@type\":\"WebPage\",\"@id\":\"https:\/\/www.erresse-shop.it\/fr\/shop\/cuisine\/couteaux\/berkel-bloc-couteau-bag-blanc-copia\/\",\"url\":\"https:\/\/www.erresse-shop.it\/fr\/shop\/cuisine\/couteaux\/berkel-bloc-couteau-bag-blanc-copia\/\",\"name\":\"BERKEL Bloc Couteau Bag Blanc\",\"isPartOf\":{\"@id\":\"https:\/\/www.erresse-shop.it\/fr\/#website\"},\"datePublished\":\"2025-01-21T13:40:22+00:00\",\"dateModified\":\"2025-01-21T14:04:31+00:00\",\"description\":\"D\u00e9couvrez BERKEL Bloc Couteau Bag Blanc sur ErresseShop. Qualit\u00e9, prix r\u00e9duits et achat s\u00e9curis\u00e9 \u2013 commandez d\u00e8s maintenant en ligne !\",\"breadcrumb\":{\"@id\":\"https:\/\/www.erresse-shop.it\/fr\/shop\/cuisine\/couteaux\/berkel-bloc-couteau-bag-blanc-copia\/#breadcrumb\"},\"inLanguage\":\"fr-FR\",\"potentialAction\":[{\"@type\":\"ReadAction\",\"target\":[\"https:\/\/www.erresse-shop.it\/fr\/shop\/cuisine\/couteaux\/berkel-bloc-couteau-bag-blanc-copia\/\"]}]},{\"@type\":\"BreadcrumbList\",\"@id\":\"https:\/\/www.erresse-shop.it\/fr\/shop\/cuisine\/couteaux\/berkel-bloc-couteau-bag-blanc-copia\/#breadcrumb\",\"itemListElement\":[{\"@type\":\"ListItem\",\"position\":1,\"name\":\"Home\",\"item\":\"https:\/\/www.erresse-shop.it\/fr\/\"},{\"@type\":\"ListItem\",\"position\":2,\"name\":\"Shop\",\"item\":\"https:\/\/www.erresse-shop.it\/fr\/shop\/\"},{\"@type\":\"ListItem\",\"position\":3,\"name\":\"BERKEL Bloc Sense Black + Set de 5 Couteaux Elegance Black\"}]},{\"@type\":\"WebSite\",\"@id\":\"https:\/\/www.erresse-shop.it\/fr\/#website\",\"url\":\"https:\/\/www.erresse-shop.it\/fr\/\",\"name\":\"Erresse Shop\",\"description\":\"Articoli di qualit\u00e0 per la casa\",\"potentialAction\":[{\"@type\":\"SearchAction\",\"target\":{\"@type\":\"EntryPoint\",\"urlTemplate\":\"https:\/\/www.erresse-shop.it\/fr\/?s={search_term_string}\"},\"query-input\":\"required name=search_term_string\"}],\"inLanguage\":\"fr-FR\"}]}<\/script>\n<!-- \/ Yoast SEO Premium plugin. -->","yoast_head_json":{"title":"BERKEL Bloc Couteau Bag Blanc","description":"D\u00e9couvrez BERKEL Bloc Couteau Bag Blanc sur ErresseShop. Qualit\u00e9, prix r\u00e9duits et achat s\u00e9curis\u00e9 \u2013 commandez d\u00e8s maintenant en ligne !","robots":{"index":"index","follow":"follow","max-snippet":"max-snippet:-1","max-image-preview":"max-image-preview:large","max-video-preview":"max-video-preview:-1"},"canonical":"https:\/\/www.erresse-shop.it\/fr\/shop\/cuisine\/couteaux\/berkel-bloc-couteau-bag-blanc-copia\/","og_locale":"fr_FR","og_type":"article","og_title":"BERKEL Bloc Sense Black + Set de 5 Couteaux Elegance Black","og_description":"D\u00e9couvrez BERKEL Bloc Couteau Bag Blanc sur ErresseShop. Qualit\u00e9, prix r\u00e9duits et achat s\u00e9curis\u00e9 \u2013 commandez d\u00e8s maintenant en ligne !","og_url":"https:\/\/www.erresse-shop.it\/fr\/shop\/cuisine\/couteaux\/berkel-bloc-couteau-bag-blanc-copia\/","og_site_name":"Erresse Shop","article_modified_time":"2025-01-21T14:04:31+00:00","og_image":[{"width":1200,"height":1200,"url":"https:\/\/www.erresse-shop.it\/wp-content\/uploads\/2025\/01\/BERKEL-Ceppo-Sense-Nero-Set-5-coltelli-Elegance-Nero.jpg","type":"image\/jpeg"}],"twitter_card":"summary_large_image","schema":{"@context":"https:\/\/schema.org","@graph":[{"@type":"WebPage","@id":"https:\/\/www.erresse-shop.it\/fr\/shop\/cuisine\/couteaux\/berkel-bloc-couteau-bag-blanc-copia\/","url":"https:\/\/www.erresse-shop.it\/fr\/shop\/cuisine\/couteaux\/berkel-bloc-couteau-bag-blanc-copia\/","name":"BERKEL Bloc Couteau Bag Blanc","isPartOf":{"@id":"https:\/\/www.erresse-shop.it\/fr\/#website"},"datePublished":"2025-01-21T13:40:22+00:00","dateModified":"2025-01-21T14:04:31+00:00","description":"D\u00e9couvrez BERKEL Bloc Couteau Bag Blanc sur ErresseShop. Qualit\u00e9, prix r\u00e9duits et achat s\u00e9curis\u00e9 \u2013 commandez d\u00e8s maintenant en ligne !","breadcrumb":{"@id":"https:\/\/www.erresse-shop.it\/fr\/shop\/cuisine\/couteaux\/berkel-bloc-couteau-bag-blanc-copia\/#breadcrumb"},"inLanguage":"fr-FR","potentialAction":[{"@type":"ReadAction","target":["https:\/\/www.erresse-shop.it\/fr\/shop\/cuisine\/couteaux\/berkel-bloc-couteau-bag-blanc-copia\/"]}]},{"@type":"BreadcrumbList","@id":"https:\/\/www.erresse-shop.it\/fr\/shop\/cuisine\/couteaux\/berkel-bloc-couteau-bag-blanc-copia\/#breadcrumb","itemListElement":[{"@type":"ListItem","position":1,"name":"Home","item":"https:\/\/www.erresse-shop.it\/fr\/"},{"@type":"ListItem","position":2,"name":"Shop","item":"https:\/\/www.erresse-shop.it\/fr\/shop\/"},{"@type":"ListItem","position":3,"name":"BERKEL Bloc Sense Black + Set de 5 Couteaux Elegance Black"}]},{"@type":"WebSite","@id":"https:\/\/www.erresse-shop.it\/fr\/#website","url":"https:\/\/www.erresse-shop.it\/fr\/","name":"Erresse Shop","description":"Articoli di qualit\u00e0 per la casa","potentialAction":[{"@type":"SearchAction","target":{"@type":"EntryPoint","urlTemplate":"https:\/\/www.erresse-shop.it\/fr\/?s={search_term_string}"},"query-input":"required name=search_term_string"}],"inLanguage":"fr-FR"}]}},"df_price":659.5,"df_sale_price":659.5,"df_regular_price":1319,"df_image_link":"https:\/\/www.erresse-shop.it\/wp-content\/uploads\/2025\/01\/BERKEL-Ceppo-Sense-Nero-Set-5-coltelli-Elegance-Nero-300x300.jpg","_links":{"self":[{"href":"https:\/\/www.erresse-shop.it\/fr\/wp-json\/wp\/v2\/product\/462137"}],"collection":[{"href":"https:\/\/www.erresse-shop.it\/fr\/wp-json\/wp\/v2\/product"}],"about":[{"href":"https:\/\/www.erresse-shop.it\/fr\/wp-json\/wp\/v2\/types\/product"}],"wp:featuredmedia":[{"embeddable":true,"href":"https:\/\/www.erresse-shop.it\/fr\/wp-json\/wp\/v2\/media\/462142"}],"wp:attachment":[{"href":"https:\/\/www.erresse-shop.it\/fr\/wp-json\/wp\/v2\/media?parent=462137"}],"wp:term":[{"taxonomy":"product_cat","embeddable":true,"href":"https:\/\/www.erresse-shop.it\/fr\/wp-json\/wp\/v2\/product_cat?post=462137"},{"taxonomy":"product_tag","embeddable":true,"href":"https:\/\/www.erresse-shop.it\/fr\/wp-json\/wp\/v2\/product_tag?post=462137"}],"curies":[{"name":"wp","href":"https:\/\/api.w.org\/{rel}","templated":true}]}}