{"id":461702,"date":"2025-01-20T10:55:23","date_gmt":"2025-01-20T10:55:27","guid":{"rendered":"https:\/\/www.erresse-shop.it\/?post_type=product&#038;p=461702"},"modified":"2025-01-20T11:14:19","modified_gmt":"2025-01-20T11:14:19","slug":"ooni-pelle-a-pizza-ronde-copia","status":"publish","type":"product","link":"https:\/\/www.erresse-shop.it\/fr\/shop\/poeles-pots\/poeles\/ooni-pelle-a-pizza-ronde-copia\/","title":{"rendered":"OONI Po\u00eale \u00e0 frire en fonte"},"content":{"rendered":"<div class=\"metafield-rich_text_field\">\n<p><strong>D\u00e9couvrez la plaque chauffante pratique Ooni et pr\u00e9sentez vos recettes d&#8217;une toute nouvelle fa\u00e7on<\/strong><\/p>\n<\/div>\n<div class=\"product__description-format\u00e9\">\n<div class=\"metafield-rich_text_field\">\n<p>La po\u00eale ronde lisse Ooni est l&#8217;accessoire id\u00e9al pour cuire de la viande, du poisson, des l\u00e9gumes et bien d&#8217;autres plats. Sa surface lisse permet une cuisson uniforme et vous permet de profiter au maximum de la capacit\u00e9 thermique des fours Ooni. Que vous cuisiniez un gros repas ou pr\u00e9pariez un d\u00eener l\u00e9ger, cette po\u00eale est la solution parfaite pour obtenir des r\u00e9sultats professionnels \u00e0 la maison.<\/p>\n<p><strong>Poign\u00e9e amovible pour un confort in\u00e9gal\u00e9<\/strong><br \/>\nLa po\u00eale Ooni est dot\u00e9e d&#8217;une poign\u00e9e amovible au design unique qui la rend tr\u00e8s pratique \u00e0 utiliser. La poign\u00e9e permet de d\u00e9placer la po\u00eale facilement et en toute s\u00e9curit\u00e9, et est parfaite pour apporter des plats chauds directement \u00e0 table. Non seulement fonctionnelle, mais aussi \u00e9l\u00e9gante, cette po\u00eale ajoute une touche de style \u00e0 votre cuisine.<\/p>\n<p><strong>Base en bois pour servir avec style<\/strong><br \/>\nChaque po\u00eale est livr\u00e9e avec une base en bois de h\u00eatre qui peut \u00e9galement \u00eatre utilis\u00e9e comme planche \u00e0 d\u00e9couper. Cette base est parfaite pour servir vos plats de mani\u00e8re \u00e9l\u00e9gante et s\u00fbre, en prot\u00e9geant les surfaces des \u00e9ventuels dommages caus\u00e9s par la chaleur. L&#8217;association de la fonte et du bois fait de cette po\u00eale un accessoire indispensable pour chaque cuisine.<\/p>\n<div class=\"product__description-format\u00e9\">\n<div class=\"metafield-rich_text_field\">\n<p><strong>Compatibilit\u00e9 avec tous les fours Ooni<\/strong><br \/>\nLa po\u00eale ronde lisse Ooni est compatible avec tous les fours \u00e0 pizza Ooni, ce qui la rend parfaite pour toutes les occasions. La fonte conserve la chaleur longtemps, assurant ainsi une cuisson optimale, que vous utilisiez un four \u00e0 bois, un four \u00e0 gaz ou un four \u00e0 charbon Ooni. Les performances sont excellentes dans toutes les conditions, pour des plats parfaits \u00e0 chaque fois.<\/p>\n<\/div>\n<div class=\"metafield-rich_text_field\">\n<p><strong>Caract\u00e9ristiques techniques et praticit\u00e9<\/strong><br \/>\nLa po\u00eale Ooni dispose d&#8217;une surface de cuisson de 23 cm de diam\u00e8tre, id\u00e9ale pour pr\u00e9parer des portions individuelles ou cuire plusieurs ingr\u00e9dients \u00e0 la fois. Mesurant 42 x 25 x 4 cm et pesant 2,9 kg, il est suffisamment robuste pour une utilisation intensive, mais suffisamment l\u00e9ger pour \u00eatre manipul\u00e9 sans fatigue. Parfaite pour une large gamme de plats, cette po\u00eale est un incontournable pour tout amateur de cuisine.<\/p>\n<\/div>\n<\/div>\n<div class=\"pin-spacer\">\n<div class=\"produit__floating\">\n<div class=\"produit__produit-float\"><\/div>\n<\/div>\n<\/div>\n<\/div>\n<\/div>\n","protected":false},"excerpt":{"rendered":"<p>D\u00e9couvrez la plaque chauffante pratique Ooni et pr\u00e9sentez vos recettes d&#8217;une toute nouvelle fa\u00e7on La po\u00eale ronde lisse Ooni est<\/p>\n","protected":false},"featured_media":461708,"template":"","meta":{"_acf_changed":false,"inline_featured_image":false},"product_cat":[12458,14802],"product_tag":[21529,12460,13178],"acf":[],"yoast_head":"<!-- This site is optimized with the Yoast SEO Premium plugin v18.6 (Yoast SEO v19.13) - https:\/\/yoast.com\/wordpress\/plugins\/seo\/ -->\n<title>OONI Po\u00eale \u00e0 frire en fonte - Erresse Shop<\/title>\n<meta name=\"description\" content=\"D\u00e9couvrez la plaque chauffante pratique Ooni et pr\u00e9sentez vos recettes d&#039;une toute nouvelle fa\u00e7on La po\u00eale ronde lisse Ooni est l&#039;accessoire id\u00e9al pour\" \/>\n<meta name=\"robots\" content=\"index, follow, max-snippet:-1, max-image-preview:large, max-video-preview:-1\" \/>\n<link rel=\"canonical\" href=\"https:\/\/www.erresse-shop.it\/fr\/shop\/poeles-pots\/poeles\/ooni-pelle-a-pizza-ronde-copia\/\" \/>\n<meta property=\"og:locale\" content=\"fr_FR\" \/>\n<meta property=\"og:type\" content=\"article\" \/>\n<meta property=\"og:title\" content=\"OONI Po\u00eale \u00e0 frire en fonte\" \/>\n<meta property=\"og:description\" content=\"D\u00e9couvrez la plaque chauffante pratique Ooni et pr\u00e9sentez vos recettes d&#039;une toute nouvelle fa\u00e7on La po\u00eale ronde lisse Ooni est l&#039;accessoire id\u00e9al pour\" \/>\n<meta property=\"og:url\" content=\"https:\/\/www.erresse-shop.it\/fr\/shop\/poeles-pots\/poeles\/ooni-pelle-a-pizza-ronde-copia\/\" \/>\n<meta property=\"og:site_name\" content=\"Erresse Shop\" \/>\n<meta property=\"article:modified_time\" content=\"2025-01-20T11:14:19+00:00\" \/>\n<meta property=\"og:image\" content=\"https:\/\/www.erresse-shop.it\/wp-content\/uploads\/2025\/01\/OONI-Padella-in-Ghisa.jpg\" \/>\n\t<meta property=\"og:image:width\" content=\"1200\" \/>\n\t<meta property=\"og:image:height\" content=\"1200\" \/>\n\t<meta property=\"og:image:type\" content=\"image\/jpeg\" \/>\n<meta name=\"twitter:card\" content=\"summary_large_image\" \/>\n<script type=\"application\/ld+json\" class=\"yoast-schema-graph\">{\"@context\":\"https:\/\/schema.org\",\"@graph\":[{\"@type\":\"WebPage\",\"@id\":\"https:\/\/www.erresse-shop.it\/fr\/shop\/poeles-pots\/poeles\/ooni-pelle-a-pizza-ronde-copia\/\",\"url\":\"https:\/\/www.erresse-shop.it\/fr\/shop\/poeles-pots\/poeles\/ooni-pelle-a-pizza-ronde-copia\/\",\"name\":\"OONI Po\u00eale \u00e0 frire en fonte - Erresse Shop\",\"isPartOf\":{\"@id\":\"https:\/\/www.erresse-shop.it\/fr\/#website\"},\"datePublished\":\"2025-01-20T10:55:27+00:00\",\"dateModified\":\"2025-01-20T11:14:19+00:00\",\"description\":\"D\u00e9couvrez la plaque chauffante pratique Ooni et pr\u00e9sentez vos recettes d'une toute nouvelle fa\u00e7on La po\u00eale ronde lisse Ooni est l'accessoire id\u00e9al pour\",\"breadcrumb\":{\"@id\":\"https:\/\/www.erresse-shop.it\/fr\/shop\/poeles-pots\/poeles\/ooni-pelle-a-pizza-ronde-copia\/#breadcrumb\"},\"inLanguage\":\"fr-FR\",\"potentialAction\":[{\"@type\":\"ReadAction\",\"target\":[\"https:\/\/www.erresse-shop.it\/fr\/shop\/poeles-pots\/poeles\/ooni-pelle-a-pizza-ronde-copia\/\"]}]},{\"@type\":\"BreadcrumbList\",\"@id\":\"https:\/\/www.erresse-shop.it\/fr\/shop\/poeles-pots\/poeles\/ooni-pelle-a-pizza-ronde-copia\/#breadcrumb\",\"itemListElement\":[{\"@type\":\"ListItem\",\"position\":1,\"name\":\"Home\",\"item\":\"https:\/\/www.erresse-shop.it\/fr\/\"},{\"@type\":\"ListItem\",\"position\":2,\"name\":\"Shop\",\"item\":\"https:\/\/www.erresse-shop.it\/fr\/shop\/\"},{\"@type\":\"ListItem\",\"position\":3,\"name\":\"OONI Po\u00eale \u00e0 frire en fonte\"}]},{\"@type\":\"WebSite\",\"@id\":\"https:\/\/www.erresse-shop.it\/fr\/#website\",\"url\":\"https:\/\/www.erresse-shop.it\/fr\/\",\"name\":\"Erresse Shop\",\"description\":\"Articoli di qualit\u00e0 per la casa\",\"potentialAction\":[{\"@type\":\"SearchAction\",\"target\":{\"@type\":\"EntryPoint\",\"urlTemplate\":\"https:\/\/www.erresse-shop.it\/fr\/?s={search_term_string}\"},\"query-input\":\"required name=search_term_string\"}],\"inLanguage\":\"fr-FR\"}]}<\/script>\n<!-- \/ Yoast SEO Premium plugin. -->","yoast_head_json":{"title":"OONI Po\u00eale \u00e0 frire en fonte - Erresse Shop","description":"D\u00e9couvrez la plaque chauffante pratique Ooni et pr\u00e9sentez vos recettes d'une toute nouvelle fa\u00e7on La po\u00eale ronde lisse Ooni est l'accessoire id\u00e9al pour","robots":{"index":"index","follow":"follow","max-snippet":"max-snippet:-1","max-image-preview":"max-image-preview:large","max-video-preview":"max-video-preview:-1"},"canonical":"https:\/\/www.erresse-shop.it\/fr\/shop\/poeles-pots\/poeles\/ooni-pelle-a-pizza-ronde-copia\/","og_locale":"fr_FR","og_type":"article","og_title":"OONI Po\u00eale \u00e0 frire en fonte","og_description":"D\u00e9couvrez la plaque chauffante pratique Ooni et pr\u00e9sentez vos recettes d'une toute nouvelle fa\u00e7on La po\u00eale ronde lisse Ooni est l'accessoire id\u00e9al pour","og_url":"https:\/\/www.erresse-shop.it\/fr\/shop\/poeles-pots\/poeles\/ooni-pelle-a-pizza-ronde-copia\/","og_site_name":"Erresse Shop","article_modified_time":"2025-01-20T11:14:19+00:00","og_image":[{"width":1200,"height":1200,"url":"https:\/\/www.erresse-shop.it\/wp-content\/uploads\/2025\/01\/OONI-Padella-in-Ghisa.jpg","type":"image\/jpeg"}],"twitter_card":"summary_large_image","schema":{"@context":"https:\/\/schema.org","@graph":[{"@type":"WebPage","@id":"https:\/\/www.erresse-shop.it\/fr\/shop\/poeles-pots\/poeles\/ooni-pelle-a-pizza-ronde-copia\/","url":"https:\/\/www.erresse-shop.it\/fr\/shop\/poeles-pots\/poeles\/ooni-pelle-a-pizza-ronde-copia\/","name":"OONI Po\u00eale \u00e0 frire en fonte - Erresse Shop","isPartOf":{"@id":"https:\/\/www.erresse-shop.it\/fr\/#website"},"datePublished":"2025-01-20T10:55:27+00:00","dateModified":"2025-01-20T11:14:19+00:00","description":"D\u00e9couvrez la plaque chauffante pratique Ooni et pr\u00e9sentez vos recettes d'une toute nouvelle fa\u00e7on La po\u00eale ronde lisse Ooni est l'accessoire id\u00e9al pour","breadcrumb":{"@id":"https:\/\/www.erresse-shop.it\/fr\/shop\/poeles-pots\/poeles\/ooni-pelle-a-pizza-ronde-copia\/#breadcrumb"},"inLanguage":"fr-FR","potentialAction":[{"@type":"ReadAction","target":["https:\/\/www.erresse-shop.it\/fr\/shop\/poeles-pots\/poeles\/ooni-pelle-a-pizza-ronde-copia\/"]}]},{"@type":"BreadcrumbList","@id":"https:\/\/www.erresse-shop.it\/fr\/shop\/poeles-pots\/poeles\/ooni-pelle-a-pizza-ronde-copia\/#breadcrumb","itemListElement":[{"@type":"ListItem","position":1,"name":"Home","item":"https:\/\/www.erresse-shop.it\/fr\/"},{"@type":"ListItem","position":2,"name":"Shop","item":"https:\/\/www.erresse-shop.it\/fr\/shop\/"},{"@type":"ListItem","position":3,"name":"OONI Po\u00eale \u00e0 frire en fonte"}]},{"@type":"WebSite","@id":"https:\/\/www.erresse-shop.it\/fr\/#website","url":"https:\/\/www.erresse-shop.it\/fr\/","name":"Erresse Shop","description":"Articoli di qualit\u00e0 per la casa","potentialAction":[{"@type":"SearchAction","target":{"@type":"EntryPoint","urlTemplate":"https:\/\/www.erresse-shop.it\/fr\/?s={search_term_string}"},"query-input":"required name=search_term_string"}],"inLanguage":"fr-FR"}]}},"df_price":41.2425,"df_sale_price":41.2425,"df_regular_price":54.99,"df_image_link":"https:\/\/www.erresse-shop.it\/wp-content\/uploads\/2025\/01\/OONI-Padella-in-Ghisa-300x300.jpg","_links":{"self":[{"href":"https:\/\/www.erresse-shop.it\/fr\/wp-json\/wp\/v2\/product\/461702"}],"collection":[{"href":"https:\/\/www.erresse-shop.it\/fr\/wp-json\/wp\/v2\/product"}],"about":[{"href":"https:\/\/www.erresse-shop.it\/fr\/wp-json\/wp\/v2\/types\/product"}],"wp:featuredmedia":[{"embeddable":true,"href":"https:\/\/www.erresse-shop.it\/fr\/wp-json\/wp\/v2\/media\/461708"}],"wp:attachment":[{"href":"https:\/\/www.erresse-shop.it\/fr\/wp-json\/wp\/v2\/media?parent=461702"}],"wp:term":[{"taxonomy":"product_cat","embeddable":true,"href":"https:\/\/www.erresse-shop.it\/fr\/wp-json\/wp\/v2\/product_cat?post=461702"},{"taxonomy":"product_tag","embeddable":true,"href":"https:\/\/www.erresse-shop.it\/fr\/wp-json\/wp\/v2\/product_tag?post=461702"}],"curies":[{"name":"wp","href":"https:\/\/api.w.org\/{rel}","templated":true}]}}