{"id":461544,"date":"2025-01-20T08:53:30","date_gmt":"2025-01-20T08:53:33","guid":{"rendered":"https:\/\/www.erresse-shop.it\/?post_type=product&#038;p=461544"},"modified":"2026-02-24T08:51:06","modified_gmt":"2026-02-24T08:51:06","slug":"le-creuset-poele-a-frire-evolution-double-bec-26-cm-bleu-caraibes","status":"publish","type":"product","link":"https:\/\/www.erresse-shop.it\/fr\/shop\/poeles-pots\/poeles\/le-creuset-poele-a-frire-evolution-double-bec-26-cm-bleu-caraibes\/","title":{"rendered":"LE CREUSET Po\u00eale \u00e0 frire Evolution Double Bec 26 cm Bleu Cara\u00efbes"},"content":{"rendered":"<p>Cette po\u00eale est fabriqu\u00e9e \u00e0 partir de notre l\u00e9gendaire fonte \u00e9maill\u00e9e, elle peut donc \u00eatre utilis\u00e9e au four ou sur la cuisini\u00e8re. V\u00e9ritable alli\u00e9 indispensable en cuisine, il est dot\u00e9 d&#8217;une poign\u00e9e ergonomique, facilitant son d\u00e9placement. Le double bec verseur permet de verser et de servir sans couler. \u00cates-vous pr\u00eat \u00e0 servir ? Apportez la nourriture directement \u00e0 la table.<\/p>\n<ul>\n<li class=\"mb-3\">Polyvalence : Ce produit convient au four, \u00e0 la cuisini\u00e8re et au four en mode grill.<\/li>\n<li class=\"mb-3\">Des aliments savoureux : la fonte \u00e9maill\u00e9e retient la chaleur pour une cuisson et un brunissement uniformes. Vos d\u00e9licieuses cr\u00e9ations resteront \u00e9galement chaudes plus longtemps \u00e0 table.<\/li>\n<li class=\"mb-3\">Facile \u00e0 saisir : les poign\u00e9es \u00e9l\u00e9gantes et confortables vous permettent de soulever le produit en toute s\u00e9curit\u00e9.<\/li>\n<li class=\"mb-3\">Une aide pr\u00e9cieuse : la poign\u00e9e pratique permet de soulever facilement le produit et de le d\u00e9placer entre la plaque de cuisson, le four et la table.<\/li>\n<li class=\"mb-3\">Versez sans h\u00e9siter : les becs lat\u00e9raux facilitent le versement (sans goutter).<\/li>\n<li class=\"mb-3\">Un arc-en-ciel de couleurs : Disponible dans un large choix de couleurs, notre gamme ajoutera une touche de couleur \u00e0 votre cuisine.<\/li>\n<li class=\"mb-3\">Pas trop chaud : cuisinez \u00e0 feu doux ou moyen constant pour prendre soin de votre produit en fonte et obtenir des r\u00e9sultats d\u00e9licieux.<\/li>\n<li class=\"mb-3\">S&#8217;am\u00e9liore avec le temps : l&#8217;int\u00e9rieur \u00e9maill\u00e9 d\u00e9veloppe une patine naturelle qui agit presque comme une surface antiadh\u00e9sive. Sa finition poss\u00e8de des propri\u00e9t\u00e9s qui emp\u00eachent les aliments de coller m\u00eame avec de petites quantit\u00e9s d&#8217;huile. Laver le produit uniquement avec de l&#8217;eau pour permettre \u00e0 la patine de se d\u00e9velopper.<\/li>\n<li class=\"mb-3\">Le meilleur de sa cat\u00e9gorie\u00a0: nos produits sont fabriqu\u00e9s \u00e0 partir des meilleurs mat\u00e9riaux dans des usines du monde entier pour offrir la qualit\u00e9 que vous attendez de Le Creuset.<\/li>\n<\/ul>\n<p>Mati\u00e8re : fonte vitrifi\u00e9e<br \/>\nFabriqu\u00e9 en: France<br \/>\nGarantie : \u00c0 vie<\/p>\n<p><strong>Source de chaleur\u00a0:<\/strong><\/p>\n<ul>\n<li>Four<\/li>\n<li>Four en mode grill<\/li>\n<li>Plaque de cuisson \u00e9lectrique<\/li>\n<li>Verre c\u00e9ramique<\/li>\n<li>Plan Gaz<\/li>\n<li>Plaque \u00e0 induction<\/li>\n<\/ul>\n<p><strong>Nettoyage et entretien\u00a0:<\/strong><\/p>\n<ul>\n<li>Attendez que le produit refroidisse avant de commencer \u00e0 le nettoyer.<\/li>\n<li>Nettoyez tous les d\u00e9bris de la base et des c\u00f4t\u00e9s du produit. Si des aliments sont coll\u00e9s, remplissez le produit d&#8217;eau chaude savonneuse et laissez-le tremper pendant 15 \u00e0 20 minutes avant de le laver comme d&#8217;habitude.<\/li>\n<li>N&#8217;utilisez pas de nettoyants abrasifs ni d&#8217;\u00e9ponges ou de brosses m\u00e9talliques, abrasives ou tr\u00e8s dures sur aucune des surfaces.<\/li>\n<li>S\u00e9chez soigneusement apr\u00e8s le lavage et rangez-le dans un endroit sec.<\/li>\n<\/ul>\n","protected":false},"excerpt":{"rendered":"<p>Cette po\u00eale est fabriqu\u00e9e \u00e0 partir de notre l\u00e9gendaire fonte \u00e9maill\u00e9e, elle peut donc \u00eatre utilis\u00e9e au four ou sur<\/p>\n","protected":false},"featured_media":461550,"template":"","meta":{"_acf_changed":false,"inline_featured_image":false},"product_cat":[12458,14802],"product_tag":[25086,21529,25021,12994,12460,12461,13178],"acf":[],"yoast_head":"<!-- This site is optimized with the Yoast SEO Premium plugin v18.6 (Yoast SEO v19.13) - https:\/\/yoast.com\/wordpress\/plugins\/seo\/ -->\n<title>LE CREUSET Po\u00eale \u00e0 frire Evolution Double Bec 26 cm Bleu Cara\u00efbes - Erresse Shop<\/title>\n<meta name=\"description\" content=\"Cette po\u00eale est fabriqu\u00e9e \u00e0 partir de notre l\u00e9gendaire fonte \u00e9maill\u00e9e, elle peut donc \u00eatre utilis\u00e9e au four ou sur la cuisini\u00e8re. V\u00e9ritable alli\u00e9\" \/>\n<meta name=\"robots\" content=\"index, follow, max-snippet:-1, max-image-preview:large, max-video-preview:-1\" \/>\n<link rel=\"canonical\" href=\"https:\/\/www.erresse-shop.it\/fr\/shop\/poeles-pots\/poeles\/le-creuset-poele-a-frire-evolution-double-bec-26-cm-bleu-caraibes\/\" \/>\n<meta property=\"og:locale\" content=\"fr_FR\" \/>\n<meta property=\"og:type\" content=\"article\" \/>\n<meta property=\"og:title\" content=\"LE CREUSET Po\u00eale \u00e0 frire Evolution Double Bec 26 cm Bleu Cara\u00efbes\" \/>\n<meta property=\"og:description\" content=\"Cette po\u00eale est fabriqu\u00e9e \u00e0 partir de notre l\u00e9gendaire fonte \u00e9maill\u00e9e, elle peut donc \u00eatre utilis\u00e9e au four ou sur la cuisini\u00e8re. V\u00e9ritable alli\u00e9\" \/>\n<meta property=\"og:url\" content=\"https:\/\/www.erresse-shop.it\/fr\/shop\/poeles-pots\/poeles\/le-creuset-poele-a-frire-evolution-double-bec-26-cm-bleu-caraibes\/\" \/>\n<meta property=\"og:site_name\" content=\"Erresse Shop\" \/>\n<meta property=\"article:modified_time\" content=\"2026-02-24T08:51:06+00:00\" \/>\n<meta property=\"og:image\" content=\"https:\/\/www.erresse-shop.it\/wp-content\/uploads\/2025\/01\/LE-CREUSET-Padella-Profonda-Evolution-Doppio-Becco-26-cm-Blu-Caribe.jpg\" \/>\n\t<meta property=\"og:image:width\" content=\"1200\" \/>\n\t<meta property=\"og:image:height\" content=\"1200\" \/>\n\t<meta property=\"og:image:type\" content=\"image\/jpeg\" \/>\n<meta name=\"twitter:card\" content=\"summary_large_image\" \/>\n<script type=\"application\/ld+json\" class=\"yoast-schema-graph\">{\"@context\":\"https:\/\/schema.org\",\"@graph\":[{\"@type\":\"WebPage\",\"@id\":\"https:\/\/www.erresse-shop.it\/fr\/shop\/poeles-pots\/poeles\/le-creuset-poele-a-frire-evolution-double-bec-26-cm-bleu-caraibes\/\",\"url\":\"https:\/\/www.erresse-shop.it\/fr\/shop\/poeles-pots\/poeles\/le-creuset-poele-a-frire-evolution-double-bec-26-cm-bleu-caraibes\/\",\"name\":\"LE CREUSET Po\u00eale \u00e0 frire Evolution Double Bec 26 cm Bleu Cara\u00efbes - Erresse Shop\",\"isPartOf\":{\"@id\":\"https:\/\/www.erresse-shop.it\/fr\/#website\"},\"datePublished\":\"2025-01-20T08:53:33+00:00\",\"dateModified\":\"2026-02-24T08:51:06+00:00\",\"description\":\"Cette po\u00eale est fabriqu\u00e9e \u00e0 partir de notre l\u00e9gendaire fonte \u00e9maill\u00e9e, elle peut donc \u00eatre utilis\u00e9e au four ou sur la cuisini\u00e8re. V\u00e9ritable alli\u00e9\",\"breadcrumb\":{\"@id\":\"https:\/\/www.erresse-shop.it\/fr\/shop\/poeles-pots\/poeles\/le-creuset-poele-a-frire-evolution-double-bec-26-cm-bleu-caraibes\/#breadcrumb\"},\"inLanguage\":\"fr-FR\",\"potentialAction\":[{\"@type\":\"ReadAction\",\"target\":[\"https:\/\/www.erresse-shop.it\/fr\/shop\/poeles-pots\/poeles\/le-creuset-poele-a-frire-evolution-double-bec-26-cm-bleu-caraibes\/\"]}]},{\"@type\":\"BreadcrumbList\",\"@id\":\"https:\/\/www.erresse-shop.it\/fr\/shop\/poeles-pots\/poeles\/le-creuset-poele-a-frire-evolution-double-bec-26-cm-bleu-caraibes\/#breadcrumb\",\"itemListElement\":[{\"@type\":\"ListItem\",\"position\":1,\"name\":\"Home\",\"item\":\"https:\/\/www.erresse-shop.it\/fr\/\"},{\"@type\":\"ListItem\",\"position\":2,\"name\":\"Shop\",\"item\":\"https:\/\/www.erresse-shop.it\/fr\/shop\/\"},{\"@type\":\"ListItem\",\"position\":3,\"name\":\"LE CREUSET Po\u00eale \u00e0 frire Evolution Double Bec 26 cm Bleu Cara\u00efbes\"}]},{\"@type\":\"WebSite\",\"@id\":\"https:\/\/www.erresse-shop.it\/fr\/#website\",\"url\":\"https:\/\/www.erresse-shop.it\/fr\/\",\"name\":\"Erresse Shop\",\"description\":\"Articoli di qualit\u00e0 per la casa\",\"potentialAction\":[{\"@type\":\"SearchAction\",\"target\":{\"@type\":\"EntryPoint\",\"urlTemplate\":\"https:\/\/www.erresse-shop.it\/fr\/?s={search_term_string}\"},\"query-input\":\"required name=search_term_string\"}],\"inLanguage\":\"fr-FR\"}]}<\/script>\n<!-- \/ Yoast SEO Premium plugin. -->","yoast_head_json":{"title":"LE CREUSET Po\u00eale \u00e0 frire Evolution Double Bec 26 cm Bleu Cara\u00efbes - Erresse Shop","description":"Cette po\u00eale est fabriqu\u00e9e \u00e0 partir de notre l\u00e9gendaire fonte \u00e9maill\u00e9e, elle peut donc \u00eatre utilis\u00e9e au four ou sur la cuisini\u00e8re. V\u00e9ritable alli\u00e9","robots":{"index":"index","follow":"follow","max-snippet":"max-snippet:-1","max-image-preview":"max-image-preview:large","max-video-preview":"max-video-preview:-1"},"canonical":"https:\/\/www.erresse-shop.it\/fr\/shop\/poeles-pots\/poeles\/le-creuset-poele-a-frire-evolution-double-bec-26-cm-bleu-caraibes\/","og_locale":"fr_FR","og_type":"article","og_title":"LE CREUSET Po\u00eale \u00e0 frire Evolution Double Bec 26 cm Bleu Cara\u00efbes","og_description":"Cette po\u00eale est fabriqu\u00e9e \u00e0 partir de notre l\u00e9gendaire fonte \u00e9maill\u00e9e, elle peut donc \u00eatre utilis\u00e9e au four ou sur la cuisini\u00e8re. V\u00e9ritable alli\u00e9","og_url":"https:\/\/www.erresse-shop.it\/fr\/shop\/poeles-pots\/poeles\/le-creuset-poele-a-frire-evolution-double-bec-26-cm-bleu-caraibes\/","og_site_name":"Erresse Shop","article_modified_time":"2026-02-24T08:51:06+00:00","og_image":[{"width":1200,"height":1200,"url":"https:\/\/www.erresse-shop.it\/wp-content\/uploads\/2025\/01\/LE-CREUSET-Padella-Profonda-Evolution-Doppio-Becco-26-cm-Blu-Caribe.jpg","type":"image\/jpeg"}],"twitter_card":"summary_large_image","schema":{"@context":"https:\/\/schema.org","@graph":[{"@type":"WebPage","@id":"https:\/\/www.erresse-shop.it\/fr\/shop\/poeles-pots\/poeles\/le-creuset-poele-a-frire-evolution-double-bec-26-cm-bleu-caraibes\/","url":"https:\/\/www.erresse-shop.it\/fr\/shop\/poeles-pots\/poeles\/le-creuset-poele-a-frire-evolution-double-bec-26-cm-bleu-caraibes\/","name":"LE CREUSET Po\u00eale \u00e0 frire Evolution Double Bec 26 cm Bleu Cara\u00efbes - Erresse Shop","isPartOf":{"@id":"https:\/\/www.erresse-shop.it\/fr\/#website"},"datePublished":"2025-01-20T08:53:33+00:00","dateModified":"2026-02-24T08:51:06+00:00","description":"Cette po\u00eale est fabriqu\u00e9e \u00e0 partir de notre l\u00e9gendaire fonte \u00e9maill\u00e9e, elle peut donc \u00eatre utilis\u00e9e au four ou sur la cuisini\u00e8re. V\u00e9ritable alli\u00e9","breadcrumb":{"@id":"https:\/\/www.erresse-shop.it\/fr\/shop\/poeles-pots\/poeles\/le-creuset-poele-a-frire-evolution-double-bec-26-cm-bleu-caraibes\/#breadcrumb"},"inLanguage":"fr-FR","potentialAction":[{"@type":"ReadAction","target":["https:\/\/www.erresse-shop.it\/fr\/shop\/poeles-pots\/poeles\/le-creuset-poele-a-frire-evolution-double-bec-26-cm-bleu-caraibes\/"]}]},{"@type":"BreadcrumbList","@id":"https:\/\/www.erresse-shop.it\/fr\/shop\/poeles-pots\/poeles\/le-creuset-poele-a-frire-evolution-double-bec-26-cm-bleu-caraibes\/#breadcrumb","itemListElement":[{"@type":"ListItem","position":1,"name":"Home","item":"https:\/\/www.erresse-shop.it\/fr\/"},{"@type":"ListItem","position":2,"name":"Shop","item":"https:\/\/www.erresse-shop.it\/fr\/shop\/"},{"@type":"ListItem","position":3,"name":"LE CREUSET Po\u00eale \u00e0 frire Evolution Double Bec 26 cm Bleu Cara\u00efbes"}]},{"@type":"WebSite","@id":"https:\/\/www.erresse-shop.it\/fr\/#website","url":"https:\/\/www.erresse-shop.it\/fr\/","name":"Erresse Shop","description":"Articoli di qualit\u00e0 per la casa","potentialAction":[{"@type":"SearchAction","target":{"@type":"EntryPoint","urlTemplate":"https:\/\/www.erresse-shop.it\/fr\/?s={search_term_string}"},"query-input":"required name=search_term_string"}],"inLanguage":"fr-FR"}]}},"df_price":139.95,"df_sale_price":139.95,"df_regular_price":225,"df_image_link":"https:\/\/www.erresse-shop.it\/wp-content\/uploads\/2025\/01\/LE-CREUSET-Padella-Profonda-Evolution-Doppio-Becco-26-cm-Blu-Caribe-300x300.jpg","_links":{"self":[{"href":"https:\/\/www.erresse-shop.it\/fr\/wp-json\/wp\/v2\/product\/461544"}],"collection":[{"href":"https:\/\/www.erresse-shop.it\/fr\/wp-json\/wp\/v2\/product"}],"about":[{"href":"https:\/\/www.erresse-shop.it\/fr\/wp-json\/wp\/v2\/types\/product"}],"wp:featuredmedia":[{"embeddable":true,"href":"https:\/\/www.erresse-shop.it\/fr\/wp-json\/wp\/v2\/media\/461550"}],"wp:attachment":[{"href":"https:\/\/www.erresse-shop.it\/fr\/wp-json\/wp\/v2\/media?parent=461544"}],"wp:term":[{"taxonomy":"product_cat","embeddable":true,"href":"https:\/\/www.erresse-shop.it\/fr\/wp-json\/wp\/v2\/product_cat?post=461544"},{"taxonomy":"product_tag","embeddable":true,"href":"https:\/\/www.erresse-shop.it\/fr\/wp-json\/wp\/v2\/product_tag?post=461544"}],"curies":[{"name":"wp","href":"https:\/\/api.w.org\/{rel}","templated":true}]}}