{"id":455488,"date":"2024-12-19T14:55:28","date_gmt":"2024-12-19T14:55:30","guid":{"rendered":"https:\/\/www.erresse-shop.it\/?post_type=product&#038;p=455488"},"modified":"2026-02-24T09:13:00","modified_gmt":"2026-02-24T09:13:00","slug":"joseph-joseph-flexa-housse-pour-table-a-repasser-easy-fit-bleu-124cm","status":"publish","type":"product","link":"https:\/\/www.erresse-shop.it\/fr\/shop\/ameublement-maison\/planches-a-repasser\/joseph-joseph-flexa-housse-pour-table-a-repasser-easy-fit-bleu-124cm\/","title":{"rendered":"JOSEPH JOSEPH Flexa Housse pour table \u00e0 repasser Easy-fit bleu 124cm"},"content":{"rendered":"<p>Flexa\u2122 est la solution ing\u00e9nieuse aux housses de remplacement pour planches \u00e0 repasser de mauvaise qualit\u00e9 et mal ajust\u00e9es. Con\u00e7ue avec un nez StretchMesh\u2122 innovant qui s&#8217;adapte \u00e0 la pointe de n&#8217;importe quelle planche \u00e0 repasser, elle est \u00e9galement dot\u00e9e d&#8217;une sangle \u00e9lastique qui peut \u00eatre serr\u00e9e au milieu et d&#8217;un cordon de tension de la grenouille facile \u00e0 connecter. Une couche sup\u00e9rieure durable et r\u00e9sistante aux d\u00e9chirures et un support en mousse souple offrent une exp\u00e9rience de repassage super lisse et confortable.<\/p>\n<ul>\n<li>Le nez StretchMesh\u2122 s&#8217;adapte rapidement et facilement \u00e0 la pointe de n&#8217;importe quelle planche.<\/li>\n<li>Couche sup\u00e9rieure en coton ripstop durable<\/li>\n<li>Sous-couche en mousse souple pour une exp\u00e9rience de repassage super douce.<\/li>\n<li>Sangle \u00e9lastique pour un ajustement parfait<\/li>\n<li>Cordon de tension avec grenouille facile \u00e0 attacher<\/li>\n<\/ul>\n<p><strong>Entretien et utilisation :<\/strong><\/p>\n<ul>\n<li>Laver avec un chiffon uniquement &#8211; ne pas laver en machine.<\/li>\n<li>Veuillez vous r\u00e9f\u00e9rer \u00e0 l&#8217;\u00e9tiquette d&#8217;entretien.<\/li>\n<\/ul>\n<p><strong>Dimensions :<\/strong><\/p>\n<p>Convient aux planches L124 cm (48.8 pouces) x L37 &#8211; 45 cm (14.5 &#8211; 17.7 pouces)<\/p>\n","protected":false},"excerpt":{"rendered":"<p>Flexa\u2122 est la solution ing\u00e9nieuse aux housses de remplacement pour planches \u00e0 repasser de mauvaise qualit\u00e9 et mal ajust\u00e9es. Con\u00e7ue<\/p>\n","protected":false},"featured_media":499532,"template":"","meta":{"_acf_changed":false,"inline_featured_image":false},"product_cat":[12738,18095],"product_tag":[25026,25021,14059],"acf":[],"yoast_head":"<!-- This site is optimized with the Yoast SEO Premium plugin v18.6 (Yoast SEO v19.13) - https:\/\/yoast.com\/wordpress\/plugins\/seo\/ -->\n<title>JOSEPH JOSEPH Flexa Housse pour table \u00e0 repasser Easy-fit bleu 124cm - Erresse Shop<\/title>\n<meta name=\"description\" content=\"Flexa\u2122 est la solution ing\u00e9nieuse aux housses de remplacement pour planches \u00e0 repasser de mauvaise qualit\u00e9 et mal ajust\u00e9es. Con\u00e7ue avec un nez\" \/>\n<meta name=\"robots\" content=\"index, follow, max-snippet:-1, max-image-preview:large, max-video-preview:-1\" \/>\n<link rel=\"canonical\" href=\"https:\/\/www.erresse-shop.it\/fr\/shop\/ameublement-maison\/planches-a-repasser\/joseph-joseph-flexa-housse-pour-table-a-repasser-easy-fit-bleu-124cm\/\" \/>\n<meta property=\"og:locale\" content=\"fr_FR\" \/>\n<meta property=\"og:type\" content=\"article\" \/>\n<meta property=\"og:title\" content=\"JOSEPH JOSEPH Flexa Housse pour table \u00e0 repasser Easy-fit bleu 124cm\" \/>\n<meta property=\"og:description\" content=\"Flexa\u2122 est la solution ing\u00e9nieuse aux housses de remplacement pour planches \u00e0 repasser de mauvaise qualit\u00e9 et mal ajust\u00e9es. Con\u00e7ue avec un nez\" \/>\n<meta property=\"og:url\" content=\"https:\/\/www.erresse-shop.it\/fr\/shop\/ameublement-maison\/planches-a-repasser\/joseph-joseph-flexa-housse-pour-table-a-repasser-easy-fit-bleu-124cm\/\" \/>\n<meta property=\"og:site_name\" content=\"Erresse Shop\" \/>\n<meta property=\"article:modified_time\" content=\"2026-02-24T09:13:00+00:00\" \/>\n<meta property=\"og:image\" content=\"https:\/\/www.erresse-shop.it\/wp-content\/uploads\/2024\/12\/JOSEPH-JOSEPH-Copri-asse-da-stiro-Blu.jpg\" \/>\n\t<meta property=\"og:image:width\" content=\"1200\" \/>\n\t<meta property=\"og:image:height\" content=\"1200\" \/>\n\t<meta property=\"og:image:type\" content=\"image\/jpeg\" \/>\n<meta name=\"twitter:card\" content=\"summary_large_image\" \/>\n<script type=\"application\/ld+json\" class=\"yoast-schema-graph\">{\"@context\":\"https:\/\/schema.org\",\"@graph\":[{\"@type\":\"WebPage\",\"@id\":\"https:\/\/www.erresse-shop.it\/fr\/shop\/ameublement-maison\/planches-a-repasser\/joseph-joseph-flexa-housse-pour-table-a-repasser-easy-fit-bleu-124cm\/\",\"url\":\"https:\/\/www.erresse-shop.it\/fr\/shop\/ameublement-maison\/planches-a-repasser\/joseph-joseph-flexa-housse-pour-table-a-repasser-easy-fit-bleu-124cm\/\",\"name\":\"JOSEPH JOSEPH Flexa Housse pour table \u00e0 repasser Easy-fit bleu 124cm - Erresse Shop\",\"isPartOf\":{\"@id\":\"https:\/\/www.erresse-shop.it\/fr\/#website\"},\"datePublished\":\"2024-12-19T14:55:30+00:00\",\"dateModified\":\"2026-02-24T09:13:00+00:00\",\"description\":\"Flexa\u2122 est la solution ing\u00e9nieuse aux housses de remplacement pour planches \u00e0 repasser de mauvaise qualit\u00e9 et mal ajust\u00e9es. Con\u00e7ue avec un nez\",\"breadcrumb\":{\"@id\":\"https:\/\/www.erresse-shop.it\/fr\/shop\/ameublement-maison\/planches-a-repasser\/joseph-joseph-flexa-housse-pour-table-a-repasser-easy-fit-bleu-124cm\/#breadcrumb\"},\"inLanguage\":\"fr-FR\",\"potentialAction\":[{\"@type\":\"ReadAction\",\"target\":[\"https:\/\/www.erresse-shop.it\/fr\/shop\/ameublement-maison\/planches-a-repasser\/joseph-joseph-flexa-housse-pour-table-a-repasser-easy-fit-bleu-124cm\/\"]}]},{\"@type\":\"BreadcrumbList\",\"@id\":\"https:\/\/www.erresse-shop.it\/fr\/shop\/ameublement-maison\/planches-a-repasser\/joseph-joseph-flexa-housse-pour-table-a-repasser-easy-fit-bleu-124cm\/#breadcrumb\",\"itemListElement\":[{\"@type\":\"ListItem\",\"position\":1,\"name\":\"Home\",\"item\":\"https:\/\/www.erresse-shop.it\/fr\/\"},{\"@type\":\"ListItem\",\"position\":2,\"name\":\"Shop\",\"item\":\"https:\/\/www.erresse-shop.it\/fr\/shop\/\"},{\"@type\":\"ListItem\",\"position\":3,\"name\":\"JOSEPH JOSEPH Flexa Housse pour table \u00e0 repasser Easy-fit bleu 124cm\"}]},{\"@type\":\"WebSite\",\"@id\":\"https:\/\/www.erresse-shop.it\/fr\/#website\",\"url\":\"https:\/\/www.erresse-shop.it\/fr\/\",\"name\":\"Erresse Shop\",\"description\":\"Articoli di qualit\u00e0 per la casa\",\"potentialAction\":[{\"@type\":\"SearchAction\",\"target\":{\"@type\":\"EntryPoint\",\"urlTemplate\":\"https:\/\/www.erresse-shop.it\/fr\/?s={search_term_string}\"},\"query-input\":\"required name=search_term_string\"}],\"inLanguage\":\"fr-FR\"}]}<\/script>\n<!-- \/ Yoast SEO Premium plugin. -->","yoast_head_json":{"title":"JOSEPH JOSEPH Flexa Housse pour table \u00e0 repasser Easy-fit bleu 124cm - Erresse Shop","description":"Flexa\u2122 est la solution ing\u00e9nieuse aux housses de remplacement pour planches \u00e0 repasser de mauvaise qualit\u00e9 et mal ajust\u00e9es. Con\u00e7ue avec un nez","robots":{"index":"index","follow":"follow","max-snippet":"max-snippet:-1","max-image-preview":"max-image-preview:large","max-video-preview":"max-video-preview:-1"},"canonical":"https:\/\/www.erresse-shop.it\/fr\/shop\/ameublement-maison\/planches-a-repasser\/joseph-joseph-flexa-housse-pour-table-a-repasser-easy-fit-bleu-124cm\/","og_locale":"fr_FR","og_type":"article","og_title":"JOSEPH JOSEPH Flexa Housse pour table \u00e0 repasser Easy-fit bleu 124cm","og_description":"Flexa\u2122 est la solution ing\u00e9nieuse aux housses de remplacement pour planches \u00e0 repasser de mauvaise qualit\u00e9 et mal ajust\u00e9es. Con\u00e7ue avec un nez","og_url":"https:\/\/www.erresse-shop.it\/fr\/shop\/ameublement-maison\/planches-a-repasser\/joseph-joseph-flexa-housse-pour-table-a-repasser-easy-fit-bleu-124cm\/","og_site_name":"Erresse Shop","article_modified_time":"2026-02-24T09:13:00+00:00","og_image":[{"width":1200,"height":1200,"url":"https:\/\/www.erresse-shop.it\/wp-content\/uploads\/2024\/12\/JOSEPH-JOSEPH-Copri-asse-da-stiro-Blu.jpg","type":"image\/jpeg"}],"twitter_card":"summary_large_image","schema":{"@context":"https:\/\/schema.org","@graph":[{"@type":"WebPage","@id":"https:\/\/www.erresse-shop.it\/fr\/shop\/ameublement-maison\/planches-a-repasser\/joseph-joseph-flexa-housse-pour-table-a-repasser-easy-fit-bleu-124cm\/","url":"https:\/\/www.erresse-shop.it\/fr\/shop\/ameublement-maison\/planches-a-repasser\/joseph-joseph-flexa-housse-pour-table-a-repasser-easy-fit-bleu-124cm\/","name":"JOSEPH JOSEPH Flexa Housse pour table \u00e0 repasser Easy-fit bleu 124cm - Erresse Shop","isPartOf":{"@id":"https:\/\/www.erresse-shop.it\/fr\/#website"},"datePublished":"2024-12-19T14:55:30+00:00","dateModified":"2026-02-24T09:13:00+00:00","description":"Flexa\u2122 est la solution ing\u00e9nieuse aux housses de remplacement pour planches \u00e0 repasser de mauvaise qualit\u00e9 et mal ajust\u00e9es. Con\u00e7ue avec un nez","breadcrumb":{"@id":"https:\/\/www.erresse-shop.it\/fr\/shop\/ameublement-maison\/planches-a-repasser\/joseph-joseph-flexa-housse-pour-table-a-repasser-easy-fit-bleu-124cm\/#breadcrumb"},"inLanguage":"fr-FR","potentialAction":[{"@type":"ReadAction","target":["https:\/\/www.erresse-shop.it\/fr\/shop\/ameublement-maison\/planches-a-repasser\/joseph-joseph-flexa-housse-pour-table-a-repasser-easy-fit-bleu-124cm\/"]}]},{"@type":"BreadcrumbList","@id":"https:\/\/www.erresse-shop.it\/fr\/shop\/ameublement-maison\/planches-a-repasser\/joseph-joseph-flexa-housse-pour-table-a-repasser-easy-fit-bleu-124cm\/#breadcrumb","itemListElement":[{"@type":"ListItem","position":1,"name":"Home","item":"https:\/\/www.erresse-shop.it\/fr\/"},{"@type":"ListItem","position":2,"name":"Shop","item":"https:\/\/www.erresse-shop.it\/fr\/shop\/"},{"@type":"ListItem","position":3,"name":"JOSEPH JOSEPH Flexa Housse pour table \u00e0 repasser Easy-fit bleu 124cm"}]},{"@type":"WebSite","@id":"https:\/\/www.erresse-shop.it\/fr\/#website","url":"https:\/\/www.erresse-shop.it\/fr\/","name":"Erresse Shop","description":"Articoli di qualit\u00e0 per la casa","potentialAction":[{"@type":"SearchAction","target":{"@type":"EntryPoint","urlTemplate":"https:\/\/www.erresse-shop.it\/fr\/?s={search_term_string}"},"query-input":"required name=search_term_string"}],"inLanguage":"fr-FR"}]}},"df_price":24.95,"df_sale_price":24.95,"df_regular_price":34.99,"df_image_link":"https:\/\/www.erresse-shop.it\/wp-content\/uploads\/2024\/12\/JOSEPH-JOSEPH-Copri-asse-da-stiro-Blu-300x300.jpg","_links":{"self":[{"href":"https:\/\/www.erresse-shop.it\/fr\/wp-json\/wp\/v2\/product\/455488"}],"collection":[{"href":"https:\/\/www.erresse-shop.it\/fr\/wp-json\/wp\/v2\/product"}],"about":[{"href":"https:\/\/www.erresse-shop.it\/fr\/wp-json\/wp\/v2\/types\/product"}],"wp:featuredmedia":[{"embeddable":true,"href":"https:\/\/www.erresse-shop.it\/fr\/wp-json\/wp\/v2\/media\/499532"}],"wp:attachment":[{"href":"https:\/\/www.erresse-shop.it\/fr\/wp-json\/wp\/v2\/media?parent=455488"}],"wp:term":[{"taxonomy":"product_cat","embeddable":true,"href":"https:\/\/www.erresse-shop.it\/fr\/wp-json\/wp\/v2\/product_cat?post=455488"},{"taxonomy":"product_tag","embeddable":true,"href":"https:\/\/www.erresse-shop.it\/fr\/wp-json\/wp\/v2\/product_tag?post=455488"}],"curies":[{"name":"wp","href":"https:\/\/api.w.org\/{rel}","templated":true}]}}