{"id":455480,"date":"2024-12-19T14:25:00","date_gmt":"2024-12-19T14:25:03","guid":{"rendered":"https:\/\/www.erresse-shop.it\/?post_type=product&#038;p=455480"},"modified":"2024-12-19T14:32:51","modified_gmt":"2024-12-19T14:32:51","slug":"joseph-joseph-glide-compact-table-a-repasser-peche-copia","status":"publish","type":"product","link":"https:\/\/www.erresse-shop.it\/fr\/shop\/ameublement-maison\/planches-a-repasser\/joseph-joseph-glide-compact-table-a-repasser-peche-copia\/","title":{"rendered":"JOSEPH JOSEPH Glide Compact Table \u00e0 Repasser P\u00eache et Gris"},"content":{"rendered":"<p>Cette planche \u00e0 repasser r\u00e9volutionnaire de taille normale est dot\u00e9e d&#8217;un support unique qui la rend plus compacte que les autres planches \u00e0 repasser conventionnelles lorsqu&#8217;elle est rang\u00e9e.<\/p>\n<ul>\n<li>Cette conception unique prend beaucoup moins de place que les autres planches \u00e0 repasser lorsqu&#8217;elle est rang\u00e9e.<\/li>\n<li>Rapide et facile \u00e0 assembler, avec 7 positions de hauteur r\u00e9glables de 84 cm (33 pouces) \u00e0 99 cm (39 pouces).<\/li>\n<li>Un crochet s\u00e9par\u00e9 est inclus pour faciliter le rangement de la planche ou pour la suspendre derri\u00e8re une porte.<\/li>\n<li>La housse facile \u00e0 changer comprend un anneau pour le c\u00e2ble et un repose-fer en silicone r\u00e9sistant \u00e0 la chaleur.<\/li>\n<\/ul>\n<p><strong>Entretien et utilisation :<\/strong><\/p>\n<p>Housse : nettoyer uniquement avec un chiffon, ne pas laver en machine<br \/>\nCadre : nettoyer avec un chiffon humide, ne pas utiliser de chiffons abrasifs ou de nettoyants chimiques agressifs.<br \/>\nAttention : ne pas laisser le fer \u00e0 repasser chaud sans surveillance sur le support en silicone.<br \/>\nTenir les enfants \u00e0 l&#8217;\u00e9cart de la planche \u00e0 repasser pendant son utilisation et la ranger en toute s\u00e9curit\u00e9 apr\u00e8s usage.<br \/>\nLe cadre est garanti 3 ans contre les d\u00e9fauts de fabrication, toutes les autres pi\u00e8ces sont garanties 2 ans.<\/p>\n<p><strong>Dimensions :<\/strong><\/p>\n<p>Dimensions de la planche : H130 x W38cm (51\u00bc x 15 pouces)<\/p>\n<p>Surface de repassage : H108 x L38cm (42\u00bd x 15 pouces)<\/p>\n<p>Ferm\u00e9 (y compris les pieds) : H136 x L38 x P8.5 cm (H53\u00bd x L15 x D3\u00bd pouces)<\/p>\n<p><strong>Poids<\/strong> : 6,4 kg<\/p>\n","protected":false},"excerpt":{"rendered":"<p>Cette planche \u00e0 repasser r\u00e9volutionnaire de taille normale est dot\u00e9e d&#8217;un support unique qui la rend plus compacte que les<\/p>\n","protected":false},"featured_media":490458,"template":"","meta":{"_acf_changed":false,"inline_featured_image":false},"product_cat":[12738,18095],"product_tag":[25026,25021,18472,14059],"acf":[],"yoast_head":"<!-- This site is optimized with the Yoast SEO Premium plugin v18.6 (Yoast SEO v19.13) - https:\/\/yoast.com\/wordpress\/plugins\/seo\/ -->\n<title>JOSEPH JOSEPH Glide Compact Table \u00e0 Repasser P\u00eache et Gris - Erresse Shop<\/title>\n<meta name=\"description\" content=\"Cette planche \u00e0 repasser r\u00e9volutionnaire de taille normale est dot\u00e9e d&#039;un support unique qui la rend plus compacte que les autres planches \u00e0 repasser\" \/>\n<meta name=\"robots\" content=\"index, follow, max-snippet:-1, max-image-preview:large, max-video-preview:-1\" \/>\n<link rel=\"canonical\" href=\"https:\/\/www.erresse-shop.it\/fr\/shop\/ameublement-maison\/planches-a-repasser\/joseph-joseph-glide-compact-table-a-repasser-peche-copia\/\" \/>\n<meta property=\"og:locale\" content=\"fr_FR\" \/>\n<meta property=\"og:type\" content=\"article\" \/>\n<meta property=\"og:title\" content=\"JOSEPH JOSEPH Glide Compact Table \u00e0 Repasser P\u00eache et Gris\" \/>\n<meta property=\"og:description\" content=\"Cette planche \u00e0 repasser r\u00e9volutionnaire de taille normale est dot\u00e9e d&#039;un support unique qui la rend plus compacte que les autres planches \u00e0 repasser\" \/>\n<meta property=\"og:url\" content=\"https:\/\/www.erresse-shop.it\/fr\/shop\/ameublement-maison\/planches-a-repasser\/joseph-joseph-glide-compact-table-a-repasser-peche-copia\/\" \/>\n<meta property=\"og:site_name\" content=\"Erresse Shop\" \/>\n<meta property=\"article:modified_time\" content=\"2024-12-19T14:32:51+00:00\" \/>\n<meta property=\"og:image\" content=\"https:\/\/www.erresse-shop.it\/wp-content\/uploads\/2024\/05\/JOSEPH-JOSEPH-Glide-Compact-Asse-da-Stiro-Pesca.png\" \/>\n\t<meta property=\"og:image:width\" content=\"800\" \/>\n\t<meta property=\"og:image:height\" content=\"800\" \/>\n\t<meta property=\"og:image:type\" content=\"image\/png\" \/>\n<meta name=\"twitter:card\" content=\"summary_large_image\" \/>\n<script type=\"application\/ld+json\" class=\"yoast-schema-graph\">{\"@context\":\"https:\/\/schema.org\",\"@graph\":[{\"@type\":\"WebPage\",\"@id\":\"https:\/\/www.erresse-shop.it\/fr\/shop\/ameublement-maison\/planches-a-repasser\/joseph-joseph-glide-compact-table-a-repasser-peche-copia\/\",\"url\":\"https:\/\/www.erresse-shop.it\/fr\/shop\/ameublement-maison\/planches-a-repasser\/joseph-joseph-glide-compact-table-a-repasser-peche-copia\/\",\"name\":\"JOSEPH JOSEPH Glide Compact Table \u00e0 Repasser P\u00eache et Gris - Erresse Shop\",\"isPartOf\":{\"@id\":\"https:\/\/www.erresse-shop.it\/fr\/#website\"},\"datePublished\":\"2024-12-19T14:25:03+00:00\",\"dateModified\":\"2024-12-19T14:32:51+00:00\",\"description\":\"Cette planche \u00e0 repasser r\u00e9volutionnaire de taille normale est dot\u00e9e d'un support unique qui la rend plus compacte que les autres planches \u00e0 repasser\",\"breadcrumb\":{\"@id\":\"https:\/\/www.erresse-shop.it\/fr\/shop\/ameublement-maison\/planches-a-repasser\/joseph-joseph-glide-compact-table-a-repasser-peche-copia\/#breadcrumb\"},\"inLanguage\":\"fr-FR\",\"potentialAction\":[{\"@type\":\"ReadAction\",\"target\":[\"https:\/\/www.erresse-shop.it\/fr\/shop\/ameublement-maison\/planches-a-repasser\/joseph-joseph-glide-compact-table-a-repasser-peche-copia\/\"]}]},{\"@type\":\"BreadcrumbList\",\"@id\":\"https:\/\/www.erresse-shop.it\/fr\/shop\/ameublement-maison\/planches-a-repasser\/joseph-joseph-glide-compact-table-a-repasser-peche-copia\/#breadcrumb\",\"itemListElement\":[{\"@type\":\"ListItem\",\"position\":1,\"name\":\"Home\",\"item\":\"https:\/\/www.erresse-shop.it\/fr\/\"},{\"@type\":\"ListItem\",\"position\":2,\"name\":\"Shop\",\"item\":\"https:\/\/www.erresse-shop.it\/fr\/shop\/\"},{\"@type\":\"ListItem\",\"position\":3,\"name\":\"JOSEPH JOSEPH Glide Compact Table \u00e0 Repasser P\u00eache et Gris\"}]},{\"@type\":\"WebSite\",\"@id\":\"https:\/\/www.erresse-shop.it\/fr\/#website\",\"url\":\"https:\/\/www.erresse-shop.it\/fr\/\",\"name\":\"Erresse Shop\",\"description\":\"Articoli di qualit\u00e0 per la casa\",\"potentialAction\":[{\"@type\":\"SearchAction\",\"target\":{\"@type\":\"EntryPoint\",\"urlTemplate\":\"https:\/\/www.erresse-shop.it\/fr\/?s={search_term_string}\"},\"query-input\":\"required name=search_term_string\"}],\"inLanguage\":\"fr-FR\"}]}<\/script>\n<!-- \/ Yoast SEO Premium plugin. -->","yoast_head_json":{"title":"JOSEPH JOSEPH Glide Compact Table \u00e0 Repasser P\u00eache et Gris - Erresse Shop","description":"Cette planche \u00e0 repasser r\u00e9volutionnaire de taille normale est dot\u00e9e d'un support unique qui la rend plus compacte que les autres planches \u00e0 repasser","robots":{"index":"index","follow":"follow","max-snippet":"max-snippet:-1","max-image-preview":"max-image-preview:large","max-video-preview":"max-video-preview:-1"},"canonical":"https:\/\/www.erresse-shop.it\/fr\/shop\/ameublement-maison\/planches-a-repasser\/joseph-joseph-glide-compact-table-a-repasser-peche-copia\/","og_locale":"fr_FR","og_type":"article","og_title":"JOSEPH JOSEPH Glide Compact Table \u00e0 Repasser P\u00eache et Gris","og_description":"Cette planche \u00e0 repasser r\u00e9volutionnaire de taille normale est dot\u00e9e d'un support unique qui la rend plus compacte que les autres planches \u00e0 repasser","og_url":"https:\/\/www.erresse-shop.it\/fr\/shop\/ameublement-maison\/planches-a-repasser\/joseph-joseph-glide-compact-table-a-repasser-peche-copia\/","og_site_name":"Erresse Shop","article_modified_time":"2024-12-19T14:32:51+00:00","og_image":[{"width":800,"height":800,"url":"https:\/\/www.erresse-shop.it\/wp-content\/uploads\/2024\/05\/JOSEPH-JOSEPH-Glide-Compact-Asse-da-Stiro-Pesca.png","type":"image\/png"}],"twitter_card":"summary_large_image","schema":{"@context":"https:\/\/schema.org","@graph":[{"@type":"WebPage","@id":"https:\/\/www.erresse-shop.it\/fr\/shop\/ameublement-maison\/planches-a-repasser\/joseph-joseph-glide-compact-table-a-repasser-peche-copia\/","url":"https:\/\/www.erresse-shop.it\/fr\/shop\/ameublement-maison\/planches-a-repasser\/joseph-joseph-glide-compact-table-a-repasser-peche-copia\/","name":"JOSEPH JOSEPH Glide Compact Table \u00e0 Repasser P\u00eache et Gris - Erresse Shop","isPartOf":{"@id":"https:\/\/www.erresse-shop.it\/fr\/#website"},"datePublished":"2024-12-19T14:25:03+00:00","dateModified":"2024-12-19T14:32:51+00:00","description":"Cette planche \u00e0 repasser r\u00e9volutionnaire de taille normale est dot\u00e9e d'un support unique qui la rend plus compacte que les autres planches \u00e0 repasser","breadcrumb":{"@id":"https:\/\/www.erresse-shop.it\/fr\/shop\/ameublement-maison\/planches-a-repasser\/joseph-joseph-glide-compact-table-a-repasser-peche-copia\/#breadcrumb"},"inLanguage":"fr-FR","potentialAction":[{"@type":"ReadAction","target":["https:\/\/www.erresse-shop.it\/fr\/shop\/ameublement-maison\/planches-a-repasser\/joseph-joseph-glide-compact-table-a-repasser-peche-copia\/"]}]},{"@type":"BreadcrumbList","@id":"https:\/\/www.erresse-shop.it\/fr\/shop\/ameublement-maison\/planches-a-repasser\/joseph-joseph-glide-compact-table-a-repasser-peche-copia\/#breadcrumb","itemListElement":[{"@type":"ListItem","position":1,"name":"Home","item":"https:\/\/www.erresse-shop.it\/fr\/"},{"@type":"ListItem","position":2,"name":"Shop","item":"https:\/\/www.erresse-shop.it\/fr\/shop\/"},{"@type":"ListItem","position":3,"name":"JOSEPH JOSEPH Glide Compact Table \u00e0 Repasser P\u00eache et Gris"}]},{"@type":"WebSite","@id":"https:\/\/www.erresse-shop.it\/fr\/#website","url":"https:\/\/www.erresse-shop.it\/fr\/","name":"Erresse Shop","description":"Articoli di qualit\u00e0 per la casa","potentialAction":[{"@type":"SearchAction","target":{"@type":"EntryPoint","urlTemplate":"https:\/\/www.erresse-shop.it\/fr\/?s={search_term_string}"},"query-input":"required name=search_term_string"}],"inLanguage":"fr-FR"}]}},"df_price":79.995,"df_sale_price":79.995,"df_regular_price":159.99,"df_image_link":"https:\/\/www.erresse-shop.it\/wp-content\/uploads\/2024\/12\/JOSEPH-JOSEPH-Glide-Compact-Asse-da-Stiro-Pesca-e-Grigio-300x300.jpg","_links":{"self":[{"href":"https:\/\/www.erresse-shop.it\/fr\/wp-json\/wp\/v2\/product\/455480"}],"collection":[{"href":"https:\/\/www.erresse-shop.it\/fr\/wp-json\/wp\/v2\/product"}],"about":[{"href":"https:\/\/www.erresse-shop.it\/fr\/wp-json\/wp\/v2\/types\/product"}],"wp:featuredmedia":[{"embeddable":true,"href":"https:\/\/www.erresse-shop.it\/fr\/wp-json\/wp\/v2\/media\/490458"}],"wp:attachment":[{"href":"https:\/\/www.erresse-shop.it\/fr\/wp-json\/wp\/v2\/media?parent=455480"}],"wp:term":[{"taxonomy":"product_cat","embeddable":true,"href":"https:\/\/www.erresse-shop.it\/fr\/wp-json\/wp\/v2\/product_cat?post=455480"},{"taxonomy":"product_tag","embeddable":true,"href":"https:\/\/www.erresse-shop.it\/fr\/wp-json\/wp\/v2\/product_tag?post=455480"}],"curies":[{"name":"wp","href":"https:\/\/api.w.org\/{rel}","templated":true}]}}