{"id":455105,"date":"2024-12-17T14:46:22","date_gmt":"2024-12-17T14:46:23","guid":{"rendered":"https:\/\/www.erresse-shop.it\/?post_type=product&#038;p=455105"},"modified":"2026-02-24T09:20:50","modified_gmt":"2026-02-24T09:20:50","slug":"ruffoni-historia-decor-seau-a-glace-24-cm","status":"publish","type":"product","link":"https:\/\/www.erresse-shop.it\/fr\/shop\/table-fr-2\/vin\/ruffoni-historia-decor-seau-a-glace-24-cm\/","title":{"rendered":"RUFFONI Historia Decor Seau \u00e0 glace 24 cm"},"content":{"rendered":"<p>Con\u00e7u pour apporter un charme italien \u00e0 la table, aux c\u00f4t\u00e9s de votre bouteille de vin ou de champagne pr\u00e9f\u00e9r\u00e9e, cet \u00e9l\u00e9gant seau \u00e0 glace est \u00e9galement parfait pour rehausser un cocktail ou un pique-nique, en gardant la limonade ou d&#8217;autres boissons au frais avec style. Compl\u00e9ment id\u00e9al de toute collection de cuivre, il constitue \u00e9galement une excellente id\u00e9e de cadeau pour toute personne, quel que soit son niveau de comp\u00e9tence en cuisine.<\/p>\n<p>Fabriqu\u00e9e \u00e0 la main en cuivre massif dans les Alpes italiennes et martel\u00e9e pour une r\u00e9sistance et une beaut\u00e9 durables, cette pi\u00e8ce intemporelle est inspir\u00e9e d&#8217;un ancien r\u00e9cipient en cuivre de la collection priv\u00e9e de Ruffoni et remise au go\u00fbt du jour par nos ma\u00eetres dinandiers.<\/p>\n<p>Fabriqu\u00e9 en Italie.<br \/>\nId\u00e9al pour garder une bouteille de vin ou de champagne au frais \u00e0 table, ou pour contenir de la glace pour des cocktails avec style.<br \/>\nFabriqu\u00e9 en cuivre massif, avec pi\u00e9destal int\u00e9gr\u00e9 pour r\u00e9duire la condensation.<br \/>\nMartel\u00e9 pour une solidit\u00e9 et une beaut\u00e9 durables.<\/p>\n<p>Hauteur : 22 cm<br \/>\nDiam\u00e8tre : 24 cm<br \/>\nCapacit\u00e9 : 5 L<\/p>\n","protected":false},"excerpt":{"rendered":"<p>Con\u00e7u pour apporter un charme italien \u00e0 la table, aux c\u00f4t\u00e9s de votre bouteille de vin ou de champagne pr\u00e9f\u00e9r\u00e9e,<\/p>\n","protected":false},"featured_media":455111,"template":"","meta":{"_acf_changed":false,"inline_featured_image":false},"product_cat":[14466,12782,12754],"product_tag":[20353,24680,12856,23682],"acf":[],"yoast_head":"<!-- This site is optimized with the Yoast SEO Premium plugin v18.6 (Yoast SEO v19.13) - https:\/\/yoast.com\/wordpress\/plugins\/seo\/ -->\n<title>RUFFONI Historia Decor Seau \u00e0 glace 24 cm - Erresse Shop<\/title>\n<meta name=\"description\" content=\"Con\u00e7u pour apporter un charme italien \u00e0 la table, aux c\u00f4t\u00e9s de votre bouteille de vin ou de champagne pr\u00e9f\u00e9r\u00e9e, cet \u00e9l\u00e9gant seau \u00e0 glace est \u00e9galement\" \/>\n<meta name=\"robots\" content=\"index, follow, max-snippet:-1, max-image-preview:large, max-video-preview:-1\" \/>\n<link rel=\"canonical\" href=\"https:\/\/www.erresse-shop.it\/fr\/shop\/table-fr-2\/vin\/ruffoni-historia-decor-seau-a-glace-24-cm\/\" \/>\n<meta property=\"og:locale\" content=\"fr_FR\" \/>\n<meta property=\"og:type\" content=\"article\" \/>\n<meta property=\"og:title\" content=\"RUFFONI Historia Decor Seau \u00e0 glace 24 cm\" \/>\n<meta property=\"og:description\" content=\"Con\u00e7u pour apporter un charme italien \u00e0 la table, aux c\u00f4t\u00e9s de votre bouteille de vin ou de champagne pr\u00e9f\u00e9r\u00e9e, cet \u00e9l\u00e9gant seau \u00e0 glace est \u00e9galement\" \/>\n<meta property=\"og:url\" content=\"https:\/\/www.erresse-shop.it\/fr\/shop\/table-fr-2\/vin\/ruffoni-historia-decor-seau-a-glace-24-cm\/\" \/>\n<meta property=\"og:site_name\" content=\"Erresse Shop\" \/>\n<meta property=\"article:modified_time\" content=\"2026-02-24T09:20:50+00:00\" \/>\n<meta property=\"og:image\" content=\"https:\/\/www.erresse-shop.it\/wp-content\/uploads\/2024\/12\/Ruffoni-secchiello-24-cm.jpg\" \/>\n\t<meta property=\"og:image:width\" content=\"1200\" \/>\n\t<meta property=\"og:image:height\" content=\"1200\" \/>\n\t<meta property=\"og:image:type\" content=\"image\/jpeg\" \/>\n<meta name=\"twitter:card\" content=\"summary_large_image\" \/>\n<script type=\"application\/ld+json\" class=\"yoast-schema-graph\">{\"@context\":\"https:\/\/schema.org\",\"@graph\":[{\"@type\":\"WebPage\",\"@id\":\"https:\/\/www.erresse-shop.it\/fr\/shop\/table-fr-2\/vin\/ruffoni-historia-decor-seau-a-glace-24-cm\/\",\"url\":\"https:\/\/www.erresse-shop.it\/fr\/shop\/table-fr-2\/vin\/ruffoni-historia-decor-seau-a-glace-24-cm\/\",\"name\":\"RUFFONI Historia Decor Seau \u00e0 glace 24 cm - Erresse Shop\",\"isPartOf\":{\"@id\":\"https:\/\/www.erresse-shop.it\/fr\/#website\"},\"datePublished\":\"2024-12-17T14:46:23+00:00\",\"dateModified\":\"2026-02-24T09:20:50+00:00\",\"description\":\"Con\u00e7u pour apporter un charme italien \u00e0 la table, aux c\u00f4t\u00e9s de votre bouteille de vin ou de champagne pr\u00e9f\u00e9r\u00e9e, cet \u00e9l\u00e9gant seau \u00e0 glace est \u00e9galement\",\"breadcrumb\":{\"@id\":\"https:\/\/www.erresse-shop.it\/fr\/shop\/table-fr-2\/vin\/ruffoni-historia-decor-seau-a-glace-24-cm\/#breadcrumb\"},\"inLanguage\":\"fr-FR\",\"potentialAction\":[{\"@type\":\"ReadAction\",\"target\":[\"https:\/\/www.erresse-shop.it\/fr\/shop\/table-fr-2\/vin\/ruffoni-historia-decor-seau-a-glace-24-cm\/\"]}]},{\"@type\":\"BreadcrumbList\",\"@id\":\"https:\/\/www.erresse-shop.it\/fr\/shop\/table-fr-2\/vin\/ruffoni-historia-decor-seau-a-glace-24-cm\/#breadcrumb\",\"itemListElement\":[{\"@type\":\"ListItem\",\"position\":1,\"name\":\"Home\",\"item\":\"https:\/\/www.erresse-shop.it\/fr\/\"},{\"@type\":\"ListItem\",\"position\":2,\"name\":\"Shop\",\"item\":\"https:\/\/www.erresse-shop.it\/fr\/shop\/\"},{\"@type\":\"ListItem\",\"position\":3,\"name\":\"RUFFONI Historia Decor Seau \u00e0 glace 24 cm\"}]},{\"@type\":\"WebSite\",\"@id\":\"https:\/\/www.erresse-shop.it\/fr\/#website\",\"url\":\"https:\/\/www.erresse-shop.it\/fr\/\",\"name\":\"Erresse Shop\",\"description\":\"Articoli di qualit\u00e0 per la casa\",\"potentialAction\":[{\"@type\":\"SearchAction\",\"target\":{\"@type\":\"EntryPoint\",\"urlTemplate\":\"https:\/\/www.erresse-shop.it\/fr\/?s={search_term_string}\"},\"query-input\":\"required name=search_term_string\"}],\"inLanguage\":\"fr-FR\"}]}<\/script>\n<!-- \/ Yoast SEO Premium plugin. -->","yoast_head_json":{"title":"RUFFONI Historia Decor Seau \u00e0 glace 24 cm - Erresse Shop","description":"Con\u00e7u pour apporter un charme italien \u00e0 la table, aux c\u00f4t\u00e9s de votre bouteille de vin ou de champagne pr\u00e9f\u00e9r\u00e9e, cet \u00e9l\u00e9gant seau \u00e0 glace est \u00e9galement","robots":{"index":"index","follow":"follow","max-snippet":"max-snippet:-1","max-image-preview":"max-image-preview:large","max-video-preview":"max-video-preview:-1"},"canonical":"https:\/\/www.erresse-shop.it\/fr\/shop\/table-fr-2\/vin\/ruffoni-historia-decor-seau-a-glace-24-cm\/","og_locale":"fr_FR","og_type":"article","og_title":"RUFFONI Historia Decor Seau \u00e0 glace 24 cm","og_description":"Con\u00e7u pour apporter un charme italien \u00e0 la table, aux c\u00f4t\u00e9s de votre bouteille de vin ou de champagne pr\u00e9f\u00e9r\u00e9e, cet \u00e9l\u00e9gant seau \u00e0 glace est \u00e9galement","og_url":"https:\/\/www.erresse-shop.it\/fr\/shop\/table-fr-2\/vin\/ruffoni-historia-decor-seau-a-glace-24-cm\/","og_site_name":"Erresse Shop","article_modified_time":"2026-02-24T09:20:50+00:00","og_image":[{"width":1200,"height":1200,"url":"https:\/\/www.erresse-shop.it\/wp-content\/uploads\/2024\/12\/Ruffoni-secchiello-24-cm.jpg","type":"image\/jpeg"}],"twitter_card":"summary_large_image","schema":{"@context":"https:\/\/schema.org","@graph":[{"@type":"WebPage","@id":"https:\/\/www.erresse-shop.it\/fr\/shop\/table-fr-2\/vin\/ruffoni-historia-decor-seau-a-glace-24-cm\/","url":"https:\/\/www.erresse-shop.it\/fr\/shop\/table-fr-2\/vin\/ruffoni-historia-decor-seau-a-glace-24-cm\/","name":"RUFFONI Historia Decor Seau \u00e0 glace 24 cm - Erresse Shop","isPartOf":{"@id":"https:\/\/www.erresse-shop.it\/fr\/#website"},"datePublished":"2024-12-17T14:46:23+00:00","dateModified":"2026-02-24T09:20:50+00:00","description":"Con\u00e7u pour apporter un charme italien \u00e0 la table, aux c\u00f4t\u00e9s de votre bouteille de vin ou de champagne pr\u00e9f\u00e9r\u00e9e, cet \u00e9l\u00e9gant seau \u00e0 glace est \u00e9galement","breadcrumb":{"@id":"https:\/\/www.erresse-shop.it\/fr\/shop\/table-fr-2\/vin\/ruffoni-historia-decor-seau-a-glace-24-cm\/#breadcrumb"},"inLanguage":"fr-FR","potentialAction":[{"@type":"ReadAction","target":["https:\/\/www.erresse-shop.it\/fr\/shop\/table-fr-2\/vin\/ruffoni-historia-decor-seau-a-glace-24-cm\/"]}]},{"@type":"BreadcrumbList","@id":"https:\/\/www.erresse-shop.it\/fr\/shop\/table-fr-2\/vin\/ruffoni-historia-decor-seau-a-glace-24-cm\/#breadcrumb","itemListElement":[{"@type":"ListItem","position":1,"name":"Home","item":"https:\/\/www.erresse-shop.it\/fr\/"},{"@type":"ListItem","position":2,"name":"Shop","item":"https:\/\/www.erresse-shop.it\/fr\/shop\/"},{"@type":"ListItem","position":3,"name":"RUFFONI Historia Decor Seau \u00e0 glace 24 cm"}]},{"@type":"WebSite","@id":"https:\/\/www.erresse-shop.it\/fr\/#website","url":"https:\/\/www.erresse-shop.it\/fr\/","name":"Erresse Shop","description":"Articoli di qualit\u00e0 per la casa","potentialAction":[{"@type":"SearchAction","target":{"@type":"EntryPoint","urlTemplate":"https:\/\/www.erresse-shop.it\/fr\/?s={search_term_string}"},"query-input":"required name=search_term_string"}],"inLanguage":"fr-FR"}]}},"df_price":249.95,"df_sale_price":249.95,"df_regular_price":421,"df_image_link":"https:\/\/www.erresse-shop.it\/wp-content\/uploads\/2024\/12\/Ruffoni-secchiello-24-cm-300x300.jpg","_links":{"self":[{"href":"https:\/\/www.erresse-shop.it\/fr\/wp-json\/wp\/v2\/product\/455105"}],"collection":[{"href":"https:\/\/www.erresse-shop.it\/fr\/wp-json\/wp\/v2\/product"}],"about":[{"href":"https:\/\/www.erresse-shop.it\/fr\/wp-json\/wp\/v2\/types\/product"}],"wp:featuredmedia":[{"embeddable":true,"href":"https:\/\/www.erresse-shop.it\/fr\/wp-json\/wp\/v2\/media\/455111"}],"wp:attachment":[{"href":"https:\/\/www.erresse-shop.it\/fr\/wp-json\/wp\/v2\/media?parent=455105"}],"wp:term":[{"taxonomy":"product_cat","embeddable":true,"href":"https:\/\/www.erresse-shop.it\/fr\/wp-json\/wp\/v2\/product_cat?post=455105"},{"taxonomy":"product_tag","embeddable":true,"href":"https:\/\/www.erresse-shop.it\/fr\/wp-json\/wp\/v2\/product_tag?post=455105"}],"curies":[{"name":"wp","href":"https:\/\/api.w.org\/{rel}","templated":true}]}}