{"id":454504,"date":"2024-12-12T09:21:07","date_gmt":"2024-12-12T09:21:09","guid":{"rendered":"https:\/\/www.erresse-shop.it\/?post_type=product&#038;p=454504"},"modified":"2024-12-12T09:44:48","modified_gmt":"2024-12-12T09:44:48","slug":"riedel-set-de-4-rum-copia-2","status":"publish","type":"product","link":"https:\/\/www.erresse-shop.it\/fr\/shop\/table-fr-2\/verres\/riedel-set-de-4-rum-copia-2\/","title":{"rendered":"RIEDEL Set de 4 Spritz Drink"},"content":{"rendered":"<p>Le set Spritz Drinks est le choix id\u00e9al pour l&#8217;heure de l&#8217;ap\u00e9ritif.<br \/>\nSans d\u00e9coration et avec une tige \u00e9l\u00e9gante, ce produit \u00e9l\u00e9gant est id\u00e9al pour toutes les boissons, de l&#8217;Aperol Spritz au Lillet. Chaque paquet comprend des recettes pour 4 variations de spritz pour les longs d\u00e9jeuners d&#8217;\u00e9t\u00e9 ou les chauds apr\u00e8s-midi de printemps.<\/p>\n<p>Donnez une nouvelle dimension \u00e0 vos boissons maison avec nos sets de m\u00e9lange, nos spiritueux pour spiritueux et nos cocktails. Nous avons le verre qu&#8217;il vous faut pour toutes vos boissons pr\u00e9f\u00e9r\u00e9es, qu&#8217;il s&#8217;agisse d&#8217;un gin tonic classique, d&#8217;un distillat doux ou de cocktails plus \u00e9labor\u00e9s. Avec une gamme de styles qui convient \u00e0 tous les amateurs de cocktails et de spiritueux, ces ensembles fantastiques sont le bon choix pour votre maison ou pour un cadeau parfait.<\/p>\n<p>Ce produit est fabriqu\u00e9 en machine.<br \/>\nCet article peut \u00eatre lav\u00e9 au lave-vaisselle.<br \/>\nL&#8217;emballage contient 4 pi\u00e8ces.<\/p>\n<p>Ann\u00e9e de conception 2021<br \/>\nCapacit\u00e9 560.0 ccm<br \/>\nHauteur 224,0 mm<br \/>\nQuantit\u00e9 de bo\u00eetes 4<br \/>\nType de fabrication Fabriqu\u00e9 \u00e0 la machine<br \/>\nMat\u00e9riau Cristal<\/p>\n","protected":false},"excerpt":{"rendered":"<p>Le set Spritz Drinks est le choix id\u00e9al pour l&#8217;heure de l&#8217;ap\u00e9ritif. Sans d\u00e9coration et avec une tige \u00e9l\u00e9gante, ce<\/p>\n","protected":false},"featured_media":491684,"template":"","meta":{"_acf_changed":false,"inline_featured_image":false},"product_cat":[12782,12784],"product_tag":[25086,23910,21698,14413,25021,21821,12826,15730,22555],"acf":[],"yoast_head":"<!-- This site is optimized with the Yoast SEO Premium plugin v18.6 (Yoast SEO v19.13) - https:\/\/yoast.com\/wordpress\/plugins\/seo\/ -->\n<title>RIEDEL Set de 4 Spritz Drink - Erresse Shop<\/title>\n<meta name=\"description\" content=\"Le set Spritz Drinks est le choix id\u00e9al pour l&#039;heure de l&#039;ap\u00e9ritif. Sans d\u00e9coration et avec une tige \u00e9l\u00e9gante, ce produit \u00e9l\u00e9gant est id\u00e9al pour toutes\" \/>\n<meta name=\"robots\" content=\"index, follow, max-snippet:-1, max-image-preview:large, max-video-preview:-1\" \/>\n<link rel=\"canonical\" href=\"https:\/\/www.erresse-shop.it\/fr\/shop\/table-fr-2\/verres\/riedel-set-de-4-rum-copia-2\/\" \/>\n<meta property=\"og:locale\" content=\"fr_FR\" \/>\n<meta property=\"og:type\" content=\"article\" \/>\n<meta property=\"og:title\" content=\"RIEDEL Set de 4 Spritz Drink\" \/>\n<meta property=\"og:description\" content=\"Le set Spritz Drinks est le choix id\u00e9al pour l&#039;heure de l&#039;ap\u00e9ritif. Sans d\u00e9coration et avec une tige \u00e9l\u00e9gante, ce produit \u00e9l\u00e9gant est id\u00e9al pour toutes\" \/>\n<meta property=\"og:url\" content=\"https:\/\/www.erresse-shop.it\/fr\/shop\/table-fr-2\/verres\/riedel-set-de-4-rum-copia-2\/\" \/>\n<meta property=\"og:site_name\" content=\"Erresse Shop\" \/>\n<meta property=\"article:modified_time\" content=\"2024-12-12T09:44:48+00:00\" \/>\n<meta property=\"og:image\" content=\"https:\/\/www.erresse-shop.it\/wp-content\/uploads\/2024\/12\/Riedel-spritz-drink.jpg\" \/>\n\t<meta property=\"og:image:width\" content=\"1200\" \/>\n\t<meta property=\"og:image:height\" content=\"1200\" \/>\n\t<meta property=\"og:image:type\" content=\"image\/jpeg\" \/>\n<meta name=\"twitter:card\" content=\"summary_large_image\" \/>\n<script type=\"application\/ld+json\" class=\"yoast-schema-graph\">{\"@context\":\"https:\/\/schema.org\",\"@graph\":[{\"@type\":\"WebPage\",\"@id\":\"https:\/\/www.erresse-shop.it\/fr\/shop\/table-fr-2\/verres\/riedel-set-de-4-rum-copia-2\/\",\"url\":\"https:\/\/www.erresse-shop.it\/fr\/shop\/table-fr-2\/verres\/riedel-set-de-4-rum-copia-2\/\",\"name\":\"RIEDEL Set de 4 Spritz Drink - Erresse Shop\",\"isPartOf\":{\"@id\":\"https:\/\/www.erresse-shop.it\/fr\/#website\"},\"datePublished\":\"2024-12-12T09:21:09+00:00\",\"dateModified\":\"2024-12-12T09:44:48+00:00\",\"description\":\"Le set Spritz Drinks est le choix id\u00e9al pour l'heure de l'ap\u00e9ritif. Sans d\u00e9coration et avec une tige \u00e9l\u00e9gante, ce produit \u00e9l\u00e9gant est id\u00e9al pour toutes\",\"breadcrumb\":{\"@id\":\"https:\/\/www.erresse-shop.it\/fr\/shop\/table-fr-2\/verres\/riedel-set-de-4-rum-copia-2\/#breadcrumb\"},\"inLanguage\":\"fr-FR\",\"potentialAction\":[{\"@type\":\"ReadAction\",\"target\":[\"https:\/\/www.erresse-shop.it\/fr\/shop\/table-fr-2\/verres\/riedel-set-de-4-rum-copia-2\/\"]}]},{\"@type\":\"BreadcrumbList\",\"@id\":\"https:\/\/www.erresse-shop.it\/fr\/shop\/table-fr-2\/verres\/riedel-set-de-4-rum-copia-2\/#breadcrumb\",\"itemListElement\":[{\"@type\":\"ListItem\",\"position\":1,\"name\":\"Home\",\"item\":\"https:\/\/www.erresse-shop.it\/fr\/\"},{\"@type\":\"ListItem\",\"position\":2,\"name\":\"Shop\",\"item\":\"https:\/\/www.erresse-shop.it\/fr\/shop\/\"},{\"@type\":\"ListItem\",\"position\":3,\"name\":\"RIEDEL Set de 4 Spritz Drink\"}]},{\"@type\":\"WebSite\",\"@id\":\"https:\/\/www.erresse-shop.it\/fr\/#website\",\"url\":\"https:\/\/www.erresse-shop.it\/fr\/\",\"name\":\"Erresse Shop\",\"description\":\"Articoli di qualit\u00e0 per la casa\",\"potentialAction\":[{\"@type\":\"SearchAction\",\"target\":{\"@type\":\"EntryPoint\",\"urlTemplate\":\"https:\/\/www.erresse-shop.it\/fr\/?s={search_term_string}\"},\"query-input\":\"required name=search_term_string\"}],\"inLanguage\":\"fr-FR\"}]}<\/script>\n<!-- \/ Yoast SEO Premium plugin. -->","yoast_head_json":{"title":"RIEDEL Set de 4 Spritz Drink - Erresse Shop","description":"Le set Spritz Drinks est le choix id\u00e9al pour l'heure de l'ap\u00e9ritif. Sans d\u00e9coration et avec une tige \u00e9l\u00e9gante, ce produit \u00e9l\u00e9gant est id\u00e9al pour toutes","robots":{"index":"index","follow":"follow","max-snippet":"max-snippet:-1","max-image-preview":"max-image-preview:large","max-video-preview":"max-video-preview:-1"},"canonical":"https:\/\/www.erresse-shop.it\/fr\/shop\/table-fr-2\/verres\/riedel-set-de-4-rum-copia-2\/","og_locale":"fr_FR","og_type":"article","og_title":"RIEDEL Set de 4 Spritz Drink","og_description":"Le set Spritz Drinks est le choix id\u00e9al pour l'heure de l'ap\u00e9ritif. Sans d\u00e9coration et avec une tige \u00e9l\u00e9gante, ce produit \u00e9l\u00e9gant est id\u00e9al pour toutes","og_url":"https:\/\/www.erresse-shop.it\/fr\/shop\/table-fr-2\/verres\/riedel-set-de-4-rum-copia-2\/","og_site_name":"Erresse Shop","article_modified_time":"2024-12-12T09:44:48+00:00","og_image":[{"width":1200,"height":1200,"url":"https:\/\/www.erresse-shop.it\/wp-content\/uploads\/2024\/12\/Riedel-spritz-drink.jpg","type":"image\/jpeg"}],"twitter_card":"summary_large_image","schema":{"@context":"https:\/\/schema.org","@graph":[{"@type":"WebPage","@id":"https:\/\/www.erresse-shop.it\/fr\/shop\/table-fr-2\/verres\/riedel-set-de-4-rum-copia-2\/","url":"https:\/\/www.erresse-shop.it\/fr\/shop\/table-fr-2\/verres\/riedel-set-de-4-rum-copia-2\/","name":"RIEDEL Set de 4 Spritz Drink - Erresse Shop","isPartOf":{"@id":"https:\/\/www.erresse-shop.it\/fr\/#website"},"datePublished":"2024-12-12T09:21:09+00:00","dateModified":"2024-12-12T09:44:48+00:00","description":"Le set Spritz Drinks est le choix id\u00e9al pour l'heure de l'ap\u00e9ritif. Sans d\u00e9coration et avec une tige \u00e9l\u00e9gante, ce produit \u00e9l\u00e9gant est id\u00e9al pour toutes","breadcrumb":{"@id":"https:\/\/www.erresse-shop.it\/fr\/shop\/table-fr-2\/verres\/riedel-set-de-4-rum-copia-2\/#breadcrumb"},"inLanguage":"fr-FR","potentialAction":[{"@type":"ReadAction","target":["https:\/\/www.erresse-shop.it\/fr\/shop\/table-fr-2\/verres\/riedel-set-de-4-rum-copia-2\/"]}]},{"@type":"BreadcrumbList","@id":"https:\/\/www.erresse-shop.it\/fr\/shop\/table-fr-2\/verres\/riedel-set-de-4-rum-copia-2\/#breadcrumb","itemListElement":[{"@type":"ListItem","position":1,"name":"Home","item":"https:\/\/www.erresse-shop.it\/fr\/"},{"@type":"ListItem","position":2,"name":"Shop","item":"https:\/\/www.erresse-shop.it\/fr\/shop\/"},{"@type":"ListItem","position":3,"name":"RIEDEL Set de 4 Spritz Drink"}]},{"@type":"WebSite","@id":"https:\/\/www.erresse-shop.it\/fr\/#website","url":"https:\/\/www.erresse-shop.it\/fr\/","name":"Erresse Shop","description":"Articoli di qualit\u00e0 per la casa","potentialAction":[{"@type":"SearchAction","target":{"@type":"EntryPoint","urlTemplate":"https:\/\/www.erresse-shop.it\/fr\/?s={search_term_string}"},"query-input":"required name=search_term_string"}],"inLanguage":"fr-FR"}]}},"df_price":20.25,"df_sale_price":20.25,"df_regular_price":45,"df_image_link":"https:\/\/www.erresse-shop.it\/wp-content\/uploads\/2024\/12\/RIEDEL-Set-da-4-Spritz-Drink-300x300.jpg","_links":{"self":[{"href":"https:\/\/www.erresse-shop.it\/fr\/wp-json\/wp\/v2\/product\/454504"}],"collection":[{"href":"https:\/\/www.erresse-shop.it\/fr\/wp-json\/wp\/v2\/product"}],"about":[{"href":"https:\/\/www.erresse-shop.it\/fr\/wp-json\/wp\/v2\/types\/product"}],"wp:featuredmedia":[{"embeddable":true,"href":"https:\/\/www.erresse-shop.it\/fr\/wp-json\/wp\/v2\/media\/491684"}],"wp:attachment":[{"href":"https:\/\/www.erresse-shop.it\/fr\/wp-json\/wp\/v2\/media?parent=454504"}],"wp:term":[{"taxonomy":"product_cat","embeddable":true,"href":"https:\/\/www.erresse-shop.it\/fr\/wp-json\/wp\/v2\/product_cat?post=454504"},{"taxonomy":"product_tag","embeddable":true,"href":"https:\/\/www.erresse-shop.it\/fr\/wp-json\/wp\/v2\/product_tag?post=454504"}],"curies":[{"name":"wp","href":"https:\/\/api.w.org\/{rel}","templated":true}]}}