{"id":454100,"date":"2024-12-09T11:20:40","date_gmt":"2024-12-09T11:20:41","guid":{"rendered":"https:\/\/www.erresse-shop.it\/?post_type=product&#038;p=454100"},"modified":"2024-12-09T11:32:11","modified_gmt":"2024-12-09T11:32:11","slug":"seletti-miroir-pixel-mirror-heart-copia","status":"publish","type":"product","link":"https:\/\/www.erresse-shop.it\/fr\/shop\/ameublement-maison\/objets-de-decoration\/seletti-miroir-pixel-mirror-heart-copia\/","title":{"rendered":"SELETTI Miroir Pixel Mirror Flame"},"content":{"rendered":"<p>Un Pixel Art Mirror pour tous les fans d&#8217;arts graphiques et de culture pop, pour les amateurs de jeux vid\u00e9o et, plus g\u00e9n\u00e9ralement, pour tous ceux qui aiment les objets insolites ! L&#8217;artiste milanais Roberto Bruno explore l&#8217;esth\u00e9tique virtuelle en transformant le cadre de ce miroir en image num\u00e9rique. Les nombreux carr\u00e9s juxtapos\u00e9s \u00e0 diff\u00e9rentes hauteurs cr\u00e9ent une forme originale et d\u00e9structur\u00e9e.<\/p>\n<p>Roberto Bruno a commenc\u00e9 sa carri\u00e8re de chercheur dans les arts visuels, fascin\u00e9 par l&#8217;esth\u00e9tique num\u00e9rique, cr\u00e9ant un langage surr\u00e9aliste aux implications existentielles. Il a cr\u00e9\u00e9 des applications web extravagantes et ultra-innovantes pour de grandes marques telles que Nike, Prada, miu miu et Toiletpaper.<\/p>\n<p>Miroir, miroir, qui est le plus beau ? Pour Roberto Bruno, le miroir est un manifeste de l&#8217;\u00e9poque h\u00e9doniste et solipsiste dans laquelle nous vivons. Le Pixel Mirror cr\u00e9e un monde surr\u00e9aliste en totale contradiction avec notre soci\u00e9t\u00e9 de l&#8217;image contemporaine. Le Pixel Mirror devient le t\u00e9moin d&#8217;un monde magique o\u00f9 toutes les illusions sont possibles.<\/p>\n<p>Le Pixel Mirror illustre le dialogue constant entre l&#8217;auteur et le spectateur qui fait partie int\u00e9grante du travail artistique de Roberto Bruno. Tout change, rien ne reste pareil, comme ce cadre de pixels en constante \u00e9volution qui se transforme en fonction de l&#8217;angle sous lequel il est observ\u00e9. Le spectateur voit des pixels diff\u00e9rents selon sa position. L&#8217;image du cadre se reconstitue au fur et \u00e0 mesure que l&#8217;on s&#8217;\u00e9loigne, donnant au Miroir une impression de relief et donc de r\u00e9alit\u00e9 spatiale.<\/p>\n<p>Le cadre du Pixel Mirror est en MDF laqu\u00e9. Le Miroir Pixel de Seletti conf\u00e8re une pr\u00e9sence originale \u00e0 l&#8217;entr\u00e9e, au salon, \u00e0 la salle de bain ou \u00e0 la chambre \u00e0 coucher&#8230;<\/p>\n<p><strong>Designer<\/strong> : Roberto Bruno<br \/>\n<strong>Produit<\/strong> : Miroir mural<br \/>\n<strong>Couleur<\/strong> : Rouge<br \/>\n<strong>Mati\u00e8re<\/strong> : Cadre : MDF &#8211; Verre<br \/>\n<strong>Dimensions<\/strong> : 70,5 x 49,5 cm<br \/>\n<strong>Poids<\/strong> : 2,15 kg<br \/>\n<strong>Date du projet<\/strong> : 2024<\/p>\n","protected":false},"excerpt":{"rendered":"<p>Un Pixel Art Mirror pour tous les fans d&#8217;arts graphiques et de culture pop, pour les amateurs de jeux vid\u00e9o<\/p>\n","protected":false},"featured_media":454106,"template":"","meta":{"_acf_changed":false,"inline_featured_image":false},"product_cat":[12738,14441],"product_tag":[22578],"acf":[],"yoast_head":"<!-- This site is optimized with the Yoast SEO Premium plugin v18.6 (Yoast SEO v19.13) - https:\/\/yoast.com\/wordpress\/plugins\/seo\/ -->\n<title>SELETTI Miroir Pixel Mirror Flame - Erresse Shop<\/title>\n<meta name=\"description\" content=\"Un Pixel Art Mirror pour tous les fans d&#039;arts graphiques et de culture pop, pour les amateurs de jeux vid\u00e9o et, plus g\u00e9n\u00e9ralement, pour tous ceux qui\" \/>\n<meta name=\"robots\" content=\"index, follow, max-snippet:-1, max-image-preview:large, max-video-preview:-1\" \/>\n<link rel=\"canonical\" href=\"https:\/\/www.erresse-shop.it\/fr\/shop\/ameublement-maison\/objets-de-decoration\/seletti-miroir-pixel-mirror-heart-copia\/\" \/>\n<meta property=\"og:locale\" content=\"fr_FR\" \/>\n<meta property=\"og:type\" content=\"article\" \/>\n<meta property=\"og:title\" content=\"SELETTI Miroir Pixel Mirror Flame\" \/>\n<meta property=\"og:description\" content=\"Un Pixel Art Mirror pour tous les fans d&#039;arts graphiques et de culture pop, pour les amateurs de jeux vid\u00e9o et, plus g\u00e9n\u00e9ralement, pour tous ceux qui\" \/>\n<meta property=\"og:url\" content=\"https:\/\/www.erresse-shop.it\/fr\/shop\/ameublement-maison\/objets-de-decoration\/seletti-miroir-pixel-mirror-heart-copia\/\" \/>\n<meta property=\"og:site_name\" content=\"Erresse Shop\" \/>\n<meta property=\"article:modified_time\" content=\"2024-12-09T11:32:11+00:00\" \/>\n<meta property=\"og:image\" content=\"https:\/\/www.erresse-shop.it\/wp-content\/uploads\/2024\/12\/Seletti-mirror-pixel-fiamma.jpg\" \/>\n\t<meta property=\"og:image:width\" content=\"1200\" \/>\n\t<meta property=\"og:image:height\" content=\"1200\" \/>\n\t<meta property=\"og:image:type\" content=\"image\/jpeg\" \/>\n<meta name=\"twitter:card\" content=\"summary_large_image\" \/>\n<script type=\"application\/ld+json\" class=\"yoast-schema-graph\">{\"@context\":\"https:\/\/schema.org\",\"@graph\":[{\"@type\":\"WebPage\",\"@id\":\"https:\/\/www.erresse-shop.it\/fr\/shop\/ameublement-maison\/objets-de-decoration\/seletti-miroir-pixel-mirror-heart-copia\/\",\"url\":\"https:\/\/www.erresse-shop.it\/fr\/shop\/ameublement-maison\/objets-de-decoration\/seletti-miroir-pixel-mirror-heart-copia\/\",\"name\":\"SELETTI Miroir Pixel Mirror Flame - Erresse Shop\",\"isPartOf\":{\"@id\":\"https:\/\/www.erresse-shop.it\/fr\/#website\"},\"datePublished\":\"2024-12-09T11:20:41+00:00\",\"dateModified\":\"2024-12-09T11:32:11+00:00\",\"description\":\"Un Pixel Art Mirror pour tous les fans d'arts graphiques et de culture pop, pour les amateurs de jeux vid\u00e9o et, plus g\u00e9n\u00e9ralement, pour tous ceux qui\",\"breadcrumb\":{\"@id\":\"https:\/\/www.erresse-shop.it\/fr\/shop\/ameublement-maison\/objets-de-decoration\/seletti-miroir-pixel-mirror-heart-copia\/#breadcrumb\"},\"inLanguage\":\"fr-FR\",\"potentialAction\":[{\"@type\":\"ReadAction\",\"target\":[\"https:\/\/www.erresse-shop.it\/fr\/shop\/ameublement-maison\/objets-de-decoration\/seletti-miroir-pixel-mirror-heart-copia\/\"]}]},{\"@type\":\"BreadcrumbList\",\"@id\":\"https:\/\/www.erresse-shop.it\/fr\/shop\/ameublement-maison\/objets-de-decoration\/seletti-miroir-pixel-mirror-heart-copia\/#breadcrumb\",\"itemListElement\":[{\"@type\":\"ListItem\",\"position\":1,\"name\":\"Home\",\"item\":\"https:\/\/www.erresse-shop.it\/fr\/\"},{\"@type\":\"ListItem\",\"position\":2,\"name\":\"Shop\",\"item\":\"https:\/\/www.erresse-shop.it\/fr\/shop\/\"},{\"@type\":\"ListItem\",\"position\":3,\"name\":\"SELETTI Miroir Pixel Mirror Flame\"}]},{\"@type\":\"WebSite\",\"@id\":\"https:\/\/www.erresse-shop.it\/fr\/#website\",\"url\":\"https:\/\/www.erresse-shop.it\/fr\/\",\"name\":\"Erresse Shop\",\"description\":\"Articoli di qualit\u00e0 per la casa\",\"potentialAction\":[{\"@type\":\"SearchAction\",\"target\":{\"@type\":\"EntryPoint\",\"urlTemplate\":\"https:\/\/www.erresse-shop.it\/fr\/?s={search_term_string}\"},\"query-input\":\"required name=search_term_string\"}],\"inLanguage\":\"fr-FR\"}]}<\/script>\n<!-- \/ Yoast SEO Premium plugin. -->","yoast_head_json":{"title":"SELETTI Miroir Pixel Mirror Flame - Erresse Shop","description":"Un Pixel Art Mirror pour tous les fans d'arts graphiques et de culture pop, pour les amateurs de jeux vid\u00e9o et, plus g\u00e9n\u00e9ralement, pour tous ceux qui","robots":{"index":"index","follow":"follow","max-snippet":"max-snippet:-1","max-image-preview":"max-image-preview:large","max-video-preview":"max-video-preview:-1"},"canonical":"https:\/\/www.erresse-shop.it\/fr\/shop\/ameublement-maison\/objets-de-decoration\/seletti-miroir-pixel-mirror-heart-copia\/","og_locale":"fr_FR","og_type":"article","og_title":"SELETTI Miroir Pixel Mirror Flame","og_description":"Un Pixel Art Mirror pour tous les fans d'arts graphiques et de culture pop, pour les amateurs de jeux vid\u00e9o et, plus g\u00e9n\u00e9ralement, pour tous ceux qui","og_url":"https:\/\/www.erresse-shop.it\/fr\/shop\/ameublement-maison\/objets-de-decoration\/seletti-miroir-pixel-mirror-heart-copia\/","og_site_name":"Erresse Shop","article_modified_time":"2024-12-09T11:32:11+00:00","og_image":[{"width":1200,"height":1200,"url":"https:\/\/www.erresse-shop.it\/wp-content\/uploads\/2024\/12\/Seletti-mirror-pixel-fiamma.jpg","type":"image\/jpeg"}],"twitter_card":"summary_large_image","schema":{"@context":"https:\/\/schema.org","@graph":[{"@type":"WebPage","@id":"https:\/\/www.erresse-shop.it\/fr\/shop\/ameublement-maison\/objets-de-decoration\/seletti-miroir-pixel-mirror-heart-copia\/","url":"https:\/\/www.erresse-shop.it\/fr\/shop\/ameublement-maison\/objets-de-decoration\/seletti-miroir-pixel-mirror-heart-copia\/","name":"SELETTI Miroir Pixel Mirror Flame - Erresse Shop","isPartOf":{"@id":"https:\/\/www.erresse-shop.it\/fr\/#website"},"datePublished":"2024-12-09T11:20:41+00:00","dateModified":"2024-12-09T11:32:11+00:00","description":"Un Pixel Art Mirror pour tous les fans d'arts graphiques et de culture pop, pour les amateurs de jeux vid\u00e9o et, plus g\u00e9n\u00e9ralement, pour tous ceux qui","breadcrumb":{"@id":"https:\/\/www.erresse-shop.it\/fr\/shop\/ameublement-maison\/objets-de-decoration\/seletti-miroir-pixel-mirror-heart-copia\/#breadcrumb"},"inLanguage":"fr-FR","potentialAction":[{"@type":"ReadAction","target":["https:\/\/www.erresse-shop.it\/fr\/shop\/ameublement-maison\/objets-de-decoration\/seletti-miroir-pixel-mirror-heart-copia\/"]}]},{"@type":"BreadcrumbList","@id":"https:\/\/www.erresse-shop.it\/fr\/shop\/ameublement-maison\/objets-de-decoration\/seletti-miroir-pixel-mirror-heart-copia\/#breadcrumb","itemListElement":[{"@type":"ListItem","position":1,"name":"Home","item":"https:\/\/www.erresse-shop.it\/fr\/"},{"@type":"ListItem","position":2,"name":"Shop","item":"https:\/\/www.erresse-shop.it\/fr\/shop\/"},{"@type":"ListItem","position":3,"name":"SELETTI Miroir Pixel Mirror Flame"}]},{"@type":"WebSite","@id":"https:\/\/www.erresse-shop.it\/fr\/#website","url":"https:\/\/www.erresse-shop.it\/fr\/","name":"Erresse Shop","description":"Articoli di qualit\u00e0 per la casa","potentialAction":[{"@type":"SearchAction","target":{"@type":"EntryPoint","urlTemplate":"https:\/\/www.erresse-shop.it\/fr\/?s={search_term_string}"},"query-input":"required name=search_term_string"}],"inLanguage":"fr-FR"}]}},"df_price":71.55,"df_sale_price":71.55,"df_regular_price":159,"df_image_link":"https:\/\/www.erresse-shop.it\/wp-content\/uploads\/2024\/12\/Seletti-fiamma-pixel-300x300.jpg","_links":{"self":[{"href":"https:\/\/www.erresse-shop.it\/fr\/wp-json\/wp\/v2\/product\/454100"}],"collection":[{"href":"https:\/\/www.erresse-shop.it\/fr\/wp-json\/wp\/v2\/product"}],"about":[{"href":"https:\/\/www.erresse-shop.it\/fr\/wp-json\/wp\/v2\/types\/product"}],"wp:featuredmedia":[{"embeddable":true,"href":"https:\/\/www.erresse-shop.it\/fr\/wp-json\/wp\/v2\/media\/454106"}],"wp:attachment":[{"href":"https:\/\/www.erresse-shop.it\/fr\/wp-json\/wp\/v2\/media?parent=454100"}],"wp:term":[{"taxonomy":"product_cat","embeddable":true,"href":"https:\/\/www.erresse-shop.it\/fr\/wp-json\/wp\/v2\/product_cat?post=454100"},{"taxonomy":"product_tag","embeddable":true,"href":"https:\/\/www.erresse-shop.it\/fr\/wp-json\/wp\/v2\/product_tag?post=454100"}],"curies":[{"name":"wp","href":"https:\/\/api.w.org\/{rel}","templated":true}]}}