{"id":453792,"date":"2024-12-06T13:15:45","date_gmt":"2024-12-06T13:15:47","guid":{"rendered":"https:\/\/www.erresse-shop.it\/?post_type=product&#038;p=453792"},"modified":"2024-12-06T13:37:56","modified_gmt":"2024-12-06T13:37:56","slug":"galateo-friends-rossetto-vinaigre-de-tomate-250-ml-copia","status":"publish","type":"product","link":"https:\/\/www.erresse-shop.it\/fr\/shop\/table-fr-2\/huile-vinaigre-sel\/galateo-friends-rossetto-vinaigre-de-tomate-250-ml-copia\/","title":{"rendered":"GALATEO &#038; FRIENDS Emoticon 10 Corso Como Vinaigre balsamique de Mod\u00e8ne 250 ml"},"content":{"rendered":"<div class=\"flex-shrink-0 flex flex-col relative items-end\">\n<div class=\"gizmo-bot-avatar flex h-8 w-8 \u00e9l\u00e9ments-centre justifier-centre d\u00e9bordement-cach\u00e9 arrondi-plein\">\n<div class=\"relative p-1 arrondi-sm \u00e9l\u00e9ments flexibles-centre justifier-centre bg-token-main-surface-primary text-token-text-primary h-8 w-8\">\n<p><strong>Signatures<\/strong> consolide la mission fondamentale de la marque <strong>GALATEO&amp;Friends,<\/strong> qui s&#8217;est toujours engag\u00e9e \u00e0 marier l&#8217;excellence alimentaire au design raffin\u00e9 : gr\u00e2ce \u00e0 la splendide cr\u00e9ativit\u00e9 de ces designers, il a donc \u00e9t\u00e9 possible d&#8217;associer le Vinaigre Balsamique de Mod\u00e8ne, un produit de nos racines culturelles et gastronomiques, \u00e0 un projet contemporain et innovant.<\/p>\n<p><strong>Vinaigre balsamique de Mod\u00e8ne 250 ml<\/strong><\/p>\n<\/div>\n<\/div>\n<\/div>\n","protected":false},"excerpt":{"rendered":"<p>Signatures consolide la mission fondamentale de la marque GALATEO&amp;Friends, qui s&#8217;est toujours engag\u00e9e \u00e0 marier l&#8217;excellence alimentaire au design raffin\u00e9<\/p>\n","protected":false},"featured_media":492053,"template":"","meta":{"_acf_changed":false,"inline_featured_image":false},"product_cat":[25933,20473,12782],"product_tag":[14430],"acf":[],"yoast_head":"<!-- This site is optimized with the Yoast SEO Premium plugin v18.6 (Yoast SEO v19.13) - https:\/\/yoast.com\/wordpress\/plugins\/seo\/ -->\n<title>GALATEO &amp; FRIENDS Emoticon 10 Corso Como Vinaigre balsamique de Mod\u00e8ne 250 ml - Erresse Shop<\/title>\n<meta name=\"description\" content=\"Signatures consolide la mission fondamentale de la marque GALATEO&amp;Friends, qui s&#039;est toujours engag\u00e9e \u00e0 marier l&#039;excellence alimentaire au design\" \/>\n<meta name=\"robots\" content=\"index, follow, max-snippet:-1, max-image-preview:large, max-video-preview:-1\" \/>\n<link rel=\"canonical\" href=\"https:\/\/www.erresse-shop.it\/fr\/shop\/table-fr-2\/huile-vinaigre-sel\/galateo-friends-rossetto-vinaigre-de-tomate-250-ml-copia\/\" \/>\n<meta property=\"og:locale\" content=\"fr_FR\" \/>\n<meta property=\"og:type\" content=\"article\" \/>\n<meta property=\"og:title\" content=\"GALATEO &amp; FRIENDS Emoticon 10 Corso Como Vinaigre balsamique de Mod\u00e8ne 250 ml\" \/>\n<meta property=\"og:description\" content=\"Signatures consolide la mission fondamentale de la marque GALATEO&amp;Friends, qui s&#039;est toujours engag\u00e9e \u00e0 marier l&#039;excellence alimentaire au design\" \/>\n<meta property=\"og:url\" content=\"https:\/\/www.erresse-shop.it\/fr\/shop\/table-fr-2\/huile-vinaigre-sel\/galateo-friends-rossetto-vinaigre-de-tomate-250-ml-copia\/\" \/>\n<meta property=\"og:site_name\" content=\"Erresse Shop\" \/>\n<meta property=\"article:modified_time\" content=\"2024-12-06T13:37:56+00:00\" \/>\n<meta property=\"og:image\" content=\"https:\/\/www.erresse-shop.it\/wp-content\/uploads\/2024\/12\/GALATEO-E-FRIENDS-aceto-balsamico-di-modena-corso-como.jpg\" \/>\n\t<meta property=\"og:image:width\" content=\"1200\" \/>\n\t<meta property=\"og:image:height\" content=\"1200\" \/>\n\t<meta property=\"og:image:type\" content=\"image\/jpeg\" \/>\n<meta name=\"twitter:card\" content=\"summary_large_image\" \/>\n<script type=\"application\/ld+json\" class=\"yoast-schema-graph\">{\"@context\":\"https:\/\/schema.org\",\"@graph\":[{\"@type\":\"WebPage\",\"@id\":\"https:\/\/www.erresse-shop.it\/fr\/shop\/table-fr-2\/huile-vinaigre-sel\/galateo-friends-rossetto-vinaigre-de-tomate-250-ml-copia\/\",\"url\":\"https:\/\/www.erresse-shop.it\/fr\/shop\/table-fr-2\/huile-vinaigre-sel\/galateo-friends-rossetto-vinaigre-de-tomate-250-ml-copia\/\",\"name\":\"GALATEO & FRIENDS Emoticon 10 Corso Como Vinaigre balsamique de Mod\u00e8ne 250 ml - Erresse Shop\",\"isPartOf\":{\"@id\":\"https:\/\/www.erresse-shop.it\/fr\/#website\"},\"datePublished\":\"2024-12-06T13:15:47+00:00\",\"dateModified\":\"2024-12-06T13:37:56+00:00\",\"description\":\"Signatures consolide la mission fondamentale de la marque GALATEO&amp;Friends, qui s'est toujours engag\u00e9e \u00e0 marier l'excellence alimentaire au design\",\"breadcrumb\":{\"@id\":\"https:\/\/www.erresse-shop.it\/fr\/shop\/table-fr-2\/huile-vinaigre-sel\/galateo-friends-rossetto-vinaigre-de-tomate-250-ml-copia\/#breadcrumb\"},\"inLanguage\":\"fr-FR\",\"potentialAction\":[{\"@type\":\"ReadAction\",\"target\":[\"https:\/\/www.erresse-shop.it\/fr\/shop\/table-fr-2\/huile-vinaigre-sel\/galateo-friends-rossetto-vinaigre-de-tomate-250-ml-copia\/\"]}]},{\"@type\":\"BreadcrumbList\",\"@id\":\"https:\/\/www.erresse-shop.it\/fr\/shop\/table-fr-2\/huile-vinaigre-sel\/galateo-friends-rossetto-vinaigre-de-tomate-250-ml-copia\/#breadcrumb\",\"itemListElement\":[{\"@type\":\"ListItem\",\"position\":1,\"name\":\"Home\",\"item\":\"https:\/\/www.erresse-shop.it\/fr\/\"},{\"@type\":\"ListItem\",\"position\":2,\"name\":\"Shop\",\"item\":\"https:\/\/www.erresse-shop.it\/fr\/shop\/\"},{\"@type\":\"ListItem\",\"position\":3,\"name\":\"GALATEO &#038; FRIENDS Emoticon 10 Corso Como Vinaigre balsamique de Mod\u00e8ne 250 ml\"}]},{\"@type\":\"WebSite\",\"@id\":\"https:\/\/www.erresse-shop.it\/fr\/#website\",\"url\":\"https:\/\/www.erresse-shop.it\/fr\/\",\"name\":\"Erresse Shop\",\"description\":\"Articoli di qualit\u00e0 per la casa\",\"potentialAction\":[{\"@type\":\"SearchAction\",\"target\":{\"@type\":\"EntryPoint\",\"urlTemplate\":\"https:\/\/www.erresse-shop.it\/fr\/?s={search_term_string}\"},\"query-input\":\"required name=search_term_string\"}],\"inLanguage\":\"fr-FR\"}]}<\/script>\n<!-- \/ Yoast SEO Premium plugin. -->","yoast_head_json":{"title":"GALATEO & FRIENDS Emoticon 10 Corso Como Vinaigre balsamique de Mod\u00e8ne 250 ml - Erresse Shop","description":"Signatures consolide la mission fondamentale de la marque GALATEO&amp;Friends, qui s'est toujours engag\u00e9e \u00e0 marier l'excellence alimentaire au design","robots":{"index":"index","follow":"follow","max-snippet":"max-snippet:-1","max-image-preview":"max-image-preview:large","max-video-preview":"max-video-preview:-1"},"canonical":"https:\/\/www.erresse-shop.it\/fr\/shop\/table-fr-2\/huile-vinaigre-sel\/galateo-friends-rossetto-vinaigre-de-tomate-250-ml-copia\/","og_locale":"fr_FR","og_type":"article","og_title":"GALATEO & FRIENDS Emoticon 10 Corso Como Vinaigre balsamique de Mod\u00e8ne 250 ml","og_description":"Signatures consolide la mission fondamentale de la marque GALATEO&amp;Friends, qui s'est toujours engag\u00e9e \u00e0 marier l'excellence alimentaire au design","og_url":"https:\/\/www.erresse-shop.it\/fr\/shop\/table-fr-2\/huile-vinaigre-sel\/galateo-friends-rossetto-vinaigre-de-tomate-250-ml-copia\/","og_site_name":"Erresse Shop","article_modified_time":"2024-12-06T13:37:56+00:00","og_image":[{"width":1200,"height":1200,"url":"https:\/\/www.erresse-shop.it\/wp-content\/uploads\/2024\/12\/GALATEO-E-FRIENDS-aceto-balsamico-di-modena-corso-como.jpg","type":"image\/jpeg"}],"twitter_card":"summary_large_image","schema":{"@context":"https:\/\/schema.org","@graph":[{"@type":"WebPage","@id":"https:\/\/www.erresse-shop.it\/fr\/shop\/table-fr-2\/huile-vinaigre-sel\/galateo-friends-rossetto-vinaigre-de-tomate-250-ml-copia\/","url":"https:\/\/www.erresse-shop.it\/fr\/shop\/table-fr-2\/huile-vinaigre-sel\/galateo-friends-rossetto-vinaigre-de-tomate-250-ml-copia\/","name":"GALATEO & FRIENDS Emoticon 10 Corso Como Vinaigre balsamique de Mod\u00e8ne 250 ml - Erresse Shop","isPartOf":{"@id":"https:\/\/www.erresse-shop.it\/fr\/#website"},"datePublished":"2024-12-06T13:15:47+00:00","dateModified":"2024-12-06T13:37:56+00:00","description":"Signatures consolide la mission fondamentale de la marque GALATEO&amp;Friends, qui s'est toujours engag\u00e9e \u00e0 marier l'excellence alimentaire au design","breadcrumb":{"@id":"https:\/\/www.erresse-shop.it\/fr\/shop\/table-fr-2\/huile-vinaigre-sel\/galateo-friends-rossetto-vinaigre-de-tomate-250-ml-copia\/#breadcrumb"},"inLanguage":"fr-FR","potentialAction":[{"@type":"ReadAction","target":["https:\/\/www.erresse-shop.it\/fr\/shop\/table-fr-2\/huile-vinaigre-sel\/galateo-friends-rossetto-vinaigre-de-tomate-250-ml-copia\/"]}]},{"@type":"BreadcrumbList","@id":"https:\/\/www.erresse-shop.it\/fr\/shop\/table-fr-2\/huile-vinaigre-sel\/galateo-friends-rossetto-vinaigre-de-tomate-250-ml-copia\/#breadcrumb","itemListElement":[{"@type":"ListItem","position":1,"name":"Home","item":"https:\/\/www.erresse-shop.it\/fr\/"},{"@type":"ListItem","position":2,"name":"Shop","item":"https:\/\/www.erresse-shop.it\/fr\/shop\/"},{"@type":"ListItem","position":3,"name":"GALATEO &#038; FRIENDS Emoticon 10 Corso Como Vinaigre balsamique de Mod\u00e8ne 250 ml"}]},{"@type":"WebSite","@id":"https:\/\/www.erresse-shop.it\/fr\/#website","url":"https:\/\/www.erresse-shop.it\/fr\/","name":"Erresse Shop","description":"Articoli di qualit\u00e0 per la casa","potentialAction":[{"@type":"SearchAction","target":{"@type":"EntryPoint","urlTemplate":"https:\/\/www.erresse-shop.it\/fr\/?s={search_term_string}"},"query-input":"required name=search_term_string"}],"inLanguage":"fr-FR"}]}},"df_price":23,"df_sale_price":23,"df_regular_price":23,"df_image_link":"https:\/\/www.erresse-shop.it\/wp-content\/uploads\/2024\/12\/GALATEO-FRIENDS-Emoticon-10-Corso-Como-Aceto-Balsamico-di-Modena-250-ml-300x300.jpg","_links":{"self":[{"href":"https:\/\/www.erresse-shop.it\/fr\/wp-json\/wp\/v2\/product\/453792"}],"collection":[{"href":"https:\/\/www.erresse-shop.it\/fr\/wp-json\/wp\/v2\/product"}],"about":[{"href":"https:\/\/www.erresse-shop.it\/fr\/wp-json\/wp\/v2\/types\/product"}],"wp:featuredmedia":[{"embeddable":true,"href":"https:\/\/www.erresse-shop.it\/fr\/wp-json\/wp\/v2\/media\/492053"}],"wp:attachment":[{"href":"https:\/\/www.erresse-shop.it\/fr\/wp-json\/wp\/v2\/media?parent=453792"}],"wp:term":[{"taxonomy":"product_cat","embeddable":true,"href":"https:\/\/www.erresse-shop.it\/fr\/wp-json\/wp\/v2\/product_cat?post=453792"},{"taxonomy":"product_tag","embeddable":true,"href":"https:\/\/www.erresse-shop.it\/fr\/wp-json\/wp\/v2\/product_tag?post=453792"}],"curies":[{"name":"wp","href":"https:\/\/api.w.org\/{rel}","templated":true}]}}