{"id":453486,"date":"2024-12-05T09:10:05","date_gmt":"2024-12-05T09:10:06","guid":{"rendered":"https:\/\/www.erresse-shop.it\/?post_type=product&#038;p=453486"},"modified":"2024-12-05T09:17:30","modified_gmt":"2024-12-05T09:17:30","slug":"g3-ferrari-rosto-37-l-copia","status":"publish","type":"product","link":"https:\/\/www.erresse-shop.it\/fr\/shop\/petits-electromenagers\/fours\/g3-ferrari-rosto-37-l-copia\/","title":{"rendered":"G3 FERRARI Rost\u00f2 37 L Titanium"},"content":{"rendered":"<p>Le <strong>Rost\u00f2 37<\/strong> est facile \u00e0 utiliser et tr\u00e8s spacieux avec sa cavit\u00e9 de 37 litres. Il est possible de cuire deux plats en m\u00eame temps et, gr\u00e2ce \u00e0 sa faible consommation d&#8217;\u00e9nergie, il constitue un pr\u00e9cieux appareil auxiliaire de cuisine. La fonction de convection offre la possibilit\u00e9 de cuire les aliments en un temps plus court. Il est facile \u00e0 transporter et utile dans de nombreuses situations diff\u00e9rentes, \u00e0 l&#8217;int\u00e9rieur comme \u00e0 l&#8217;ext\u00e9rieur. La temp\u00e9rature int\u00e9rieure \u00e9lev\u00e9e, qui peut atteindre plus de 300 degr\u00e9s, et le plateau rond sp\u00e9cial, font de ce four un excellent outil pour la cuisson des pizzas et autres plats similaires.<\/p>\n<p><strong>Sp\u00e9cifications techniques<\/strong><br \/>\n&#8211; Puissance : 1500W<br \/>\n&#8211; Capacit\u00e9 : 37 litres<br \/>\n&#8211; Convection et lumi\u00e8re int\u00e9rieure<br \/>\n&#8211; Convient aux plats de 38 cm de diam\u00e8tre<br \/>\n&#8211; Double verre pour l&#8217;isolation thermique<br \/>\n&#8211; Minuterie : 90 minutes avec signal sonore<br \/>\n&#8211; Thermostat r\u00e9glable : de 40\u00b0C \u00e0 300\u00b0C<br \/>\n&#8211; \u00c9l\u00e9ments chauffants en acier<br \/>\n&#8211; Fonctions de cuisson : double chaleur, fond et gril<br \/>\n&#8211; Lumi\u00e8re rouge pour le fonctionnement<br \/>\n&#8211; Facile \u00e0 nettoyer : Parois internes \u00e9maill\u00e9es.<br \/>\n&#8211; Accessoires : 1 grille, 1 plateau rectangulaire, 1 plateau rond \u00d837cm<br \/>\n&#8211; Alimentation \u00e9lectrique : AC 230V ~ 50-60Hz<\/p>\n","protected":false},"excerpt":{"rendered":"<p>Le Rost\u00f2 37 est facile \u00e0 utiliser et tr\u00e8s spacieux avec sa cavit\u00e9 de 37 litres. Il est possible de<\/p>\n","protected":false},"featured_media":493797,"template":"","meta":{"_acf_changed":false,"inline_featured_image":false},"product_cat":[15660,12449],"product_tag":[23690,12948,17107],"acf":[],"yoast_head":"<!-- This site is optimized with the Yoast SEO Premium plugin v18.6 (Yoast SEO v19.13) - https:\/\/yoast.com\/wordpress\/plugins\/seo\/ -->\n<title>G3 FERRARI Rost\u00f2 37 L Titanium - Erresse Shop<\/title>\n<meta name=\"description\" content=\"Le Rost\u00f2 37 est facile \u00e0 utiliser et tr\u00e8s spacieux avec sa cavit\u00e9 de 37 litres. Il est possible de cuire deux plats en m\u00eame temps et, gr\u00e2ce \u00e0 sa faible\" \/>\n<meta name=\"robots\" content=\"index, follow, max-snippet:-1, max-image-preview:large, max-video-preview:-1\" \/>\n<link rel=\"canonical\" href=\"https:\/\/www.erresse-shop.it\/fr\/shop\/petits-electromenagers\/fours\/g3-ferrari-rosto-37-l-copia\/\" \/>\n<meta property=\"og:locale\" content=\"fr_FR\" \/>\n<meta property=\"og:type\" content=\"article\" \/>\n<meta property=\"og:title\" content=\"G3 FERRARI Rost\u00f2 37 L Titanium\" \/>\n<meta property=\"og:description\" content=\"Le Rost\u00f2 37 est facile \u00e0 utiliser et tr\u00e8s spacieux avec sa cavit\u00e9 de 37 litres. Il est possible de cuire deux plats en m\u00eame temps et, gr\u00e2ce \u00e0 sa faible\" \/>\n<meta property=\"og:url\" content=\"https:\/\/www.erresse-shop.it\/fr\/shop\/petits-electromenagers\/fours\/g3-ferrari-rosto-37-l-copia\/\" \/>\n<meta property=\"og:site_name\" content=\"Erresse Shop\" \/>\n<meta property=\"article:modified_time\" content=\"2024-12-05T09:17:30+00:00\" \/>\n<meta property=\"og:image\" content=\"https:\/\/www.erresse-shop.it\/wp-content\/uploads\/2024\/12\/G3-ferrari-forno-37L.jpg\" \/>\n\t<meta property=\"og:image:width\" content=\"1200\" \/>\n\t<meta property=\"og:image:height\" content=\"1200\" \/>\n\t<meta property=\"og:image:type\" content=\"image\/jpeg\" \/>\n<meta name=\"twitter:card\" content=\"summary_large_image\" \/>\n<script type=\"application\/ld+json\" class=\"yoast-schema-graph\">{\"@context\":\"https:\/\/schema.org\",\"@graph\":[{\"@type\":\"WebPage\",\"@id\":\"https:\/\/www.erresse-shop.it\/fr\/shop\/petits-electromenagers\/fours\/g3-ferrari-rosto-37-l-copia\/\",\"url\":\"https:\/\/www.erresse-shop.it\/fr\/shop\/petits-electromenagers\/fours\/g3-ferrari-rosto-37-l-copia\/\",\"name\":\"G3 FERRARI Rost\u00f2 37 L Titanium - Erresse Shop\",\"isPartOf\":{\"@id\":\"https:\/\/www.erresse-shop.it\/fr\/#website\"},\"datePublished\":\"2024-12-05T09:10:06+00:00\",\"dateModified\":\"2024-12-05T09:17:30+00:00\",\"description\":\"Le Rost\u00f2 37 est facile \u00e0 utiliser et tr\u00e8s spacieux avec sa cavit\u00e9 de 37 litres. Il est possible de cuire deux plats en m\u00eame temps et, gr\u00e2ce \u00e0 sa faible\",\"breadcrumb\":{\"@id\":\"https:\/\/www.erresse-shop.it\/fr\/shop\/petits-electromenagers\/fours\/g3-ferrari-rosto-37-l-copia\/#breadcrumb\"},\"inLanguage\":\"fr-FR\",\"potentialAction\":[{\"@type\":\"ReadAction\",\"target\":[\"https:\/\/www.erresse-shop.it\/fr\/shop\/petits-electromenagers\/fours\/g3-ferrari-rosto-37-l-copia\/\"]}]},{\"@type\":\"BreadcrumbList\",\"@id\":\"https:\/\/www.erresse-shop.it\/fr\/shop\/petits-electromenagers\/fours\/g3-ferrari-rosto-37-l-copia\/#breadcrumb\",\"itemListElement\":[{\"@type\":\"ListItem\",\"position\":1,\"name\":\"Home\",\"item\":\"https:\/\/www.erresse-shop.it\/fr\/\"},{\"@type\":\"ListItem\",\"position\":2,\"name\":\"Shop\",\"item\":\"https:\/\/www.erresse-shop.it\/fr\/shop\/\"},{\"@type\":\"ListItem\",\"position\":3,\"name\":\"G3 FERRARI Rost\u00f2 37 L Titanium\"}]},{\"@type\":\"WebSite\",\"@id\":\"https:\/\/www.erresse-shop.it\/fr\/#website\",\"url\":\"https:\/\/www.erresse-shop.it\/fr\/\",\"name\":\"Erresse Shop\",\"description\":\"Articoli di qualit\u00e0 per la casa\",\"potentialAction\":[{\"@type\":\"SearchAction\",\"target\":{\"@type\":\"EntryPoint\",\"urlTemplate\":\"https:\/\/www.erresse-shop.it\/fr\/?s={search_term_string}\"},\"query-input\":\"required name=search_term_string\"}],\"inLanguage\":\"fr-FR\"}]}<\/script>\n<!-- \/ Yoast SEO Premium plugin. -->","yoast_head_json":{"title":"G3 FERRARI Rost\u00f2 37 L Titanium - Erresse Shop","description":"Le Rost\u00f2 37 est facile \u00e0 utiliser et tr\u00e8s spacieux avec sa cavit\u00e9 de 37 litres. Il est possible de cuire deux plats en m\u00eame temps et, gr\u00e2ce \u00e0 sa faible","robots":{"index":"index","follow":"follow","max-snippet":"max-snippet:-1","max-image-preview":"max-image-preview:large","max-video-preview":"max-video-preview:-1"},"canonical":"https:\/\/www.erresse-shop.it\/fr\/shop\/petits-electromenagers\/fours\/g3-ferrari-rosto-37-l-copia\/","og_locale":"fr_FR","og_type":"article","og_title":"G3 FERRARI Rost\u00f2 37 L Titanium","og_description":"Le Rost\u00f2 37 est facile \u00e0 utiliser et tr\u00e8s spacieux avec sa cavit\u00e9 de 37 litres. Il est possible de cuire deux plats en m\u00eame temps et, gr\u00e2ce \u00e0 sa faible","og_url":"https:\/\/www.erresse-shop.it\/fr\/shop\/petits-electromenagers\/fours\/g3-ferrari-rosto-37-l-copia\/","og_site_name":"Erresse Shop","article_modified_time":"2024-12-05T09:17:30+00:00","og_image":[{"width":1200,"height":1200,"url":"https:\/\/www.erresse-shop.it\/wp-content\/uploads\/2024\/12\/G3-ferrari-forno-37L.jpg","type":"image\/jpeg"}],"twitter_card":"summary_large_image","schema":{"@context":"https:\/\/schema.org","@graph":[{"@type":"WebPage","@id":"https:\/\/www.erresse-shop.it\/fr\/shop\/petits-electromenagers\/fours\/g3-ferrari-rosto-37-l-copia\/","url":"https:\/\/www.erresse-shop.it\/fr\/shop\/petits-electromenagers\/fours\/g3-ferrari-rosto-37-l-copia\/","name":"G3 FERRARI Rost\u00f2 37 L Titanium - Erresse Shop","isPartOf":{"@id":"https:\/\/www.erresse-shop.it\/fr\/#website"},"datePublished":"2024-12-05T09:10:06+00:00","dateModified":"2024-12-05T09:17:30+00:00","description":"Le Rost\u00f2 37 est facile \u00e0 utiliser et tr\u00e8s spacieux avec sa cavit\u00e9 de 37 litres. Il est possible de cuire deux plats en m\u00eame temps et, gr\u00e2ce \u00e0 sa faible","breadcrumb":{"@id":"https:\/\/www.erresse-shop.it\/fr\/shop\/petits-electromenagers\/fours\/g3-ferrari-rosto-37-l-copia\/#breadcrumb"},"inLanguage":"fr-FR","potentialAction":[{"@type":"ReadAction","target":["https:\/\/www.erresse-shop.it\/fr\/shop\/petits-electromenagers\/fours\/g3-ferrari-rosto-37-l-copia\/"]}]},{"@type":"BreadcrumbList","@id":"https:\/\/www.erresse-shop.it\/fr\/shop\/petits-electromenagers\/fours\/g3-ferrari-rosto-37-l-copia\/#breadcrumb","itemListElement":[{"@type":"ListItem","position":1,"name":"Home","item":"https:\/\/www.erresse-shop.it\/fr\/"},{"@type":"ListItem","position":2,"name":"Shop","item":"https:\/\/www.erresse-shop.it\/fr\/shop\/"},{"@type":"ListItem","position":3,"name":"G3 FERRARI Rost\u00f2 37 L Titanium"}]},{"@type":"WebSite","@id":"https:\/\/www.erresse-shop.it\/fr\/#website","url":"https:\/\/www.erresse-shop.it\/fr\/","name":"Erresse Shop","description":"Articoli di qualit\u00e0 per la casa","potentialAction":[{"@type":"SearchAction","target":{"@type":"EntryPoint","urlTemplate":"https:\/\/www.erresse-shop.it\/fr\/?s={search_term_string}"},"query-input":"required name=search_term_string"}],"inLanguage":"fr-FR"}]}},"df_price":127.95,"df_sale_price":127.95,"df_regular_price":159.9,"df_image_link":"https:\/\/www.erresse-shop.it\/wp-content\/uploads\/2024\/12\/G3-FERRARI-Rosto-37-L-Titanium-300x300.jpg","_links":{"self":[{"href":"https:\/\/www.erresse-shop.it\/fr\/wp-json\/wp\/v2\/product\/453486"}],"collection":[{"href":"https:\/\/www.erresse-shop.it\/fr\/wp-json\/wp\/v2\/product"}],"about":[{"href":"https:\/\/www.erresse-shop.it\/fr\/wp-json\/wp\/v2\/types\/product"}],"wp:featuredmedia":[{"embeddable":true,"href":"https:\/\/www.erresse-shop.it\/fr\/wp-json\/wp\/v2\/media\/493797"}],"wp:attachment":[{"href":"https:\/\/www.erresse-shop.it\/fr\/wp-json\/wp\/v2\/media?parent=453486"}],"wp:term":[{"taxonomy":"product_cat","embeddable":true,"href":"https:\/\/www.erresse-shop.it\/fr\/wp-json\/wp\/v2\/product_cat?post=453486"},{"taxonomy":"product_tag","embeddable":true,"href":"https:\/\/www.erresse-shop.it\/fr\/wp-json\/wp\/v2\/product_tag?post=453486"}],"curies":[{"name":"wp","href":"https:\/\/api.w.org\/{rel}","templated":true}]}}