{"id":453464,"date":"2024-12-05T08:50:23","date_gmt":"2024-12-05T08:50:24","guid":{"rendered":"https:\/\/www.erresse-shop.it\/?post_type=product&#038;p=453464"},"modified":"2025-04-27T13:09:21","modified_gmt":"2025-04-27T13:09:21","slug":"staub-cocotte-ronde-twister-24-cm-truffe-blanche-copia","status":"publish","type":"product","link":"https:\/\/www.erresse-shop.it\/fr\/shop\/poeles-pots\/marmites-et-cocottes-poeles-pots\/staub-cocotte-ronde-twister-24-cm-truffe-blanche-copia\/","title":{"rendered":"STAUB Cocotte ronde Twister 24 cm La Mer"},"content":{"rendered":"<p>La cocotte Twister 24 cm de Staub est l&#8217;accessoire indispensable que tout passionn\u00e9 de cuisine se doit d&#8217;avoir dans sa cuisine. Gr\u00e2ce \u00e0 la combinaison extraordinaire d&#8217;un design \u00e9l\u00e9gant et d&#8217;une performance de cuisson exceptionnelle, cette cocotte est destin\u00e9e \u00e0 devenir votre ustensile pr\u00e9f\u00e9r\u00e9 pour pr\u00e9parer de d\u00e9licieux plats.<\/p>\n<p>Qualit\u00e9 sup\u00e9rieure<br \/>\nSoigneusement fabriqu\u00e9e \u00e0 la main en fonte \u00e9maill\u00e9e, la Cocotte Twister de Staub offre une r\u00e9partition uniforme de la chaleur, garantissant ainsi une cuisson homog\u00e8ne de vos plats qui conservent toute leur saveur. La fonte \u00e9maill\u00e9e est r\u00e9put\u00e9e pour sa durabilit\u00e9 et sa r\u00e9sistance aux temp\u00e9ratures extr\u00eames, ce qui la rend parfaite pour r\u00f4tir, cuire au four, mijoter et bien plus encore.<\/p>\n<p>Un design \u00e9l\u00e9gant<br \/>\nLe design distinctif de la Cocotte Twister ajoute une touche d&#8217;\u00e9l\u00e9gance \u00e0 toute cuisine. Son \u00e9mail color\u00e9 r\u00e9sistant \u00e0 l&#8217;usure est disponible dans une vari\u00e9t\u00e9 de couleurs attrayantes, ce qui vous permet de choisir celle qui convient le mieux \u00e0 votre style. La cocotte est \u00e9galement dot\u00e9e d&#8217;un couvercle en forme de spirale qui emprisonne efficacement la vapeur \u00e0 l&#8217;int\u00e9rieur, garantissant ainsi que vos plats restent succulents et savoureux.<\/p>\n<p>Polyvalence dans la cuisine<br \/>\nAvec sa capacit\u00e9 de 24 cm, la Cocotte Twister est id\u00e9ale pour pr\u00e9parer des portions g\u00e9n\u00e9reuses de soupes, rago\u00fbts, brais\u00e9s, risottos et autres. Elle peut \u00eatre utilis\u00e9e sur des plaques de cuisson \u00e0 gaz ou \u00e0 induction, ce qui la rend adapt\u00e9e \u00e0 toutes les cuisines.<\/p>\n<p>Facile \u00e0 nettoyer<br \/>\nLa surface \u00e9maill\u00e9e de la cocotte est extr\u00eamement facile \u00e0 nettoyer. Un rin\u00e7age rapide et un nettoyage l\u00e9ger suffisent \u00e0 la garder comme neuve.<\/p>\n<p>Marque : Staub<br \/>\nMat\u00e9riau : fonte<br \/>\nCouleur : La Mer<br \/>\nDimensions : d24 cm<\/p>\n","protected":false},"excerpt":{"rendered":"<p>La cocotte Twister 24 cm de Staub est l&#8217;accessoire indispensable que tout passionn\u00e9 de cuisine se doit d&#8217;avoir dans sa<\/p>\n","protected":false},"featured_media":453471,"template":"","meta":{"_acf_changed":false,"inline_featured_image":false},"product_cat":[12458,14792],"product_tag":[25086,21529,24397,12994,12461,12466],"acf":[],"yoast_head":"<!-- This site is optimized with the Yoast SEO Premium plugin v18.6 (Yoast SEO v19.13) - https:\/\/yoast.com\/wordpress\/plugins\/seo\/ -->\n<title>STAUB Cocotte ronde Twister 24 cm La Mer - Erresse Shop<\/title>\n<meta name=\"description\" content=\"La cocotte Twister 24 cm de Staub est l&#039;accessoire indispensable que tout passionn\u00e9 de cuisine se doit d&#039;avoir dans sa cuisine. Gr\u00e2ce \u00e0 la combinaison\" \/>\n<meta name=\"robots\" content=\"index, follow, max-snippet:-1, max-image-preview:large, max-video-preview:-1\" \/>\n<link rel=\"canonical\" href=\"https:\/\/www.erresse-shop.it\/fr\/shop\/poeles-pots\/marmites-et-cocottes-poeles-pots\/staub-cocotte-ronde-twister-24-cm-truffe-blanche-copia\/\" \/>\n<meta property=\"og:locale\" content=\"fr_FR\" \/>\n<meta property=\"og:type\" content=\"article\" \/>\n<meta property=\"og:title\" content=\"STAUB Cocotte ronde Twister 24 cm La Mer\" \/>\n<meta property=\"og:description\" content=\"La cocotte Twister 24 cm de Staub est l&#039;accessoire indispensable que tout passionn\u00e9 de cuisine se doit d&#039;avoir dans sa cuisine. Gr\u00e2ce \u00e0 la combinaison\" \/>\n<meta property=\"og:url\" content=\"https:\/\/www.erresse-shop.it\/fr\/shop\/poeles-pots\/marmites-et-cocottes-poeles-pots\/staub-cocotte-ronde-twister-24-cm-truffe-blanche-copia\/\" \/>\n<meta property=\"og:site_name\" content=\"Erresse Shop\" \/>\n<meta property=\"article:modified_time\" content=\"2025-04-27T13:09:21+00:00\" \/>\n<meta property=\"og:image\" content=\"https:\/\/www.erresse-shop.it\/wp-content\/uploads\/2024\/12\/Staub-la-mer.jpg\" \/>\n\t<meta property=\"og:image:width\" content=\"1200\" \/>\n\t<meta property=\"og:image:height\" content=\"1200\" \/>\n\t<meta property=\"og:image:type\" content=\"image\/jpeg\" \/>\n<meta name=\"twitter:card\" content=\"summary_large_image\" \/>\n<script type=\"application\/ld+json\" class=\"yoast-schema-graph\">{\"@context\":\"https:\/\/schema.org\",\"@graph\":[{\"@type\":\"WebPage\",\"@id\":\"https:\/\/www.erresse-shop.it\/fr\/shop\/poeles-pots\/marmites-et-cocottes-poeles-pots\/staub-cocotte-ronde-twister-24-cm-truffe-blanche-copia\/\",\"url\":\"https:\/\/www.erresse-shop.it\/fr\/shop\/poeles-pots\/marmites-et-cocottes-poeles-pots\/staub-cocotte-ronde-twister-24-cm-truffe-blanche-copia\/\",\"name\":\"STAUB Cocotte ronde Twister 24 cm La Mer - Erresse Shop\",\"isPartOf\":{\"@id\":\"https:\/\/www.erresse-shop.it\/fr\/#website\"},\"datePublished\":\"2024-12-05T08:50:24+00:00\",\"dateModified\":\"2025-04-27T13:09:21+00:00\",\"description\":\"La cocotte Twister 24 cm de Staub est l'accessoire indispensable que tout passionn\u00e9 de cuisine se doit d'avoir dans sa cuisine. Gr\u00e2ce \u00e0 la combinaison\",\"breadcrumb\":{\"@id\":\"https:\/\/www.erresse-shop.it\/fr\/shop\/poeles-pots\/marmites-et-cocottes-poeles-pots\/staub-cocotte-ronde-twister-24-cm-truffe-blanche-copia\/#breadcrumb\"},\"inLanguage\":\"fr-FR\",\"potentialAction\":[{\"@type\":\"ReadAction\",\"target\":[\"https:\/\/www.erresse-shop.it\/fr\/shop\/poeles-pots\/marmites-et-cocottes-poeles-pots\/staub-cocotte-ronde-twister-24-cm-truffe-blanche-copia\/\"]}]},{\"@type\":\"BreadcrumbList\",\"@id\":\"https:\/\/www.erresse-shop.it\/fr\/shop\/poeles-pots\/marmites-et-cocottes-poeles-pots\/staub-cocotte-ronde-twister-24-cm-truffe-blanche-copia\/#breadcrumb\",\"itemListElement\":[{\"@type\":\"ListItem\",\"position\":1,\"name\":\"Home\",\"item\":\"https:\/\/www.erresse-shop.it\/fr\/\"},{\"@type\":\"ListItem\",\"position\":2,\"name\":\"Shop\",\"item\":\"https:\/\/www.erresse-shop.it\/fr\/shop\/\"},{\"@type\":\"ListItem\",\"position\":3,\"name\":\"STAUB Cocotte ronde Twister 24 cm La Mer\"}]},{\"@type\":\"WebSite\",\"@id\":\"https:\/\/www.erresse-shop.it\/fr\/#website\",\"url\":\"https:\/\/www.erresse-shop.it\/fr\/\",\"name\":\"Erresse Shop\",\"description\":\"Articoli di qualit\u00e0 per la casa\",\"potentialAction\":[{\"@type\":\"SearchAction\",\"target\":{\"@type\":\"EntryPoint\",\"urlTemplate\":\"https:\/\/www.erresse-shop.it\/fr\/?s={search_term_string}\"},\"query-input\":\"required name=search_term_string\"}],\"inLanguage\":\"fr-FR\"}]}<\/script>\n<!-- \/ Yoast SEO Premium plugin. -->","yoast_head_json":{"title":"STAUB Cocotte ronde Twister 24 cm La Mer - Erresse Shop","description":"La cocotte Twister 24 cm de Staub est l'accessoire indispensable que tout passionn\u00e9 de cuisine se doit d'avoir dans sa cuisine. Gr\u00e2ce \u00e0 la combinaison","robots":{"index":"index","follow":"follow","max-snippet":"max-snippet:-1","max-image-preview":"max-image-preview:large","max-video-preview":"max-video-preview:-1"},"canonical":"https:\/\/www.erresse-shop.it\/fr\/shop\/poeles-pots\/marmites-et-cocottes-poeles-pots\/staub-cocotte-ronde-twister-24-cm-truffe-blanche-copia\/","og_locale":"fr_FR","og_type":"article","og_title":"STAUB Cocotte ronde Twister 24 cm La Mer","og_description":"La cocotte Twister 24 cm de Staub est l'accessoire indispensable que tout passionn\u00e9 de cuisine se doit d'avoir dans sa cuisine. Gr\u00e2ce \u00e0 la combinaison","og_url":"https:\/\/www.erresse-shop.it\/fr\/shop\/poeles-pots\/marmites-et-cocottes-poeles-pots\/staub-cocotte-ronde-twister-24-cm-truffe-blanche-copia\/","og_site_name":"Erresse Shop","article_modified_time":"2025-04-27T13:09:21+00:00","og_image":[{"width":1200,"height":1200,"url":"https:\/\/www.erresse-shop.it\/wp-content\/uploads\/2024\/12\/Staub-la-mer.jpg","type":"image\/jpeg"}],"twitter_card":"summary_large_image","schema":{"@context":"https:\/\/schema.org","@graph":[{"@type":"WebPage","@id":"https:\/\/www.erresse-shop.it\/fr\/shop\/poeles-pots\/marmites-et-cocottes-poeles-pots\/staub-cocotte-ronde-twister-24-cm-truffe-blanche-copia\/","url":"https:\/\/www.erresse-shop.it\/fr\/shop\/poeles-pots\/marmites-et-cocottes-poeles-pots\/staub-cocotte-ronde-twister-24-cm-truffe-blanche-copia\/","name":"STAUB Cocotte ronde Twister 24 cm La Mer - Erresse Shop","isPartOf":{"@id":"https:\/\/www.erresse-shop.it\/fr\/#website"},"datePublished":"2024-12-05T08:50:24+00:00","dateModified":"2025-04-27T13:09:21+00:00","description":"La cocotte Twister 24 cm de Staub est l'accessoire indispensable que tout passionn\u00e9 de cuisine se doit d'avoir dans sa cuisine. Gr\u00e2ce \u00e0 la combinaison","breadcrumb":{"@id":"https:\/\/www.erresse-shop.it\/fr\/shop\/poeles-pots\/marmites-et-cocottes-poeles-pots\/staub-cocotte-ronde-twister-24-cm-truffe-blanche-copia\/#breadcrumb"},"inLanguage":"fr-FR","potentialAction":[{"@type":"ReadAction","target":["https:\/\/www.erresse-shop.it\/fr\/shop\/poeles-pots\/marmites-et-cocottes-poeles-pots\/staub-cocotte-ronde-twister-24-cm-truffe-blanche-copia\/"]}]},{"@type":"BreadcrumbList","@id":"https:\/\/www.erresse-shop.it\/fr\/shop\/poeles-pots\/marmites-et-cocottes-poeles-pots\/staub-cocotte-ronde-twister-24-cm-truffe-blanche-copia\/#breadcrumb","itemListElement":[{"@type":"ListItem","position":1,"name":"Home","item":"https:\/\/www.erresse-shop.it\/fr\/"},{"@type":"ListItem","position":2,"name":"Shop","item":"https:\/\/www.erresse-shop.it\/fr\/shop\/"},{"@type":"ListItem","position":3,"name":"STAUB Cocotte ronde Twister 24 cm La Mer"}]},{"@type":"WebSite","@id":"https:\/\/www.erresse-shop.it\/fr\/#website","url":"https:\/\/www.erresse-shop.it\/fr\/","name":"Erresse Shop","description":"Articoli di qualit\u00e0 per la casa","potentialAction":[{"@type":"SearchAction","target":{"@type":"EntryPoint","urlTemplate":"https:\/\/www.erresse-shop.it\/fr\/?s={search_term_string}"},"query-input":"required name=search_term_string"}],"inLanguage":"fr-FR"}]}},"df_price":139.5,"df_sale_price":139.5,"df_regular_price":279,"df_image_link":"https:\/\/www.erresse-shop.it\/wp-content\/uploads\/2024\/12\/Staub-la-mer-300x300.jpg","_links":{"self":[{"href":"https:\/\/www.erresse-shop.it\/fr\/wp-json\/wp\/v2\/product\/453464"}],"collection":[{"href":"https:\/\/www.erresse-shop.it\/fr\/wp-json\/wp\/v2\/product"}],"about":[{"href":"https:\/\/www.erresse-shop.it\/fr\/wp-json\/wp\/v2\/types\/product"}],"wp:featuredmedia":[{"embeddable":true,"href":"https:\/\/www.erresse-shop.it\/fr\/wp-json\/wp\/v2\/media\/453471"}],"wp:attachment":[{"href":"https:\/\/www.erresse-shop.it\/fr\/wp-json\/wp\/v2\/media?parent=453464"}],"wp:term":[{"taxonomy":"product_cat","embeddable":true,"href":"https:\/\/www.erresse-shop.it\/fr\/wp-json\/wp\/v2\/product_cat?post=453464"},{"taxonomy":"product_tag","embeddable":true,"href":"https:\/\/www.erresse-shop.it\/fr\/wp-json\/wp\/v2\/product_tag?post=453464"}],"curies":[{"name":"wp","href":"https:\/\/api.w.org\/{rel}","templated":true}]}}