{"id":452900,"date":"2024-12-03T06:35:57","date_gmt":"2024-12-03T06:35:59","guid":{"rendered":"https:\/\/www.erresse-shop.it\/?post_type=product&#038;p=452900"},"modified":"2024-12-03T06:41:43","modified_gmt":"2024-12-03T06:41:43","slug":"ichendorf-milano-fruits-and-flowers-set-2-verres-a-avocat-copia","status":"publish","type":"product","link":"https:\/\/www.erresse-shop.it\/fr\/shop\/table-fr-2\/verres\/ichendorf-milano-fruits-and-flowers-set-2-verres-a-avocat-copia\/","title":{"rendered":"ICHENDORF MILANO Fruits and Flowers Set 6 verres assortis"},"content":{"rendered":"<p><strong>Collection<\/strong> Fruits and Flowers<br \/>\n<strong>Design<\/strong> Alessandra Baldereschi<br \/>\n<strong>Mat\u00e9riau<\/strong> Borosilicate<br \/>\n<strong>Fabrication<\/strong> Fait \u00e0 la main et travaill\u00e9 \u00e0 la lampe<br \/>\n<strong>Dimensions<\/strong> H. 8 \u2300 8,5<br \/>\n<strong>Lavage<\/strong> Lavable au lave-vaisselle \u00e0 basse temp\u00e9rature (40\u00b0 recommand\u00e9).<\/p>\n","protected":false},"excerpt":{"rendered":"<p>Collection Fruits and Flowers Design Alessandra Baldereschi Mat\u00e9riau Borosilicate Fabrication Fait \u00e0 la main et travaill\u00e9 \u00e0 la lampe Dimensions<\/p>\n","protected":false},"featured_media":452905,"template":"","meta":{"_acf_changed":false,"inline_featured_image":false},"product_cat":[12782,12784],"product_tag":[23910,13275,14413,24603,14895,21821,15730],"acf":[],"yoast_head":"<!-- This site is optimized with the Yoast SEO Premium plugin v18.6 (Yoast SEO v19.13) - https:\/\/yoast.com\/wordpress\/plugins\/seo\/ -->\n<title>ICHENDORF MILANO Fruits and Flowers Set 6 verres assortis - Erresse Shop<\/title>\n<meta name=\"description\" content=\"Collection Fruits and Flowers Design Alessandra Baldereschi Mat\u00e9riau Borosilicate Fabrication Fait \u00e0 la main et travaill\u00e9 \u00e0 la lampe Dimensions H. 8 \u2300 8,5\" \/>\n<meta name=\"robots\" content=\"index, follow, max-snippet:-1, max-image-preview:large, max-video-preview:-1\" \/>\n<link rel=\"canonical\" href=\"https:\/\/www.erresse-shop.it\/fr\/shop\/table-fr-2\/verres\/ichendorf-milano-fruits-and-flowers-set-2-verres-a-avocat-copia\/\" \/>\n<meta property=\"og:locale\" content=\"fr_FR\" \/>\n<meta property=\"og:type\" content=\"article\" \/>\n<meta property=\"og:title\" content=\"ICHENDORF MILANO Fruits and Flowers Set 6 verres assortis\" \/>\n<meta property=\"og:description\" content=\"Collection Fruits and Flowers Design Alessandra Baldereschi Mat\u00e9riau Borosilicate Fabrication Fait \u00e0 la main et travaill\u00e9 \u00e0 la lampe Dimensions H. 8 \u2300 8,5\" \/>\n<meta property=\"og:url\" content=\"https:\/\/www.erresse-shop.it\/fr\/shop\/table-fr-2\/verres\/ichendorf-milano-fruits-and-flowers-set-2-verres-a-avocat-copia\/\" \/>\n<meta property=\"og:site_name\" content=\"Erresse Shop\" \/>\n<meta property=\"article:modified_time\" content=\"2024-12-03T06:41:43+00:00\" \/>\n<meta property=\"og:image\" content=\"https:\/\/www.erresse-shop.it\/wp-content\/uploads\/2024\/12\/ichendorf-milano-fruits-e-flower-assortiti.jpg\" \/>\n\t<meta property=\"og:image:width\" content=\"1200\" \/>\n\t<meta property=\"og:image:height\" content=\"1200\" \/>\n\t<meta property=\"og:image:type\" content=\"image\/jpeg\" \/>\n<meta name=\"twitter:card\" content=\"summary_large_image\" \/>\n<script type=\"application\/ld+json\" class=\"yoast-schema-graph\">{\"@context\":\"https:\/\/schema.org\",\"@graph\":[{\"@type\":\"WebPage\",\"@id\":\"https:\/\/www.erresse-shop.it\/fr\/shop\/table-fr-2\/verres\/ichendorf-milano-fruits-and-flowers-set-2-verres-a-avocat-copia\/\",\"url\":\"https:\/\/www.erresse-shop.it\/fr\/shop\/table-fr-2\/verres\/ichendorf-milano-fruits-and-flowers-set-2-verres-a-avocat-copia\/\",\"name\":\"ICHENDORF MILANO Fruits and Flowers Set 6 verres assortis - Erresse Shop\",\"isPartOf\":{\"@id\":\"https:\/\/www.erresse-shop.it\/fr\/#website\"},\"datePublished\":\"2024-12-03T06:35:59+00:00\",\"dateModified\":\"2024-12-03T06:41:43+00:00\",\"description\":\"Collection Fruits and Flowers Design Alessandra Baldereschi Mat\u00e9riau Borosilicate Fabrication Fait \u00e0 la main et travaill\u00e9 \u00e0 la lampe Dimensions H. 8 \u2300 8,5\",\"breadcrumb\":{\"@id\":\"https:\/\/www.erresse-shop.it\/fr\/shop\/table-fr-2\/verres\/ichendorf-milano-fruits-and-flowers-set-2-verres-a-avocat-copia\/#breadcrumb\"},\"inLanguage\":\"fr-FR\",\"potentialAction\":[{\"@type\":\"ReadAction\",\"target\":[\"https:\/\/www.erresse-shop.it\/fr\/shop\/table-fr-2\/verres\/ichendorf-milano-fruits-and-flowers-set-2-verres-a-avocat-copia\/\"]}]},{\"@type\":\"BreadcrumbList\",\"@id\":\"https:\/\/www.erresse-shop.it\/fr\/shop\/table-fr-2\/verres\/ichendorf-milano-fruits-and-flowers-set-2-verres-a-avocat-copia\/#breadcrumb\",\"itemListElement\":[{\"@type\":\"ListItem\",\"position\":1,\"name\":\"Home\",\"item\":\"https:\/\/www.erresse-shop.it\/fr\/\"},{\"@type\":\"ListItem\",\"position\":2,\"name\":\"Shop\",\"item\":\"https:\/\/www.erresse-shop.it\/fr\/shop\/\"},{\"@type\":\"ListItem\",\"position\":3,\"name\":\"ICHENDORF MILANO Fruits and Flowers Set 6 verres assortis\"}]},{\"@type\":\"WebSite\",\"@id\":\"https:\/\/www.erresse-shop.it\/fr\/#website\",\"url\":\"https:\/\/www.erresse-shop.it\/fr\/\",\"name\":\"Erresse Shop\",\"description\":\"Articoli di qualit\u00e0 per la casa\",\"potentialAction\":[{\"@type\":\"SearchAction\",\"target\":{\"@type\":\"EntryPoint\",\"urlTemplate\":\"https:\/\/www.erresse-shop.it\/fr\/?s={search_term_string}\"},\"query-input\":\"required name=search_term_string\"}],\"inLanguage\":\"fr-FR\"}]}<\/script>\n<!-- \/ Yoast SEO Premium plugin. -->","yoast_head_json":{"title":"ICHENDORF MILANO Fruits and Flowers Set 6 verres assortis - Erresse Shop","description":"Collection Fruits and Flowers Design Alessandra Baldereschi Mat\u00e9riau Borosilicate Fabrication Fait \u00e0 la main et travaill\u00e9 \u00e0 la lampe Dimensions H. 8 \u2300 8,5","robots":{"index":"index","follow":"follow","max-snippet":"max-snippet:-1","max-image-preview":"max-image-preview:large","max-video-preview":"max-video-preview:-1"},"canonical":"https:\/\/www.erresse-shop.it\/fr\/shop\/table-fr-2\/verres\/ichendorf-milano-fruits-and-flowers-set-2-verres-a-avocat-copia\/","og_locale":"fr_FR","og_type":"article","og_title":"ICHENDORF MILANO Fruits and Flowers Set 6 verres assortis","og_description":"Collection Fruits and Flowers Design Alessandra Baldereschi Mat\u00e9riau Borosilicate Fabrication Fait \u00e0 la main et travaill\u00e9 \u00e0 la lampe Dimensions H. 8 \u2300 8,5","og_url":"https:\/\/www.erresse-shop.it\/fr\/shop\/table-fr-2\/verres\/ichendorf-milano-fruits-and-flowers-set-2-verres-a-avocat-copia\/","og_site_name":"Erresse Shop","article_modified_time":"2024-12-03T06:41:43+00:00","og_image":[{"width":1200,"height":1200,"url":"https:\/\/www.erresse-shop.it\/wp-content\/uploads\/2024\/12\/ichendorf-milano-fruits-e-flower-assortiti.jpg","type":"image\/jpeg"}],"twitter_card":"summary_large_image","schema":{"@context":"https:\/\/schema.org","@graph":[{"@type":"WebPage","@id":"https:\/\/www.erresse-shop.it\/fr\/shop\/table-fr-2\/verres\/ichendorf-milano-fruits-and-flowers-set-2-verres-a-avocat-copia\/","url":"https:\/\/www.erresse-shop.it\/fr\/shop\/table-fr-2\/verres\/ichendorf-milano-fruits-and-flowers-set-2-verres-a-avocat-copia\/","name":"ICHENDORF MILANO Fruits and Flowers Set 6 verres assortis - Erresse Shop","isPartOf":{"@id":"https:\/\/www.erresse-shop.it\/fr\/#website"},"datePublished":"2024-12-03T06:35:59+00:00","dateModified":"2024-12-03T06:41:43+00:00","description":"Collection Fruits and Flowers Design Alessandra Baldereschi Mat\u00e9riau Borosilicate Fabrication Fait \u00e0 la main et travaill\u00e9 \u00e0 la lampe Dimensions H. 8 \u2300 8,5","breadcrumb":{"@id":"https:\/\/www.erresse-shop.it\/fr\/shop\/table-fr-2\/verres\/ichendorf-milano-fruits-and-flowers-set-2-verres-a-avocat-copia\/#breadcrumb"},"inLanguage":"fr-FR","potentialAction":[{"@type":"ReadAction","target":["https:\/\/www.erresse-shop.it\/fr\/shop\/table-fr-2\/verres\/ichendorf-milano-fruits-and-flowers-set-2-verres-a-avocat-copia\/"]}]},{"@type":"BreadcrumbList","@id":"https:\/\/www.erresse-shop.it\/fr\/shop\/table-fr-2\/verres\/ichendorf-milano-fruits-and-flowers-set-2-verres-a-avocat-copia\/#breadcrumb","itemListElement":[{"@type":"ListItem","position":1,"name":"Home","item":"https:\/\/www.erresse-shop.it\/fr\/"},{"@type":"ListItem","position":2,"name":"Shop","item":"https:\/\/www.erresse-shop.it\/fr\/shop\/"},{"@type":"ListItem","position":3,"name":"ICHENDORF MILANO Fruits and Flowers Set 6 verres assortis"}]},{"@type":"WebSite","@id":"https:\/\/www.erresse-shop.it\/fr\/#website","url":"https:\/\/www.erresse-shop.it\/fr\/","name":"Erresse Shop","description":"Articoli di qualit\u00e0 per la casa","potentialAction":[{"@type":"SearchAction","target":{"@type":"EntryPoint","urlTemplate":"https:\/\/www.erresse-shop.it\/fr\/?s={search_term_string}"},"query-input":"required name=search_term_string"}],"inLanguage":"fr-FR"}]}},"df_price":49.559999999999995,"df_sale_price":49.559999999999995,"df_regular_price":82.6,"df_image_link":"https:\/\/www.erresse-shop.it\/wp-content\/uploads\/2024\/12\/ichendorf-milano-fruits-e-flower-assortiti-300x300.jpg","_links":{"self":[{"href":"https:\/\/www.erresse-shop.it\/fr\/wp-json\/wp\/v2\/product\/452900"}],"collection":[{"href":"https:\/\/www.erresse-shop.it\/fr\/wp-json\/wp\/v2\/product"}],"about":[{"href":"https:\/\/www.erresse-shop.it\/fr\/wp-json\/wp\/v2\/types\/product"}],"wp:featuredmedia":[{"embeddable":true,"href":"https:\/\/www.erresse-shop.it\/fr\/wp-json\/wp\/v2\/media\/452905"}],"wp:attachment":[{"href":"https:\/\/www.erresse-shop.it\/fr\/wp-json\/wp\/v2\/media?parent=452900"}],"wp:term":[{"taxonomy":"product_cat","embeddable":true,"href":"https:\/\/www.erresse-shop.it\/fr\/wp-json\/wp\/v2\/product_cat?post=452900"},{"taxonomy":"product_tag","embeddable":true,"href":"https:\/\/www.erresse-shop.it\/fr\/wp-json\/wp\/v2\/product_tag?post=452900"}],"curies":[{"name":"wp","href":"https:\/\/api.w.org\/{rel}","templated":true}]}}