{"id":452765,"date":"2024-12-02T07:54:30","date_gmt":"2024-12-02T07:54:31","guid":{"rendered":"https:\/\/www.erresse-shop.it\/?post_type=product&#038;p=452765"},"modified":"2024-12-02T08:22:50","modified_gmt":"2024-12-02T08:22:50","slug":"villeroy-boch-set-6-assiettes-plates-toys-delight-29-cm-copia","status":"publish","type":"product","link":"https:\/\/www.erresse-shop.it\/fr\/shop\/table-fr-2\/plats\/villeroy-boch-set-6-assiettes-plates-toys-delight-29-cm-copia\/","title":{"rendered":"VILLEROY &#038; BOCH Set de 12 assiettes Royal Classic Toy&#8217;s Delight"},"content":{"rendered":"<p>Faites entrer dans votre maison l&#8217;\u00e9l\u00e9gance royale des c\u00e9l\u00e9brations de No\u00ebl pass\u00e9es avec l&#8217;enchanteresse collection Toy&#8217;s Delight Royal Classic de Villeroy &amp; Boch. Cette collection associe des motifs en relief d\u00e9taill\u00e9s, inspir\u00e9s de la forme des assiettes en papier nostalgiques, \u00e0 de la porcelaine blanche classique de haute qualit\u00e9 et cr\u00e9e une atmosph\u00e8re festive incomparable. Les reliefs en porcelaine de haute qualit\u00e9 sont orn\u00e9s de motifs de jouets typiques des monts M\u00e9tallif\u00e8res, qui conf\u00e8rent un charme particulier \u00e0 cette collection d&#8217;un blanc pur. Laissez-vous inspirer par la beaut\u00e9 intemporelle et la noblesse de la collection Toy&#8217;s Delight Royal Classic !<\/p>\n<p><strong>Mat\u00e9riau<\/strong> : Porcelaine de qualit\u00e9 sup\u00e9rieure<br \/>\n<strong>Passe au micro-ondes<\/strong> : Oui<br \/>\n<strong>Lavable au lave-vaisselle<\/strong> : Oui<\/p>\n<p>L&#8217;ensemble de 12 pi\u00e8ces comprend<\/p>\n<p>4x Assiette plate, \u00d8 29.5 cm<br \/>\n4x Assiette creuse, \u00d8 23.2 cm<br \/>\n4x Assiette \u00e0 dessert, \u00d8 23.3 cm<\/p>\n","protected":false},"excerpt":{"rendered":"<p>Faites entrer dans votre maison l&#8217;\u00e9l\u00e9gance royale des c\u00e9l\u00e9brations de No\u00ebl pass\u00e9es avec l&#8217;enchanteresse collection Toy&#8217;s Delight Royal Classic de<\/p>\n","protected":false},"featured_media":452770,"template":"","meta":{"_acf_changed":false,"inline_featured_image":false},"product_cat":[12788,12782],"product_tag":[23910,20499],"acf":[],"yoast_head":"<!-- This site is optimized with the Yoast SEO Premium plugin v18.6 (Yoast SEO v19.13) - https:\/\/yoast.com\/wordpress\/plugins\/seo\/ -->\n<title>VILLEROY &amp; BOCH Set de 12 assiettes Royal Classic Toy&#039;s Delight - Erresse Shop<\/title>\n<meta name=\"description\" content=\"Faites entrer dans votre maison l&#039;\u00e9l\u00e9gance royale des c\u00e9l\u00e9brations de No\u00ebl pass\u00e9es avec l&#039;enchanteresse collection Toy&#039;s Delight Royal Classic de\" \/>\n<meta name=\"robots\" content=\"index, follow, max-snippet:-1, max-image-preview:large, max-video-preview:-1\" \/>\n<link rel=\"canonical\" href=\"https:\/\/www.erresse-shop.it\/fr\/shop\/table-fr-2\/plats\/villeroy-boch-set-6-assiettes-plates-toys-delight-29-cm-copia\/\" \/>\n<meta property=\"og:locale\" content=\"fr_FR\" \/>\n<meta property=\"og:type\" content=\"article\" \/>\n<meta property=\"og:title\" content=\"VILLEROY &amp; BOCH Set de 12 assiettes Royal Classic Toy&#039;s Delight\" \/>\n<meta property=\"og:description\" content=\"Faites entrer dans votre maison l&#039;\u00e9l\u00e9gance royale des c\u00e9l\u00e9brations de No\u00ebl pass\u00e9es avec l&#039;enchanteresse collection Toy&#039;s Delight Royal Classic de\" \/>\n<meta property=\"og:url\" content=\"https:\/\/www.erresse-shop.it\/fr\/shop\/table-fr-2\/plats\/villeroy-boch-set-6-assiettes-plates-toys-delight-29-cm-copia\/\" \/>\n<meta property=\"og:site_name\" content=\"Erresse Shop\" \/>\n<meta property=\"article:modified_time\" content=\"2024-12-02T08:22:50+00:00\" \/>\n<meta property=\"og:image\" content=\"https:\/\/www.erresse-shop.it\/wp-content\/uploads\/2024\/12\/Villeroy-e-boch-set-12-pz-toys-delight-royal-classic.jpg\" \/>\n\t<meta property=\"og:image:width\" content=\"1200\" \/>\n\t<meta property=\"og:image:height\" content=\"1200\" \/>\n\t<meta property=\"og:image:type\" content=\"image\/jpeg\" \/>\n<meta name=\"twitter:card\" content=\"summary_large_image\" \/>\n<script type=\"application\/ld+json\" class=\"yoast-schema-graph\">{\"@context\":\"https:\/\/schema.org\",\"@graph\":[{\"@type\":\"WebPage\",\"@id\":\"https:\/\/www.erresse-shop.it\/fr\/shop\/table-fr-2\/plats\/villeroy-boch-set-6-assiettes-plates-toys-delight-29-cm-copia\/\",\"url\":\"https:\/\/www.erresse-shop.it\/fr\/shop\/table-fr-2\/plats\/villeroy-boch-set-6-assiettes-plates-toys-delight-29-cm-copia\/\",\"name\":\"VILLEROY & BOCH Set de 12 assiettes Royal Classic Toy's Delight - Erresse Shop\",\"isPartOf\":{\"@id\":\"https:\/\/www.erresse-shop.it\/fr\/#website\"},\"datePublished\":\"2024-12-02T07:54:31+00:00\",\"dateModified\":\"2024-12-02T08:22:50+00:00\",\"description\":\"Faites entrer dans votre maison l'\u00e9l\u00e9gance royale des c\u00e9l\u00e9brations de No\u00ebl pass\u00e9es avec l'enchanteresse collection Toy's Delight Royal Classic de\",\"breadcrumb\":{\"@id\":\"https:\/\/www.erresse-shop.it\/fr\/shop\/table-fr-2\/plats\/villeroy-boch-set-6-assiettes-plates-toys-delight-29-cm-copia\/#breadcrumb\"},\"inLanguage\":\"fr-FR\",\"potentialAction\":[{\"@type\":\"ReadAction\",\"target\":[\"https:\/\/www.erresse-shop.it\/fr\/shop\/table-fr-2\/plats\/villeroy-boch-set-6-assiettes-plates-toys-delight-29-cm-copia\/\"]}]},{\"@type\":\"BreadcrumbList\",\"@id\":\"https:\/\/www.erresse-shop.it\/fr\/shop\/table-fr-2\/plats\/villeroy-boch-set-6-assiettes-plates-toys-delight-29-cm-copia\/#breadcrumb\",\"itemListElement\":[{\"@type\":\"ListItem\",\"position\":1,\"name\":\"Home\",\"item\":\"https:\/\/www.erresse-shop.it\/fr\/\"},{\"@type\":\"ListItem\",\"position\":2,\"name\":\"Shop\",\"item\":\"https:\/\/www.erresse-shop.it\/fr\/shop\/\"},{\"@type\":\"ListItem\",\"position\":3,\"name\":\"VILLEROY &#038; BOCH Set de 12 assiettes Royal Classic Toy&#8217;s Delight\"}]},{\"@type\":\"WebSite\",\"@id\":\"https:\/\/www.erresse-shop.it\/fr\/#website\",\"url\":\"https:\/\/www.erresse-shop.it\/fr\/\",\"name\":\"Erresse Shop\",\"description\":\"Articoli di qualit\u00e0 per la casa\",\"potentialAction\":[{\"@type\":\"SearchAction\",\"target\":{\"@type\":\"EntryPoint\",\"urlTemplate\":\"https:\/\/www.erresse-shop.it\/fr\/?s={search_term_string}\"},\"query-input\":\"required name=search_term_string\"}],\"inLanguage\":\"fr-FR\"}]}<\/script>\n<!-- \/ Yoast SEO Premium plugin. -->","yoast_head_json":{"title":"VILLEROY & BOCH Set de 12 assiettes Royal Classic Toy's Delight - Erresse Shop","description":"Faites entrer dans votre maison l'\u00e9l\u00e9gance royale des c\u00e9l\u00e9brations de No\u00ebl pass\u00e9es avec l'enchanteresse collection Toy's Delight Royal Classic de","robots":{"index":"index","follow":"follow","max-snippet":"max-snippet:-1","max-image-preview":"max-image-preview:large","max-video-preview":"max-video-preview:-1"},"canonical":"https:\/\/www.erresse-shop.it\/fr\/shop\/table-fr-2\/plats\/villeroy-boch-set-6-assiettes-plates-toys-delight-29-cm-copia\/","og_locale":"fr_FR","og_type":"article","og_title":"VILLEROY & BOCH Set de 12 assiettes Royal Classic Toy's Delight","og_description":"Faites entrer dans votre maison l'\u00e9l\u00e9gance royale des c\u00e9l\u00e9brations de No\u00ebl pass\u00e9es avec l'enchanteresse collection Toy's Delight Royal Classic de","og_url":"https:\/\/www.erresse-shop.it\/fr\/shop\/table-fr-2\/plats\/villeroy-boch-set-6-assiettes-plates-toys-delight-29-cm-copia\/","og_site_name":"Erresse Shop","article_modified_time":"2024-12-02T08:22:50+00:00","og_image":[{"width":1200,"height":1200,"url":"https:\/\/www.erresse-shop.it\/wp-content\/uploads\/2024\/12\/Villeroy-e-boch-set-12-pz-toys-delight-royal-classic.jpg","type":"image\/jpeg"}],"twitter_card":"summary_large_image","schema":{"@context":"https:\/\/schema.org","@graph":[{"@type":"WebPage","@id":"https:\/\/www.erresse-shop.it\/fr\/shop\/table-fr-2\/plats\/villeroy-boch-set-6-assiettes-plates-toys-delight-29-cm-copia\/","url":"https:\/\/www.erresse-shop.it\/fr\/shop\/table-fr-2\/plats\/villeroy-boch-set-6-assiettes-plates-toys-delight-29-cm-copia\/","name":"VILLEROY & BOCH Set de 12 assiettes Royal Classic Toy's Delight - Erresse Shop","isPartOf":{"@id":"https:\/\/www.erresse-shop.it\/fr\/#website"},"datePublished":"2024-12-02T07:54:31+00:00","dateModified":"2024-12-02T08:22:50+00:00","description":"Faites entrer dans votre maison l'\u00e9l\u00e9gance royale des c\u00e9l\u00e9brations de No\u00ebl pass\u00e9es avec l'enchanteresse collection Toy's Delight Royal Classic de","breadcrumb":{"@id":"https:\/\/www.erresse-shop.it\/fr\/shop\/table-fr-2\/plats\/villeroy-boch-set-6-assiettes-plates-toys-delight-29-cm-copia\/#breadcrumb"},"inLanguage":"fr-FR","potentialAction":[{"@type":"ReadAction","target":["https:\/\/www.erresse-shop.it\/fr\/shop\/table-fr-2\/plats\/villeroy-boch-set-6-assiettes-plates-toys-delight-29-cm-copia\/"]}]},{"@type":"BreadcrumbList","@id":"https:\/\/www.erresse-shop.it\/fr\/shop\/table-fr-2\/plats\/villeroy-boch-set-6-assiettes-plates-toys-delight-29-cm-copia\/#breadcrumb","itemListElement":[{"@type":"ListItem","position":1,"name":"Home","item":"https:\/\/www.erresse-shop.it\/fr\/"},{"@type":"ListItem","position":2,"name":"Shop","item":"https:\/\/www.erresse-shop.it\/fr\/shop\/"},{"@type":"ListItem","position":3,"name":"VILLEROY &#038; BOCH Set de 12 assiettes Royal Classic Toy&#8217;s Delight"}]},{"@type":"WebSite","@id":"https:\/\/www.erresse-shop.it\/fr\/#website","url":"https:\/\/www.erresse-shop.it\/fr\/","name":"Erresse Shop","description":"Articoli di qualit\u00e0 per la casa","potentialAction":[{"@type":"SearchAction","target":{"@type":"EntryPoint","urlTemplate":"https:\/\/www.erresse-shop.it\/fr\/?s={search_term_string}"},"query-input":"required name=search_term_string"}],"inLanguage":"fr-FR"}]}},"df_price":269.95,"df_sale_price":269.95,"df_regular_price":319,"df_image_link":"https:\/\/www.erresse-shop.it\/wp-content\/uploads\/2024\/12\/Villeroy-e-boch-set-12-pz-toys-delight-royal-classic-300x300.jpg","_links":{"self":[{"href":"https:\/\/www.erresse-shop.it\/fr\/wp-json\/wp\/v2\/product\/452765"}],"collection":[{"href":"https:\/\/www.erresse-shop.it\/fr\/wp-json\/wp\/v2\/product"}],"about":[{"href":"https:\/\/www.erresse-shop.it\/fr\/wp-json\/wp\/v2\/types\/product"}],"wp:featuredmedia":[{"embeddable":true,"href":"https:\/\/www.erresse-shop.it\/fr\/wp-json\/wp\/v2\/media\/452770"}],"wp:attachment":[{"href":"https:\/\/www.erresse-shop.it\/fr\/wp-json\/wp\/v2\/media?parent=452765"}],"wp:term":[{"taxonomy":"product_cat","embeddable":true,"href":"https:\/\/www.erresse-shop.it\/fr\/wp-json\/wp\/v2\/product_cat?post=452765"},{"taxonomy":"product_tag","embeddable":true,"href":"https:\/\/www.erresse-shop.it\/fr\/wp-json\/wp\/v2\/product_tag?post=452765"}],"curies":[{"name":"wp","href":"https:\/\/api.w.org\/{rel}","templated":true}]}}