{"id":451623,"date":"2024-11-27T09:53:55","date_gmt":"2024-11-27T09:53:56","guid":{"rendered":"https:\/\/www.erresse-shop.it\/?post_type=product&#038;p=451623"},"modified":"2024-11-27T10:03:54","modified_gmt":"2024-11-27T10:03:54","slug":"global-couteau-kiritsuke-24-cm-copia","status":"publish","type":"product","link":"https:\/\/www.erresse-shop.it\/fr\/shop\/cuisine\/couteaux\/global-couteau-kiritsuke-24-cm-copia\/","title":{"rendered":"GLOBAL Couteau \u00e0 sashimi 30 cm"},"content":{"rendered":"<p>Global G-14R Sashimi 30cm est un mod\u00e8le classique de la tradition japonaise, lame longue et \u00e9paisse avec aff\u00fbtage asym\u00e9trique pour la main droite permet de travailler le poisson et de cr\u00e9er des tranches fines, parfaites pour le cru.<\/p>\n<p>Sa grande taille le rend tr\u00e8s accrocheur et avec l&#8217;ajout d&#8217;une gravure personnalis\u00e9e, il aura un effet incroyable sur vos invit\u00e9s.<\/p>\n<p>Il est fabriqu\u00e9 avec un acier de la plus haute qualit\u00e9, la lame est en acier CROMOVA18, d&#8217;une duret\u00e9 de 56 \u2013 58 HRC pour garantir un niveau parfait de tranchant et de r\u00e9sistance. La conception monobloc exclusive assure une facilit\u00e9 de pr\u00e9hension et d&#8217;utilisation. Chaque couteau a \u00e9t\u00e9 con\u00e7u pour garantir un \u00e9quilibre parfait lors de la tenue et de la coupe.<\/p>\n<p><strong>Mesures\u00a0:<br \/>\n<\/strong>-lame\u00a0: 30 cm<br \/>\n-total : 43 cm<br \/>\n-poids : 249g<\/p>\n<p><strong>FABRIQU\u00c9 AU JAPON<\/strong><\/p>\n","protected":false},"excerpt":{"rendered":"<p>Global G-14R Sashimi 30cm est un mod\u00e8le classique de la tradition japonaise, lame longue et \u00e9paisse avec aff\u00fbtage asym\u00e9trique pour<\/p>\n","protected":false},"featured_media":451628,"template":"","meta":{"_acf_changed":false,"inline_featured_image":false},"product_cat":[12742,14452,12748],"product_tag":[12839,22430],"acf":[],"yoast_head":"<!-- This site is optimized with the Yoast SEO Premium plugin v18.6 (Yoast SEO v19.13) - https:\/\/yoast.com\/wordpress\/plugins\/seo\/ -->\n<title>GLOBAL Couteau \u00e0 sashimi 30 cm - Erresse Shop<\/title>\n<meta name=\"description\" content=\"Global G-14R Sashimi 30cm est un mod\u00e8le classique de la tradition japonaise, lame longue et \u00e9paisse avec aff\u00fbtage asym\u00e9trique pour la main droite permet\" \/>\n<meta name=\"robots\" content=\"index, follow, max-snippet:-1, max-image-preview:large, max-video-preview:-1\" \/>\n<link rel=\"canonical\" href=\"https:\/\/www.erresse-shop.it\/fr\/shop\/cuisine\/couteaux\/global-couteau-kiritsuke-24-cm-copia\/\" \/>\n<meta property=\"og:locale\" content=\"fr_FR\" \/>\n<meta property=\"og:type\" content=\"article\" \/>\n<meta property=\"og:title\" content=\"GLOBAL Couteau \u00e0 sashimi 30 cm\" \/>\n<meta property=\"og:description\" content=\"Global G-14R Sashimi 30cm est un mod\u00e8le classique de la tradition japonaise, lame longue et \u00e9paisse avec aff\u00fbtage asym\u00e9trique pour la main droite permet\" \/>\n<meta property=\"og:url\" content=\"https:\/\/www.erresse-shop.it\/fr\/shop\/cuisine\/couteaux\/global-couteau-kiritsuke-24-cm-copia\/\" \/>\n<meta property=\"og:site_name\" content=\"Erresse Shop\" \/>\n<meta property=\"article:modified_time\" content=\"2024-11-27T10:03:54+00:00\" \/>\n<meta property=\"og:image\" content=\"https:\/\/www.erresse-shop.it\/wp-content\/uploads\/2024\/11\/GLOBAL-Coltello-Sashimi-30-cm.jpg\" \/>\n\t<meta property=\"og:image:width\" content=\"1200\" \/>\n\t<meta property=\"og:image:height\" content=\"1200\" \/>\n\t<meta property=\"og:image:type\" content=\"image\/jpeg\" \/>\n<meta name=\"twitter:card\" content=\"summary_large_image\" \/>\n<script type=\"application\/ld+json\" class=\"yoast-schema-graph\">{\"@context\":\"https:\/\/schema.org\",\"@graph\":[{\"@type\":\"WebPage\",\"@id\":\"https:\/\/www.erresse-shop.it\/fr\/shop\/cuisine\/couteaux\/global-couteau-kiritsuke-24-cm-copia\/\",\"url\":\"https:\/\/www.erresse-shop.it\/fr\/shop\/cuisine\/couteaux\/global-couteau-kiritsuke-24-cm-copia\/\",\"name\":\"GLOBAL Couteau \u00e0 sashimi 30 cm - Erresse Shop\",\"isPartOf\":{\"@id\":\"https:\/\/www.erresse-shop.it\/fr\/#website\"},\"datePublished\":\"2024-11-27T09:53:56+00:00\",\"dateModified\":\"2024-11-27T10:03:54+00:00\",\"description\":\"Global G-14R Sashimi 30cm est un mod\u00e8le classique de la tradition japonaise, lame longue et \u00e9paisse avec aff\u00fbtage asym\u00e9trique pour la main droite permet\",\"breadcrumb\":{\"@id\":\"https:\/\/www.erresse-shop.it\/fr\/shop\/cuisine\/couteaux\/global-couteau-kiritsuke-24-cm-copia\/#breadcrumb\"},\"inLanguage\":\"fr-FR\",\"potentialAction\":[{\"@type\":\"ReadAction\",\"target\":[\"https:\/\/www.erresse-shop.it\/fr\/shop\/cuisine\/couteaux\/global-couteau-kiritsuke-24-cm-copia\/\"]}]},{\"@type\":\"BreadcrumbList\",\"@id\":\"https:\/\/www.erresse-shop.it\/fr\/shop\/cuisine\/couteaux\/global-couteau-kiritsuke-24-cm-copia\/#breadcrumb\",\"itemListElement\":[{\"@type\":\"ListItem\",\"position\":1,\"name\":\"Home\",\"item\":\"https:\/\/www.erresse-shop.it\/fr\/\"},{\"@type\":\"ListItem\",\"position\":2,\"name\":\"Shop\",\"item\":\"https:\/\/www.erresse-shop.it\/fr\/shop\/\"},{\"@type\":\"ListItem\",\"position\":3,\"name\":\"GLOBAL Couteau \u00e0 sashimi 30 cm\"}]},{\"@type\":\"WebSite\",\"@id\":\"https:\/\/www.erresse-shop.it\/fr\/#website\",\"url\":\"https:\/\/www.erresse-shop.it\/fr\/\",\"name\":\"Erresse Shop\",\"description\":\"Articoli di qualit\u00e0 per la casa\",\"potentialAction\":[{\"@type\":\"SearchAction\",\"target\":{\"@type\":\"EntryPoint\",\"urlTemplate\":\"https:\/\/www.erresse-shop.it\/fr\/?s={search_term_string}\"},\"query-input\":\"required name=search_term_string\"}],\"inLanguage\":\"fr-FR\"}]}<\/script>\n<!-- \/ Yoast SEO Premium plugin. -->","yoast_head_json":{"title":"GLOBAL Couteau \u00e0 sashimi 30 cm - Erresse Shop","description":"Global G-14R Sashimi 30cm est un mod\u00e8le classique de la tradition japonaise, lame longue et \u00e9paisse avec aff\u00fbtage asym\u00e9trique pour la main droite permet","robots":{"index":"index","follow":"follow","max-snippet":"max-snippet:-1","max-image-preview":"max-image-preview:large","max-video-preview":"max-video-preview:-1"},"canonical":"https:\/\/www.erresse-shop.it\/fr\/shop\/cuisine\/couteaux\/global-couteau-kiritsuke-24-cm-copia\/","og_locale":"fr_FR","og_type":"article","og_title":"GLOBAL Couteau \u00e0 sashimi 30 cm","og_description":"Global G-14R Sashimi 30cm est un mod\u00e8le classique de la tradition japonaise, lame longue et \u00e9paisse avec aff\u00fbtage asym\u00e9trique pour la main droite permet","og_url":"https:\/\/www.erresse-shop.it\/fr\/shop\/cuisine\/couteaux\/global-couteau-kiritsuke-24-cm-copia\/","og_site_name":"Erresse Shop","article_modified_time":"2024-11-27T10:03:54+00:00","og_image":[{"width":1200,"height":1200,"url":"https:\/\/www.erresse-shop.it\/wp-content\/uploads\/2024\/11\/GLOBAL-Coltello-Sashimi-30-cm.jpg","type":"image\/jpeg"}],"twitter_card":"summary_large_image","schema":{"@context":"https:\/\/schema.org","@graph":[{"@type":"WebPage","@id":"https:\/\/www.erresse-shop.it\/fr\/shop\/cuisine\/couteaux\/global-couteau-kiritsuke-24-cm-copia\/","url":"https:\/\/www.erresse-shop.it\/fr\/shop\/cuisine\/couteaux\/global-couteau-kiritsuke-24-cm-copia\/","name":"GLOBAL Couteau \u00e0 sashimi 30 cm - Erresse Shop","isPartOf":{"@id":"https:\/\/www.erresse-shop.it\/fr\/#website"},"datePublished":"2024-11-27T09:53:56+00:00","dateModified":"2024-11-27T10:03:54+00:00","description":"Global G-14R Sashimi 30cm est un mod\u00e8le classique de la tradition japonaise, lame longue et \u00e9paisse avec aff\u00fbtage asym\u00e9trique pour la main droite permet","breadcrumb":{"@id":"https:\/\/www.erresse-shop.it\/fr\/shop\/cuisine\/couteaux\/global-couteau-kiritsuke-24-cm-copia\/#breadcrumb"},"inLanguage":"fr-FR","potentialAction":[{"@type":"ReadAction","target":["https:\/\/www.erresse-shop.it\/fr\/shop\/cuisine\/couteaux\/global-couteau-kiritsuke-24-cm-copia\/"]}]},{"@type":"BreadcrumbList","@id":"https:\/\/www.erresse-shop.it\/fr\/shop\/cuisine\/couteaux\/global-couteau-kiritsuke-24-cm-copia\/#breadcrumb","itemListElement":[{"@type":"ListItem","position":1,"name":"Home","item":"https:\/\/www.erresse-shop.it\/fr\/"},{"@type":"ListItem","position":2,"name":"Shop","item":"https:\/\/www.erresse-shop.it\/fr\/shop\/"},{"@type":"ListItem","position":3,"name":"GLOBAL Couteau \u00e0 sashimi 30 cm"}]},{"@type":"WebSite","@id":"https:\/\/www.erresse-shop.it\/fr\/#website","url":"https:\/\/www.erresse-shop.it\/fr\/","name":"Erresse Shop","description":"Articoli di qualit\u00e0 per la casa","potentialAction":[{"@type":"SearchAction","target":{"@type":"EntryPoint","urlTemplate":"https:\/\/www.erresse-shop.it\/fr\/?s={search_term_string}"},"query-input":"required name=search_term_string"}],"inLanguage":"fr-FR"}]}},"df_price":199.95,"df_sale_price":199.95,"df_regular_price":260,"df_image_link":"https:\/\/www.erresse-shop.it\/wp-content\/uploads\/2024\/11\/GLOBAL-Coltello-Sashimi-30-cm-300x300.jpg","_links":{"self":[{"href":"https:\/\/www.erresse-shop.it\/fr\/wp-json\/wp\/v2\/product\/451623"}],"collection":[{"href":"https:\/\/www.erresse-shop.it\/fr\/wp-json\/wp\/v2\/product"}],"about":[{"href":"https:\/\/www.erresse-shop.it\/fr\/wp-json\/wp\/v2\/types\/product"}],"wp:featuredmedia":[{"embeddable":true,"href":"https:\/\/www.erresse-shop.it\/fr\/wp-json\/wp\/v2\/media\/451628"}],"wp:attachment":[{"href":"https:\/\/www.erresse-shop.it\/fr\/wp-json\/wp\/v2\/media?parent=451623"}],"wp:term":[{"taxonomy":"product_cat","embeddable":true,"href":"https:\/\/www.erresse-shop.it\/fr\/wp-json\/wp\/v2\/product_cat?post=451623"},{"taxonomy":"product_tag","embeddable":true,"href":"https:\/\/www.erresse-shop.it\/fr\/wp-json\/wp\/v2\/product_tag?post=451623"}],"curies":[{"name":"wp","href":"https:\/\/api.w.org\/{rel}","templated":true}]}}