{"id":451588,"date":"2024-11-27T08:13:08","date_gmt":"2024-11-27T08:13:10","guid":{"rendered":"https:\/\/www.erresse-shop.it\/?post_type=product&#038;p=451588"},"modified":"2024-11-27T09:35:39","modified_gmt":"2024-11-27T09:35:39","slug":"portmeirion-christmas-tree-set-de-4-assiettes-plates-copia","status":"publish","type":"product","link":"https:\/\/www.erresse-shop.it\/fr\/shop\/table-fr-2\/plats\/portmeirion-christmas-tree-set-de-4-assiettes-plates-copia\/","title":{"rendered":"PORTMEIRION Christmas Tree Set de 4 assiettes \u00e0 fruits"},"content":{"rendered":"<p>No\u00ebl n&#8217;arrive qu&#8217;une fois par an, alors rendez votre r\u00e9union de famille encore plus m\u00e9morable avec ces assiettes pour sapin de No\u00ebl Spode. Parfaits pour servir des plats d&#8217;accompagnement de saison ou utilis\u00e9s comme petites assiettes de service, ils pr\u00e9sentent le motif traditionnel de l&#8217;arbre de No\u00ebl, appr\u00e9ci\u00e9 dans le monde entier depuis 1938, avec une finition verte festive \u00e0 l&#8217;ext\u00e9rieur. Ann\u00e9e apr\u00e8s ann\u00e9e, ils feront assur\u00e9ment sourire les enfants et petits-enfants. Cr\u00e9ez un ensemble assorti avec le reste de notre gamme pour une table pleine de joie de No\u00ebl.<\/p>\n<p>Fabriqu\u00e9e dans de nombreuses usines en Angleterre, chaque pi\u00e8ce est con\u00e7ue pour la salle \u00e0 manger et le salon modernes et est de la plus haute qualit\u00e9.<\/p>\n<p><strong>D\u00e9tails du produit\u00a0:<\/strong><\/p>\n<p>Entretien : Passe au micro-ondes, au lave-vaisselle, au cong\u00e9lateur et au four<br \/>\nMat\u00e9riau : Terre cuite<\/p>\n","protected":false},"excerpt":{"rendered":"<p>No\u00ebl n&#8217;arrive qu&#8217;une fois par an, alors rendez votre r\u00e9union de famille encore plus m\u00e9morable avec ces assiettes pour sapin<\/p>\n","protected":false},"featured_media":451605,"template":"","meta":{"_acf_changed":false,"inline_featured_image":false},"product_cat":[12788,12782],"product_tag":[19356,13169,16711,14547,20876,20171,23910,25021,19357,24603],"acf":[],"yoast_head":"<!-- This site is optimized with the Yoast SEO Premium plugin v18.6 (Yoast SEO v19.13) - https:\/\/yoast.com\/wordpress\/plugins\/seo\/ -->\n<title>PORTMEIRION Christmas Tree Set de 4 assiettes \u00e0 fruits - Erresse Shop<\/title>\n<meta name=\"description\" content=\"No\u00ebl n&#039;arrive qu&#039;une fois par an, alors rendez votre r\u00e9union de famille encore plus m\u00e9morable avec ces assiettes pour sapin de No\u00ebl Spode. Parfaits pour\" \/>\n<meta name=\"robots\" content=\"index, follow, max-snippet:-1, max-image-preview:large, max-video-preview:-1\" \/>\n<link rel=\"canonical\" href=\"https:\/\/www.erresse-shop.it\/fr\/shop\/table-fr-2\/plats\/portmeirion-christmas-tree-set-de-4-assiettes-plates-copia\/\" \/>\n<meta property=\"og:locale\" content=\"fr_FR\" \/>\n<meta property=\"og:type\" content=\"article\" \/>\n<meta property=\"og:title\" content=\"PORTMEIRION Christmas Tree Set de 4 assiettes \u00e0 fruits\" \/>\n<meta property=\"og:description\" content=\"No\u00ebl n&#039;arrive qu&#039;une fois par an, alors rendez votre r\u00e9union de famille encore plus m\u00e9morable avec ces assiettes pour sapin de No\u00ebl Spode. Parfaits pour\" \/>\n<meta property=\"og:url\" content=\"https:\/\/www.erresse-shop.it\/fr\/shop\/table-fr-2\/plats\/portmeirion-christmas-tree-set-de-4-assiettes-plates-copia\/\" \/>\n<meta property=\"og:site_name\" content=\"Erresse Shop\" \/>\n<meta property=\"article:modified_time\" content=\"2024-11-27T09:35:39+00:00\" \/>\n<meta property=\"og:image\" content=\"https:\/\/www.erresse-shop.it\/wp-content\/uploads\/2024\/11\/PORTMEIRION-Christmas-Tree-Set-4-Piatti-Frutta.jpg\" \/>\n\t<meta property=\"og:image:width\" content=\"1200\" \/>\n\t<meta property=\"og:image:height\" content=\"1200\" \/>\n\t<meta property=\"og:image:type\" content=\"image\/jpeg\" \/>\n<meta name=\"twitter:card\" content=\"summary_large_image\" \/>\n<script type=\"application\/ld+json\" class=\"yoast-schema-graph\">{\"@context\":\"https:\/\/schema.org\",\"@graph\":[{\"@type\":\"WebPage\",\"@id\":\"https:\/\/www.erresse-shop.it\/fr\/shop\/table-fr-2\/plats\/portmeirion-christmas-tree-set-de-4-assiettes-plates-copia\/\",\"url\":\"https:\/\/www.erresse-shop.it\/fr\/shop\/table-fr-2\/plats\/portmeirion-christmas-tree-set-de-4-assiettes-plates-copia\/\",\"name\":\"PORTMEIRION Christmas Tree Set de 4 assiettes \u00e0 fruits - Erresse Shop\",\"isPartOf\":{\"@id\":\"https:\/\/www.erresse-shop.it\/fr\/#website\"},\"datePublished\":\"2024-11-27T08:13:10+00:00\",\"dateModified\":\"2024-11-27T09:35:39+00:00\",\"description\":\"No\u00ebl n'arrive qu'une fois par an, alors rendez votre r\u00e9union de famille encore plus m\u00e9morable avec ces assiettes pour sapin de No\u00ebl Spode. Parfaits pour\",\"breadcrumb\":{\"@id\":\"https:\/\/www.erresse-shop.it\/fr\/shop\/table-fr-2\/plats\/portmeirion-christmas-tree-set-de-4-assiettes-plates-copia\/#breadcrumb\"},\"inLanguage\":\"fr-FR\",\"potentialAction\":[{\"@type\":\"ReadAction\",\"target\":[\"https:\/\/www.erresse-shop.it\/fr\/shop\/table-fr-2\/plats\/portmeirion-christmas-tree-set-de-4-assiettes-plates-copia\/\"]}]},{\"@type\":\"BreadcrumbList\",\"@id\":\"https:\/\/www.erresse-shop.it\/fr\/shop\/table-fr-2\/plats\/portmeirion-christmas-tree-set-de-4-assiettes-plates-copia\/#breadcrumb\",\"itemListElement\":[{\"@type\":\"ListItem\",\"position\":1,\"name\":\"Home\",\"item\":\"https:\/\/www.erresse-shop.it\/fr\/\"},{\"@type\":\"ListItem\",\"position\":2,\"name\":\"Shop\",\"item\":\"https:\/\/www.erresse-shop.it\/fr\/shop\/\"},{\"@type\":\"ListItem\",\"position\":3,\"name\":\"PORTMEIRION Christmas Tree Set de 4 assiettes \u00e0 fruits\"}]},{\"@type\":\"WebSite\",\"@id\":\"https:\/\/www.erresse-shop.it\/fr\/#website\",\"url\":\"https:\/\/www.erresse-shop.it\/fr\/\",\"name\":\"Erresse Shop\",\"description\":\"Articoli di qualit\u00e0 per la casa\",\"potentialAction\":[{\"@type\":\"SearchAction\",\"target\":{\"@type\":\"EntryPoint\",\"urlTemplate\":\"https:\/\/www.erresse-shop.it\/fr\/?s={search_term_string}\"},\"query-input\":\"required name=search_term_string\"}],\"inLanguage\":\"fr-FR\"}]}<\/script>\n<!-- \/ Yoast SEO Premium plugin. -->","yoast_head_json":{"title":"PORTMEIRION Christmas Tree Set de 4 assiettes \u00e0 fruits - Erresse Shop","description":"No\u00ebl n'arrive qu'une fois par an, alors rendez votre r\u00e9union de famille encore plus m\u00e9morable avec ces assiettes pour sapin de No\u00ebl Spode. Parfaits pour","robots":{"index":"index","follow":"follow","max-snippet":"max-snippet:-1","max-image-preview":"max-image-preview:large","max-video-preview":"max-video-preview:-1"},"canonical":"https:\/\/www.erresse-shop.it\/fr\/shop\/table-fr-2\/plats\/portmeirion-christmas-tree-set-de-4-assiettes-plates-copia\/","og_locale":"fr_FR","og_type":"article","og_title":"PORTMEIRION Christmas Tree Set de 4 assiettes \u00e0 fruits","og_description":"No\u00ebl n'arrive qu'une fois par an, alors rendez votre r\u00e9union de famille encore plus m\u00e9morable avec ces assiettes pour sapin de No\u00ebl Spode. Parfaits pour","og_url":"https:\/\/www.erresse-shop.it\/fr\/shop\/table-fr-2\/plats\/portmeirion-christmas-tree-set-de-4-assiettes-plates-copia\/","og_site_name":"Erresse Shop","article_modified_time":"2024-11-27T09:35:39+00:00","og_image":[{"width":1200,"height":1200,"url":"https:\/\/www.erresse-shop.it\/wp-content\/uploads\/2024\/11\/PORTMEIRION-Christmas-Tree-Set-4-Piatti-Frutta.jpg","type":"image\/jpeg"}],"twitter_card":"summary_large_image","schema":{"@context":"https:\/\/schema.org","@graph":[{"@type":"WebPage","@id":"https:\/\/www.erresse-shop.it\/fr\/shop\/table-fr-2\/plats\/portmeirion-christmas-tree-set-de-4-assiettes-plates-copia\/","url":"https:\/\/www.erresse-shop.it\/fr\/shop\/table-fr-2\/plats\/portmeirion-christmas-tree-set-de-4-assiettes-plates-copia\/","name":"PORTMEIRION Christmas Tree Set de 4 assiettes \u00e0 fruits - Erresse Shop","isPartOf":{"@id":"https:\/\/www.erresse-shop.it\/fr\/#website"},"datePublished":"2024-11-27T08:13:10+00:00","dateModified":"2024-11-27T09:35:39+00:00","description":"No\u00ebl n'arrive qu'une fois par an, alors rendez votre r\u00e9union de famille encore plus m\u00e9morable avec ces assiettes pour sapin de No\u00ebl Spode. Parfaits pour","breadcrumb":{"@id":"https:\/\/www.erresse-shop.it\/fr\/shop\/table-fr-2\/plats\/portmeirion-christmas-tree-set-de-4-assiettes-plates-copia\/#breadcrumb"},"inLanguage":"fr-FR","potentialAction":[{"@type":"ReadAction","target":["https:\/\/www.erresse-shop.it\/fr\/shop\/table-fr-2\/plats\/portmeirion-christmas-tree-set-de-4-assiettes-plates-copia\/"]}]},{"@type":"BreadcrumbList","@id":"https:\/\/www.erresse-shop.it\/fr\/shop\/table-fr-2\/plats\/portmeirion-christmas-tree-set-de-4-assiettes-plates-copia\/#breadcrumb","itemListElement":[{"@type":"ListItem","position":1,"name":"Home","item":"https:\/\/www.erresse-shop.it\/fr\/"},{"@type":"ListItem","position":2,"name":"Shop","item":"https:\/\/www.erresse-shop.it\/fr\/shop\/"},{"@type":"ListItem","position":3,"name":"PORTMEIRION Christmas Tree Set de 4 assiettes \u00e0 fruits"}]},{"@type":"WebSite","@id":"https:\/\/www.erresse-shop.it\/fr\/#website","url":"https:\/\/www.erresse-shop.it\/fr\/","name":"Erresse Shop","description":"Articoli di qualit\u00e0 per la casa","potentialAction":[{"@type":"SearchAction","target":{"@type":"EntryPoint","urlTemplate":"https:\/\/www.erresse-shop.it\/fr\/?s={search_term_string}"},"query-input":"required name=search_term_string"}],"inLanguage":"fr-FR"}]}},"df_price":77.95,"df_sale_price":77.95,"df_regular_price":115.95,"df_image_link":"https:\/\/www.erresse-shop.it\/wp-content\/uploads\/2024\/11\/PORTMEIRION-Christmas-Tree-Set-4-Piatti-Frutta-300x300.jpg","_links":{"self":[{"href":"https:\/\/www.erresse-shop.it\/fr\/wp-json\/wp\/v2\/product\/451588"}],"collection":[{"href":"https:\/\/www.erresse-shop.it\/fr\/wp-json\/wp\/v2\/product"}],"about":[{"href":"https:\/\/www.erresse-shop.it\/fr\/wp-json\/wp\/v2\/types\/product"}],"wp:featuredmedia":[{"embeddable":true,"href":"https:\/\/www.erresse-shop.it\/fr\/wp-json\/wp\/v2\/media\/451605"}],"wp:attachment":[{"href":"https:\/\/www.erresse-shop.it\/fr\/wp-json\/wp\/v2\/media?parent=451588"}],"wp:term":[{"taxonomy":"product_cat","embeddable":true,"href":"https:\/\/www.erresse-shop.it\/fr\/wp-json\/wp\/v2\/product_cat?post=451588"},{"taxonomy":"product_tag","embeddable":true,"href":"https:\/\/www.erresse-shop.it\/fr\/wp-json\/wp\/v2\/product_tag?post=451588"}],"curies":[{"name":"wp","href":"https:\/\/api.w.org\/{rel}","templated":true}]}}