{"id":451565,"date":"2024-11-27T07:54:02","date_gmt":"2024-11-27T07:54:04","guid":{"rendered":"https:\/\/www.erresse-shop.it\/?post_type=product&#038;p=451565"},"modified":"2024-11-27T08:09:53","modified_gmt":"2024-11-27T08:09:53","slug":"portmeirion-christmas-tree-set-6-assiettes-creuses-copia","status":"publish","type":"product","link":"https:\/\/www.erresse-shop.it\/fr\/shop\/table-fr-2\/plats\/portmeirion-christmas-tree-set-6-assiettes-creuses-copia\/","title":{"rendered":"PORTMEIRION Christmas Tree Set de 4 assiettes plates"},"content":{"rendered":"<p>Qu&#8217;il s&#8217;agisse du r\u00f4ti de No\u00ebl classique, d&#8217;un festin v\u00e9g\u00e9tarien app\u00e9tissant ou de quelque chose de compl\u00e8tement non traditionnel, apportez l&#8217;esprit de No\u00ebl \u00e0 votre table avec cet ensemble de quatre assiettes de service \u00e0 th\u00e8me. Pr\u00e9sentant le motif de l&#8217;arbre de No\u00ebl, un favori nostalgique avec ses couleurs vertes et rouges, ces assiettes de No\u00ebl \u00e9pateront les invit\u00e9s lors de votre banquet des F\u00eates. Malgr\u00e9 leur design complexe, cr\u00e9\u00e9 pour la premi\u00e8re fois en 1938, ces assiettes fabriqu\u00e9es au Royaume-Uni sont pr\u00eates \u00e0 s&#8217;adapter \u00e0 la vie moderne car elles passent au micro-ondes, au four et au lave-vaisselle.<\/p>\n<p>Fabriqu\u00e9e dans de nombreuses usines en Angleterre, chaque pi\u00e8ce est con\u00e7ue pour la salle \u00e0 manger et le salon modernes et est de la plus haute qualit\u00e9.<\/p>\n<p><strong>D\u00e9tails du produit\u00a0:<\/strong><\/p>\n<p>Entretien : Passe au micro-ondes, au lave-vaisselle, au cong\u00e9lateur et au four<br \/>\nMat\u00e9riau : Terre cuite<\/p>\n","protected":false},"excerpt":{"rendered":"<p>Qu&#8217;il s&#8217;agisse du r\u00f4ti de No\u00ebl classique, d&#8217;un festin v\u00e9g\u00e9tarien app\u00e9tissant ou de quelque chose de compl\u00e8tement non traditionnel, apportez<\/p>\n","protected":false},"featured_media":451582,"template":"","meta":{"_acf_changed":false,"inline_featured_image":false},"product_cat":[12788,12782],"product_tag":[19356,13169,23910,25021,13170,21969,24603,21968],"acf":[],"yoast_head":"<!-- This site is optimized with the Yoast SEO Premium plugin v18.6 (Yoast SEO v19.13) - https:\/\/yoast.com\/wordpress\/plugins\/seo\/ -->\n<title>PORTMEIRION Christmas Tree Set de 4 assiettes plates - Erresse Shop<\/title>\n<meta name=\"description\" content=\"Qu&#039;il s&#039;agisse du r\u00f4ti de No\u00ebl classique, d&#039;un festin v\u00e9g\u00e9tarien app\u00e9tissant ou de quelque chose de compl\u00e8tement non traditionnel, apportez l&#039;esprit de\" \/>\n<meta name=\"robots\" content=\"index, follow, max-snippet:-1, max-image-preview:large, max-video-preview:-1\" \/>\n<link rel=\"canonical\" href=\"https:\/\/www.erresse-shop.it\/fr\/shop\/table-fr-2\/plats\/portmeirion-christmas-tree-set-6-assiettes-creuses-copia\/\" \/>\n<meta property=\"og:locale\" content=\"fr_FR\" \/>\n<meta property=\"og:type\" content=\"article\" \/>\n<meta property=\"og:title\" content=\"PORTMEIRION Christmas Tree Set de 4 assiettes plates\" \/>\n<meta property=\"og:description\" content=\"Qu&#039;il s&#039;agisse du r\u00f4ti de No\u00ebl classique, d&#039;un festin v\u00e9g\u00e9tarien app\u00e9tissant ou de quelque chose de compl\u00e8tement non traditionnel, apportez l&#039;esprit de\" \/>\n<meta property=\"og:url\" content=\"https:\/\/www.erresse-shop.it\/fr\/shop\/table-fr-2\/plats\/portmeirion-christmas-tree-set-6-assiettes-creuses-copia\/\" \/>\n<meta property=\"og:site_name\" content=\"Erresse Shop\" \/>\n<meta property=\"article:modified_time\" content=\"2024-11-27T08:09:53+00:00\" \/>\n<meta property=\"og:image\" content=\"https:\/\/www.erresse-shop.it\/wp-content\/uploads\/2024\/11\/PORTMEIRION-Christmas-Tree-Set-4-Piatti-Piani.jpg\" \/>\n\t<meta property=\"og:image:width\" content=\"1200\" \/>\n\t<meta property=\"og:image:height\" content=\"1200\" \/>\n\t<meta property=\"og:image:type\" content=\"image\/jpeg\" \/>\n<meta name=\"twitter:card\" content=\"summary_large_image\" \/>\n<script type=\"application\/ld+json\" class=\"yoast-schema-graph\">{\"@context\":\"https:\/\/schema.org\",\"@graph\":[{\"@type\":\"WebPage\",\"@id\":\"https:\/\/www.erresse-shop.it\/fr\/shop\/table-fr-2\/plats\/portmeirion-christmas-tree-set-6-assiettes-creuses-copia\/\",\"url\":\"https:\/\/www.erresse-shop.it\/fr\/shop\/table-fr-2\/plats\/portmeirion-christmas-tree-set-6-assiettes-creuses-copia\/\",\"name\":\"PORTMEIRION Christmas Tree Set de 4 assiettes plates - Erresse Shop\",\"isPartOf\":{\"@id\":\"https:\/\/www.erresse-shop.it\/fr\/#website\"},\"datePublished\":\"2024-11-27T07:54:04+00:00\",\"dateModified\":\"2024-11-27T08:09:53+00:00\",\"description\":\"Qu'il s'agisse du r\u00f4ti de No\u00ebl classique, d'un festin v\u00e9g\u00e9tarien app\u00e9tissant ou de quelque chose de compl\u00e8tement non traditionnel, apportez l'esprit de\",\"breadcrumb\":{\"@id\":\"https:\/\/www.erresse-shop.it\/fr\/shop\/table-fr-2\/plats\/portmeirion-christmas-tree-set-6-assiettes-creuses-copia\/#breadcrumb\"},\"inLanguage\":\"fr-FR\",\"potentialAction\":[{\"@type\":\"ReadAction\",\"target\":[\"https:\/\/www.erresse-shop.it\/fr\/shop\/table-fr-2\/plats\/portmeirion-christmas-tree-set-6-assiettes-creuses-copia\/\"]}]},{\"@type\":\"BreadcrumbList\",\"@id\":\"https:\/\/www.erresse-shop.it\/fr\/shop\/table-fr-2\/plats\/portmeirion-christmas-tree-set-6-assiettes-creuses-copia\/#breadcrumb\",\"itemListElement\":[{\"@type\":\"ListItem\",\"position\":1,\"name\":\"Home\",\"item\":\"https:\/\/www.erresse-shop.it\/fr\/\"},{\"@type\":\"ListItem\",\"position\":2,\"name\":\"Shop\",\"item\":\"https:\/\/www.erresse-shop.it\/fr\/shop\/\"},{\"@type\":\"ListItem\",\"position\":3,\"name\":\"PORTMEIRION Christmas Tree Set de 4 assiettes plates\"}]},{\"@type\":\"WebSite\",\"@id\":\"https:\/\/www.erresse-shop.it\/fr\/#website\",\"url\":\"https:\/\/www.erresse-shop.it\/fr\/\",\"name\":\"Erresse Shop\",\"description\":\"Articoli di qualit\u00e0 per la casa\",\"potentialAction\":[{\"@type\":\"SearchAction\",\"target\":{\"@type\":\"EntryPoint\",\"urlTemplate\":\"https:\/\/www.erresse-shop.it\/fr\/?s={search_term_string}\"},\"query-input\":\"required name=search_term_string\"}],\"inLanguage\":\"fr-FR\"}]}<\/script>\n<!-- \/ Yoast SEO Premium plugin. -->","yoast_head_json":{"title":"PORTMEIRION Christmas Tree Set de 4 assiettes plates - Erresse Shop","description":"Qu'il s'agisse du r\u00f4ti de No\u00ebl classique, d'un festin v\u00e9g\u00e9tarien app\u00e9tissant ou de quelque chose de compl\u00e8tement non traditionnel, apportez l'esprit de","robots":{"index":"index","follow":"follow","max-snippet":"max-snippet:-1","max-image-preview":"max-image-preview:large","max-video-preview":"max-video-preview:-1"},"canonical":"https:\/\/www.erresse-shop.it\/fr\/shop\/table-fr-2\/plats\/portmeirion-christmas-tree-set-6-assiettes-creuses-copia\/","og_locale":"fr_FR","og_type":"article","og_title":"PORTMEIRION Christmas Tree Set de 4 assiettes plates","og_description":"Qu'il s'agisse du r\u00f4ti de No\u00ebl classique, d'un festin v\u00e9g\u00e9tarien app\u00e9tissant ou de quelque chose de compl\u00e8tement non traditionnel, apportez l'esprit de","og_url":"https:\/\/www.erresse-shop.it\/fr\/shop\/table-fr-2\/plats\/portmeirion-christmas-tree-set-6-assiettes-creuses-copia\/","og_site_name":"Erresse Shop","article_modified_time":"2024-11-27T08:09:53+00:00","og_image":[{"width":1200,"height":1200,"url":"https:\/\/www.erresse-shop.it\/wp-content\/uploads\/2024\/11\/PORTMEIRION-Christmas-Tree-Set-4-Piatti-Piani.jpg","type":"image\/jpeg"}],"twitter_card":"summary_large_image","schema":{"@context":"https:\/\/schema.org","@graph":[{"@type":"WebPage","@id":"https:\/\/www.erresse-shop.it\/fr\/shop\/table-fr-2\/plats\/portmeirion-christmas-tree-set-6-assiettes-creuses-copia\/","url":"https:\/\/www.erresse-shop.it\/fr\/shop\/table-fr-2\/plats\/portmeirion-christmas-tree-set-6-assiettes-creuses-copia\/","name":"PORTMEIRION Christmas Tree Set de 4 assiettes plates - Erresse Shop","isPartOf":{"@id":"https:\/\/www.erresse-shop.it\/fr\/#website"},"datePublished":"2024-11-27T07:54:04+00:00","dateModified":"2024-11-27T08:09:53+00:00","description":"Qu'il s'agisse du r\u00f4ti de No\u00ebl classique, d'un festin v\u00e9g\u00e9tarien app\u00e9tissant ou de quelque chose de compl\u00e8tement non traditionnel, apportez l'esprit de","breadcrumb":{"@id":"https:\/\/www.erresse-shop.it\/fr\/shop\/table-fr-2\/plats\/portmeirion-christmas-tree-set-6-assiettes-creuses-copia\/#breadcrumb"},"inLanguage":"fr-FR","potentialAction":[{"@type":"ReadAction","target":["https:\/\/www.erresse-shop.it\/fr\/shop\/table-fr-2\/plats\/portmeirion-christmas-tree-set-6-assiettes-creuses-copia\/"]}]},{"@type":"BreadcrumbList","@id":"https:\/\/www.erresse-shop.it\/fr\/shop\/table-fr-2\/plats\/portmeirion-christmas-tree-set-6-assiettes-creuses-copia\/#breadcrumb","itemListElement":[{"@type":"ListItem","position":1,"name":"Home","item":"https:\/\/www.erresse-shop.it\/fr\/"},{"@type":"ListItem","position":2,"name":"Shop","item":"https:\/\/www.erresse-shop.it\/fr\/shop\/"},{"@type":"ListItem","position":3,"name":"PORTMEIRION Christmas Tree Set de 4 assiettes plates"}]},{"@type":"WebSite","@id":"https:\/\/www.erresse-shop.it\/fr\/#website","url":"https:\/\/www.erresse-shop.it\/fr\/","name":"Erresse Shop","description":"Articoli di qualit\u00e0 per la casa","potentialAction":[{"@type":"SearchAction","target":{"@type":"EntryPoint","urlTemplate":"https:\/\/www.erresse-shop.it\/fr\/?s={search_term_string}"},"query-input":"required name=search_term_string"}],"inLanguage":"fr-FR"}]}},"df_price":102.95,"df_sale_price":102.95,"df_regular_price":168.71,"df_image_link":"https:\/\/www.erresse-shop.it\/wp-content\/uploads\/2024\/11\/PORTMEIRION-Christmas-Tree-Set-4-Piatti-Piani-300x300.jpg","_links":{"self":[{"href":"https:\/\/www.erresse-shop.it\/fr\/wp-json\/wp\/v2\/product\/451565"}],"collection":[{"href":"https:\/\/www.erresse-shop.it\/fr\/wp-json\/wp\/v2\/product"}],"about":[{"href":"https:\/\/www.erresse-shop.it\/fr\/wp-json\/wp\/v2\/types\/product"}],"wp:featuredmedia":[{"embeddable":true,"href":"https:\/\/www.erresse-shop.it\/fr\/wp-json\/wp\/v2\/media\/451582"}],"wp:attachment":[{"href":"https:\/\/www.erresse-shop.it\/fr\/wp-json\/wp\/v2\/media?parent=451565"}],"wp:term":[{"taxonomy":"product_cat","embeddable":true,"href":"https:\/\/www.erresse-shop.it\/fr\/wp-json\/wp\/v2\/product_cat?post=451565"},{"taxonomy":"product_tag","embeddable":true,"href":"https:\/\/www.erresse-shop.it\/fr\/wp-json\/wp\/v2\/product_tag?post=451565"}],"curies":[{"name":"wp","href":"https:\/\/api.w.org\/{rel}","templated":true}]}}