{"id":451484,"date":"2024-11-27T07:19:14","date_gmt":"2024-11-27T07:19:16","guid":{"rendered":"https:\/\/www.erresse-shop.it\/?post_type=product&#038;p=451484"},"modified":"2024-12-09T00:00:05","modified_gmt":"2024-12-09T00:00:05","slug":"cookvision-basic-nesto-batterie-de-cuisine-11-pieces-noir-copia","status":"publish","type":"product","link":"https:\/\/www.erresse-shop.it\/fr\/shop\/poeles-pots\/batteries-de-cuisine\/cookvision-basic-nesto-batterie-de-cuisine-11-pieces-noir-copia\/","title":{"rendered":"COOKVISION Mega Nesto Batterie de Cuisine 14 Pi\u00e8ces Noir"},"content":{"rendered":"<p><strong>ESPACE ET ORDRE M\u00caME DANS LA PLUS PETITE CUISINE<\/strong><\/p>\n<p>Nesto est con\u00e7u de mani\u00e8re \u00e0 ce que toutes les casseroles et po\u00eales puissent \u00eatre empil\u00e9es les unes dans les autres sans augmenter consid\u00e9rablement la hauteur. M\u00eame la plus grande po\u00eale rentre dans la plus petite po\u00eale et les articles de m\u00eame taille ne posent aucun probl\u00e8me. Nesto \u00e9conomise un maximum d&#8217;espace dans tous les aspects\u00a0!<\/p>\n<p><strong>SERVIR ET SERVIR<\/strong><\/p>\n<p>Les ustensiles de cuisine Nesto en acier inoxydable sont si \u00e9l\u00e9gants et de si haute qualit\u00e9<br \/>\ndes qualit\u00e9s que vous pouvez \u00e9galement les utiliser directement pour servir.<\/p>\n<p>Les pots sans poign\u00e9e se transforment en bols \u00e9l\u00e9gants et accrocheurs pour les salades, les l\u00e9gumes et les accompagnements !<\/p>\n<p><strong>CUISINE AU NIVEAU PROFESSIONNEL<\/strong><\/p>\n<p>Qu&#8217;est-ce qui distingue l&#8217;\u00e9quipement professionnel des outils de loisirs ? Le mat\u00e9riau et la fabrication : Pour Nesto, nous avons utilis\u00e9 de l&#8217;acier inoxydable 18\/10 chrome-nickel extra r\u00e9sistant. Nesto est \u00e9quip\u00e9 d&#8217;une base thermique encapsul\u00e9e de 6 mm d&#8217;\u00e9paisseur avec un noyau en aluminium. Cela garantit que les sols ne s&#8217;affaissent pas m\u00eame en cas de chaleur extr\u00eame et assurent ainsi une r\u00e9partition optimale de la chaleur.<\/p>\n<p><strong>F\u00eate de l&#8217;Offensive<\/strong><\/p>\n<p>Nos casseroles et po\u00eales Nesto en acier inoxydable sont non seulement robustes et faciles \u00e0 nettoyer, mais \u00e9galement polyvalentes. Ils peuvent \u00eatre d\u00e9plac\u00e9s de la cuisini\u00e8re au four d&#8217;un simple geste et de l\u00e0 servis directement sur la table.<\/p>\n<p>Gr\u00e2ce \u00e0 la r\u00e9sistance du four il n&#8217;y a pas de limites \u00e0 votre cr\u00e9ativit\u00e9 en cuisine : d\u00e9couvrez les diff\u00e9rentes utilisations de la vaisselle en inox Nesto !<\/p>\n<p><strong>Couvercle avec sortie vapeur<\/strong><\/p>\n<p>Les couvercles Nesto disposent d&#8217;une sortie de vapeur lat\u00e9rale et dirigent donc parfaitement la vapeur qui s&#8217;\u00e9chappe vers les ventilateurs Downdraft et les hottes aspirantes.<\/p>\n<p>Les odeurs, vapeurs et graisses de cuisine sont \u00e9limin\u00e9es en permanence et la zone de cuisson reste propre !<\/p>\n<p><strong>La batterie de cuisine contient\u00a0:<\/strong><\/p>\n<ul>\n<li>5 Pots\u00a0:\n<ol>\n<li>\u00f8 16 x 8,5 cm, 1,3 l<\/li>\n<li>\u00f8 18 x 10,0 cm, 2,0 l<\/li>\n<li>\u00f8 20 x 11,4 cm, 2,8 l<\/li>\n<li>\u00f8 22 x 12,7 cm, 3,8 l<\/li>\n<li>\u00f8 24 x 14,0 cm, 5,1 l<\/li>\n<\/ol>\n<\/li>\n<li>5 couvercles en verre\u00a0:\n<ol>\n<li>\u00f8 16 cm<\/li>\n<li>\u00f8 18 cm<\/li>\n<li>\u00f8 20 cm<\/li>\n<li>\u00f8 22 cm<\/li>\n<li>\u00f8 24 cm<\/li>\n<\/ol>\n<\/li>\n<li>2 longues poign\u00e9es<\/li>\n<li>2 poign\u00e9es en silicone<\/li>\n<\/ul>\n","protected":false},"excerpt":{"rendered":"<p>ESPACE ET ORDRE M\u00caME DANS LA PLUS PETITE CUISINE Nesto est con\u00e7u de mani\u00e8re \u00e0 ce que toutes les casseroles<\/p>\n","protected":false},"featured_media":451558,"template":"","meta":{"_acf_changed":false,"inline_featured_image":false},"product_cat":[12458,14780],"product_tag":[13178,12468,12469,13685],"acf":[],"yoast_head":"<!-- This site is optimized with the Yoast SEO Premium plugin v18.6 (Yoast SEO v19.13) - https:\/\/yoast.com\/wordpress\/plugins\/seo\/ -->\n<title>COOKVISION Mega Nesto Batterie de Cuisine 14 Pi\u00e8ces Noir - Erresse Shop<\/title>\n<meta name=\"description\" content=\"ESPACE ET ORDRE M\u00caME DANS LA PLUS PETITE CUISINE Nesto est con\u00e7u de mani\u00e8re \u00e0 ce que toutes les casseroles et po\u00eales puissent \u00eatre empil\u00e9es les unes dans\" \/>\n<meta name=\"robots\" content=\"index, follow, max-snippet:-1, max-image-preview:large, max-video-preview:-1\" \/>\n<link rel=\"canonical\" href=\"https:\/\/www.erresse-shop.it\/fr\/shop\/poeles-pots\/batteries-de-cuisine\/cookvision-basic-nesto-batterie-de-cuisine-11-pieces-noir-copia\/\" \/>\n<meta property=\"og:locale\" content=\"fr_FR\" \/>\n<meta property=\"og:type\" content=\"article\" \/>\n<meta property=\"og:title\" content=\"COOKVISION Mega Nesto Batterie de Cuisine 14 Pi\u00e8ces Noir\" \/>\n<meta property=\"og:description\" content=\"ESPACE ET ORDRE M\u00caME DANS LA PLUS PETITE CUISINE Nesto est con\u00e7u de mani\u00e8re \u00e0 ce que toutes les casseroles et po\u00eales puissent \u00eatre empil\u00e9es les unes dans\" \/>\n<meta property=\"og:url\" content=\"https:\/\/www.erresse-shop.it\/fr\/shop\/poeles-pots\/batteries-de-cuisine\/cookvision-basic-nesto-batterie-de-cuisine-11-pieces-noir-copia\/\" \/>\n<meta property=\"og:site_name\" content=\"Erresse Shop\" \/>\n<meta property=\"article:modified_time\" content=\"2024-12-09T00:00:05+00:00\" \/>\n<meta property=\"og:image\" content=\"https:\/\/www.erresse-shop.it\/wp-content\/uploads\/2024\/11\/COOKVISION-Set-Pentole-Mega-Nesto-14-Pezzi-Nero.jpg\" \/>\n\t<meta property=\"og:image:width\" content=\"1200\" \/>\n\t<meta property=\"og:image:height\" content=\"1200\" \/>\n\t<meta property=\"og:image:type\" content=\"image\/jpeg\" \/>\n<meta name=\"twitter:card\" content=\"summary_large_image\" \/>\n<script type=\"application\/ld+json\" class=\"yoast-schema-graph\">{\"@context\":\"https:\/\/schema.org\",\"@graph\":[{\"@type\":\"WebPage\",\"@id\":\"https:\/\/www.erresse-shop.it\/fr\/shop\/poeles-pots\/batteries-de-cuisine\/cookvision-basic-nesto-batterie-de-cuisine-11-pieces-noir-copia\/\",\"url\":\"https:\/\/www.erresse-shop.it\/fr\/shop\/poeles-pots\/batteries-de-cuisine\/cookvision-basic-nesto-batterie-de-cuisine-11-pieces-noir-copia\/\",\"name\":\"COOKVISION Mega Nesto Batterie de Cuisine 14 Pi\u00e8ces Noir - Erresse Shop\",\"isPartOf\":{\"@id\":\"https:\/\/www.erresse-shop.it\/fr\/#website\"},\"datePublished\":\"2024-11-27T07:19:16+00:00\",\"dateModified\":\"2024-12-09T00:00:05+00:00\",\"description\":\"ESPACE ET ORDRE M\u00caME DANS LA PLUS PETITE CUISINE Nesto est con\u00e7u de mani\u00e8re \u00e0 ce que toutes les casseroles et po\u00eales puissent \u00eatre empil\u00e9es les unes dans\",\"breadcrumb\":{\"@id\":\"https:\/\/www.erresse-shop.it\/fr\/shop\/poeles-pots\/batteries-de-cuisine\/cookvision-basic-nesto-batterie-de-cuisine-11-pieces-noir-copia\/#breadcrumb\"},\"inLanguage\":\"fr-FR\",\"potentialAction\":[{\"@type\":\"ReadAction\",\"target\":[\"https:\/\/www.erresse-shop.it\/fr\/shop\/poeles-pots\/batteries-de-cuisine\/cookvision-basic-nesto-batterie-de-cuisine-11-pieces-noir-copia\/\"]}]},{\"@type\":\"BreadcrumbList\",\"@id\":\"https:\/\/www.erresse-shop.it\/fr\/shop\/poeles-pots\/batteries-de-cuisine\/cookvision-basic-nesto-batterie-de-cuisine-11-pieces-noir-copia\/#breadcrumb\",\"itemListElement\":[{\"@type\":\"ListItem\",\"position\":1,\"name\":\"Home\",\"item\":\"https:\/\/www.erresse-shop.it\/fr\/\"},{\"@type\":\"ListItem\",\"position\":2,\"name\":\"Shop\",\"item\":\"https:\/\/www.erresse-shop.it\/fr\/shop\/\"},{\"@type\":\"ListItem\",\"position\":3,\"name\":\"COOKVISION Mega Nesto Batterie de Cuisine 14 Pi\u00e8ces Noir\"}]},{\"@type\":\"WebSite\",\"@id\":\"https:\/\/www.erresse-shop.it\/fr\/#website\",\"url\":\"https:\/\/www.erresse-shop.it\/fr\/\",\"name\":\"Erresse Shop\",\"description\":\"Articoli di qualit\u00e0 per la casa\",\"potentialAction\":[{\"@type\":\"SearchAction\",\"target\":{\"@type\":\"EntryPoint\",\"urlTemplate\":\"https:\/\/www.erresse-shop.it\/fr\/?s={search_term_string}\"},\"query-input\":\"required name=search_term_string\"}],\"inLanguage\":\"fr-FR\"}]}<\/script>\n<!-- \/ Yoast SEO Premium plugin. -->","yoast_head_json":{"title":"COOKVISION Mega Nesto Batterie de Cuisine 14 Pi\u00e8ces Noir - Erresse Shop","description":"ESPACE ET ORDRE M\u00caME DANS LA PLUS PETITE CUISINE Nesto est con\u00e7u de mani\u00e8re \u00e0 ce que toutes les casseroles et po\u00eales puissent \u00eatre empil\u00e9es les unes dans","robots":{"index":"index","follow":"follow","max-snippet":"max-snippet:-1","max-image-preview":"max-image-preview:large","max-video-preview":"max-video-preview:-1"},"canonical":"https:\/\/www.erresse-shop.it\/fr\/shop\/poeles-pots\/batteries-de-cuisine\/cookvision-basic-nesto-batterie-de-cuisine-11-pieces-noir-copia\/","og_locale":"fr_FR","og_type":"article","og_title":"COOKVISION Mega Nesto Batterie de Cuisine 14 Pi\u00e8ces Noir","og_description":"ESPACE ET ORDRE M\u00caME DANS LA PLUS PETITE CUISINE Nesto est con\u00e7u de mani\u00e8re \u00e0 ce que toutes les casseroles et po\u00eales puissent \u00eatre empil\u00e9es les unes dans","og_url":"https:\/\/www.erresse-shop.it\/fr\/shop\/poeles-pots\/batteries-de-cuisine\/cookvision-basic-nesto-batterie-de-cuisine-11-pieces-noir-copia\/","og_site_name":"Erresse Shop","article_modified_time":"2024-12-09T00:00:05+00:00","og_image":[{"width":1200,"height":1200,"url":"https:\/\/www.erresse-shop.it\/wp-content\/uploads\/2024\/11\/COOKVISION-Set-Pentole-Mega-Nesto-14-Pezzi-Nero.jpg","type":"image\/jpeg"}],"twitter_card":"summary_large_image","schema":{"@context":"https:\/\/schema.org","@graph":[{"@type":"WebPage","@id":"https:\/\/www.erresse-shop.it\/fr\/shop\/poeles-pots\/batteries-de-cuisine\/cookvision-basic-nesto-batterie-de-cuisine-11-pieces-noir-copia\/","url":"https:\/\/www.erresse-shop.it\/fr\/shop\/poeles-pots\/batteries-de-cuisine\/cookvision-basic-nesto-batterie-de-cuisine-11-pieces-noir-copia\/","name":"COOKVISION Mega Nesto Batterie de Cuisine 14 Pi\u00e8ces Noir - Erresse Shop","isPartOf":{"@id":"https:\/\/www.erresse-shop.it\/fr\/#website"},"datePublished":"2024-11-27T07:19:16+00:00","dateModified":"2024-12-09T00:00:05+00:00","description":"ESPACE ET ORDRE M\u00caME DANS LA PLUS PETITE CUISINE Nesto est con\u00e7u de mani\u00e8re \u00e0 ce que toutes les casseroles et po\u00eales puissent \u00eatre empil\u00e9es les unes dans","breadcrumb":{"@id":"https:\/\/www.erresse-shop.it\/fr\/shop\/poeles-pots\/batteries-de-cuisine\/cookvision-basic-nesto-batterie-de-cuisine-11-pieces-noir-copia\/#breadcrumb"},"inLanguage":"fr-FR","potentialAction":[{"@type":"ReadAction","target":["https:\/\/www.erresse-shop.it\/fr\/shop\/poeles-pots\/batteries-de-cuisine\/cookvision-basic-nesto-batterie-de-cuisine-11-pieces-noir-copia\/"]}]},{"@type":"BreadcrumbList","@id":"https:\/\/www.erresse-shop.it\/fr\/shop\/poeles-pots\/batteries-de-cuisine\/cookvision-basic-nesto-batterie-de-cuisine-11-pieces-noir-copia\/#breadcrumb","itemListElement":[{"@type":"ListItem","position":1,"name":"Home","item":"https:\/\/www.erresse-shop.it\/fr\/"},{"@type":"ListItem","position":2,"name":"Shop","item":"https:\/\/www.erresse-shop.it\/fr\/shop\/"},{"@type":"ListItem","position":3,"name":"COOKVISION Mega Nesto Batterie de Cuisine 14 Pi\u00e8ces Noir"}]},{"@type":"WebSite","@id":"https:\/\/www.erresse-shop.it\/fr\/#website","url":"https:\/\/www.erresse-shop.it\/fr\/","name":"Erresse Shop","description":"Articoli di qualit\u00e0 per la casa","potentialAction":[{"@type":"SearchAction","target":{"@type":"EntryPoint","urlTemplate":"https:\/\/www.erresse-shop.it\/fr\/?s={search_term_string}"},"query-input":"required name=search_term_string"}],"inLanguage":"fr-FR"}]}},"df_price":279.95,"df_sale_price":279.95,"df_regular_price":418,"df_image_link":"https:\/\/www.erresse-shop.it\/wp-content\/uploads\/2024\/11\/COOKVISION-Set-Pentole-Mega-Nesto-14-Pezzi-Nero-300x300.jpg","_links":{"self":[{"href":"https:\/\/www.erresse-shop.it\/fr\/wp-json\/wp\/v2\/product\/451484"}],"collection":[{"href":"https:\/\/www.erresse-shop.it\/fr\/wp-json\/wp\/v2\/product"}],"about":[{"href":"https:\/\/www.erresse-shop.it\/fr\/wp-json\/wp\/v2\/types\/product"}],"wp:featuredmedia":[{"embeddable":true,"href":"https:\/\/www.erresse-shop.it\/fr\/wp-json\/wp\/v2\/media\/451558"}],"wp:attachment":[{"href":"https:\/\/www.erresse-shop.it\/fr\/wp-json\/wp\/v2\/media?parent=451484"}],"wp:term":[{"taxonomy":"product_cat","embeddable":true,"href":"https:\/\/www.erresse-shop.it\/fr\/wp-json\/wp\/v2\/product_cat?post=451484"},{"taxonomy":"product_tag","embeddable":true,"href":"https:\/\/www.erresse-shop.it\/fr\/wp-json\/wp\/v2\/product_tag?post=451484"}],"curies":[{"name":"wp","href":"https:\/\/api.w.org\/{rel}","templated":true}]}}