{"id":451328,"date":"2024-11-26T13:31:30","date_gmt":"2024-11-26T13:31:31","guid":{"rendered":"https:\/\/www.erresse-shop.it\/?post_type=product&#038;p=451328"},"modified":"2024-11-26T13:46:22","modified_gmt":"2024-11-26T13:46:22","slug":"coravin-aiguille-et-bec-standard-pour-timeless-eleven-copia","status":"publish","type":"product","link":"https:\/\/www.erresse-shop.it\/fr\/shop\/table-fr-2\/vin\/coravin-aiguille-et-bec-standard-pour-timeless-eleven-copia\/","title":{"rendered":"CORAVIN Timeless Ao\u00fbt Premium"},"content":{"rendered":"<p>Les aiguilles Coravin sont sp\u00e9cialement con\u00e7ues pour percer les bouchons naturels ou agglom\u00e9r\u00e9s et verser le vin sans ouvrir la bouteille. L&#8217;aiguille Premium Coravin allie la d\u00e9licatesse de l&#8217;aiguille \u00e0 vin mill\u00e9sim\u00e9 \u00e0 la rapidit\u00e9 de l&#8217;aiguille \u00e0 verser rapide, pour un \u00e9coulement du vin encore plus fluide. Toutes les aiguilles Coravin, fabriqu\u00e9es en acier inoxydable avec un rev\u00eatement antiadh\u00e9sif, garantissent une durabilit\u00e9 maximale et une insertion facile pour des centaines de coul\u00e9es. Non compatible avec les syst\u00e8mes de conservation du vin Timeless Eleven ou Pivot\u2122.<\/p>\n<p><strong>Contenu du paquet\u00a0:<\/strong><\/p>\n<div class=\"product__whats_inclus_item\">\n<ul>\n<li>Aiguille intemporelle Premium<\/li>\n<li>Brosse de nettoyage d&#8217;aiguilles de qualit\u00e9 sup\u00e9rieure<\/li>\n<\/ul>\n<\/div>\n","protected":false},"excerpt":{"rendered":"<p>Les aiguilles Coravin sont sp\u00e9cialement con\u00e7ues pour percer les bouchons naturels ou agglom\u00e9r\u00e9s et verser le vin sans ouvrir la<\/p>\n","protected":false},"featured_media":451347,"template":"","meta":{"_acf_changed":false,"inline_featured_image":false},"product_cat":[25982,12782,12754],"product_tag":[25036,25021,24397,16884,23682],"acf":[],"yoast_head":"<!-- This site is optimized with the Yoast SEO Premium plugin v18.6 (Yoast SEO v19.13) - https:\/\/yoast.com\/wordpress\/plugins\/seo\/ -->\n<title>CORAVIN Timeless Ao\u00fbt Premium - Erresse Shop<\/title>\n<meta name=\"description\" content=\"Les aiguilles Coravin sont sp\u00e9cialement con\u00e7ues pour percer les bouchons naturels ou agglom\u00e9r\u00e9s et verser le vin sans ouvrir la bouteille. L&#039;aiguille\" \/>\n<meta name=\"robots\" content=\"index, follow, max-snippet:-1, max-image-preview:large, max-video-preview:-1\" \/>\n<link rel=\"canonical\" href=\"https:\/\/www.erresse-shop.it\/fr\/shop\/table-fr-2\/vin\/coravin-aiguille-et-bec-standard-pour-timeless-eleven-copia\/\" \/>\n<meta property=\"og:locale\" content=\"fr_FR\" \/>\n<meta property=\"og:type\" content=\"article\" \/>\n<meta property=\"og:title\" content=\"CORAVIN Timeless Ao\u00fbt Premium\" \/>\n<meta property=\"og:description\" content=\"Les aiguilles Coravin sont sp\u00e9cialement con\u00e7ues pour percer les bouchons naturels ou agglom\u00e9r\u00e9s et verser le vin sans ouvrir la bouteille. L&#039;aiguille\" \/>\n<meta property=\"og:url\" content=\"https:\/\/www.erresse-shop.it\/fr\/shop\/table-fr-2\/vin\/coravin-aiguille-et-bec-standard-pour-timeless-eleven-copia\/\" \/>\n<meta property=\"og:site_name\" content=\"Erresse Shop\" \/>\n<meta property=\"article:modified_time\" content=\"2024-11-26T13:46:22+00:00\" \/>\n<meta property=\"og:image\" content=\"https:\/\/www.erresse-shop.it\/wp-content\/uploads\/2024\/11\/CORAVIN-Timeless-Ago-Premium.jpg\" \/>\n\t<meta property=\"og:image:width\" content=\"1200\" \/>\n\t<meta property=\"og:image:height\" content=\"1200\" \/>\n\t<meta property=\"og:image:type\" content=\"image\/jpeg\" \/>\n<meta name=\"twitter:card\" content=\"summary_large_image\" \/>\n<script type=\"application\/ld+json\" class=\"yoast-schema-graph\">{\"@context\":\"https:\/\/schema.org\",\"@graph\":[{\"@type\":\"WebPage\",\"@id\":\"https:\/\/www.erresse-shop.it\/fr\/shop\/table-fr-2\/vin\/coravin-aiguille-et-bec-standard-pour-timeless-eleven-copia\/\",\"url\":\"https:\/\/www.erresse-shop.it\/fr\/shop\/table-fr-2\/vin\/coravin-aiguille-et-bec-standard-pour-timeless-eleven-copia\/\",\"name\":\"CORAVIN Timeless Ao\u00fbt Premium - Erresse Shop\",\"isPartOf\":{\"@id\":\"https:\/\/www.erresse-shop.it\/fr\/#website\"},\"datePublished\":\"2024-11-26T13:31:31+00:00\",\"dateModified\":\"2024-11-26T13:46:22+00:00\",\"description\":\"Les aiguilles Coravin sont sp\u00e9cialement con\u00e7ues pour percer les bouchons naturels ou agglom\u00e9r\u00e9s et verser le vin sans ouvrir la bouteille. L'aiguille\",\"breadcrumb\":{\"@id\":\"https:\/\/www.erresse-shop.it\/fr\/shop\/table-fr-2\/vin\/coravin-aiguille-et-bec-standard-pour-timeless-eleven-copia\/#breadcrumb\"},\"inLanguage\":\"fr-FR\",\"potentialAction\":[{\"@type\":\"ReadAction\",\"target\":[\"https:\/\/www.erresse-shop.it\/fr\/shop\/table-fr-2\/vin\/coravin-aiguille-et-bec-standard-pour-timeless-eleven-copia\/\"]}]},{\"@type\":\"BreadcrumbList\",\"@id\":\"https:\/\/www.erresse-shop.it\/fr\/shop\/table-fr-2\/vin\/coravin-aiguille-et-bec-standard-pour-timeless-eleven-copia\/#breadcrumb\",\"itemListElement\":[{\"@type\":\"ListItem\",\"position\":1,\"name\":\"Home\",\"item\":\"https:\/\/www.erresse-shop.it\/fr\/\"},{\"@type\":\"ListItem\",\"position\":2,\"name\":\"Shop\",\"item\":\"https:\/\/www.erresse-shop.it\/fr\/shop\/\"},{\"@type\":\"ListItem\",\"position\":3,\"name\":\"CORAVIN Timeless Ao\u00fbt Premium\"}]},{\"@type\":\"WebSite\",\"@id\":\"https:\/\/www.erresse-shop.it\/fr\/#website\",\"url\":\"https:\/\/www.erresse-shop.it\/fr\/\",\"name\":\"Erresse Shop\",\"description\":\"Articoli di qualit\u00e0 per la casa\",\"potentialAction\":[{\"@type\":\"SearchAction\",\"target\":{\"@type\":\"EntryPoint\",\"urlTemplate\":\"https:\/\/www.erresse-shop.it\/fr\/?s={search_term_string}\"},\"query-input\":\"required name=search_term_string\"}],\"inLanguage\":\"fr-FR\"}]}<\/script>\n<!-- \/ Yoast SEO Premium plugin. -->","yoast_head_json":{"title":"CORAVIN Timeless Ao\u00fbt Premium - Erresse Shop","description":"Les aiguilles Coravin sont sp\u00e9cialement con\u00e7ues pour percer les bouchons naturels ou agglom\u00e9r\u00e9s et verser le vin sans ouvrir la bouteille. L'aiguille","robots":{"index":"index","follow":"follow","max-snippet":"max-snippet:-1","max-image-preview":"max-image-preview:large","max-video-preview":"max-video-preview:-1"},"canonical":"https:\/\/www.erresse-shop.it\/fr\/shop\/table-fr-2\/vin\/coravin-aiguille-et-bec-standard-pour-timeless-eleven-copia\/","og_locale":"fr_FR","og_type":"article","og_title":"CORAVIN Timeless Ao\u00fbt Premium","og_description":"Les aiguilles Coravin sont sp\u00e9cialement con\u00e7ues pour percer les bouchons naturels ou agglom\u00e9r\u00e9s et verser le vin sans ouvrir la bouteille. L'aiguille","og_url":"https:\/\/www.erresse-shop.it\/fr\/shop\/table-fr-2\/vin\/coravin-aiguille-et-bec-standard-pour-timeless-eleven-copia\/","og_site_name":"Erresse Shop","article_modified_time":"2024-11-26T13:46:22+00:00","og_image":[{"width":1200,"height":1200,"url":"https:\/\/www.erresse-shop.it\/wp-content\/uploads\/2024\/11\/CORAVIN-Timeless-Ago-Premium.jpg","type":"image\/jpeg"}],"twitter_card":"summary_large_image","schema":{"@context":"https:\/\/schema.org","@graph":[{"@type":"WebPage","@id":"https:\/\/www.erresse-shop.it\/fr\/shop\/table-fr-2\/vin\/coravin-aiguille-et-bec-standard-pour-timeless-eleven-copia\/","url":"https:\/\/www.erresse-shop.it\/fr\/shop\/table-fr-2\/vin\/coravin-aiguille-et-bec-standard-pour-timeless-eleven-copia\/","name":"CORAVIN Timeless Ao\u00fbt Premium - Erresse Shop","isPartOf":{"@id":"https:\/\/www.erresse-shop.it\/fr\/#website"},"datePublished":"2024-11-26T13:31:31+00:00","dateModified":"2024-11-26T13:46:22+00:00","description":"Les aiguilles Coravin sont sp\u00e9cialement con\u00e7ues pour percer les bouchons naturels ou agglom\u00e9r\u00e9s et verser le vin sans ouvrir la bouteille. L'aiguille","breadcrumb":{"@id":"https:\/\/www.erresse-shop.it\/fr\/shop\/table-fr-2\/vin\/coravin-aiguille-et-bec-standard-pour-timeless-eleven-copia\/#breadcrumb"},"inLanguage":"fr-FR","potentialAction":[{"@type":"ReadAction","target":["https:\/\/www.erresse-shop.it\/fr\/shop\/table-fr-2\/vin\/coravin-aiguille-et-bec-standard-pour-timeless-eleven-copia\/"]}]},{"@type":"BreadcrumbList","@id":"https:\/\/www.erresse-shop.it\/fr\/shop\/table-fr-2\/vin\/coravin-aiguille-et-bec-standard-pour-timeless-eleven-copia\/#breadcrumb","itemListElement":[{"@type":"ListItem","position":1,"name":"Home","item":"https:\/\/www.erresse-shop.it\/fr\/"},{"@type":"ListItem","position":2,"name":"Shop","item":"https:\/\/www.erresse-shop.it\/fr\/shop\/"},{"@type":"ListItem","position":3,"name":"CORAVIN Timeless Ao\u00fbt Premium"}]},{"@type":"WebSite","@id":"https:\/\/www.erresse-shop.it\/fr\/#website","url":"https:\/\/www.erresse-shop.it\/fr\/","name":"Erresse Shop","description":"Articoli di qualit\u00e0 per la casa","potentialAction":[{"@type":"SearchAction","target":{"@type":"EntryPoint","urlTemplate":"https:\/\/www.erresse-shop.it\/fr\/?s={search_term_string}"},"query-input":"required name=search_term_string"}],"inLanguage":"fr-FR"}]}},"df_price":49.95,"df_sale_price":49.95,"df_regular_price":64.99,"df_image_link":"https:\/\/www.erresse-shop.it\/wp-content\/uploads\/2024\/11\/CORAVIN-Timeless-Ago-Premium-300x300.jpg","_links":{"self":[{"href":"https:\/\/www.erresse-shop.it\/fr\/wp-json\/wp\/v2\/product\/451328"}],"collection":[{"href":"https:\/\/www.erresse-shop.it\/fr\/wp-json\/wp\/v2\/product"}],"about":[{"href":"https:\/\/www.erresse-shop.it\/fr\/wp-json\/wp\/v2\/types\/product"}],"wp:featuredmedia":[{"embeddable":true,"href":"https:\/\/www.erresse-shop.it\/fr\/wp-json\/wp\/v2\/media\/451347"}],"wp:attachment":[{"href":"https:\/\/www.erresse-shop.it\/fr\/wp-json\/wp\/v2\/media?parent=451328"}],"wp:term":[{"taxonomy":"product_cat","embeddable":true,"href":"https:\/\/www.erresse-shop.it\/fr\/wp-json\/wp\/v2\/product_cat?post=451328"},{"taxonomy":"product_tag","embeddable":true,"href":"https:\/\/www.erresse-shop.it\/fr\/wp-json\/wp\/v2\/product_tag?post=451328"}],"curies":[{"name":"wp","href":"https:\/\/api.w.org\/{rel}","templated":true}]}}