{"id":450807,"date":"2024-11-22T14:49:28","date_gmt":"2024-11-22T14:49:30","guid":{"rendered":"https:\/\/www.erresse-shop.it\/?post_type=product&#038;p=450807"},"modified":"2026-02-04T10:38:16","modified_gmt":"2026-02-04T10:38:16","slug":"fratelli-desideri-masterchef-mistery-box-punto-di-rottura-di-edoardo","status":"publish","type":"product","link":"https:\/\/www.erresse-shop.it\/fr\/shop\/food-fr\/fratelli-desideri-masterchef-mistery-box-punto-di-rottura-di-edoardo\/","title":{"rendered":"FRATELLI DESIDERI Masterchef Mistery Box Punto di Rottura di Edoardo"},"content":{"rendered":"<div class=\"flex-shrink-0 flex flex-col relative items-end\">\n<div class=\"gizmo-bot-avatar flex h-8 w-8 \u00e9l\u00e9ments-centre justifier-centre d\u00e9bordement-cach\u00e9 arrondi-plein\">\n<div class=\"relative p-1 arrondi-sm \u00e9l\u00e9ments flexibles-centre justifier-centre bg-token-main-surface-primary text-token-text-primary h-8 w-8\">\n<div class=\"flex-shrink-0 flex flex-col relative items-end\">\n<div class=\"gizmo-bot-avatar flex h-8 w-8 \u00e9l\u00e9ments-centre justifier-centre d\u00e9bordement-cach\u00e9 arrondi-plein\">\n<div class=\"relative p-1 arrondi-sm \u00e9l\u00e9ments flexibles-centre justifier-centre bg-token-main-surface-primary text-token-text-primary h-8 w-8\">\n<div class=\"flex-shrink-0 flex flex-col relative items-end\">\n<div>\n<div>\n<div class=\"gizmo-bot-avatar flex h-8 w-8 \u00e9l\u00e9ments-centre justifier-centre d\u00e9bordement-cach\u00e9 arrondi-plein\">\n<div class=\"relative p-1 arrondi-sm \u00e9l\u00e9ments flexibles-centre justifier-centre bg-token-main-surface-primary text-token-text-primary h-8 w-8\">En avant-premi\u00e8re absolue, Edoardo, vainqueur de la douzi\u00e8me \u00e9dition de <em>MasterChef Italia<\/em>, signe cette recette qu&#8217;il aime lui-m\u00eame d\u00e9finir comme &#8220;Puissante&#8221;. Un plat qui non seulement exprime son talent, mais incarne aussi sa passion pour la cuisine authentique et pour les saveurs qui racontent des histoires personnelles et des souvenirs d&#8217;enfance.<\/div>\n<\/div>\n<\/div>\n<\/div>\n<\/div>\n<div class=\"group\/conversation-turn relative flex w-full min-w-0 flex-col agent-turn\">\n<div class=\"flex-col gap-1 md:gap-3\">\n<div class=\"flex max-w-full flex-col flex-grow\">\n<div class=\"min-h-8 text-message flex w-full flex-col items-end gap-2 whitespace-normal break-words [.text-message+&amp;]:mt-5\" dir=\"auto \" data-message-author-role=\"assistant\" data-message-id=\"8846b4f9-945c-45ec-9ec5-a3cd3ea6d42d\" data-client-thread-id=\"WEB:877b58cf-0454-4829-95aa-96eae27b0354\" data-message-model-slug=\"gpt-4o-mini\">\n<div class=\"flex w-full flex-col gap-1 vide: cach\u00e9 en premier:pt-[3px]\">\n<div class=\"markdown prose w-full break-words dark:prose-invert dark\">\n<p>Inspir\u00e9 par ses plus beaux souvenirs, ceux li\u00e9s aux plats authentiques et savoureux pr\u00e9par\u00e9s par sa grand-m\u00e8re bien-aim\u00e9e, Edoardo a su m\u00ealer tradition et innovation dans une cr\u00e9ation qui est un v\u00e9ritable voyage sensoriel. Il a soigneusement choisi trois ingr\u00e9dients qui, dans leur simplicit\u00e9, sont capables de lib\u00e9rer une intensit\u00e9 de saveurs vraiment unique et enveloppante. Son objectif \u00e9tait de combiner des ingr\u00e9dients qui non seulement se compl\u00e8tent, mais cr\u00e9ent ensemble quelque chose de surprenant et d&#8217;impactant.<\/p>\n<p>La Truffe, avec son \u00e9l\u00e9gance et son parfum incomparable, domine la sc\u00e8ne, enveloppant le palais de sa profondeur. Les Perles d&#8217;Anchois, petites p\u00e9pites au go\u00fbt prononc\u00e9 et sal\u00e9, ajoutent une note marine qui contraste \u00e0 merveille avec la douceur et la richesse de la Cr\u00e8me de Noix, qui donne une touche de douceur et d&#8217;onctuosit\u00e9 au plat. Ces trois ingr\u00e9dients apparemment simples se m\u00e9langent dans un m\u00e9lange explosif qui parvient \u00e0 surprendre et conqu\u00e9rir le palais.<\/p>\n<p>Mais ce n&#8217;est pas seulement la combinaison de saveurs qui rend cette recette sp\u00e9ciale : c&#8217;est aussi sa capacit\u00e9 \u00e0 \u00e9voquer des \u00e9motions. Chaque ingr\u00e9dient est choisi pour raconter quelque chose de plus profond, pour rappeler ces moments d&#8217;intimit\u00e9 et de chaleur familiale que seule la cuisine peut offrir. Le r\u00e9sultat est un plat qui non seulement satisfait, mais laisse une impression ind\u00e9l\u00e9bile.<\/p>\n<p>Le v\u00e9ritable <strong>point de rupture<\/strong> de cette recette est pr\u00e9cis\u00e9ment cet \u00e9quilibre entre tradition et audace, entre familiarit\u00e9 et innovation. La cr\u00e9ation d&#8217;Edoardo est <strong>magnifique et disruptive<\/strong>, capable de ravir m\u00eame les gourmets les plus experts. Un plat qui exprime toute la puissance des saveurs, la force de sa m\u00e9moire culinaire et sa vision de chef, capable de transformer des ingr\u00e9dients communs en quelque chose d&#8217;extraordinaire.<\/p>\n<p>Dans chaque bouch\u00e9e, vous pouvez sentir l&#8217;amour et le d\u00e9vouement qu&#8217;Edoardo a mis dans cette recette, un plat qui nourrit non seulement le corps, mais aussi l&#8217;\u00e2me. Une exp\u00e9rience qui vous laisse sans voix, mais avec le sourire aux l\u00e8vres et l&#8217;envie d&#8217;en d\u00e9couvrir davantage.<\/p>\n<\/div>\n<\/div>\n<\/div>\n<\/div>\n<\/div>\n<\/div>\n<\/div>\n<\/div>\n<\/div>\n<\/div>\n<\/div>\n<\/div>\n<p><strong>D\u00e9tails du produit\u00a0:<\/strong><\/p>\n<p><strong>Portions\u00a0:<\/strong> 4 personnes<br \/>\n<strong>Temps de pr\u00e9paration\u00a0:<\/strong> 15 min.<br \/>\n<strong>Difficult\u00e9\u00a0:<\/strong> Faible<\/p>\n","protected":false},"excerpt":{"rendered":"<p>En avant-premi\u00e8re absolue, Edoardo, vainqueur de la douzi\u00e8me \u00e9dition de MasterChef Italia, signe cette recette qu&#8217;il aime lui-m\u00eame d\u00e9finir comme<\/p>\n","protected":false},"featured_media":450824,"template":"","meta":{"_acf_changed":false,"inline_featured_image":false},"product_cat":[25933],"product_tag":[21529],"acf":[],"yoast_head":"<!-- This site is optimized with the Yoast SEO Premium plugin v18.6 (Yoast SEO v19.13) - https:\/\/yoast.com\/wordpress\/plugins\/seo\/ -->\n<title>FRATELLI DESIDERI Masterchef Mistery Box Punto di Rottura di Edoardo - Erresse Shop<\/title>\n<meta name=\"description\" content=\"En avant-premi\u00e8re absolue, Edoardo, vainqueur de la douzi\u00e8me \u00e9dition de MasterChef Italia, signe cette recette qu&#039;il aime lui-m\u00eame d\u00e9finir comme\" \/>\n<meta name=\"robots\" content=\"index, follow, max-snippet:-1, max-image-preview:large, max-video-preview:-1\" \/>\n<link rel=\"canonical\" href=\"https:\/\/www.erresse-shop.it\/fr\/shop\/food-fr\/fratelli-desideri-masterchef-mistery-box-punto-di-rottura-di-edoardo\/\" \/>\n<meta property=\"og:locale\" content=\"fr_FR\" \/>\n<meta property=\"og:type\" content=\"article\" \/>\n<meta property=\"og:title\" content=\"FRATELLI DESIDERI Masterchef Mistery Box Punto di Rottura di Edoardo\" \/>\n<meta property=\"og:description\" content=\"En avant-premi\u00e8re absolue, Edoardo, vainqueur de la douzi\u00e8me \u00e9dition de MasterChef Italia, signe cette recette qu&#039;il aime lui-m\u00eame d\u00e9finir comme\" \/>\n<meta property=\"og:url\" content=\"https:\/\/www.erresse-shop.it\/fr\/shop\/food-fr\/fratelli-desideri-masterchef-mistery-box-punto-di-rottura-di-edoardo\/\" \/>\n<meta property=\"og:site_name\" content=\"Erresse Shop\" \/>\n<meta property=\"article:modified_time\" content=\"2026-02-04T10:38:16+00:00\" \/>\n<meta property=\"og:image\" content=\"https:\/\/www.erresse-shop.it\/wp-content\/uploads\/2024\/11\/FRATELLI-DESIDERI-Masterchef-Mistery-Box-Punto-di-Rottura.jpg\" \/>\n\t<meta property=\"og:image:width\" content=\"1200\" \/>\n\t<meta property=\"og:image:height\" content=\"1200\" \/>\n\t<meta property=\"og:image:type\" content=\"image\/jpeg\" \/>\n<meta name=\"twitter:card\" content=\"summary_large_image\" \/>\n<script type=\"application\/ld+json\" class=\"yoast-schema-graph\">{\"@context\":\"https:\/\/schema.org\",\"@graph\":[{\"@type\":\"WebPage\",\"@id\":\"https:\/\/www.erresse-shop.it\/fr\/shop\/food-fr\/fratelli-desideri-masterchef-mistery-box-punto-di-rottura-di-edoardo\/\",\"url\":\"https:\/\/www.erresse-shop.it\/fr\/shop\/food-fr\/fratelli-desideri-masterchef-mistery-box-punto-di-rottura-di-edoardo\/\",\"name\":\"FRATELLI DESIDERI Masterchef Mistery Box Punto di Rottura di Edoardo - Erresse Shop\",\"isPartOf\":{\"@id\":\"https:\/\/www.erresse-shop.it\/fr\/#website\"},\"datePublished\":\"2024-11-22T14:49:30+00:00\",\"dateModified\":\"2026-02-04T10:38:16+00:00\",\"description\":\"En avant-premi\u00e8re absolue, Edoardo, vainqueur de la douzi\u00e8me \u00e9dition de MasterChef Italia, signe cette recette qu'il aime lui-m\u00eame d\u00e9finir comme\",\"breadcrumb\":{\"@id\":\"https:\/\/www.erresse-shop.it\/fr\/shop\/food-fr\/fratelli-desideri-masterchef-mistery-box-punto-di-rottura-di-edoardo\/#breadcrumb\"},\"inLanguage\":\"fr-FR\",\"potentialAction\":[{\"@type\":\"ReadAction\",\"target\":[\"https:\/\/www.erresse-shop.it\/fr\/shop\/food-fr\/fratelli-desideri-masterchef-mistery-box-punto-di-rottura-di-edoardo\/\"]}]},{\"@type\":\"BreadcrumbList\",\"@id\":\"https:\/\/www.erresse-shop.it\/fr\/shop\/food-fr\/fratelli-desideri-masterchef-mistery-box-punto-di-rottura-di-edoardo\/#breadcrumb\",\"itemListElement\":[{\"@type\":\"ListItem\",\"position\":1,\"name\":\"Home\",\"item\":\"https:\/\/www.erresse-shop.it\/fr\/\"},{\"@type\":\"ListItem\",\"position\":2,\"name\":\"Shop\",\"item\":\"https:\/\/www.erresse-shop.it\/fr\/shop\/\"},{\"@type\":\"ListItem\",\"position\":3,\"name\":\"FRATELLI DESIDERI Masterchef Mistery Box Punto di Rottura di Edoardo\"}]},{\"@type\":\"WebSite\",\"@id\":\"https:\/\/www.erresse-shop.it\/fr\/#website\",\"url\":\"https:\/\/www.erresse-shop.it\/fr\/\",\"name\":\"Erresse Shop\",\"description\":\"Articoli di qualit\u00e0 per la casa\",\"potentialAction\":[{\"@type\":\"SearchAction\",\"target\":{\"@type\":\"EntryPoint\",\"urlTemplate\":\"https:\/\/www.erresse-shop.it\/fr\/?s={search_term_string}\"},\"query-input\":\"required name=search_term_string\"}],\"inLanguage\":\"fr-FR\"}]}<\/script>\n<!-- \/ Yoast SEO Premium plugin. -->","yoast_head_json":{"title":"FRATELLI DESIDERI Masterchef Mistery Box Punto di Rottura di Edoardo - Erresse Shop","description":"En avant-premi\u00e8re absolue, Edoardo, vainqueur de la douzi\u00e8me \u00e9dition de MasterChef Italia, signe cette recette qu'il aime lui-m\u00eame d\u00e9finir comme","robots":{"index":"index","follow":"follow","max-snippet":"max-snippet:-1","max-image-preview":"max-image-preview:large","max-video-preview":"max-video-preview:-1"},"canonical":"https:\/\/www.erresse-shop.it\/fr\/shop\/food-fr\/fratelli-desideri-masterchef-mistery-box-punto-di-rottura-di-edoardo\/","og_locale":"fr_FR","og_type":"article","og_title":"FRATELLI DESIDERI Masterchef Mistery Box Punto di Rottura di Edoardo","og_description":"En avant-premi\u00e8re absolue, Edoardo, vainqueur de la douzi\u00e8me \u00e9dition de MasterChef Italia, signe cette recette qu'il aime lui-m\u00eame d\u00e9finir comme","og_url":"https:\/\/www.erresse-shop.it\/fr\/shop\/food-fr\/fratelli-desideri-masterchef-mistery-box-punto-di-rottura-di-edoardo\/","og_site_name":"Erresse Shop","article_modified_time":"2026-02-04T10:38:16+00:00","og_image":[{"width":1200,"height":1200,"url":"https:\/\/www.erresse-shop.it\/wp-content\/uploads\/2024\/11\/FRATELLI-DESIDERI-Masterchef-Mistery-Box-Punto-di-Rottura.jpg","type":"image\/jpeg"}],"twitter_card":"summary_large_image","schema":{"@context":"https:\/\/schema.org","@graph":[{"@type":"WebPage","@id":"https:\/\/www.erresse-shop.it\/fr\/shop\/food-fr\/fratelli-desideri-masterchef-mistery-box-punto-di-rottura-di-edoardo\/","url":"https:\/\/www.erresse-shop.it\/fr\/shop\/food-fr\/fratelli-desideri-masterchef-mistery-box-punto-di-rottura-di-edoardo\/","name":"FRATELLI DESIDERI Masterchef Mistery Box Punto di Rottura di Edoardo - Erresse Shop","isPartOf":{"@id":"https:\/\/www.erresse-shop.it\/fr\/#website"},"datePublished":"2024-11-22T14:49:30+00:00","dateModified":"2026-02-04T10:38:16+00:00","description":"En avant-premi\u00e8re absolue, Edoardo, vainqueur de la douzi\u00e8me \u00e9dition de MasterChef Italia, signe cette recette qu'il aime lui-m\u00eame d\u00e9finir comme","breadcrumb":{"@id":"https:\/\/www.erresse-shop.it\/fr\/shop\/food-fr\/fratelli-desideri-masterchef-mistery-box-punto-di-rottura-di-edoardo\/#breadcrumb"},"inLanguage":"fr-FR","potentialAction":[{"@type":"ReadAction","target":["https:\/\/www.erresse-shop.it\/fr\/shop\/food-fr\/fratelli-desideri-masterchef-mistery-box-punto-di-rottura-di-edoardo\/"]}]},{"@type":"BreadcrumbList","@id":"https:\/\/www.erresse-shop.it\/fr\/shop\/food-fr\/fratelli-desideri-masterchef-mistery-box-punto-di-rottura-di-edoardo\/#breadcrumb","itemListElement":[{"@type":"ListItem","position":1,"name":"Home","item":"https:\/\/www.erresse-shop.it\/fr\/"},{"@type":"ListItem","position":2,"name":"Shop","item":"https:\/\/www.erresse-shop.it\/fr\/shop\/"},{"@type":"ListItem","position":3,"name":"FRATELLI DESIDERI Masterchef Mistery Box Punto di Rottura di Edoardo"}]},{"@type":"WebSite","@id":"https:\/\/www.erresse-shop.it\/fr\/#website","url":"https:\/\/www.erresse-shop.it\/fr\/","name":"Erresse Shop","description":"Articoli di qualit\u00e0 per la casa","potentialAction":[{"@type":"SearchAction","target":{"@type":"EntryPoint","urlTemplate":"https:\/\/www.erresse-shop.it\/fr\/?s={search_term_string}"},"query-input":"required name=search_term_string"}],"inLanguage":"fr-FR"}]}},"df_price":48,"df_sale_price":48,"df_regular_price":48,"df_image_link":"https:\/\/www.erresse-shop.it\/wp-content\/uploads\/2024\/11\/FRATELLI-DESIDERI-Masterchef-Mistery-Box-Punto-di-Rottura-300x300.jpg","_links":{"self":[{"href":"https:\/\/www.erresse-shop.it\/fr\/wp-json\/wp\/v2\/product\/450807"}],"collection":[{"href":"https:\/\/www.erresse-shop.it\/fr\/wp-json\/wp\/v2\/product"}],"about":[{"href":"https:\/\/www.erresse-shop.it\/fr\/wp-json\/wp\/v2\/types\/product"}],"wp:featuredmedia":[{"embeddable":true,"href":"https:\/\/www.erresse-shop.it\/fr\/wp-json\/wp\/v2\/media\/450824"}],"wp:attachment":[{"href":"https:\/\/www.erresse-shop.it\/fr\/wp-json\/wp\/v2\/media?parent=450807"}],"wp:term":[{"taxonomy":"product_cat","embeddable":true,"href":"https:\/\/www.erresse-shop.it\/fr\/wp-json\/wp\/v2\/product_cat?post=450807"},{"taxonomy":"product_tag","embeddable":true,"href":"https:\/\/www.erresse-shop.it\/fr\/wp-json\/wp\/v2\/product_tag?post=450807"}],"curies":[{"name":"wp","href":"https:\/\/api.w.org\/{rel}","templated":true}]}}