{"id":450661,"date":"2024-11-22T11:48:31","date_gmt":"2024-11-22T11:48:32","guid":{"rendered":"https:\/\/www.erresse-shop.it\/?post_type=product&#038;p=450661"},"modified":"2024-12-09T12:26:16","modified_gmt":"2024-12-09T12:26:16","slug":"fratelli-desideri-capsule-collection-tube-il-tesoro-di-barolo-copia","status":"publish","type":"product","link":"https:\/\/www.erresse-shop.it\/fr\/shop\/food-fr\/fratelli-desideri-capsule-collection-tube-il-tesoro-di-barolo-copia\/","title":{"rendered":"FRATELLI DESIDERI Capsule Collection Tube Il Tesoro del Gargano di FELIX LO BASSO"},"content":{"rendered":"<div class=\"flex-shrink-0 flex flex-col relative items-end\">\n<div>\n<div class=\"gizmo-bot-avatar flex h-8 w-8 \u00e9l\u00e9ments-centre justifier-centre d\u00e9bordement-cach\u00e9 arrondi-plein\">\n<div class=\"relative p-1 arrondi-sm \u00e9l\u00e9ments flexibles-centre justifier-centre bg-token-main-surface-primary text-token-text-primary h-8 w-8\">\n<p>LA CAPSULE COLLECTION par ANDREA LAROSSA<\/p>\n<p>La Capsule Collection est la <strong>toute nouvelle gamme de Kits Repas &#8220;<\/strong><strong>Pr\u00eat \u00e0 manger&#8221;<\/strong>\u00a0!D\u00e9di\u00e9 \u00e0 ceux qui ne veulent pas renoncer \u00e0 un grand plat gastronomique, m\u00eame s&#8217;ils n&#8217;ont pas beaucoup de temps (ou d&#8217;envie) pour cuisiner. Ce sont des recettes qui ont pour d\u00e9nominateur commun un \u00ab tr\u00e9sor \u00bb, c&#8217;est-\u00e0-dire l&#8217;ingr\u00e9dient par excellence du territoire auquel elles appartiennent, r\u00e9interpr\u00e9t\u00e9 de mani\u00e8re sublime par les grands chefs \u00e9toil\u00e9s italiens.<\/p>\n<p>Un plat traditionnel des Pouilles aussi riche que l&#8217;histoire de cette terre ancienne et \u00e9vocatrice. Une \u00e9treinte entre terre et mer scell\u00e9e par la saveur d\u00e9termin\u00e9e des \u00e9pinards, sucr\u00e9e par les courgettes, le tout envelopp\u00e9 dans la saveur marine du bouillon de poisson, des palourdes et de la sauce \u00e0 la salicorne, une plante succulente tr\u00e8s recherch\u00e9e et comestible. Un plat sublime aux saveurs authentiques et inattendues o\u00f9 les Linguine di Garofalo, p\u00e2tes Gragnano IGP, se marient parfaitement avec les condiments \u00e0 base de l\u00e9gumes et de poisson.<\/p>\n<p><strong>LA PR\u00c9PARATION<\/strong><\/p>\n<p><strong>1.<\/strong>\u00a0Versez 3 litres d&#8217;eau dans une casserole, ajoutez 25 g de gros sel, portez \u00e0 \u00e9bullition.<\/p>\n<p><strong>2.<\/strong>\u00a0Lorsque l&#8217;eau bout, ajoutez les Linguine Garofalo et laissez cuire 10 minutes.<\/p>\n<p><strong>3.<\/strong>\u00a0Pendant ce temps, versez le pot de sauce courgettes, palourdes et salicornes dans une casserole, feu \u00e9teint.<\/p>\n<p><strong>4.<\/strong>\u00a0Apr\u00e8s 10 minutes, \u00e9gouttez les Linguine Garofalo en gardant un peu de l&#8217;eau de cuisson.<\/p>\n<p><strong>5.<\/strong>\u00a0Versez les Linguine Garofalo dans la po\u00eale avec la sauce et m\u00e9langez bien le tout hors du feu (si n\u00e9cessaire, ajoutez un peu d&#8217;eau de cuisson pour obtenir le bon niveau d&#8217;onctuosit\u00e9).<\/p>\n<p>&nbsp;<\/p>\n<p><strong>PLA\u00c7AGE<\/strong><\/p>\n<p><strong>1.<\/strong>\u00a0Utilisez des assiettes creuses.<\/p>\n<p><strong>2.<\/strong>\u00a0Prenez une louche et une fourchette.<\/p>\n<p><strong>3.<\/strong>\u00a0R\u00e9cup\u00e9rez une portion de Linguine Garofalo de la po\u00eale avec une fourchette et enveloppez-la dans la louche pour cr\u00e9er la forme d&#8217;un nid.<\/p>\n<p><strong>4.<\/strong>\u00a0Placez d\u00e9licatement le nid au centre de l&#8217;assiette.<\/p>\n<p><strong>5.<\/strong>\u00a0D\u00e9corez le plat en pla\u00e7ant la poudre d&#8217;\u00e9pinards dans une passoire et en l&#8217;\u00e9talant sur les linguines, selon votre sens esth\u00e9tique.<\/p>\n<p><strong>6.<\/strong>\u00a0Touche finale\u00a0: si vous avez un citron, r\u00e2pez un peu de zeste sur chaque assiette pour donner une note de fra\u00eecheur.<\/p>\n<p><strong>7.<\/strong>\u00a0Nettoyez le bord de la plaque avec un chiffon pour \u00e9liminer toute trace.<\/p>\n<p>&nbsp;<\/p>\n<\/div>\n<\/div>\n<\/div>\n<\/div>\n<p><strong>D\u00e9tails du produit\u00a0:<\/strong><\/p>\n<p><strong>Portions\u00a0:<\/strong> 2 personnes<br \/>\n<strong>Temps de pr\u00e9paration\u00a0:<\/strong> 10 min.<br \/>\n<strong>Difficult\u00e9\u00a0:<\/strong> Faible<\/p>\n","protected":false},"excerpt":{"rendered":"<p>LA CAPSULE COLLECTION par ANDREA LAROSSA La Capsule Collection est la toute nouvelle gamme de Kits Repas &#8220;Pr\u00eat \u00e0 manger&#8221;\u00a0!D\u00e9di\u00e9<\/p>\n","protected":false},"featured_media":450672,"template":"","meta":{"_acf_changed":false,"inline_featured_image":false},"product_cat":[25933],"product_tag":[21529],"acf":[],"yoast_head":"<!-- This site is optimized with the Yoast SEO Premium plugin v18.6 (Yoast SEO v19.13) - https:\/\/yoast.com\/wordpress\/plugins\/seo\/ -->\n<title>FRATELLI DESIDERI Capsule Collection Tube Il Tesoro del Gargano di FELIX LO BASSO - Erresse Shop<\/title>\n<meta name=\"description\" content=\"LA CAPSULE COLLECTION par ANDREA LAROSSA La Capsule Collection est la toute nouvelle gamme de Kits Repas &quot;Pr\u00eat \u00e0 manger&quot;\u00a0!D\u00e9di\u00e9 \u00e0 ceux qui ne veulent pas\" \/>\n<meta name=\"robots\" content=\"index, follow, max-snippet:-1, max-image-preview:large, max-video-preview:-1\" \/>\n<link rel=\"canonical\" href=\"https:\/\/www.erresse-shop.it\/fr\/shop\/food-fr\/fratelli-desideri-capsule-collection-tube-il-tesoro-di-barolo-copia\/\" \/>\n<meta property=\"og:locale\" content=\"fr_FR\" \/>\n<meta property=\"og:type\" content=\"article\" \/>\n<meta property=\"og:title\" content=\"FRATELLI DESIDERI Capsule Collection Tube Il Tesoro del Gargano di FELIX LO BASSO\" \/>\n<meta property=\"og:description\" content=\"LA CAPSULE COLLECTION par ANDREA LAROSSA La Capsule Collection est la toute nouvelle gamme de Kits Repas &quot;Pr\u00eat \u00e0 manger&quot;\u00a0!D\u00e9di\u00e9 \u00e0 ceux qui ne veulent pas\" \/>\n<meta property=\"og:url\" content=\"https:\/\/www.erresse-shop.it\/fr\/shop\/food-fr\/fratelli-desideri-capsule-collection-tube-il-tesoro-di-barolo-copia\/\" \/>\n<meta property=\"og:site_name\" content=\"Erresse Shop\" \/>\n<meta property=\"article:modified_time\" content=\"2024-12-09T12:26:16+00:00\" \/>\n<meta property=\"og:image\" content=\"https:\/\/www.erresse-shop.it\/wp-content\/uploads\/2024\/11\/FRATELLI-DESIDERI-Capsule-Collection-Tube-Il-Tesoro-del-Gargano.jpg\" \/>\n\t<meta property=\"og:image:width\" content=\"1200\" \/>\n\t<meta property=\"og:image:height\" content=\"1200\" \/>\n\t<meta property=\"og:image:type\" content=\"image\/jpeg\" \/>\n<meta name=\"twitter:card\" content=\"summary_large_image\" \/>\n<script type=\"application\/ld+json\" class=\"yoast-schema-graph\">{\"@context\":\"https:\/\/schema.org\",\"@graph\":[{\"@type\":\"WebPage\",\"@id\":\"https:\/\/www.erresse-shop.it\/fr\/shop\/food-fr\/fratelli-desideri-capsule-collection-tube-il-tesoro-di-barolo-copia\/\",\"url\":\"https:\/\/www.erresse-shop.it\/fr\/shop\/food-fr\/fratelli-desideri-capsule-collection-tube-il-tesoro-di-barolo-copia\/\",\"name\":\"FRATELLI DESIDERI Capsule Collection Tube Il Tesoro del Gargano di FELIX LO BASSO - Erresse Shop\",\"isPartOf\":{\"@id\":\"https:\/\/www.erresse-shop.it\/fr\/#website\"},\"datePublished\":\"2024-11-22T11:48:32+00:00\",\"dateModified\":\"2024-12-09T12:26:16+00:00\",\"description\":\"LA CAPSULE COLLECTION par ANDREA LAROSSA La Capsule Collection est la toute nouvelle gamme de Kits Repas \\\"Pr\u00eat \u00e0 manger\\\"\u00a0!D\u00e9di\u00e9 \u00e0 ceux qui ne veulent pas\",\"breadcrumb\":{\"@id\":\"https:\/\/www.erresse-shop.it\/fr\/shop\/food-fr\/fratelli-desideri-capsule-collection-tube-il-tesoro-di-barolo-copia\/#breadcrumb\"},\"inLanguage\":\"fr-FR\",\"potentialAction\":[{\"@type\":\"ReadAction\",\"target\":[\"https:\/\/www.erresse-shop.it\/fr\/shop\/food-fr\/fratelli-desideri-capsule-collection-tube-il-tesoro-di-barolo-copia\/\"]}]},{\"@type\":\"BreadcrumbList\",\"@id\":\"https:\/\/www.erresse-shop.it\/fr\/shop\/food-fr\/fratelli-desideri-capsule-collection-tube-il-tesoro-di-barolo-copia\/#breadcrumb\",\"itemListElement\":[{\"@type\":\"ListItem\",\"position\":1,\"name\":\"Home\",\"item\":\"https:\/\/www.erresse-shop.it\/fr\/\"},{\"@type\":\"ListItem\",\"position\":2,\"name\":\"Shop\",\"item\":\"https:\/\/www.erresse-shop.it\/fr\/shop\/\"},{\"@type\":\"ListItem\",\"position\":3,\"name\":\"FRATELLI DESIDERI Capsule Collection Tube Il Tesoro del Gargano di FELIX LO BASSO\"}]},{\"@type\":\"WebSite\",\"@id\":\"https:\/\/www.erresse-shop.it\/fr\/#website\",\"url\":\"https:\/\/www.erresse-shop.it\/fr\/\",\"name\":\"Erresse Shop\",\"description\":\"Articoli di qualit\u00e0 per la casa\",\"potentialAction\":[{\"@type\":\"SearchAction\",\"target\":{\"@type\":\"EntryPoint\",\"urlTemplate\":\"https:\/\/www.erresse-shop.it\/fr\/?s={search_term_string}\"},\"query-input\":\"required name=search_term_string\"}],\"inLanguage\":\"fr-FR\"}]}<\/script>\n<!-- \/ Yoast SEO Premium plugin. -->","yoast_head_json":{"title":"FRATELLI DESIDERI Capsule Collection Tube Il Tesoro del Gargano di FELIX LO BASSO - Erresse Shop","description":"LA CAPSULE COLLECTION par ANDREA LAROSSA La Capsule Collection est la toute nouvelle gamme de Kits Repas \"Pr\u00eat \u00e0 manger\"\u00a0!D\u00e9di\u00e9 \u00e0 ceux qui ne veulent pas","robots":{"index":"index","follow":"follow","max-snippet":"max-snippet:-1","max-image-preview":"max-image-preview:large","max-video-preview":"max-video-preview:-1"},"canonical":"https:\/\/www.erresse-shop.it\/fr\/shop\/food-fr\/fratelli-desideri-capsule-collection-tube-il-tesoro-di-barolo-copia\/","og_locale":"fr_FR","og_type":"article","og_title":"FRATELLI DESIDERI Capsule Collection Tube Il Tesoro del Gargano di FELIX LO BASSO","og_description":"LA CAPSULE COLLECTION par ANDREA LAROSSA La Capsule Collection est la toute nouvelle gamme de Kits Repas \"Pr\u00eat \u00e0 manger\"\u00a0!D\u00e9di\u00e9 \u00e0 ceux qui ne veulent pas","og_url":"https:\/\/www.erresse-shop.it\/fr\/shop\/food-fr\/fratelli-desideri-capsule-collection-tube-il-tesoro-di-barolo-copia\/","og_site_name":"Erresse Shop","article_modified_time":"2024-12-09T12:26:16+00:00","og_image":[{"width":1200,"height":1200,"url":"https:\/\/www.erresse-shop.it\/wp-content\/uploads\/2024\/11\/FRATELLI-DESIDERI-Capsule-Collection-Tube-Il-Tesoro-del-Gargano.jpg","type":"image\/jpeg"}],"twitter_card":"summary_large_image","schema":{"@context":"https:\/\/schema.org","@graph":[{"@type":"WebPage","@id":"https:\/\/www.erresse-shop.it\/fr\/shop\/food-fr\/fratelli-desideri-capsule-collection-tube-il-tesoro-di-barolo-copia\/","url":"https:\/\/www.erresse-shop.it\/fr\/shop\/food-fr\/fratelli-desideri-capsule-collection-tube-il-tesoro-di-barolo-copia\/","name":"FRATELLI DESIDERI Capsule Collection Tube Il Tesoro del Gargano di FELIX LO BASSO - Erresse Shop","isPartOf":{"@id":"https:\/\/www.erresse-shop.it\/fr\/#website"},"datePublished":"2024-11-22T11:48:32+00:00","dateModified":"2024-12-09T12:26:16+00:00","description":"LA CAPSULE COLLECTION par ANDREA LAROSSA La Capsule Collection est la toute nouvelle gamme de Kits Repas \"Pr\u00eat \u00e0 manger\"\u00a0!D\u00e9di\u00e9 \u00e0 ceux qui ne veulent pas","breadcrumb":{"@id":"https:\/\/www.erresse-shop.it\/fr\/shop\/food-fr\/fratelli-desideri-capsule-collection-tube-il-tesoro-di-barolo-copia\/#breadcrumb"},"inLanguage":"fr-FR","potentialAction":[{"@type":"ReadAction","target":["https:\/\/www.erresse-shop.it\/fr\/shop\/food-fr\/fratelli-desideri-capsule-collection-tube-il-tesoro-di-barolo-copia\/"]}]},{"@type":"BreadcrumbList","@id":"https:\/\/www.erresse-shop.it\/fr\/shop\/food-fr\/fratelli-desideri-capsule-collection-tube-il-tesoro-di-barolo-copia\/#breadcrumb","itemListElement":[{"@type":"ListItem","position":1,"name":"Home","item":"https:\/\/www.erresse-shop.it\/fr\/"},{"@type":"ListItem","position":2,"name":"Shop","item":"https:\/\/www.erresse-shop.it\/fr\/shop\/"},{"@type":"ListItem","position":3,"name":"FRATELLI DESIDERI Capsule Collection Tube Il Tesoro del Gargano di FELIX LO BASSO"}]},{"@type":"WebSite","@id":"https:\/\/www.erresse-shop.it\/fr\/#website","url":"https:\/\/www.erresse-shop.it\/fr\/","name":"Erresse Shop","description":"Articoli di qualit\u00e0 per la casa","potentialAction":[{"@type":"SearchAction","target":{"@type":"EntryPoint","urlTemplate":"https:\/\/www.erresse-shop.it\/fr\/?s={search_term_string}"},"query-input":"required name=search_term_string"}],"inLanguage":"fr-FR"}]}},"df_price":19,"df_sale_price":19,"df_regular_price":26,"df_image_link":"https:\/\/www.erresse-shop.it\/wp-content\/uploads\/2024\/11\/FRATELLI-DESIDERI-Capsule-Collection-Tube-Il-Tesoro-del-Gargano-300x300.jpg","_links":{"self":[{"href":"https:\/\/www.erresse-shop.it\/fr\/wp-json\/wp\/v2\/product\/450661"}],"collection":[{"href":"https:\/\/www.erresse-shop.it\/fr\/wp-json\/wp\/v2\/product"}],"about":[{"href":"https:\/\/www.erresse-shop.it\/fr\/wp-json\/wp\/v2\/types\/product"}],"wp:featuredmedia":[{"embeddable":true,"href":"https:\/\/www.erresse-shop.it\/fr\/wp-json\/wp\/v2\/media\/450672"}],"wp:attachment":[{"href":"https:\/\/www.erresse-shop.it\/fr\/wp-json\/wp\/v2\/media?parent=450661"}],"wp:term":[{"taxonomy":"product_cat","embeddable":true,"href":"https:\/\/www.erresse-shop.it\/fr\/wp-json\/wp\/v2\/product_cat?post=450661"},{"taxonomy":"product_tag","embeddable":true,"href":"https:\/\/www.erresse-shop.it\/fr\/wp-json\/wp\/v2\/product_tag?post=450661"}],"curies":[{"name":"wp","href":"https:\/\/api.w.org\/{rel}","templated":true}]}}