{"id":450641,"date":"2024-11-22T11:19:57","date_gmt":"2024-11-22T11:19:59","guid":{"rendered":"https:\/\/www.erresse-shop.it\/?post_type=product&#038;p=450641"},"modified":"2026-02-04T10:21:33","modified_gmt":"2026-02-04T10:21:33","slug":"fratelli-desideri-capsule-collection-tube-chef-andrea-larossa-il-tesoro-di-barolo","status":"publish","type":"product","link":"https:\/\/www.erresse-shop.it\/fr\/shop\/food-fr\/fratelli-desideri-capsule-collection-tube-chef-andrea-larossa-il-tesoro-di-barolo\/","title":{"rendered":"FRATELLI DESIDERI Capsule Collection Tube Chef Andrea Larossa Il Tesoro di Barolo"},"content":{"rendered":"<div class=\"flex-shrink-0 flex flex-col relative items-end\">\n<div>\n<div class=\"gizmo-bot-avatar flex h-8 w-8 \u00e9l\u00e9ments-centre justifier-centre d\u00e9bordement-cach\u00e9 arrondi-plein\">\n<div class=\"relative p-1 arrondi-sm \u00e9l\u00e9ments flexibles-centre justifier-centre bg-token-main-surface-primary text-token-text-primary h-8 w-8\">\n<p>LA CAPSULE COLLECTION par ANDREA LAROSSA<\/p>\n<p>La Collection Capsule est la\u00a0<strong>toute nouvelle ligne de Kits Repas &#8220;Pr\u00eat \u00e0 manger&#8221;<\/strong>\u00a0!D\u00e9di\u00e9 \u00e0 ceux qui ne veulent pas renoncer \u00e0 un grand plat gourmand,\u00a0m\u00eame s&#8217;ils n&#8217;ont pas\u00a0beaucoup le temps (ou l&#8217;envie) de cuisiner.Ce sont des recettes qui ont pour d\u00e9nominateur commun un \u00ab tr\u00e9sor \u00bb, c&#8217;est-\u00e0-dire l&#8217;ingr\u00e9dient par excellence du territoire auquel elles appartiennent, r\u00e9interpr\u00e9t\u00e9 de mani\u00e8re sublime par les grands chefs \u00e9toil\u00e9s italiens.<\/p>\n<p>Le \u00ab tr\u00e9sor \u00bb de cette recette est le vin Barolo.<\/p>\n<p>Dans cette capsule, vous trouverez des tagliatelles aux \u0153ufs et une sauce toute pr\u00eate avec des saucisses et du vin Barolo d&#8217;Andrea Larossa.<\/p>\n<p>C&#8217;est un plat de la tradition culinaire des Langhe, qu&#8217;Andrea a toujours aim\u00e9 revisiter dans sa cuisine innovante. Avec cette recette, il a r\u00e9ussi \u00e0 r\u00e9aliser une sauce avec des ingr\u00e9dients puissants, comme la saucisse de porc, le Barolo, l&#8217;ail et l&#8217;oignon, \u00e9l\u00e9gante et extr\u00eamement raffin\u00e9e. Les notes et les ar\u00f4mes de ce plat vous transportent directement dans les fermes des agriculteurs des Langhe du XIXe si\u00e8cle,\u00a0au milieu des vignes et des animaux de basse-cour, o\u00f9 cette magnifique recette \u00e9tait habituellement consomm\u00e9e le dimanche au d\u00e9jeuner.<\/p>\n<p>Comment le cuisinez-vous ? Faites cuire les p\u00e2tes et versez la sauce. Et c&#8217;est tout !<\/p>\n<p><strong>LA PR\u00c9PARATION<\/strong><\/p>\n<p><strong>1.<\/strong>\u00a0Versez 2,5 litres d&#8217;eau dans une casserole, ajoutez 25 g de gros sel, portez \u00e0 \u00e9bullition.<\/p>\n<p><strong>2.<\/strong>\u00a0Lorsque l&#8217;eau bout, ajoutez les tagliatelles aux \u0153ufs et laissez cuire 5 minutes.<\/p>\n<p><strong>3.<\/strong>\u00a0Pendant ce temps, versez le pot de saucisses et la sauce Barolo dans une casserole et faites chauffer doucement \u00e0 feu doux pendant 2 minutes, puis \u00e9teignez le feu.<\/p>\n<p><strong>4.<\/strong>\u00a0Au bout de 5 minutes, \u00e9gouttez les tagliatelles aux \u0153ufs en gardant un peu de l&#8217;eau de cuisson.<\/p>\n<p><strong>5.<\/strong>\u00a0Versez les tagliatelles dans la po\u00eale avec la sauce et m\u00e9langez bien le tout (si n\u00e9cessaire, ajoutez un peu d&#8217;eau de cuisson pour obtenir le bon niveau d&#8217;onctuosit\u00e9).<\/p>\n<p>&nbsp;<\/p>\n<p><strong>PLA\u00c7AGE<\/strong><\/p>\n<p><strong>1.<\/strong>\u00a0Utilisez des assiettes creuses.<\/p>\n<p><strong>2.<\/strong>\u00a0Prenez une louche et une fourchette.<\/p>\n<p><strong>3.<\/strong>\u00a0R\u00e9cup\u00e9rez une portion de tagliatelles de la po\u00eale avec une fourchette et enveloppez-la dans la louche pour cr\u00e9er la forme d&#8217;un nid.<\/p>\n<p><strong>4.<\/strong>\u00a0Placez d\u00e9licatement le nid au centre de l&#8217;assiette.<\/p>\n<p><strong>5.<\/strong>\u00a0Terminez le plat avec un filet d&#8217;huile d&#8217;olive extra vierge.<\/p>\n<p><strong>6.<\/strong>\u00a0Nettoyez le bord de la plaque avec un chiffon pour \u00e9liminer toute trace.<\/p>\n<p>&nbsp;<\/p>\n<\/div>\n<\/div>\n<\/div>\n<\/div>\n<p><strong>D\u00e9tails du produit\u00a0:<\/strong><\/p>\n<p><strong>Portions\u00a0:<\/strong> 2 personnes<br \/>\n<strong>Temps de pr\u00e9paration\u00a0:<\/strong> 10 min.<br \/>\n<strong>Difficult\u00e9\u00a0:<\/strong> Faible<\/p>\n","protected":false},"excerpt":{"rendered":"<p>LA CAPSULE COLLECTION par ANDREA LAROSSA La Collection Capsule est la\u00a0toute nouvelle ligne de Kits Repas &#8220;Pr\u00eat \u00e0 manger&#8221;\u00a0!D\u00e9di\u00e9 \u00e0<\/p>\n","protected":false},"featured_media":450652,"template":"","meta":{"_acf_changed":false,"inline_featured_image":false},"product_cat":[25933],"product_tag":[21529],"acf":[],"yoast_head":"<!-- This site is optimized with the Yoast SEO Premium plugin v18.6 (Yoast SEO v19.13) - https:\/\/yoast.com\/wordpress\/plugins\/seo\/ -->\n<title>FRATELLI DESIDERI Capsule Collection Tube Chef Andrea Larossa Il Tesoro di Barolo - Erresse Shop<\/title>\n<meta name=\"description\" content=\"LA CAPSULE COLLECTION par ANDREA LAROSSA La Collection Capsule est la\u00a0toute nouvelle ligne de Kits Repas &quot;Pr\u00eat \u00e0 manger&quot;\u00a0!D\u00e9di\u00e9 \u00e0 ceux qui ne veulent pas\" \/>\n<meta name=\"robots\" content=\"index, follow, max-snippet:-1, max-image-preview:large, max-video-preview:-1\" \/>\n<link rel=\"canonical\" href=\"https:\/\/www.erresse-shop.it\/fr\/shop\/food-fr\/fratelli-desideri-capsule-collection-tube-chef-andrea-larossa-il-tesoro-di-barolo\/\" \/>\n<meta property=\"og:locale\" content=\"fr_FR\" \/>\n<meta property=\"og:type\" content=\"article\" \/>\n<meta property=\"og:title\" content=\"FRATELLI DESIDERI Capsule Collection Tube Chef Andrea Larossa Il Tesoro di Barolo\" \/>\n<meta property=\"og:description\" content=\"LA CAPSULE COLLECTION par ANDREA LAROSSA La Collection Capsule est la\u00a0toute nouvelle ligne de Kits Repas &quot;Pr\u00eat \u00e0 manger&quot;\u00a0!D\u00e9di\u00e9 \u00e0 ceux qui ne veulent pas\" \/>\n<meta property=\"og:url\" content=\"https:\/\/www.erresse-shop.it\/fr\/shop\/food-fr\/fratelli-desideri-capsule-collection-tube-chef-andrea-larossa-il-tesoro-di-barolo\/\" \/>\n<meta property=\"og:site_name\" content=\"Erresse Shop\" \/>\n<meta property=\"article:modified_time\" content=\"2026-02-04T10:21:33+00:00\" \/>\n<meta property=\"og:image\" content=\"https:\/\/www.erresse-shop.it\/wp-content\/uploads\/2024\/11\/FRATELLI-DESIDERI-Capsule-Collection-Tube-Il-Tesoro-di-Barolo.jpg\" \/>\n\t<meta property=\"og:image:width\" content=\"1200\" \/>\n\t<meta property=\"og:image:height\" content=\"1200\" \/>\n\t<meta property=\"og:image:type\" content=\"image\/jpeg\" \/>\n<meta name=\"twitter:card\" content=\"summary_large_image\" \/>\n<script type=\"application\/ld+json\" class=\"yoast-schema-graph\">{\"@context\":\"https:\/\/schema.org\",\"@graph\":[{\"@type\":\"WebPage\",\"@id\":\"https:\/\/www.erresse-shop.it\/fr\/shop\/food-fr\/fratelli-desideri-capsule-collection-tube-chef-andrea-larossa-il-tesoro-di-barolo\/\",\"url\":\"https:\/\/www.erresse-shop.it\/fr\/shop\/food-fr\/fratelli-desideri-capsule-collection-tube-chef-andrea-larossa-il-tesoro-di-barolo\/\",\"name\":\"FRATELLI DESIDERI Capsule Collection Tube Chef Andrea Larossa Il Tesoro di Barolo - Erresse Shop\",\"isPartOf\":{\"@id\":\"https:\/\/www.erresse-shop.it\/fr\/#website\"},\"datePublished\":\"2024-11-22T11:19:59+00:00\",\"dateModified\":\"2026-02-04T10:21:33+00:00\",\"description\":\"LA CAPSULE COLLECTION par ANDREA LAROSSA La Collection Capsule est la\u00a0toute nouvelle ligne de Kits Repas \\\"Pr\u00eat \u00e0 manger\\\"\u00a0!D\u00e9di\u00e9 \u00e0 ceux qui ne veulent pas\",\"breadcrumb\":{\"@id\":\"https:\/\/www.erresse-shop.it\/fr\/shop\/food-fr\/fratelli-desideri-capsule-collection-tube-chef-andrea-larossa-il-tesoro-di-barolo\/#breadcrumb\"},\"inLanguage\":\"fr-FR\",\"potentialAction\":[{\"@type\":\"ReadAction\",\"target\":[\"https:\/\/www.erresse-shop.it\/fr\/shop\/food-fr\/fratelli-desideri-capsule-collection-tube-chef-andrea-larossa-il-tesoro-di-barolo\/\"]}]},{\"@type\":\"BreadcrumbList\",\"@id\":\"https:\/\/www.erresse-shop.it\/fr\/shop\/food-fr\/fratelli-desideri-capsule-collection-tube-chef-andrea-larossa-il-tesoro-di-barolo\/#breadcrumb\",\"itemListElement\":[{\"@type\":\"ListItem\",\"position\":1,\"name\":\"Home\",\"item\":\"https:\/\/www.erresse-shop.it\/fr\/\"},{\"@type\":\"ListItem\",\"position\":2,\"name\":\"Shop\",\"item\":\"https:\/\/www.erresse-shop.it\/fr\/shop\/\"},{\"@type\":\"ListItem\",\"position\":3,\"name\":\"FRATELLI DESIDERI Capsule Collection Tube Chef Andrea Larossa Il Tesoro di Barolo\"}]},{\"@type\":\"WebSite\",\"@id\":\"https:\/\/www.erresse-shop.it\/fr\/#website\",\"url\":\"https:\/\/www.erresse-shop.it\/fr\/\",\"name\":\"Erresse Shop\",\"description\":\"Articoli di qualit\u00e0 per la casa\",\"potentialAction\":[{\"@type\":\"SearchAction\",\"target\":{\"@type\":\"EntryPoint\",\"urlTemplate\":\"https:\/\/www.erresse-shop.it\/fr\/?s={search_term_string}\"},\"query-input\":\"required name=search_term_string\"}],\"inLanguage\":\"fr-FR\"}]}<\/script>\n<!-- \/ Yoast SEO Premium plugin. -->","yoast_head_json":{"title":"FRATELLI DESIDERI Capsule Collection Tube Chef Andrea Larossa Il Tesoro di Barolo - Erresse Shop","description":"LA CAPSULE COLLECTION par ANDREA LAROSSA La Collection Capsule est la\u00a0toute nouvelle ligne de Kits Repas \"Pr\u00eat \u00e0 manger\"\u00a0!D\u00e9di\u00e9 \u00e0 ceux qui ne veulent pas","robots":{"index":"index","follow":"follow","max-snippet":"max-snippet:-1","max-image-preview":"max-image-preview:large","max-video-preview":"max-video-preview:-1"},"canonical":"https:\/\/www.erresse-shop.it\/fr\/shop\/food-fr\/fratelli-desideri-capsule-collection-tube-chef-andrea-larossa-il-tesoro-di-barolo\/","og_locale":"fr_FR","og_type":"article","og_title":"FRATELLI DESIDERI Capsule Collection Tube Chef Andrea Larossa Il Tesoro di Barolo","og_description":"LA CAPSULE COLLECTION par ANDREA LAROSSA La Collection Capsule est la\u00a0toute nouvelle ligne de Kits Repas \"Pr\u00eat \u00e0 manger\"\u00a0!D\u00e9di\u00e9 \u00e0 ceux qui ne veulent pas","og_url":"https:\/\/www.erresse-shop.it\/fr\/shop\/food-fr\/fratelli-desideri-capsule-collection-tube-chef-andrea-larossa-il-tesoro-di-barolo\/","og_site_name":"Erresse Shop","article_modified_time":"2026-02-04T10:21:33+00:00","og_image":[{"width":1200,"height":1200,"url":"https:\/\/www.erresse-shop.it\/wp-content\/uploads\/2024\/11\/FRATELLI-DESIDERI-Capsule-Collection-Tube-Il-Tesoro-di-Barolo.jpg","type":"image\/jpeg"}],"twitter_card":"summary_large_image","schema":{"@context":"https:\/\/schema.org","@graph":[{"@type":"WebPage","@id":"https:\/\/www.erresse-shop.it\/fr\/shop\/food-fr\/fratelli-desideri-capsule-collection-tube-chef-andrea-larossa-il-tesoro-di-barolo\/","url":"https:\/\/www.erresse-shop.it\/fr\/shop\/food-fr\/fratelli-desideri-capsule-collection-tube-chef-andrea-larossa-il-tesoro-di-barolo\/","name":"FRATELLI DESIDERI Capsule Collection Tube Chef Andrea Larossa Il Tesoro di Barolo - Erresse Shop","isPartOf":{"@id":"https:\/\/www.erresse-shop.it\/fr\/#website"},"datePublished":"2024-11-22T11:19:59+00:00","dateModified":"2026-02-04T10:21:33+00:00","description":"LA CAPSULE COLLECTION par ANDREA LAROSSA La Collection Capsule est la\u00a0toute nouvelle ligne de Kits Repas \"Pr\u00eat \u00e0 manger\"\u00a0!D\u00e9di\u00e9 \u00e0 ceux qui ne veulent pas","breadcrumb":{"@id":"https:\/\/www.erresse-shop.it\/fr\/shop\/food-fr\/fratelli-desideri-capsule-collection-tube-chef-andrea-larossa-il-tesoro-di-barolo\/#breadcrumb"},"inLanguage":"fr-FR","potentialAction":[{"@type":"ReadAction","target":["https:\/\/www.erresse-shop.it\/fr\/shop\/food-fr\/fratelli-desideri-capsule-collection-tube-chef-andrea-larossa-il-tesoro-di-barolo\/"]}]},{"@type":"BreadcrumbList","@id":"https:\/\/www.erresse-shop.it\/fr\/shop\/food-fr\/fratelli-desideri-capsule-collection-tube-chef-andrea-larossa-il-tesoro-di-barolo\/#breadcrumb","itemListElement":[{"@type":"ListItem","position":1,"name":"Home","item":"https:\/\/www.erresse-shop.it\/fr\/"},{"@type":"ListItem","position":2,"name":"Shop","item":"https:\/\/www.erresse-shop.it\/fr\/shop\/"},{"@type":"ListItem","position":3,"name":"FRATELLI DESIDERI Capsule Collection Tube Chef Andrea Larossa Il Tesoro di Barolo"}]},{"@type":"WebSite","@id":"https:\/\/www.erresse-shop.it\/fr\/#website","url":"https:\/\/www.erresse-shop.it\/fr\/","name":"Erresse Shop","description":"Articoli di qualit\u00e0 per la casa","potentialAction":[{"@type":"SearchAction","target":{"@type":"EntryPoint","urlTemplate":"https:\/\/www.erresse-shop.it\/fr\/?s={search_term_string}"},"query-input":"required name=search_term_string"}],"inLanguage":"fr-FR"}]}},"df_price":19,"df_sale_price":19,"df_regular_price":24,"df_image_link":"https:\/\/www.erresse-shop.it\/wp-content\/uploads\/2024\/11\/FRATELLI-DESIDERI-Capsule-Collection-Tube-Il-Tesoro-di-Barolo-300x300.jpg","_links":{"self":[{"href":"https:\/\/www.erresse-shop.it\/fr\/wp-json\/wp\/v2\/product\/450641"}],"collection":[{"href":"https:\/\/www.erresse-shop.it\/fr\/wp-json\/wp\/v2\/product"}],"about":[{"href":"https:\/\/www.erresse-shop.it\/fr\/wp-json\/wp\/v2\/types\/product"}],"wp:featuredmedia":[{"embeddable":true,"href":"https:\/\/www.erresse-shop.it\/fr\/wp-json\/wp\/v2\/media\/450652"}],"wp:attachment":[{"href":"https:\/\/www.erresse-shop.it\/fr\/wp-json\/wp\/v2\/media?parent=450641"}],"wp:term":[{"taxonomy":"product_cat","embeddable":true,"href":"https:\/\/www.erresse-shop.it\/fr\/wp-json\/wp\/v2\/product_cat?post=450641"},{"taxonomy":"product_tag","embeddable":true,"href":"https:\/\/www.erresse-shop.it\/fr\/wp-json\/wp\/v2\/product_tag?post=450641"}],"curies":[{"name":"wp","href":"https:\/\/api.w.org\/{rel}","templated":true}]}}