{"id":450579,"date":"2024-11-22T10:37:51","date_gmt":"2024-11-22T10:37:53","guid":{"rendered":"https:\/\/www.erresse-shop.it\/?post_type=product&#038;p=450579"},"modified":"2026-02-04T10:17:33","modified_gmt":"2026-02-04T10:17:33","slug":"fratelli-desideri-le-cene-stellate-chef-gualtiero-marchesi-riso-oro-e-zafferano","status":"publish","type":"product","link":"https:\/\/www.erresse-shop.it\/fr\/shop\/food-fr\/fratelli-desideri-le-cene-stellate-chef-gualtiero-marchesi-riso-oro-e-zafferano\/","title":{"rendered":"FRATELLI DESIDERI Le Cene Stellate Chef Gualtiero Marchesi Riso, Oro e Zafferano"},"content":{"rendered":"<div class=\"flex-shrink-0 flex flex-col relative items-end\">\n<div class=\"pt-0\">\n<div class=\"gizmo-bot-avatar flex h-8 w-8 items-center justify-center overflow-hidden rounded-full\">\n<div class=\"relative p-1 rounded-sm flex items-center justify-center bg-token-main-surface-primary text-token-text-primary h-8 w-8\">\n<p><strong>Le risotto \u00ab Riz, or et safran \u00bb<\/strong> est un plat symbolique de la cuisine de <strong>Gualtiero Marchesi<\/strong>, le fondateur de <strong>Nuova Cucina Italiana<\/strong>, une v\u00e9ritable r\u00e9volution gastronomique qui a eu un impact durable non seulement sur la cuisine italienne, mais aussi sur la cuisine internationale. Marchesi, gr\u00e2ce \u00e0 des recherches et des exp\u00e9rimentations constantes, a d\u00e9velopp\u00e9 un type de cuisine \u00e0 la fois cr\u00e9ative, fra\u00eeche, l\u00e9g\u00e8re, essentielle et raffin\u00e9e, caract\u00e9ris\u00e9e par une attention extraordinaire aux d\u00e9tails. Sa philosophie s&#8217;est concentr\u00e9e sur l&#8217;\u00e9quilibre entre des produits de la plus haute qualit\u00e9, l&#8217;utilisation de syst\u00e8mes de cuisson adapt\u00e9s, une vision innovante de la di\u00e9t\u00e9tique et l&#8217;\u00e9volution continue du go\u00fbt, qu&#8217;il a toujours cherch\u00e9 \u00e0 affiner, en exp\u00e9rimentant de nouvelles techniques et combinaisons de saveurs.<\/p>\n<p>Le risotto &#8220;Riz, or et safran&#8221; est probablement le plat le plus c\u00e9l\u00e8bre au monde cr\u00e9\u00e9 par Marchesi, une authentique ic\u00f4ne gastronomique qui a marqu\u00e9 l&#8217;histoire de la cuisine moderne. Ce plat, con\u00e7u et servi pour la premi\u00e8re fois au d\u00e9but des ann\u00e9es 1980, entre <strong>1981<\/strong> et 1982, repr\u00e9sente la synth\u00e8se parfaite de sa cuisine : <strong>simplicit\u00e9<\/strong>, <strong>\u00e9l\u00e9gance<\/strong> et <strong>raffinement<\/strong>. L&#8217;association du <strong>riz<\/strong>, du <strong>safran<\/strong> et de l&#8217;<strong>or<\/strong> est un hommage \u00e0 la tradition gastronomique italienne, r\u00e9interpr\u00e9t\u00e9e avec la vision innovante et moderne du chef. Depuis lors, le plat est devenu non seulement un incontournable pour les amateurs de haute cuisine, mais aussi un <strong>symbole<\/strong> de sa cuisine, un embl\u00e8me de son art culinaire.<\/p>\n<p>La <strong>singuli\u00e8ret\u00e9<\/strong> du plat est rendue encore plus sp\u00e9ciale par la pr\u00e9sence de <strong>feuille d&#8217;or<\/strong>, une touche finale qui non seulement \u00e9l\u00e8ve le plat esth\u00e9tiquement, mais souligne \u00e9galement son importance et sa valeur symboliques. Le riz, avec sa couleur chaude et ensoleill\u00e9e, est embelli par l\u2019or qui se marie parfaitement \u00e0 l\u2019intensit\u00e9 et \u00e0 la d\u00e9licatesse du safran, cr\u00e9ant une symphonie de couleurs et de saveurs.<\/p>\n<p>L\u2019exp\u00e9rience sensorielle du plat se compl\u00e8te dans l\u2019acte de le manger. Marchesi a choisi de servir ce risotto avec une cuill\u00e8re et non avec une fourchette, comme un geste qui invite \u00e0 entrer en harmonie avec le plat, \u00e0 percevoir sa douceur et son intensit\u00e9 de mani\u00e8re plus intime et directe. Le parfum du risotto est si enveloppant qu\u2019il donne imm\u00e9diatement envie de briser la feuille d\u2019or \u00e0 la premi\u00e8re bouch\u00e9e, d\u00e9truisant en quelque sorte l\u2019\u00ab \u0153uvre d\u2019art \u00bb culinaire, mais en m\u00eame temps en valorisant sa valeur et sa signification, tout comme une cr\u00e9ation qui doit \u00eatre consomm\u00e9e et appr\u00e9ci\u00e9e dans son moment de splendeur maximale.<\/p>\n<p>Marchesi, parlant de ce risotto, aimait r\u00e9p\u00e9ter : \u00ab Je trouve que la luminosit\u00e9 du riz et de l&#8217;or est vertigineuse. C&#8217;est le plat qui reproduit le mieux mon concept de beaut\u00e9. Essentiel, sans fioritures \u00bb. Cette phrase contient l&#8217;essence de son approche de la cuisine : un art qui n&#8217;a pas besoin d&#8217;ajouter des \u00e9l\u00e9ments superflus pour \u00eatre extraordinaire, mais qui trouve sa beaut\u00e9 dans la simplicit\u00e9, la puret\u00e9 et le raffinement des ingr\u00e9dients. Le Risotto \u00ab Riz, or et safran \u00bb n&#8217;est pas seulement un plat \u00e0 manger, mais une exp\u00e9rience qui implique tous les sens et nous invite \u00e0 r\u00e9fl\u00e9chir sur la beaut\u00e9 qui r\u00e9side dans les choses essentielles, dans les traditions revisit\u00e9es avec une touche de g\u00e9nie.<\/p>\n<p>Avec ce plat, Gualtiero Marchesi a non seulement cr\u00e9\u00e9 un plat extraordinaire, mais il a \u00e9galement d\u00e9fini une philosophie gastronomique qui a influenc\u00e9 des g\u00e9n\u00e9rations de chefs et de passionn\u00e9s de cuisine. Son risotto reste une r\u00e9f\u00e9rence pour tous ceux qui souhaitent comprendre et appr\u00e9cier la cuisine de grande qualit\u00e9, celle qui parvient \u00e0 combiner en parfait \u00e9quilibre l&#8217;art, l&#8217;esth\u00e9tique et le go\u00fbt.<\/p>\n<\/div>\n<\/div>\n<\/div>\n<\/div>\n<p><strong>D\u00e9tails du produit\u00a0:<\/strong><\/p>\n<p><strong>Portions\u00a0:<\/strong> 4 personnes<br \/>\n<strong>Temps de pr\u00e9paration\u00a0:<\/strong> 20 min.<br \/>\n<strong>Difficult\u00e9\u00a0:<\/strong> Faible<\/p>\n","protected":false},"excerpt":{"rendered":"<p>Le risotto \u00ab Riz, or et safran \u00bb est un plat symbolique de la cuisine de Gualtiero Marchesi, le fondateur<\/p>\n","protected":false},"featured_media":450619,"template":"","meta":{"_acf_changed":false,"inline_featured_image":false},"product_cat":[25933],"product_tag":[21529],"acf":[],"yoast_head":"<!-- This site is optimized with the Yoast SEO Premium plugin v18.6 (Yoast SEO v19.13) - https:\/\/yoast.com\/wordpress\/plugins\/seo\/ -->\n<title>FRATELLI DESIDERI Le Cene Stellate Chef Gualtiero Marchesi Riso, Oro e Zafferano - Erresse Shop<\/title>\n<meta name=\"description\" content=\"Le risotto \u00ab Riz, or et safran \u00bb est un plat symbolique de la cuisine de Gualtiero Marchesi, le fondateur de Nuova Cucina Italiana, une v\u00e9ritable\" \/>\n<meta name=\"robots\" content=\"index, follow, max-snippet:-1, max-image-preview:large, max-video-preview:-1\" \/>\n<link rel=\"canonical\" href=\"https:\/\/www.erresse-shop.it\/fr\/shop\/food-fr\/fratelli-desideri-le-cene-stellate-chef-gualtiero-marchesi-riso-oro-e-zafferano\/\" \/>\n<meta property=\"og:locale\" content=\"fr_FR\" \/>\n<meta property=\"og:type\" content=\"article\" \/>\n<meta property=\"og:title\" content=\"FRATELLI DESIDERI Le Cene Stellate Chef Gualtiero Marchesi Riso, Oro e Zafferano\" \/>\n<meta property=\"og:description\" content=\"Le risotto \u00ab Riz, or et safran \u00bb est un plat symbolique de la cuisine de Gualtiero Marchesi, le fondateur de Nuova Cucina Italiana, une v\u00e9ritable\" \/>\n<meta property=\"og:url\" content=\"https:\/\/www.erresse-shop.it\/fr\/shop\/food-fr\/fratelli-desideri-le-cene-stellate-chef-gualtiero-marchesi-riso-oro-e-zafferano\/\" \/>\n<meta property=\"og:site_name\" content=\"Erresse Shop\" \/>\n<meta property=\"article:modified_time\" content=\"2026-02-04T10:17:33+00:00\" \/>\n<meta property=\"og:image\" content=\"https:\/\/www.erresse-shop.it\/wp-content\/uploads\/2024\/11\/FRATELLI-DESIDERI-Le-Cene-Stellate-Riso-Oro-e-Zafferano.jpg\" \/>\n\t<meta property=\"og:image:width\" content=\"1200\" \/>\n\t<meta property=\"og:image:height\" content=\"1200\" \/>\n\t<meta property=\"og:image:type\" content=\"image\/jpeg\" \/>\n<meta name=\"twitter:card\" content=\"summary_large_image\" \/>\n<script type=\"application\/ld+json\" class=\"yoast-schema-graph\">{\"@context\":\"https:\/\/schema.org\",\"@graph\":[{\"@type\":\"WebPage\",\"@id\":\"https:\/\/www.erresse-shop.it\/fr\/shop\/food-fr\/fratelli-desideri-le-cene-stellate-chef-gualtiero-marchesi-riso-oro-e-zafferano\/\",\"url\":\"https:\/\/www.erresse-shop.it\/fr\/shop\/food-fr\/fratelli-desideri-le-cene-stellate-chef-gualtiero-marchesi-riso-oro-e-zafferano\/\",\"name\":\"FRATELLI DESIDERI Le Cene Stellate Chef Gualtiero Marchesi Riso, Oro e Zafferano - Erresse Shop\",\"isPartOf\":{\"@id\":\"https:\/\/www.erresse-shop.it\/fr\/#website\"},\"datePublished\":\"2024-11-22T10:37:53+00:00\",\"dateModified\":\"2026-02-04T10:17:33+00:00\",\"description\":\"Le risotto \u00ab Riz, or et safran \u00bb est un plat symbolique de la cuisine de Gualtiero Marchesi, le fondateur de Nuova Cucina Italiana, une v\u00e9ritable\",\"breadcrumb\":{\"@id\":\"https:\/\/www.erresse-shop.it\/fr\/shop\/food-fr\/fratelli-desideri-le-cene-stellate-chef-gualtiero-marchesi-riso-oro-e-zafferano\/#breadcrumb\"},\"inLanguage\":\"fr-FR\",\"potentialAction\":[{\"@type\":\"ReadAction\",\"target\":[\"https:\/\/www.erresse-shop.it\/fr\/shop\/food-fr\/fratelli-desideri-le-cene-stellate-chef-gualtiero-marchesi-riso-oro-e-zafferano\/\"]}]},{\"@type\":\"BreadcrumbList\",\"@id\":\"https:\/\/www.erresse-shop.it\/fr\/shop\/food-fr\/fratelli-desideri-le-cene-stellate-chef-gualtiero-marchesi-riso-oro-e-zafferano\/#breadcrumb\",\"itemListElement\":[{\"@type\":\"ListItem\",\"position\":1,\"name\":\"Home\",\"item\":\"https:\/\/www.erresse-shop.it\/fr\/\"},{\"@type\":\"ListItem\",\"position\":2,\"name\":\"Shop\",\"item\":\"https:\/\/www.erresse-shop.it\/fr\/shop\/\"},{\"@type\":\"ListItem\",\"position\":3,\"name\":\"FRATELLI DESIDERI Le Cene Stellate Chef Gualtiero Marchesi Riso, Oro e Zafferano\"}]},{\"@type\":\"WebSite\",\"@id\":\"https:\/\/www.erresse-shop.it\/fr\/#website\",\"url\":\"https:\/\/www.erresse-shop.it\/fr\/\",\"name\":\"Erresse Shop\",\"description\":\"Articoli di qualit\u00e0 per la casa\",\"potentialAction\":[{\"@type\":\"SearchAction\",\"target\":{\"@type\":\"EntryPoint\",\"urlTemplate\":\"https:\/\/www.erresse-shop.it\/fr\/?s={search_term_string}\"},\"query-input\":\"required name=search_term_string\"}],\"inLanguage\":\"fr-FR\"}]}<\/script>\n<!-- \/ Yoast SEO Premium plugin. -->","yoast_head_json":{"title":"FRATELLI DESIDERI Le Cene Stellate Chef Gualtiero Marchesi Riso, Oro e Zafferano - Erresse Shop","description":"Le risotto \u00ab Riz, or et safran \u00bb est un plat symbolique de la cuisine de Gualtiero Marchesi, le fondateur de Nuova Cucina Italiana, une v\u00e9ritable","robots":{"index":"index","follow":"follow","max-snippet":"max-snippet:-1","max-image-preview":"max-image-preview:large","max-video-preview":"max-video-preview:-1"},"canonical":"https:\/\/www.erresse-shop.it\/fr\/shop\/food-fr\/fratelli-desideri-le-cene-stellate-chef-gualtiero-marchesi-riso-oro-e-zafferano\/","og_locale":"fr_FR","og_type":"article","og_title":"FRATELLI DESIDERI Le Cene Stellate Chef Gualtiero Marchesi Riso, Oro e Zafferano","og_description":"Le risotto \u00ab Riz, or et safran \u00bb est un plat symbolique de la cuisine de Gualtiero Marchesi, le fondateur de Nuova Cucina Italiana, une v\u00e9ritable","og_url":"https:\/\/www.erresse-shop.it\/fr\/shop\/food-fr\/fratelli-desideri-le-cene-stellate-chef-gualtiero-marchesi-riso-oro-e-zafferano\/","og_site_name":"Erresse Shop","article_modified_time":"2026-02-04T10:17:33+00:00","og_image":[{"width":1200,"height":1200,"url":"https:\/\/www.erresse-shop.it\/wp-content\/uploads\/2024\/11\/FRATELLI-DESIDERI-Le-Cene-Stellate-Riso-Oro-e-Zafferano.jpg","type":"image\/jpeg"}],"twitter_card":"summary_large_image","schema":{"@context":"https:\/\/schema.org","@graph":[{"@type":"WebPage","@id":"https:\/\/www.erresse-shop.it\/fr\/shop\/food-fr\/fratelli-desideri-le-cene-stellate-chef-gualtiero-marchesi-riso-oro-e-zafferano\/","url":"https:\/\/www.erresse-shop.it\/fr\/shop\/food-fr\/fratelli-desideri-le-cene-stellate-chef-gualtiero-marchesi-riso-oro-e-zafferano\/","name":"FRATELLI DESIDERI Le Cene Stellate Chef Gualtiero Marchesi Riso, Oro e Zafferano - Erresse Shop","isPartOf":{"@id":"https:\/\/www.erresse-shop.it\/fr\/#website"},"datePublished":"2024-11-22T10:37:53+00:00","dateModified":"2026-02-04T10:17:33+00:00","description":"Le risotto \u00ab Riz, or et safran \u00bb est un plat symbolique de la cuisine de Gualtiero Marchesi, le fondateur de Nuova Cucina Italiana, une v\u00e9ritable","breadcrumb":{"@id":"https:\/\/www.erresse-shop.it\/fr\/shop\/food-fr\/fratelli-desideri-le-cene-stellate-chef-gualtiero-marchesi-riso-oro-e-zafferano\/#breadcrumb"},"inLanguage":"fr-FR","potentialAction":[{"@type":"ReadAction","target":["https:\/\/www.erresse-shop.it\/fr\/shop\/food-fr\/fratelli-desideri-le-cene-stellate-chef-gualtiero-marchesi-riso-oro-e-zafferano\/"]}]},{"@type":"BreadcrumbList","@id":"https:\/\/www.erresse-shop.it\/fr\/shop\/food-fr\/fratelli-desideri-le-cene-stellate-chef-gualtiero-marchesi-riso-oro-e-zafferano\/#breadcrumb","itemListElement":[{"@type":"ListItem","position":1,"name":"Home","item":"https:\/\/www.erresse-shop.it\/fr\/"},{"@type":"ListItem","position":2,"name":"Shop","item":"https:\/\/www.erresse-shop.it\/fr\/shop\/"},{"@type":"ListItem","position":3,"name":"FRATELLI DESIDERI Le Cene Stellate Chef Gualtiero Marchesi Riso, Oro e Zafferano"}]},{"@type":"WebSite","@id":"https:\/\/www.erresse-shop.it\/fr\/#website","url":"https:\/\/www.erresse-shop.it\/fr\/","name":"Erresse Shop","description":"Articoli di qualit\u00e0 per la casa","potentialAction":[{"@type":"SearchAction","target":{"@type":"EntryPoint","urlTemplate":"https:\/\/www.erresse-shop.it\/fr\/?s={search_term_string}"},"query-input":"required name=search_term_string"}],"inLanguage":"fr-FR"}]}},"df_price":54.95,"df_sale_price":54.95,"df_regular_price":62,"df_image_link":"https:\/\/www.erresse-shop.it\/wp-content\/uploads\/2024\/11\/FRATELLI-DESIDERI-Le-Cene-Stellate-Riso-Oro-e-Zafferano-300x300.jpg","_links":{"self":[{"href":"https:\/\/www.erresse-shop.it\/fr\/wp-json\/wp\/v2\/product\/450579"}],"collection":[{"href":"https:\/\/www.erresse-shop.it\/fr\/wp-json\/wp\/v2\/product"}],"about":[{"href":"https:\/\/www.erresse-shop.it\/fr\/wp-json\/wp\/v2\/types\/product"}],"wp:featuredmedia":[{"embeddable":true,"href":"https:\/\/www.erresse-shop.it\/fr\/wp-json\/wp\/v2\/media\/450619"}],"wp:attachment":[{"href":"https:\/\/www.erresse-shop.it\/fr\/wp-json\/wp\/v2\/media?parent=450579"}],"wp:term":[{"taxonomy":"product_cat","embeddable":true,"href":"https:\/\/www.erresse-shop.it\/fr\/wp-json\/wp\/v2\/product_cat?post=450579"},{"taxonomy":"product_tag","embeddable":true,"href":"https:\/\/www.erresse-shop.it\/fr\/wp-json\/wp\/v2\/product_tag?post=450579"}],"curies":[{"name":"wp","href":"https:\/\/api.w.org\/{rel}","templated":true}]}}