{"id":450550,"date":"2024-11-22T10:11:11","date_gmt":"2024-11-22T10:11:13","guid":{"rendered":"https:\/\/www.erresse-shop.it\/?post_type=product&#038;p=450550"},"modified":"2026-02-04T10:15:09","modified_gmt":"2026-02-04T10:15:09","slug":"fratelli-desideri-le-cene-stellate-chef-enrico-bartolini-purple-grain","status":"publish","type":"product","link":"https:\/\/www.erresse-shop.it\/fr\/shop\/food-fr\/fratelli-desideri-le-cene-stellate-chef-enrico-bartolini-purple-grain\/","title":{"rendered":"FRATELLI DESIDERI Le Cene Stellate Chef Enrico Bartolini Purple Grain"},"content":{"rendered":"<div class=\"flex-shrink-0 flex flex-col relative items-end\">\n<div>\n<div class=\"gizmo-bot-avatar flex h-8 w-8 \u00e9l\u00e9ments-centre justifier-centre d\u00e9bordement-cach\u00e9 arrondi-plein\">\n<div class=\"relative p-1 arrondi-sm \u00e9l\u00e9ments flexibles-centre justifier-centre bg-token-main-surface-primary text-token-text-primary h-8 w-8\">\n<p><strong>Enrico&#8217;s Signature<\/strong> est un plat qui a marqu\u00e9 l&#8217;histoire de la gastronomie internationale, un risotto prim\u00e9 qui incarne parfaitement le g\u00e9nie et la ma\u00eetrise de <strong>Enrico<\/strong>, l&#8217;un des plus acclam\u00e9s et innovants. dans le monde. Ce plat, probablement l&#8217;un des plus c\u00e9l\u00e8bres du panorama de la <strong>Haute Cuisine<\/strong>, est omnipr\u00e9sent dans la carte du <strong>Mudec<\/strong>, son restaurant trois \u00e9toiles Michelin \u00e0 Milan, qui repr\u00e9sente depuis des ann\u00e9es un phare de la cuisine contemporaine. Un plat qui n&#8217;est pas seulement une explosion de saveurs, mais une v\u00e9ritable <strong>\u0153uvre d&#8217;art<\/strong> culinaire, qui refl\u00e8te l&#8217;extraordinaire vision artistique du chef.<\/p>\n<p>Le risotto, dans toute sa splendeur, appara\u00eet comme un plat qui rappelle les formes fluides et impr\u00e9visibles d&#8217;un <strong>dripping de Jackson Pollock<\/strong>, le c\u00e9l\u00e8bre artiste am\u00e9ricain qui a r\u00e9volutionn\u00e9 le concept de la peinture. L&#8217;esth\u00e9tique du plat est tout simplement <strong>grandiose<\/strong>, avec des couleurs vives et des textures qui se m\u00e9langent dans un jeu de formes et de nuances, invitant non seulement le go\u00fbt mais aussi la vue. C&#8217;est un plat qui raconte une histoire \u00e0 travers chaque \u00e9l\u00e9ment, o\u00f9 la <strong>cr\u00e9ativit\u00e9<\/strong> et la <strong>technique<\/strong> se rencontrent pour cr\u00e9er quelque chose d&#8217;unique.<\/p>\n<p>D\u00e8s l&#8217;attaque, le palais est envelopp\u00e9 par les <strong>notes sucr\u00e9es de fruits rouges<\/strong>, qui explosent d\u00e9licatement par leur go\u00fbt naturel, vibrant et fruit\u00e9. Leur fra\u00eecheur est magnifiquement \u00e9quilibr\u00e9e par la <strong>douceur de la betterave<\/strong>, un ingr\u00e9dient qui ajoute une dimension terreuse et riche, compl\u00e9tant la douceur des fruits avec une sensation velout\u00e9e qui s&#8217;harmonise parfaitement avec les autres saveurs. Mais c&#8217;est l&#8217;ajout de <strong>fromage bleu<\/strong> &#8211; un fromage aux notes intenses et savoureuses &#8211; qui enrichit le plat de sa force, cr\u00e9ant un contraste extraordinaire avec la douceur de la betterave et des fruits rouges.<\/p>\n<p>Pour compl\u00e9ter ce travail gastronomique, la <strong>cr\u00e8me de noix dans la garniture<\/strong> apporte une touche finale de raffinement, ajoutant une texture d\u00e9licate et une saveur l\u00e9g\u00e8rement grill\u00e9e qui harmonise l&#8217;ensemble du plat, tandis que l&#8217;incroyable intensit\u00e9 de chaque ingr\u00e9dient fait se sentait dans un parfait \u00e9quilibre des go\u00fbts.<\/p>\n<p>Mais le v\u00e9ritable impact de ce plat ne r\u00e9side pas seulement dans sa saveur extraordinaire, mais aussi dans <strong>l&#8217;exp\u00e9rience sensorielle globale<\/strong> qu&#8217;il offre. La rencontre des go\u00fbts, des couleurs et des textures, ainsi que l&#8217;\u00e9quilibre parfait entre douceur, intensit\u00e9 et fra\u00eecheur, font de ce risotto un v\u00e9ritable <strong>souvenir gastronomique<\/strong>, un plat qui reste imprim\u00e9 dans l&#8217;esprit et le c\u0153ur de ceux qui ont la chance d&#8217;y go\u00fbter.<\/p>\n<p>Cette recette n&#8217;est pas seulement une d\u00e9monstration du <strong>g\u00e9nie absolu<\/strong> d&#8217;Enrico dans la <strong>haute cuisine contemporaine<\/strong>, mais aussi un t\u00e9moignage de sa capacit\u00e9 \u00e0 <strong>transformer la nourriture en art<\/strong> &gt; , cr\u00e9ant un plat sans \u00e9gal sur la sc\u00e8ne culinaire mondiale. Un plat destin\u00e9 \u00e0 rester dans l&#8217;histoire de la gastronomie comme l&#8217;un des chefs-d&#8217;\u0153uvre incontest\u00e9s de notre \u00e9poque.<\/p>\n<\/div>\n<\/div>\n<\/div>\n<\/div>\n<p><strong>D\u00e9tails du produit\u00a0:<\/strong><\/p>\n<p><strong>Portions\u00a0:<\/strong> 4 personnes<br \/>\n<strong>Temps de pr\u00e9paration\u00a0:<\/strong> 25 min.<br \/>\n<strong>Difficult\u00e9\u00a0:<\/strong> Moyenne<\/p>\n","protected":false},"excerpt":{"rendered":"<p>Enrico&#8217;s Signature est un plat qui a marqu\u00e9 l&#8217;histoire de la gastronomie internationale, un risotto prim\u00e9 qui incarne parfaitement le<\/p>\n","protected":false},"featured_media":450569,"template":"","meta":{"_acf_changed":false,"inline_featured_image":false},"product_cat":[25933],"product_tag":[21529],"acf":[],"yoast_head":"<!-- This site is optimized with the Yoast SEO Premium plugin v18.6 (Yoast SEO v19.13) - https:\/\/yoast.com\/wordpress\/plugins\/seo\/ -->\n<title>FRATELLI DESIDERI Le Cene Stellate Chef Enrico Bartolini Purple Grain - Erresse Shop<\/title>\n<meta name=\"description\" content=\"Enrico&#039;s Signature est un plat qui a marqu\u00e9 l&#039;histoire de la gastronomie internationale, un risotto prim\u00e9 qui incarne parfaitement le g\u00e9nie et la ma\u00eetrise\" \/>\n<meta name=\"robots\" content=\"index, follow, max-snippet:-1, max-image-preview:large, max-video-preview:-1\" \/>\n<link rel=\"canonical\" href=\"https:\/\/www.erresse-shop.it\/fr\/shop\/food-fr\/fratelli-desideri-le-cene-stellate-chef-enrico-bartolini-purple-grain\/\" \/>\n<meta property=\"og:locale\" content=\"fr_FR\" \/>\n<meta property=\"og:type\" content=\"article\" \/>\n<meta property=\"og:title\" content=\"FRATELLI DESIDERI Le Cene Stellate Chef Enrico Bartolini Purple Grain\" \/>\n<meta property=\"og:description\" content=\"Enrico&#039;s Signature est un plat qui a marqu\u00e9 l&#039;histoire de la gastronomie internationale, un risotto prim\u00e9 qui incarne parfaitement le g\u00e9nie et la ma\u00eetrise\" \/>\n<meta property=\"og:url\" content=\"https:\/\/www.erresse-shop.it\/fr\/shop\/food-fr\/fratelli-desideri-le-cene-stellate-chef-enrico-bartolini-purple-grain\/\" \/>\n<meta property=\"og:site_name\" content=\"Erresse Shop\" \/>\n<meta property=\"article:modified_time\" content=\"2026-02-04T10:15:09+00:00\" \/>\n<meta property=\"og:image\" content=\"https:\/\/www.erresse-shop.it\/wp-content\/uploads\/2024\/11\/FRATELLI-DESIDERI-Le-Cene-Stellate-Purple-Grain.jpg\" \/>\n\t<meta property=\"og:image:width\" content=\"1200\" \/>\n\t<meta property=\"og:image:height\" content=\"1200\" \/>\n\t<meta property=\"og:image:type\" content=\"image\/jpeg\" \/>\n<meta name=\"twitter:card\" content=\"summary_large_image\" \/>\n<script type=\"application\/ld+json\" class=\"yoast-schema-graph\">{\"@context\":\"https:\/\/schema.org\",\"@graph\":[{\"@type\":\"WebPage\",\"@id\":\"https:\/\/www.erresse-shop.it\/fr\/shop\/food-fr\/fratelli-desideri-le-cene-stellate-chef-enrico-bartolini-purple-grain\/\",\"url\":\"https:\/\/www.erresse-shop.it\/fr\/shop\/food-fr\/fratelli-desideri-le-cene-stellate-chef-enrico-bartolini-purple-grain\/\",\"name\":\"FRATELLI DESIDERI Le Cene Stellate Chef Enrico Bartolini Purple Grain - Erresse Shop\",\"isPartOf\":{\"@id\":\"https:\/\/www.erresse-shop.it\/fr\/#website\"},\"datePublished\":\"2024-11-22T10:11:13+00:00\",\"dateModified\":\"2026-02-04T10:15:09+00:00\",\"description\":\"Enrico's Signature est un plat qui a marqu\u00e9 l'histoire de la gastronomie internationale, un risotto prim\u00e9 qui incarne parfaitement le g\u00e9nie et la ma\u00eetrise\",\"breadcrumb\":{\"@id\":\"https:\/\/www.erresse-shop.it\/fr\/shop\/food-fr\/fratelli-desideri-le-cene-stellate-chef-enrico-bartolini-purple-grain\/#breadcrumb\"},\"inLanguage\":\"fr-FR\",\"potentialAction\":[{\"@type\":\"ReadAction\",\"target\":[\"https:\/\/www.erresse-shop.it\/fr\/shop\/food-fr\/fratelli-desideri-le-cene-stellate-chef-enrico-bartolini-purple-grain\/\"]}]},{\"@type\":\"BreadcrumbList\",\"@id\":\"https:\/\/www.erresse-shop.it\/fr\/shop\/food-fr\/fratelli-desideri-le-cene-stellate-chef-enrico-bartolini-purple-grain\/#breadcrumb\",\"itemListElement\":[{\"@type\":\"ListItem\",\"position\":1,\"name\":\"Home\",\"item\":\"https:\/\/www.erresse-shop.it\/fr\/\"},{\"@type\":\"ListItem\",\"position\":2,\"name\":\"Shop\",\"item\":\"https:\/\/www.erresse-shop.it\/fr\/shop\/\"},{\"@type\":\"ListItem\",\"position\":3,\"name\":\"FRATELLI DESIDERI Le Cene Stellate Chef Enrico Bartolini Purple Grain\"}]},{\"@type\":\"WebSite\",\"@id\":\"https:\/\/www.erresse-shop.it\/fr\/#website\",\"url\":\"https:\/\/www.erresse-shop.it\/fr\/\",\"name\":\"Erresse Shop\",\"description\":\"Articoli di qualit\u00e0 per la casa\",\"potentialAction\":[{\"@type\":\"SearchAction\",\"target\":{\"@type\":\"EntryPoint\",\"urlTemplate\":\"https:\/\/www.erresse-shop.it\/fr\/?s={search_term_string}\"},\"query-input\":\"required name=search_term_string\"}],\"inLanguage\":\"fr-FR\"}]}<\/script>\n<!-- \/ Yoast SEO Premium plugin. -->","yoast_head_json":{"title":"FRATELLI DESIDERI Le Cene Stellate Chef Enrico Bartolini Purple Grain - Erresse Shop","description":"Enrico's Signature est un plat qui a marqu\u00e9 l'histoire de la gastronomie internationale, un risotto prim\u00e9 qui incarne parfaitement le g\u00e9nie et la ma\u00eetrise","robots":{"index":"index","follow":"follow","max-snippet":"max-snippet:-1","max-image-preview":"max-image-preview:large","max-video-preview":"max-video-preview:-1"},"canonical":"https:\/\/www.erresse-shop.it\/fr\/shop\/food-fr\/fratelli-desideri-le-cene-stellate-chef-enrico-bartolini-purple-grain\/","og_locale":"fr_FR","og_type":"article","og_title":"FRATELLI DESIDERI Le Cene Stellate Chef Enrico Bartolini Purple Grain","og_description":"Enrico's Signature est un plat qui a marqu\u00e9 l'histoire de la gastronomie internationale, un risotto prim\u00e9 qui incarne parfaitement le g\u00e9nie et la ma\u00eetrise","og_url":"https:\/\/www.erresse-shop.it\/fr\/shop\/food-fr\/fratelli-desideri-le-cene-stellate-chef-enrico-bartolini-purple-grain\/","og_site_name":"Erresse Shop","article_modified_time":"2026-02-04T10:15:09+00:00","og_image":[{"width":1200,"height":1200,"url":"https:\/\/www.erresse-shop.it\/wp-content\/uploads\/2024\/11\/FRATELLI-DESIDERI-Le-Cene-Stellate-Purple-Grain.jpg","type":"image\/jpeg"}],"twitter_card":"summary_large_image","schema":{"@context":"https:\/\/schema.org","@graph":[{"@type":"WebPage","@id":"https:\/\/www.erresse-shop.it\/fr\/shop\/food-fr\/fratelli-desideri-le-cene-stellate-chef-enrico-bartolini-purple-grain\/","url":"https:\/\/www.erresse-shop.it\/fr\/shop\/food-fr\/fratelli-desideri-le-cene-stellate-chef-enrico-bartolini-purple-grain\/","name":"FRATELLI DESIDERI Le Cene Stellate Chef Enrico Bartolini Purple Grain - Erresse Shop","isPartOf":{"@id":"https:\/\/www.erresse-shop.it\/fr\/#website"},"datePublished":"2024-11-22T10:11:13+00:00","dateModified":"2026-02-04T10:15:09+00:00","description":"Enrico's Signature est un plat qui a marqu\u00e9 l'histoire de la gastronomie internationale, un risotto prim\u00e9 qui incarne parfaitement le g\u00e9nie et la ma\u00eetrise","breadcrumb":{"@id":"https:\/\/www.erresse-shop.it\/fr\/shop\/food-fr\/fratelli-desideri-le-cene-stellate-chef-enrico-bartolini-purple-grain\/#breadcrumb"},"inLanguage":"fr-FR","potentialAction":[{"@type":"ReadAction","target":["https:\/\/www.erresse-shop.it\/fr\/shop\/food-fr\/fratelli-desideri-le-cene-stellate-chef-enrico-bartolini-purple-grain\/"]}]},{"@type":"BreadcrumbList","@id":"https:\/\/www.erresse-shop.it\/fr\/shop\/food-fr\/fratelli-desideri-le-cene-stellate-chef-enrico-bartolini-purple-grain\/#breadcrumb","itemListElement":[{"@type":"ListItem","position":1,"name":"Home","item":"https:\/\/www.erresse-shop.it\/fr\/"},{"@type":"ListItem","position":2,"name":"Shop","item":"https:\/\/www.erresse-shop.it\/fr\/shop\/"},{"@type":"ListItem","position":3,"name":"FRATELLI DESIDERI Le Cene Stellate Chef Enrico Bartolini Purple Grain"}]},{"@type":"WebSite","@id":"https:\/\/www.erresse-shop.it\/fr\/#website","url":"https:\/\/www.erresse-shop.it\/fr\/","name":"Erresse Shop","description":"Articoli di qualit\u00e0 per la casa","potentialAction":[{"@type":"SearchAction","target":{"@type":"EntryPoint","urlTemplate":"https:\/\/www.erresse-shop.it\/fr\/?s={search_term_string}"},"query-input":"required name=search_term_string"}],"inLanguage":"fr-FR"}]}},"df_price":39,"df_sale_price":39,"df_regular_price":68,"df_image_link":"https:\/\/www.erresse-shop.it\/wp-content\/uploads\/2024\/11\/FRATELLI-DESIDERI-Le-Cene-Stellate-Purple-Grain-300x300.jpg","_links":{"self":[{"href":"https:\/\/www.erresse-shop.it\/fr\/wp-json\/wp\/v2\/product\/450550"}],"collection":[{"href":"https:\/\/www.erresse-shop.it\/fr\/wp-json\/wp\/v2\/product"}],"about":[{"href":"https:\/\/www.erresse-shop.it\/fr\/wp-json\/wp\/v2\/types\/product"}],"wp:featuredmedia":[{"embeddable":true,"href":"https:\/\/www.erresse-shop.it\/fr\/wp-json\/wp\/v2\/media\/450569"}],"wp:attachment":[{"href":"https:\/\/www.erresse-shop.it\/fr\/wp-json\/wp\/v2\/media?parent=450550"}],"wp:term":[{"taxonomy":"product_cat","embeddable":true,"href":"https:\/\/www.erresse-shop.it\/fr\/wp-json\/wp\/v2\/product_cat?post=450550"},{"taxonomy":"product_tag","embeddable":true,"href":"https:\/\/www.erresse-shop.it\/fr\/wp-json\/wp\/v2\/product_tag?post=450550"}],"curies":[{"name":"wp","href":"https:\/\/api.w.org\/{rel}","templated":true}]}}