{"id":450471,"date":"2024-11-22T09:02:46","date_gmt":"2024-11-22T09:02:47","guid":{"rendered":"https:\/\/www.erresse-shop.it\/?post_type=product&#038;p=450471"},"modified":"2026-02-04T10:09:14","modified_gmt":"2026-02-04T10:09:14","slug":"fratelli-desideri-le-cene-stellate-chef-carlo-cracco-loro-di-milano","status":"publish","type":"product","link":"https:\/\/www.erresse-shop.it\/fr\/shop\/food-fr\/fratelli-desideri-le-cene-stellate-chef-carlo-cracco-loro-di-milano\/","title":{"rendered":"FRATELLI DESIDERI Le Cene Stellate Chef Carlo Cracco L&#8217;Oro di Milano"},"content":{"rendered":"<div class=\"flex-shrink-0 flex flex-col relative items-end\">\n<div>\n<div class=\"gizmo-bot-avatar flex h-8 w-8 \u00e9l\u00e9ments-centre justifier-centre d\u00e9bordement-cach\u00e9 arrondi-plein\">\n<div class=\"relative p-1 arrondi-sm \u00e9l\u00e9ments flexibles-centre justifier-centre bg-token-main-surface-primary text-token-text-primary h-8 w-8\">\n<p><strong>Carlo Cracco<\/strong> (Chef 6 \u00e9toiles Michelin),\u00a0signe cette extraordinaire r\u00e9interpr\u00e9tation du <strong>Risotto alla Milanese<\/strong>, un plat qui a ses racines dans l&#8217;histoire de la cuisine milanaise et qui, \u00e0 travers l&#8217;interpr\u00e9tation du chef, s&#8217;enrichit de saveurs modernes et raffin\u00e9es. La recette originale, qui remonte \u00e0 <strong>1574<\/strong>, est n\u00e9e \u00e0 la table du verrier <strong>Valerio di Fiandra<\/strong>, personnage li\u00e9 \u00e0 la tradition milanaise, qui utilisait <strong>le safran <\/strong> &gt; non seulement pour embellir les plats, mais aussi pour donner aux fen\u00eatres de la <strong>D\u00f4me de Milan<\/strong> une couleur extraordinaire, symbole de l&#8217;artisanat de l&#8217;\u00e9poque. Aujourd&#8217;hui, le safran, devenu au fil du temps l&#8217;un des ingr\u00e9dients les plus embl\u00e9matiques de la cuisine italienne, continue de briller dans cette cr\u00e9ation gastronomique, portant en lui le riche h\u00e9ritage d&#8217;un plat historique.<\/p>\n<p>Le chef Carlo a soigneusement choisi les <strong>mati\u00e8res premi\u00e8res les plus raffin\u00e9es<\/strong>, pour proposer une version moderne mais absolument fid\u00e8le \u00e0 la tradition. Chaque ingr\u00e9dient a \u00e9t\u00e9 s\u00e9lectionn\u00e9 non seulement pour sa qualit\u00e9, mais aussi pour son pouvoir de <strong>vous guider dans un voyage sensoriel unique et inoubliable<\/strong>, o\u00f9 chaque bouch\u00e9e raconte une histoire de passion, de ma\u00eetrise et de raffinement.<\/p>\n<p>Au c\u0153ur de cette recette on retrouve le <strong>Safran en pistils de Safranum<\/strong>, un produit de tr\u00e8s haute qualit\u00e9 cultiv\u00e9 au c\u0153ur des <strong>Langhe<\/strong>, une terre c\u00e9l\u00e8bre pour ses traditions agricoles et son excellence gastronomique. Sa saveur d\u00e9licate et aromatique est parfaitement rehauss\u00e9e par la pr\u00e9sence des <strong>notes sucr\u00e9es du pr\u00e9cieux cacao \u00e9quatorien<\/strong>, qui ajoutent une surprenante nuance de profondeur et d&#8217;intensit\u00e9 au plat. La rencontre de ces deux ingr\u00e9dients, tous deux extraordinairement nobles, est ce qui fait du risotto une exp\u00e9rience unique, capable de susciter des \u00e9motions d\u00e8s le premier go\u00fbt.<\/p>\n<p>Pour enrichir encore le plat, une <strong>pr\u00e9paration unique de bouillon de viande<\/strong>, fabriqu\u00e9e artisanalement selon une recette secr\u00e8te qui remonte au d\u00e9but des ann\u00e9es 1900, enveloppe le risotto d&#8217;une d\u00e9licatesse qui rehausse et \u00e9quilibre les saveurs sans les dominer. La pr\u00e9paration lente et minutieuse de ce bouillon, qui prend son temps pour m\u00e9langer parfaitement les saveurs, est un v\u00e9ritable hommage \u00e0 la cuisine traditionnelle, qui sait respecter les temps et les techniques pour cr\u00e9er quelque chose d&#8217;extraordinaire.<\/p>\n<p>A chaque d\u00e9gustation, vous percevrez le regain l\u00e9g\u00e8rement acide du <strong>vinaigre de cidre<\/strong>, qui conf\u00e8re au plat une fra\u00eecheur qui \u00e9quilibre la richesse du risotto, et l&#8217;ar\u00f4me enveloppant de la <strong>brunoise d&#8217;oignons verts&lt;. \/strong&gt; &gt;, qui ajoute une note sucr\u00e9e et croquante, compl\u00e9tant harmonieusement ce chef-d&#8217;\u0153uvre. Chaque ingr\u00e9dient joue un r\u00f4le essentiel dans l\u2019\u00e9quilibre global du plat, cr\u00e9ant une symphonie de saveurs qui se marient parfaitement les unes aux autres.<\/strong><\/p>\n<p>Ce <strong>Risotto alla Milanese<\/strong> revisit\u00e9 n&#8217;est pas seulement un plat, mais une v\u00e9ritable exp\u00e9rience culinaire qui vous permettra de savourer l&#8217;histoire et la tradition de la cuisine milanaise, enrichie par la ma\u00eetrise du chef Carlo, capable de transformer un classique dans une \u0153uvre d&#8217;art gastronomique.<\/p>\n<\/div>\n<\/div>\n<\/div>\n<\/div>\n<p><strong>D\u00e9tails du produit\u00a0:<\/strong><\/p>\n<p><strong>Portions\u00a0:<\/strong> 4 personnes<br \/>\n<strong>Temps de pr\u00e9paration\u00a0:<\/strong> 25 min.<br \/>\n<strong>Difficult\u00e9\u00a0:<\/strong> Faible<\/p>\n","protected":false},"excerpt":{"rendered":"<p>Carlo Cracco (Chef 6 \u00e9toiles Michelin),\u00a0signe cette extraordinaire r\u00e9interpr\u00e9tation du Risotto alla Milanese, un plat qui a ses racines dans<\/p>\n","protected":false},"featured_media":450493,"template":"","meta":{"_acf_changed":false,"inline_featured_image":false},"product_cat":[25933],"product_tag":[21529],"acf":[],"yoast_head":"<!-- This site is optimized with the Yoast SEO Premium plugin v18.6 (Yoast SEO v19.13) - https:\/\/yoast.com\/wordpress\/plugins\/seo\/ -->\n<title>FRATELLI DESIDERI Le Cene Stellate Chef Carlo Cracco L&#039;Oro di Milano - Erresse Shop<\/title>\n<meta name=\"description\" content=\"Carlo Cracco (Chef 6 \u00e9toiles Michelin),\u00a0signe cette extraordinaire r\u00e9interpr\u00e9tation du Risotto alla Milanese, un plat qui a ses racines dans l&#039;histoire de\" \/>\n<meta name=\"robots\" content=\"index, follow, max-snippet:-1, max-image-preview:large, max-video-preview:-1\" \/>\n<link rel=\"canonical\" href=\"https:\/\/www.erresse-shop.it\/fr\/shop\/food-fr\/fratelli-desideri-le-cene-stellate-chef-carlo-cracco-loro-di-milano\/\" \/>\n<meta property=\"og:locale\" content=\"fr_FR\" \/>\n<meta property=\"og:type\" content=\"article\" \/>\n<meta property=\"og:title\" content=\"FRATELLI DESIDERI Le Cene Stellate Chef Carlo Cracco L&#039;Oro di Milano\" \/>\n<meta property=\"og:description\" content=\"Carlo Cracco (Chef 6 \u00e9toiles Michelin),\u00a0signe cette extraordinaire r\u00e9interpr\u00e9tation du Risotto alla Milanese, un plat qui a ses racines dans l&#039;histoire de\" \/>\n<meta property=\"og:url\" content=\"https:\/\/www.erresse-shop.it\/fr\/shop\/food-fr\/fratelli-desideri-le-cene-stellate-chef-carlo-cracco-loro-di-milano\/\" \/>\n<meta property=\"og:site_name\" content=\"Erresse Shop\" \/>\n<meta property=\"article:modified_time\" content=\"2026-02-04T10:09:14+00:00\" \/>\n<meta property=\"og:image\" content=\"https:\/\/www.erresse-shop.it\/wp-content\/uploads\/2024\/11\/FRATELLI-DESIDERI-Le-Cene-Stellate-LOro-di-Milano.jpg\" \/>\n\t<meta property=\"og:image:width\" content=\"1200\" \/>\n\t<meta property=\"og:image:height\" content=\"1200\" \/>\n\t<meta property=\"og:image:type\" content=\"image\/jpeg\" \/>\n<meta name=\"twitter:card\" content=\"summary_large_image\" \/>\n<script type=\"application\/ld+json\" class=\"yoast-schema-graph\">{\"@context\":\"https:\/\/schema.org\",\"@graph\":[{\"@type\":\"WebPage\",\"@id\":\"https:\/\/www.erresse-shop.it\/fr\/shop\/food-fr\/fratelli-desideri-le-cene-stellate-chef-carlo-cracco-loro-di-milano\/\",\"url\":\"https:\/\/www.erresse-shop.it\/fr\/shop\/food-fr\/fratelli-desideri-le-cene-stellate-chef-carlo-cracco-loro-di-milano\/\",\"name\":\"FRATELLI DESIDERI Le Cene Stellate Chef Carlo Cracco L'Oro di Milano - Erresse Shop\",\"isPartOf\":{\"@id\":\"https:\/\/www.erresse-shop.it\/fr\/#website\"},\"datePublished\":\"2024-11-22T09:02:47+00:00\",\"dateModified\":\"2026-02-04T10:09:14+00:00\",\"description\":\"Carlo Cracco (Chef 6 \u00e9toiles Michelin),\u00a0signe cette extraordinaire r\u00e9interpr\u00e9tation du Risotto alla Milanese, un plat qui a ses racines dans l'histoire de\",\"breadcrumb\":{\"@id\":\"https:\/\/www.erresse-shop.it\/fr\/shop\/food-fr\/fratelli-desideri-le-cene-stellate-chef-carlo-cracco-loro-di-milano\/#breadcrumb\"},\"inLanguage\":\"fr-FR\",\"potentialAction\":[{\"@type\":\"ReadAction\",\"target\":[\"https:\/\/www.erresse-shop.it\/fr\/shop\/food-fr\/fratelli-desideri-le-cene-stellate-chef-carlo-cracco-loro-di-milano\/\"]}]},{\"@type\":\"BreadcrumbList\",\"@id\":\"https:\/\/www.erresse-shop.it\/fr\/shop\/food-fr\/fratelli-desideri-le-cene-stellate-chef-carlo-cracco-loro-di-milano\/#breadcrumb\",\"itemListElement\":[{\"@type\":\"ListItem\",\"position\":1,\"name\":\"Home\",\"item\":\"https:\/\/www.erresse-shop.it\/fr\/\"},{\"@type\":\"ListItem\",\"position\":2,\"name\":\"Shop\",\"item\":\"https:\/\/www.erresse-shop.it\/fr\/shop\/\"},{\"@type\":\"ListItem\",\"position\":3,\"name\":\"FRATELLI DESIDERI Le Cene Stellate Chef Carlo Cracco L&#8217;Oro di Milano\"}]},{\"@type\":\"WebSite\",\"@id\":\"https:\/\/www.erresse-shop.it\/fr\/#website\",\"url\":\"https:\/\/www.erresse-shop.it\/fr\/\",\"name\":\"Erresse Shop\",\"description\":\"Articoli di qualit\u00e0 per la casa\",\"potentialAction\":[{\"@type\":\"SearchAction\",\"target\":{\"@type\":\"EntryPoint\",\"urlTemplate\":\"https:\/\/www.erresse-shop.it\/fr\/?s={search_term_string}\"},\"query-input\":\"required name=search_term_string\"}],\"inLanguage\":\"fr-FR\"}]}<\/script>\n<!-- \/ Yoast SEO Premium plugin. -->","yoast_head_json":{"title":"FRATELLI DESIDERI Le Cene Stellate Chef Carlo Cracco L'Oro di Milano - Erresse Shop","description":"Carlo Cracco (Chef 6 \u00e9toiles Michelin),\u00a0signe cette extraordinaire r\u00e9interpr\u00e9tation du Risotto alla Milanese, un plat qui a ses racines dans l'histoire de","robots":{"index":"index","follow":"follow","max-snippet":"max-snippet:-1","max-image-preview":"max-image-preview:large","max-video-preview":"max-video-preview:-1"},"canonical":"https:\/\/www.erresse-shop.it\/fr\/shop\/food-fr\/fratelli-desideri-le-cene-stellate-chef-carlo-cracco-loro-di-milano\/","og_locale":"fr_FR","og_type":"article","og_title":"FRATELLI DESIDERI Le Cene Stellate Chef Carlo Cracco L'Oro di Milano","og_description":"Carlo Cracco (Chef 6 \u00e9toiles Michelin),\u00a0signe cette extraordinaire r\u00e9interpr\u00e9tation du Risotto alla Milanese, un plat qui a ses racines dans l'histoire de","og_url":"https:\/\/www.erresse-shop.it\/fr\/shop\/food-fr\/fratelli-desideri-le-cene-stellate-chef-carlo-cracco-loro-di-milano\/","og_site_name":"Erresse Shop","article_modified_time":"2026-02-04T10:09:14+00:00","og_image":[{"width":1200,"height":1200,"url":"https:\/\/www.erresse-shop.it\/wp-content\/uploads\/2024\/11\/FRATELLI-DESIDERI-Le-Cene-Stellate-LOro-di-Milano.jpg","type":"image\/jpeg"}],"twitter_card":"summary_large_image","schema":{"@context":"https:\/\/schema.org","@graph":[{"@type":"WebPage","@id":"https:\/\/www.erresse-shop.it\/fr\/shop\/food-fr\/fratelli-desideri-le-cene-stellate-chef-carlo-cracco-loro-di-milano\/","url":"https:\/\/www.erresse-shop.it\/fr\/shop\/food-fr\/fratelli-desideri-le-cene-stellate-chef-carlo-cracco-loro-di-milano\/","name":"FRATELLI DESIDERI Le Cene Stellate Chef Carlo Cracco L'Oro di Milano - Erresse Shop","isPartOf":{"@id":"https:\/\/www.erresse-shop.it\/fr\/#website"},"datePublished":"2024-11-22T09:02:47+00:00","dateModified":"2026-02-04T10:09:14+00:00","description":"Carlo Cracco (Chef 6 \u00e9toiles Michelin),\u00a0signe cette extraordinaire r\u00e9interpr\u00e9tation du Risotto alla Milanese, un plat qui a ses racines dans l'histoire de","breadcrumb":{"@id":"https:\/\/www.erresse-shop.it\/fr\/shop\/food-fr\/fratelli-desideri-le-cene-stellate-chef-carlo-cracco-loro-di-milano\/#breadcrumb"},"inLanguage":"fr-FR","potentialAction":[{"@type":"ReadAction","target":["https:\/\/www.erresse-shop.it\/fr\/shop\/food-fr\/fratelli-desideri-le-cene-stellate-chef-carlo-cracco-loro-di-milano\/"]}]},{"@type":"BreadcrumbList","@id":"https:\/\/www.erresse-shop.it\/fr\/shop\/food-fr\/fratelli-desideri-le-cene-stellate-chef-carlo-cracco-loro-di-milano\/#breadcrumb","itemListElement":[{"@type":"ListItem","position":1,"name":"Home","item":"https:\/\/www.erresse-shop.it\/fr\/"},{"@type":"ListItem","position":2,"name":"Shop","item":"https:\/\/www.erresse-shop.it\/fr\/shop\/"},{"@type":"ListItem","position":3,"name":"FRATELLI DESIDERI Le Cene Stellate Chef Carlo Cracco L&#8217;Oro di Milano"}]},{"@type":"WebSite","@id":"https:\/\/www.erresse-shop.it\/fr\/#website","url":"https:\/\/www.erresse-shop.it\/fr\/","name":"Erresse Shop","description":"Articoli di qualit\u00e0 per la casa","potentialAction":[{"@type":"SearchAction","target":{"@type":"EntryPoint","urlTemplate":"https:\/\/www.erresse-shop.it\/fr\/?s={search_term_string}"},"query-input":"required name=search_term_string"}],"inLanguage":"fr-FR"}]}},"df_price":39,"df_sale_price":39,"df_regular_price":58,"df_image_link":"https:\/\/www.erresse-shop.it\/wp-content\/uploads\/2024\/11\/FRATELLI-DESIDERI-Le-Cene-Stellate-LOro-di-Milano-300x300.jpg","_links":{"self":[{"href":"https:\/\/www.erresse-shop.it\/fr\/wp-json\/wp\/v2\/product\/450471"}],"collection":[{"href":"https:\/\/www.erresse-shop.it\/fr\/wp-json\/wp\/v2\/product"}],"about":[{"href":"https:\/\/www.erresse-shop.it\/fr\/wp-json\/wp\/v2\/types\/product"}],"wp:featuredmedia":[{"embeddable":true,"href":"https:\/\/www.erresse-shop.it\/fr\/wp-json\/wp\/v2\/media\/450493"}],"wp:attachment":[{"href":"https:\/\/www.erresse-shop.it\/fr\/wp-json\/wp\/v2\/media?parent=450471"}],"wp:term":[{"taxonomy":"product_cat","embeddable":true,"href":"https:\/\/www.erresse-shop.it\/fr\/wp-json\/wp\/v2\/product_cat?post=450471"},{"taxonomy":"product_tag","embeddable":true,"href":"https:\/\/www.erresse-shop.it\/fr\/wp-json\/wp\/v2\/product_tag?post=450471"}],"curies":[{"name":"wp","href":"https:\/\/api.w.org\/{rel}","templated":true}]}}