{"id":450436,"date":"2024-11-22T08:30:47","date_gmt":"2024-11-22T08:30:48","guid":{"rendered":"https:\/\/www.erresse-shop.it\/?post_type=product&#038;p=450436"},"modified":"2026-02-04T10:07:15","modified_gmt":"2026-02-04T10:07:15","slug":"fratelli-desideri-le-cene-stellate-chef-tommaso-arrigoni-il-pesto-del-re","status":"publish","type":"product","link":"https:\/\/www.erresse-shop.it\/fr\/shop\/food-fr\/fratelli-desideri-le-cene-stellate-chef-tommaso-arrigoni-il-pesto-del-re\/","title":{"rendered":"FRATELLI DESIDERI Le Cene Stellate Chef Tommaso Arrigoni Il Pesto Del Re"},"content":{"rendered":"<div class=\"flex-shrink-0 flex flex-col relative items-end\">\n<div>\n<div>\n<div class=\"gizmo-bot-avatar flex h-8 w-8 \u00e9l\u00e9ments-centre justifier-centre d\u00e9bordement-cach\u00e9 arrondi-plein\">\n<div class=\"relative p-1 round-sm flex items-center justification-center bg-token-main-surface-primary text-token-text-primary h-8 w-8\">Le grand <strong>Chef milanais Tommaso Arrigoni <\/strong>(Chef 1 \u00e9toile Michelin), r\u00e9put\u00e9 pour sa cr\u00e9ativit\u00e9 et sa capacit\u00e9 \u00e0 allier tradition et innovation, nous offre un chef-d&#8217;\u0153uvre \u00ab sans gluten \u00bb de la haute cuisine qui ne peut laissez indiff\u00e9rent ! Ce plat spectaculaire est capable de conqu\u00e9rir m\u00eame les palais les plus exigeants, y compris ceux qui appr\u00e9cient habituellement les p\u00e2tes classiques au bl\u00e9 dur. Son \u00e9l\u00e9gance, son \u00e9quilibre de saveurs et son raffinement font de cette cr\u00e9ation culinaire une exp\u00e9rience unique, capable de faire tomber amoureux quiconque la go\u00fbte.<\/div>\n<\/div>\n<\/div>\n<\/div>\n<\/div>\n<div class=\"group\/conversation-turn relative flex w-full min-w-0 flex-col agent-turn\">\n<div class=\"flex-col gap-1 md:gap-3\">\n<div class=\"flex max-w-full flex-col flex-grow\">\n<div class=\"min-h-8 text-message flex w-full flex-col items-end gap-2 whitespace-normal break-words [.text-message+&amp;]:mt-5\" dir=\"auto \" data-message-author-role=\"assistant\" data-message-id=\"2aa5b66c-04c1-4582-89a9-7be908d7866c\" data-client-thread-id=\"WEB:4363d0a4-be62-42fe-a5ea-b54fe1c4b7d8\" data-message-model-slug=\"gpt-4o-mini\">\n<div class=\"flex w-full flex-col gap-1 vide: cach\u00e9 en premier:pt-[3px]\">\n<div class=\"markdown prose w-full break-words dark:prose-invert dark\">\n<p>Cette recette repr\u00e9sente une <strong>r\u00e9interpr\u00e9tation aristocratique des traditionnelles p\u00e2tes au pesto<\/strong>, un plat qui dans sa version classique est appr\u00e9ci\u00e9 de tous, mais qui gr\u00e2ce \u00e0 la main experte d&#8217;Arrigoni acquiert de nouvelles dimensions de go\u00fbt et de complexit\u00e9. Le plat est agr\u00e9ment\u00e9 d&#8217;un ingr\u00e9dient noble et raffin\u00e9 comme la <strong>truffe noire d&#8217;\u00e9t\u00e9<\/strong>, qui ajoute une note raffin\u00e9e et un ar\u00f4me intense qui se marie parfaitement au pesto, faisant de chaque bouch\u00e9e une exp\u00e9rience sensorielle sans pr\u00e9c\u00e9dent.<\/p>\n<p>Ce qui rend ce plat encore plus surprenant, c&#8217;est l&#8217;ajout de <strong>groseilles<\/strong> qui, avec sa saveur p\u00e9tillante et fruit\u00e9e, offre un contraste frais et original avec le riche ar\u00f4me de la truffe. Le r\u00e9sultat est une symphonie de saveurs, un \u00e9quilibre parfait entre le traditionnel et le contemporain, qui surprend et conquiert d\u00e8s le premier go\u00fbt. Un plat qui n&#8217;est pas seulement un hommage \u00e0 la cuisine italienne, mais aussi une interpr\u00e9tation audacieuse et moderne, capable de surprendre et de fasciner.<\/p>\n<p>Le <strong>Kit Repas<\/strong> que nous proposons est le r\u00e9sultat d&#8217;une collaboration exclusive avec le <strong>pastificio Massimo Zero<\/strong>, une excellence dans la production de p\u00e2tes sans gluten. Cette fabrique de p\u00e2tes, qui a fait de la qualit\u00e9 et de l&#8217;authenticit\u00e9 son signe distinctif, produit des p\u00e2tes au go\u00fbt authentique, vrai et pur. Ses p\u00e2tes sans gluten, \u00e9labor\u00e9es avec les meilleures farines de <strong>ma\u00efs<\/strong> et de <strong>riz<\/strong>, sont m\u00e9lang\u00e9es \u00e0 l&#8217;eau et \u00e0 l&#8217;air de <strong>Merano<\/strong>, une r\u00e9gion particuli\u00e8rement adapt\u00e9e \u00e0 la production d&#8217;aliments de haute qualit\u00e9. Ce processus artisanal garantit un produit authentique et de qualit\u00e9 sup\u00e9rieure, qui conserve toute la qualit\u00e9 et la consistance des p\u00e2tes traditionnelles, sans sacrifier le go\u00fbt.<\/p>\n<p>Avec ce plat, vous d\u00e9gusterez non seulement une cuisine qui allie \u00e9l\u00e9gance et raffinement, mais vous offrirez \u00e9galement un produit de qualit\u00e9 sup\u00e9rieure, capable de satisfaire m\u00eame ceux qui suivent un r\u00e9gime sans gluten, sans faire de compromis sur le go\u00fbt et l&#8217;authenticit\u00e9 des ingr\u00e9dients. .<\/p>\n<\/div>\n<\/div>\n<\/div>\n<\/div>\n<\/div>\n<\/div>\n<p><strong>D\u00e9tails du produit\u00a0:<\/strong><\/p>\n<p><strong>Portions\u00a0:<\/strong> 4 personnes<br \/>\n<strong>Temps de pr\u00e9paration\u00a0:<\/strong> 15 min.<br \/>\n<strong>Difficult\u00e9\u00a0:<\/strong> Faible<\/p>\n","protected":false},"excerpt":{"rendered":"<p>Le grand Chef milanais Tommaso Arrigoni (Chef 1 \u00e9toile Michelin), r\u00e9put\u00e9 pour sa cr\u00e9ativit\u00e9 et sa capacit\u00e9 \u00e0 allier tradition<\/p>\n","protected":false},"featured_media":450460,"template":"","meta":{"_acf_changed":false,"inline_featured_image":false},"product_cat":[25933],"product_tag":[21529],"acf":[],"yoast_head":"<!-- This site is optimized with the Yoast SEO Premium plugin v18.6 (Yoast SEO v19.13) - https:\/\/yoast.com\/wordpress\/plugins\/seo\/ -->\n<title>FRATELLI DESIDERI Le Cene Stellate Chef Tommaso Arrigoni Il Pesto Del Re - Erresse Shop<\/title>\n<meta name=\"description\" content=\"Le grand Chef milanais Tommaso Arrigoni (Chef 1 \u00e9toile Michelin), r\u00e9put\u00e9 pour sa cr\u00e9ativit\u00e9 et sa capacit\u00e9 \u00e0 allier tradition et innovation, nous offre un\" \/>\n<meta name=\"robots\" content=\"index, follow, max-snippet:-1, max-image-preview:large, max-video-preview:-1\" \/>\n<link rel=\"canonical\" href=\"https:\/\/www.erresse-shop.it\/fr\/shop\/food-fr\/fratelli-desideri-le-cene-stellate-chef-tommaso-arrigoni-il-pesto-del-re\/\" \/>\n<meta property=\"og:locale\" content=\"fr_FR\" \/>\n<meta property=\"og:type\" content=\"article\" \/>\n<meta property=\"og:title\" content=\"FRATELLI DESIDERI Le Cene Stellate Chef Tommaso Arrigoni Il Pesto Del Re\" \/>\n<meta property=\"og:description\" content=\"Le grand Chef milanais Tommaso Arrigoni (Chef 1 \u00e9toile Michelin), r\u00e9put\u00e9 pour sa cr\u00e9ativit\u00e9 et sa capacit\u00e9 \u00e0 allier tradition et innovation, nous offre un\" \/>\n<meta property=\"og:url\" content=\"https:\/\/www.erresse-shop.it\/fr\/shop\/food-fr\/fratelli-desideri-le-cene-stellate-chef-tommaso-arrigoni-il-pesto-del-re\/\" \/>\n<meta property=\"og:site_name\" content=\"Erresse Shop\" \/>\n<meta property=\"article:modified_time\" content=\"2026-02-04T10:07:15+00:00\" \/>\n<meta property=\"og:image\" content=\"https:\/\/www.erresse-shop.it\/wp-content\/uploads\/2024\/11\/FRATELLI-DESIDERI-Le-Cene-Stellate-Il-Pesto-Del-Re.jpg\" \/>\n\t<meta property=\"og:image:width\" content=\"1200\" \/>\n\t<meta property=\"og:image:height\" content=\"1200\" \/>\n\t<meta property=\"og:image:type\" content=\"image\/jpeg\" \/>\n<meta name=\"twitter:card\" content=\"summary_large_image\" \/>\n<script type=\"application\/ld+json\" class=\"yoast-schema-graph\">{\"@context\":\"https:\/\/schema.org\",\"@graph\":[{\"@type\":\"WebPage\",\"@id\":\"https:\/\/www.erresse-shop.it\/fr\/shop\/food-fr\/fratelli-desideri-le-cene-stellate-chef-tommaso-arrigoni-il-pesto-del-re\/\",\"url\":\"https:\/\/www.erresse-shop.it\/fr\/shop\/food-fr\/fratelli-desideri-le-cene-stellate-chef-tommaso-arrigoni-il-pesto-del-re\/\",\"name\":\"FRATELLI DESIDERI Le Cene Stellate Chef Tommaso Arrigoni Il Pesto Del Re - Erresse Shop\",\"isPartOf\":{\"@id\":\"https:\/\/www.erresse-shop.it\/fr\/#website\"},\"datePublished\":\"2024-11-22T08:30:48+00:00\",\"dateModified\":\"2026-02-04T10:07:15+00:00\",\"description\":\"Le grand Chef milanais Tommaso Arrigoni (Chef 1 \u00e9toile Michelin), r\u00e9put\u00e9 pour sa cr\u00e9ativit\u00e9 et sa capacit\u00e9 \u00e0 allier tradition et innovation, nous offre un\",\"breadcrumb\":{\"@id\":\"https:\/\/www.erresse-shop.it\/fr\/shop\/food-fr\/fratelli-desideri-le-cene-stellate-chef-tommaso-arrigoni-il-pesto-del-re\/#breadcrumb\"},\"inLanguage\":\"fr-FR\",\"potentialAction\":[{\"@type\":\"ReadAction\",\"target\":[\"https:\/\/www.erresse-shop.it\/fr\/shop\/food-fr\/fratelli-desideri-le-cene-stellate-chef-tommaso-arrigoni-il-pesto-del-re\/\"]}]},{\"@type\":\"BreadcrumbList\",\"@id\":\"https:\/\/www.erresse-shop.it\/fr\/shop\/food-fr\/fratelli-desideri-le-cene-stellate-chef-tommaso-arrigoni-il-pesto-del-re\/#breadcrumb\",\"itemListElement\":[{\"@type\":\"ListItem\",\"position\":1,\"name\":\"Home\",\"item\":\"https:\/\/www.erresse-shop.it\/fr\/\"},{\"@type\":\"ListItem\",\"position\":2,\"name\":\"Shop\",\"item\":\"https:\/\/www.erresse-shop.it\/fr\/shop\/\"},{\"@type\":\"ListItem\",\"position\":3,\"name\":\"FRATELLI DESIDERI Le Cene Stellate Chef Tommaso Arrigoni Il Pesto Del Re\"}]},{\"@type\":\"WebSite\",\"@id\":\"https:\/\/www.erresse-shop.it\/fr\/#website\",\"url\":\"https:\/\/www.erresse-shop.it\/fr\/\",\"name\":\"Erresse Shop\",\"description\":\"Articoli di qualit\u00e0 per la casa\",\"potentialAction\":[{\"@type\":\"SearchAction\",\"target\":{\"@type\":\"EntryPoint\",\"urlTemplate\":\"https:\/\/www.erresse-shop.it\/fr\/?s={search_term_string}\"},\"query-input\":\"required name=search_term_string\"}],\"inLanguage\":\"fr-FR\"}]}<\/script>\n<!-- \/ Yoast SEO Premium plugin. -->","yoast_head_json":{"title":"FRATELLI DESIDERI Le Cene Stellate Chef Tommaso Arrigoni Il Pesto Del Re - Erresse Shop","description":"Le grand Chef milanais Tommaso Arrigoni (Chef 1 \u00e9toile Michelin), r\u00e9put\u00e9 pour sa cr\u00e9ativit\u00e9 et sa capacit\u00e9 \u00e0 allier tradition et innovation, nous offre un","robots":{"index":"index","follow":"follow","max-snippet":"max-snippet:-1","max-image-preview":"max-image-preview:large","max-video-preview":"max-video-preview:-1"},"canonical":"https:\/\/www.erresse-shop.it\/fr\/shop\/food-fr\/fratelli-desideri-le-cene-stellate-chef-tommaso-arrigoni-il-pesto-del-re\/","og_locale":"fr_FR","og_type":"article","og_title":"FRATELLI DESIDERI Le Cene Stellate Chef Tommaso Arrigoni Il Pesto Del Re","og_description":"Le grand Chef milanais Tommaso Arrigoni (Chef 1 \u00e9toile Michelin), r\u00e9put\u00e9 pour sa cr\u00e9ativit\u00e9 et sa capacit\u00e9 \u00e0 allier tradition et innovation, nous offre un","og_url":"https:\/\/www.erresse-shop.it\/fr\/shop\/food-fr\/fratelli-desideri-le-cene-stellate-chef-tommaso-arrigoni-il-pesto-del-re\/","og_site_name":"Erresse Shop","article_modified_time":"2026-02-04T10:07:15+00:00","og_image":[{"width":1200,"height":1200,"url":"https:\/\/www.erresse-shop.it\/wp-content\/uploads\/2024\/11\/FRATELLI-DESIDERI-Le-Cene-Stellate-Il-Pesto-Del-Re.jpg","type":"image\/jpeg"}],"twitter_card":"summary_large_image","schema":{"@context":"https:\/\/schema.org","@graph":[{"@type":"WebPage","@id":"https:\/\/www.erresse-shop.it\/fr\/shop\/food-fr\/fratelli-desideri-le-cene-stellate-chef-tommaso-arrigoni-il-pesto-del-re\/","url":"https:\/\/www.erresse-shop.it\/fr\/shop\/food-fr\/fratelli-desideri-le-cene-stellate-chef-tommaso-arrigoni-il-pesto-del-re\/","name":"FRATELLI DESIDERI Le Cene Stellate Chef Tommaso Arrigoni Il Pesto Del Re - Erresse Shop","isPartOf":{"@id":"https:\/\/www.erresse-shop.it\/fr\/#website"},"datePublished":"2024-11-22T08:30:48+00:00","dateModified":"2026-02-04T10:07:15+00:00","description":"Le grand Chef milanais Tommaso Arrigoni (Chef 1 \u00e9toile Michelin), r\u00e9put\u00e9 pour sa cr\u00e9ativit\u00e9 et sa capacit\u00e9 \u00e0 allier tradition et innovation, nous offre un","breadcrumb":{"@id":"https:\/\/www.erresse-shop.it\/fr\/shop\/food-fr\/fratelli-desideri-le-cene-stellate-chef-tommaso-arrigoni-il-pesto-del-re\/#breadcrumb"},"inLanguage":"fr-FR","potentialAction":[{"@type":"ReadAction","target":["https:\/\/www.erresse-shop.it\/fr\/shop\/food-fr\/fratelli-desideri-le-cene-stellate-chef-tommaso-arrigoni-il-pesto-del-re\/"]}]},{"@type":"BreadcrumbList","@id":"https:\/\/www.erresse-shop.it\/fr\/shop\/food-fr\/fratelli-desideri-le-cene-stellate-chef-tommaso-arrigoni-il-pesto-del-re\/#breadcrumb","itemListElement":[{"@type":"ListItem","position":1,"name":"Home","item":"https:\/\/www.erresse-shop.it\/fr\/"},{"@type":"ListItem","position":2,"name":"Shop","item":"https:\/\/www.erresse-shop.it\/fr\/shop\/"},{"@type":"ListItem","position":3,"name":"FRATELLI DESIDERI Le Cene Stellate Chef Tommaso Arrigoni Il Pesto Del Re"}]},{"@type":"WebSite","@id":"https:\/\/www.erresse-shop.it\/fr\/#website","url":"https:\/\/www.erresse-shop.it\/fr\/","name":"Erresse Shop","description":"Articoli di qualit\u00e0 per la casa","potentialAction":[{"@type":"SearchAction","target":{"@type":"EntryPoint","urlTemplate":"https:\/\/www.erresse-shop.it\/fr\/?s={search_term_string}"},"query-input":"required name=search_term_string"}],"inLanguage":"fr-FR"}]}},"df_price":44.95,"df_sale_price":44.95,"df_regular_price":47,"df_image_link":"https:\/\/www.erresse-shop.it\/wp-content\/uploads\/2024\/11\/FRATELLI-DESIDERI-Le-Cene-Stellate-Il-Pesto-Del-Re-300x300.jpg","_links":{"self":[{"href":"https:\/\/www.erresse-shop.it\/fr\/wp-json\/wp\/v2\/product\/450436"}],"collection":[{"href":"https:\/\/www.erresse-shop.it\/fr\/wp-json\/wp\/v2\/product"}],"about":[{"href":"https:\/\/www.erresse-shop.it\/fr\/wp-json\/wp\/v2\/types\/product"}],"wp:featuredmedia":[{"embeddable":true,"href":"https:\/\/www.erresse-shop.it\/fr\/wp-json\/wp\/v2\/media\/450460"}],"wp:attachment":[{"href":"https:\/\/www.erresse-shop.it\/fr\/wp-json\/wp\/v2\/media?parent=450436"}],"wp:term":[{"taxonomy":"product_cat","embeddable":true,"href":"https:\/\/www.erresse-shop.it\/fr\/wp-json\/wp\/v2\/product_cat?post=450436"},{"taxonomy":"product_tag","embeddable":true,"href":"https:\/\/www.erresse-shop.it\/fr\/wp-json\/wp\/v2\/product_tag?post=450436"}],"curies":[{"name":"wp","href":"https:\/\/api.w.org\/{rel}","templated":true}]}}