{"id":450342,"date":"2024-11-22T07:24:06","date_gmt":"2024-11-22T07:24:12","guid":{"rendered":"https:\/\/www.erresse-shop.it\/?post_type=product&#038;p=450342"},"modified":"2026-02-04T10:04:56","modified_gmt":"2026-02-04T10:04:56","slug":"fratelli-desideri-le-cene-stellate-chef-andrea-larossa-vecchia-latteria","status":"publish","type":"product","link":"https:\/\/www.erresse-shop.it\/fr\/shop\/food-fr\/fratelli-desideri-le-cene-stellate-chef-andrea-larossa-vecchia-latteria\/","title":{"rendered":"FRATELLI DESIDERI Le Cene Stellate Chef Andrea Larossa Vecchia Latteria"},"content":{"rendered":"<p>La <strong>Vecchia Latteria<\/strong> est sans aucun doute l&#8217;un des plats les plus embl\u00e9matiques et repr\u00e9sentatifs d&#8217;<strong>Andrea Larossa<\/strong>, qui a contribu\u00e9 de mani\u00e8re d\u00e9cisive \u00e0 lui valoir l&#8217;<strong>\u00c9toile Michelin<\/strong> et \u00e0 consolider sa renomm\u00e9e en la sc\u00e8ne internationale de la restauration gastronomique. Ce plat extraordinaire, qui allie la ma\u00eetrise technique du chef \u00e0 sa capacit\u00e9 d&#8217;innovation, est un v\u00e9ritable hommage \u00e0 la tradition gastronomique, enrichi d&#8217;une touche de modernit\u00e9 qui le rend unique et inoubliable.<\/p>\n<p>Au c\u0153ur de la recette on retrouve le <strong>riz Acquerello<\/strong>, une belle vari\u00e9t\u00e9 qui se distingue par sa qualit\u00e9 sup\u00e9rieure et sa capacit\u00e9 \u00e0 absorber impeccablement les saveurs. Le riz est cr\u00e9m\u00e9 au <strong>fromage Monte Vecchio<\/strong>, un fromage affin\u00e9 qui, par son onctuosit\u00e9 et sa saveur prononc\u00e9e, donne une structure riche et enveloppante au plat. L\u2019association de ces deux ingr\u00e9dients, qui \u00e0 eux seuls seraient d\u00e9j\u00e0 extraordinaires, cr\u00e9e une base parfaite, un \u00e9quilibre parfait de saveurs qui fondent d\u00e9licatement en bouche.<\/p>\n<p>Mais c&#8217;est l&#8217;\u00e9l\u00e9ment surprenant, la <strong>r\u00e9glisse<\/strong>, qui donne au plat une note explosive et inattendue. Avec sa saveur distinctive et l\u00e9g\u00e8rement am\u00e8re, la r\u00e9glisse parvient \u00e0 contraster et \u00e0 \u00e9quilibrer la richesse du fromage et la douceur du riz, cr\u00e9ant une synergie de saveurs qui \u00e9tonne \u00e0 chaque bouch\u00e9e. Une combinaison d&#8217;intensit\u00e9 et de raffinement qui transforme chaque go\u00fbt en une exp\u00e9rience sensorielle compl\u00e8te, capable de susciter des \u00e9motions contrast\u00e9es et fascinantes.<\/p>\n<p>Cette combinaison de saveurs et d&#8217;intensit\u00e9 est r\u00e9solument <strong>inattendue<\/strong>, mais en m\u00eame temps <strong>parfaitement \u00e9quilibr\u00e9e<\/strong>, un jeu de contrastes qui surprend et conquiert, laissant un sentiment de satisfaction et de plaisir qui dure longtemps. La <strong>Vecchia Latteria<\/strong> n&#8217;est pas seulement un plat, mais un v\u00e9ritable spectacle culinaire qui captivera l&#8217;attention de tous ceux qui la go\u00fbteront, devenant ainsi le protagoniste incontest\u00e9 de tout d\u00eener \u00e9l\u00e9gant.<\/p>\n<p>Pr\u00e9parer ce plat sur votre table sera non seulement une fa\u00e7on d&#8217;offrir un d\u00eener sp\u00e9cial, mais aussi une d\u00e9claration de fiert\u00e9 pour celui qui le cuisinera. Le soin et la pr\u00e9cision n\u00e9cessaires pour reproduire cette recette, ainsi que le plaisir de servir un plat qui porte la signature d&#8217;un chef \u00e9toil\u00e9, seront une source de satisfaction inestimable. Ce plat repr\u00e9sente le summum de la cuisine gastronomique, o\u00f9 tradition, innovation et passion se rencontrent pour donner vie \u00e0 une v\u00e9ritable \u0153uvre d&#8217;art gastronomique.<\/p>\n<p><strong>Cette recette est \u00e9labor\u00e9e \u00e0 partir d&#8217;ingr\u00e9dients sans gluten, cependant nous ne pouvons garantir le produit contre toute contamination ext\u00e9rieure.<\/strong><\/p>\n<p><strong>D\u00e9tails du produit\u00a0:<\/strong><\/p>\n<p><strong>Portions\u00a0:<\/strong> 4 personnes<br \/>\n<strong>Temps de pr\u00e9paration\u00a0:<\/strong> 25 min.<br \/>\n<strong>Difficult\u00e9\u00a0:<\/strong> Faible<\/p>\n","protected":false},"excerpt":{"rendered":"<p>La Vecchia Latteria est sans aucun doute l&#8217;un des plats les plus embl\u00e9matiques et repr\u00e9sentatifs d&#8217;Andrea Larossa, qui a contribu\u00e9<\/p>\n","protected":false},"featured_media":450385,"template":"","meta":{"_acf_changed":false,"inline_featured_image":false},"product_cat":[25933],"product_tag":[21529],"acf":[],"yoast_head":"<!-- This site is optimized with the Yoast SEO Premium plugin v18.6 (Yoast SEO v19.13) - https:\/\/yoast.com\/wordpress\/plugins\/seo\/ -->\n<title>FRATELLI DESIDERI Le Cene Stellate Chef Andrea Larossa Vecchia Latteria - Erresse Shop<\/title>\n<meta name=\"description\" content=\"La Vecchia Latteria est sans aucun doute l&#039;un des plats les plus embl\u00e9matiques et repr\u00e9sentatifs d&#039;Andrea Larossa, qui a contribu\u00e9 de mani\u00e8re d\u00e9cisive \u00e0\" \/>\n<meta name=\"robots\" content=\"index, follow, max-snippet:-1, max-image-preview:large, max-video-preview:-1\" \/>\n<link rel=\"canonical\" href=\"https:\/\/www.erresse-shop.it\/fr\/shop\/food-fr\/fratelli-desideri-le-cene-stellate-chef-andrea-larossa-vecchia-latteria\/\" \/>\n<meta property=\"og:locale\" content=\"fr_FR\" \/>\n<meta property=\"og:type\" content=\"article\" \/>\n<meta property=\"og:title\" content=\"FRATELLI DESIDERI Le Cene Stellate Chef Andrea Larossa Vecchia Latteria\" \/>\n<meta property=\"og:description\" content=\"La Vecchia Latteria est sans aucun doute l&#039;un des plats les plus embl\u00e9matiques et repr\u00e9sentatifs d&#039;Andrea Larossa, qui a contribu\u00e9 de mani\u00e8re d\u00e9cisive \u00e0\" \/>\n<meta property=\"og:url\" content=\"https:\/\/www.erresse-shop.it\/fr\/shop\/food-fr\/fratelli-desideri-le-cene-stellate-chef-andrea-larossa-vecchia-latteria\/\" \/>\n<meta property=\"og:site_name\" content=\"Erresse Shop\" \/>\n<meta property=\"article:modified_time\" content=\"2026-02-04T10:04:56+00:00\" \/>\n<meta property=\"og:image\" content=\"https:\/\/www.erresse-shop.it\/wp-content\/uploads\/2024\/11\/FRATELLI-DESIDERI-Le-Cene-Stellate-Vecchia-Latteria.jpg\" \/>\n\t<meta property=\"og:image:width\" content=\"1200\" \/>\n\t<meta property=\"og:image:height\" content=\"1200\" \/>\n\t<meta property=\"og:image:type\" content=\"image\/jpeg\" \/>\n<meta name=\"twitter:card\" content=\"summary_large_image\" \/>\n<script type=\"application\/ld+json\" class=\"yoast-schema-graph\">{\"@context\":\"https:\/\/schema.org\",\"@graph\":[{\"@type\":\"WebPage\",\"@id\":\"https:\/\/www.erresse-shop.it\/fr\/shop\/food-fr\/fratelli-desideri-le-cene-stellate-chef-andrea-larossa-vecchia-latteria\/\",\"url\":\"https:\/\/www.erresse-shop.it\/fr\/shop\/food-fr\/fratelli-desideri-le-cene-stellate-chef-andrea-larossa-vecchia-latteria\/\",\"name\":\"FRATELLI DESIDERI Le Cene Stellate Chef Andrea Larossa Vecchia Latteria - Erresse Shop\",\"isPartOf\":{\"@id\":\"https:\/\/www.erresse-shop.it\/fr\/#website\"},\"datePublished\":\"2024-11-22T07:24:12+00:00\",\"dateModified\":\"2026-02-04T10:04:56+00:00\",\"description\":\"La Vecchia Latteria est sans aucun doute l'un des plats les plus embl\u00e9matiques et repr\u00e9sentatifs d'Andrea Larossa, qui a contribu\u00e9 de mani\u00e8re d\u00e9cisive \u00e0\",\"breadcrumb\":{\"@id\":\"https:\/\/www.erresse-shop.it\/fr\/shop\/food-fr\/fratelli-desideri-le-cene-stellate-chef-andrea-larossa-vecchia-latteria\/#breadcrumb\"},\"inLanguage\":\"fr-FR\",\"potentialAction\":[{\"@type\":\"ReadAction\",\"target\":[\"https:\/\/www.erresse-shop.it\/fr\/shop\/food-fr\/fratelli-desideri-le-cene-stellate-chef-andrea-larossa-vecchia-latteria\/\"]}]},{\"@type\":\"BreadcrumbList\",\"@id\":\"https:\/\/www.erresse-shop.it\/fr\/shop\/food-fr\/fratelli-desideri-le-cene-stellate-chef-andrea-larossa-vecchia-latteria\/#breadcrumb\",\"itemListElement\":[{\"@type\":\"ListItem\",\"position\":1,\"name\":\"Home\",\"item\":\"https:\/\/www.erresse-shop.it\/fr\/\"},{\"@type\":\"ListItem\",\"position\":2,\"name\":\"Shop\",\"item\":\"https:\/\/www.erresse-shop.it\/fr\/shop\/\"},{\"@type\":\"ListItem\",\"position\":3,\"name\":\"FRATELLI DESIDERI Le Cene Stellate Chef Andrea Larossa Vecchia Latteria\"}]},{\"@type\":\"WebSite\",\"@id\":\"https:\/\/www.erresse-shop.it\/fr\/#website\",\"url\":\"https:\/\/www.erresse-shop.it\/fr\/\",\"name\":\"Erresse Shop\",\"description\":\"Articoli di qualit\u00e0 per la casa\",\"potentialAction\":[{\"@type\":\"SearchAction\",\"target\":{\"@type\":\"EntryPoint\",\"urlTemplate\":\"https:\/\/www.erresse-shop.it\/fr\/?s={search_term_string}\"},\"query-input\":\"required name=search_term_string\"}],\"inLanguage\":\"fr-FR\"}]}<\/script>\n<!-- \/ Yoast SEO Premium plugin. -->","yoast_head_json":{"title":"FRATELLI DESIDERI Le Cene Stellate Chef Andrea Larossa Vecchia Latteria - Erresse Shop","description":"La Vecchia Latteria est sans aucun doute l'un des plats les plus embl\u00e9matiques et repr\u00e9sentatifs d'Andrea Larossa, qui a contribu\u00e9 de mani\u00e8re d\u00e9cisive \u00e0","robots":{"index":"index","follow":"follow","max-snippet":"max-snippet:-1","max-image-preview":"max-image-preview:large","max-video-preview":"max-video-preview:-1"},"canonical":"https:\/\/www.erresse-shop.it\/fr\/shop\/food-fr\/fratelli-desideri-le-cene-stellate-chef-andrea-larossa-vecchia-latteria\/","og_locale":"fr_FR","og_type":"article","og_title":"FRATELLI DESIDERI Le Cene Stellate Chef Andrea Larossa Vecchia Latteria","og_description":"La Vecchia Latteria est sans aucun doute l'un des plats les plus embl\u00e9matiques et repr\u00e9sentatifs d'Andrea Larossa, qui a contribu\u00e9 de mani\u00e8re d\u00e9cisive \u00e0","og_url":"https:\/\/www.erresse-shop.it\/fr\/shop\/food-fr\/fratelli-desideri-le-cene-stellate-chef-andrea-larossa-vecchia-latteria\/","og_site_name":"Erresse Shop","article_modified_time":"2026-02-04T10:04:56+00:00","og_image":[{"width":1200,"height":1200,"url":"https:\/\/www.erresse-shop.it\/wp-content\/uploads\/2024\/11\/FRATELLI-DESIDERI-Le-Cene-Stellate-Vecchia-Latteria.jpg","type":"image\/jpeg"}],"twitter_card":"summary_large_image","schema":{"@context":"https:\/\/schema.org","@graph":[{"@type":"WebPage","@id":"https:\/\/www.erresse-shop.it\/fr\/shop\/food-fr\/fratelli-desideri-le-cene-stellate-chef-andrea-larossa-vecchia-latteria\/","url":"https:\/\/www.erresse-shop.it\/fr\/shop\/food-fr\/fratelli-desideri-le-cene-stellate-chef-andrea-larossa-vecchia-latteria\/","name":"FRATELLI DESIDERI Le Cene Stellate Chef Andrea Larossa Vecchia Latteria - Erresse Shop","isPartOf":{"@id":"https:\/\/www.erresse-shop.it\/fr\/#website"},"datePublished":"2024-11-22T07:24:12+00:00","dateModified":"2026-02-04T10:04:56+00:00","description":"La Vecchia Latteria est sans aucun doute l'un des plats les plus embl\u00e9matiques et repr\u00e9sentatifs d'Andrea Larossa, qui a contribu\u00e9 de mani\u00e8re d\u00e9cisive \u00e0","breadcrumb":{"@id":"https:\/\/www.erresse-shop.it\/fr\/shop\/food-fr\/fratelli-desideri-le-cene-stellate-chef-andrea-larossa-vecchia-latteria\/#breadcrumb"},"inLanguage":"fr-FR","potentialAction":[{"@type":"ReadAction","target":["https:\/\/www.erresse-shop.it\/fr\/shop\/food-fr\/fratelli-desideri-le-cene-stellate-chef-andrea-larossa-vecchia-latteria\/"]}]},{"@type":"BreadcrumbList","@id":"https:\/\/www.erresse-shop.it\/fr\/shop\/food-fr\/fratelli-desideri-le-cene-stellate-chef-andrea-larossa-vecchia-latteria\/#breadcrumb","itemListElement":[{"@type":"ListItem","position":1,"name":"Home","item":"https:\/\/www.erresse-shop.it\/fr\/"},{"@type":"ListItem","position":2,"name":"Shop","item":"https:\/\/www.erresse-shop.it\/fr\/shop\/"},{"@type":"ListItem","position":3,"name":"FRATELLI DESIDERI Le Cene Stellate Chef Andrea Larossa Vecchia Latteria"}]},{"@type":"WebSite","@id":"https:\/\/www.erresse-shop.it\/fr\/#website","url":"https:\/\/www.erresse-shop.it\/fr\/","name":"Erresse Shop","description":"Articoli di qualit\u00e0 per la casa","potentialAction":[{"@type":"SearchAction","target":{"@type":"EntryPoint","urlTemplate":"https:\/\/www.erresse-shop.it\/fr\/?s={search_term_string}"},"query-input":"required name=search_term_string"}],"inLanguage":"fr-FR"}]}},"df_price":42,"df_sale_price":42,"df_regular_price":42,"df_image_link":"https:\/\/www.erresse-shop.it\/wp-content\/uploads\/2024\/11\/FRATELLI-DESIDERI-Le-Cene-Stellate-Vecchia-Latteria-300x300.jpg","_links":{"self":[{"href":"https:\/\/www.erresse-shop.it\/fr\/wp-json\/wp\/v2\/product\/450342"}],"collection":[{"href":"https:\/\/www.erresse-shop.it\/fr\/wp-json\/wp\/v2\/product"}],"about":[{"href":"https:\/\/www.erresse-shop.it\/fr\/wp-json\/wp\/v2\/types\/product"}],"wp:featuredmedia":[{"embeddable":true,"href":"https:\/\/www.erresse-shop.it\/fr\/wp-json\/wp\/v2\/media\/450385"}],"wp:attachment":[{"href":"https:\/\/www.erresse-shop.it\/fr\/wp-json\/wp\/v2\/media?parent=450342"}],"wp:term":[{"taxonomy":"product_cat","embeddable":true,"href":"https:\/\/www.erresse-shop.it\/fr\/wp-json\/wp\/v2\/product_cat?post=450342"},{"taxonomy":"product_tag","embeddable":true,"href":"https:\/\/www.erresse-shop.it\/fr\/wp-json\/wp\/v2\/product_tag?post=450342"}],"curies":[{"name":"wp","href":"https:\/\/api.w.org\/{rel}","templated":true}]}}