{"id":450284,"date":"2024-11-21T15:01:44","date_gmt":"2024-11-21T15:01:45","guid":{"rendered":"https:\/\/www.erresse-shop.it\/?post_type=product&#038;p=450284"},"modified":"2026-02-24T09:44:21","modified_gmt":"2026-02-24T09:44:21","slug":"sambonet-arthur-krupp-set-de-12-ancient-wall-plats","status":"publish","type":"product","link":"https:\/\/www.erresse-shop.it\/fr\/shop\/table-fr-2\/plats\/sambonet-arthur-krupp-set-de-12-ancient-wall-plats\/","title":{"rendered":"SAMBONET ARTHUR KRUPP Set de 12 Ancient Wall Plats"},"content":{"rendered":"<p>Service de 12 assiettes, appartenant \u00e0 la collection Ancient Wall, en porcelaine finement d\u00e9cor\u00e9e. L&#8217;ensemble comprend :<\/p>\n<ul>\n<li>4 assiettes plates \u00d8 27,5 cm\u00a0;<\/li>\n<li>4 assiettes creuses \u00d8 22 cm;<\/li>\n<li>4 assiettes de fruits \u00d8 20 cm<\/li>\n<\/ul>\n<div class=\"lRu31\" dir=\"ltr\"><span class=\"HwtZe\" lang=\"fr\"><span class=\"jCAhz ChMk0b\"><span class=\"ryNqvb\">Le service d&#8217;assiettes Ancient Wall transforme chaque table en une exp\u00e9rience design, alliant style contemporain et charme industriel.<\/span><\/span><span class=\"jCAhz ChMk0b\"><span class=\"ryNqvb\"> Inspir\u00e9es par le charme intemporel des murs des b\u00e2timents industriels, ces assiettes r\u00e9interpr\u00e8tent les surfaces textur\u00e9es et les d\u00e9tails vintage avec une touche d&#8217;\u00e9l\u00e9gance et de raffinement.<\/span><\/span><span class=\"jCAhz ChMk0b\"><span class=\"ryNqvb\"> L&#8217;\u00e9clat de la porcelaine sublime les textures et les nuances de chaque pi\u00e8ce, cr\u00e9ant des jeux de lumi\u00e8re et des effets d&#8217;optique saisissants qui captivent le regard.<\/span><\/span><span class=\"jCAhz ChMk0b\"><span class=\"ryNqvb\"> Chaque assiette est mise en valeur par un contraste harmonieux entre texture et brillance, conf\u00e9rant \u00e0 la table une originalit\u00e9 et un raffinement parfaits pour les grandes occasions comme pour les repas du quotidien.<\/span><\/span><span class=\"jCAhz ChMk0b\"><span class=\"ryNqvb\"> Fabriqu\u00e9es par<strong> Arthur Krupp<\/strong>, synonyme de qualit\u00e9 et de souci du d\u00e9tail, les assiettes Ancient Wall allient esth\u00e9tique et durabilit\u00e9, offrant un produit con\u00e7u pour durer sans compromis sur le style.<\/span><\/span><span class=\"jCAhz ChMk0b\"><span class=\"ryNqvb\"> Choisissez Ancient Wall pour apporter \u00e0 votre table une \u00e9l\u00e9gance moderne et un caract\u00e8re affirm\u00e9, capable de raconter une histoire \u00e0 travers chaque d\u00e9tail.<\/span><\/span><\/span><\/div>\n","protected":false},"excerpt":{"rendered":"<p>Service de 12 assiettes, appartenant \u00e0 la collection Ancient Wall, en porcelaine finement d\u00e9cor\u00e9e. L&#8217;ensemble comprend : 4 assiettes plates<\/p>\n","protected":false},"featured_media":450295,"template":"","meta":{"_acf_changed":false,"inline_featured_image":false},"product_cat":[12788,12782],"product_tag":[17242,19357,21384],"acf":[],"yoast_head":"<!-- This site is optimized with the Yoast SEO Premium plugin v18.6 (Yoast SEO v19.13) - https:\/\/yoast.com\/wordpress\/plugins\/seo\/ -->\n<title>SAMBONET ARTHUR KRUPP Set de 12 Ancient Wall Plats - Erresse Shop<\/title>\n<meta name=\"description\" content=\"Service de 12 assiettes, appartenant \u00e0 la collection Ancient Wall, en porcelaine finement d\u00e9cor\u00e9e. L&#039;ensemble comprend : 4 assiettes plates \u00d8 27,5 cm\u00a0; 4\" \/>\n<meta name=\"robots\" content=\"index, follow, max-snippet:-1, max-image-preview:large, max-video-preview:-1\" \/>\n<link rel=\"canonical\" href=\"https:\/\/www.erresse-shop.it\/fr\/shop\/table-fr-2\/plats\/sambonet-arthur-krupp-set-de-12-ancient-wall-plats\/\" \/>\n<meta property=\"og:locale\" content=\"fr_FR\" \/>\n<meta property=\"og:type\" content=\"article\" \/>\n<meta property=\"og:title\" content=\"SAMBONET ARTHUR KRUPP Set de 12 Ancient Wall Plats\" \/>\n<meta property=\"og:description\" content=\"Service de 12 assiettes, appartenant \u00e0 la collection Ancient Wall, en porcelaine finement d\u00e9cor\u00e9e. L&#039;ensemble comprend : 4 assiettes plates \u00d8 27,5 cm\u00a0; 4\" \/>\n<meta property=\"og:url\" content=\"https:\/\/www.erresse-shop.it\/fr\/shop\/table-fr-2\/plats\/sambonet-arthur-krupp-set-de-12-ancient-wall-plats\/\" \/>\n<meta property=\"og:site_name\" content=\"Erresse Shop\" \/>\n<meta property=\"article:modified_time\" content=\"2026-02-24T09:44:21+00:00\" \/>\n<meta property=\"og:image\" content=\"https:\/\/www.erresse-shop.it\/wp-content\/uploads\/2024\/11\/SAMBONET-ARTHUR-KRUPP-Set-12-Piatti-Ancient-Wall.jpg\" \/>\n\t<meta property=\"og:image:width\" content=\"1200\" \/>\n\t<meta property=\"og:image:height\" content=\"1200\" \/>\n\t<meta property=\"og:image:type\" content=\"image\/jpeg\" \/>\n<meta name=\"twitter:card\" content=\"summary_large_image\" \/>\n<script type=\"application\/ld+json\" class=\"yoast-schema-graph\">{\"@context\":\"https:\/\/schema.org\",\"@graph\":[{\"@type\":\"WebPage\",\"@id\":\"https:\/\/www.erresse-shop.it\/fr\/shop\/table-fr-2\/plats\/sambonet-arthur-krupp-set-de-12-ancient-wall-plats\/\",\"url\":\"https:\/\/www.erresse-shop.it\/fr\/shop\/table-fr-2\/plats\/sambonet-arthur-krupp-set-de-12-ancient-wall-plats\/\",\"name\":\"SAMBONET ARTHUR KRUPP Set de 12 Ancient Wall Plats - Erresse Shop\",\"isPartOf\":{\"@id\":\"https:\/\/www.erresse-shop.it\/fr\/#website\"},\"datePublished\":\"2024-11-21T15:01:45+00:00\",\"dateModified\":\"2026-02-24T09:44:21+00:00\",\"description\":\"Service de 12 assiettes, appartenant \u00e0 la collection Ancient Wall, en porcelaine finement d\u00e9cor\u00e9e. L'ensemble comprend : 4 assiettes plates \u00d8 27,5 cm\u00a0; 4\",\"breadcrumb\":{\"@id\":\"https:\/\/www.erresse-shop.it\/fr\/shop\/table-fr-2\/plats\/sambonet-arthur-krupp-set-de-12-ancient-wall-plats\/#breadcrumb\"},\"inLanguage\":\"fr-FR\",\"potentialAction\":[{\"@type\":\"ReadAction\",\"target\":[\"https:\/\/www.erresse-shop.it\/fr\/shop\/table-fr-2\/plats\/sambonet-arthur-krupp-set-de-12-ancient-wall-plats\/\"]}]},{\"@type\":\"BreadcrumbList\",\"@id\":\"https:\/\/www.erresse-shop.it\/fr\/shop\/table-fr-2\/plats\/sambonet-arthur-krupp-set-de-12-ancient-wall-plats\/#breadcrumb\",\"itemListElement\":[{\"@type\":\"ListItem\",\"position\":1,\"name\":\"Home\",\"item\":\"https:\/\/www.erresse-shop.it\/fr\/\"},{\"@type\":\"ListItem\",\"position\":2,\"name\":\"Shop\",\"item\":\"https:\/\/www.erresse-shop.it\/fr\/shop\/\"},{\"@type\":\"ListItem\",\"position\":3,\"name\":\"SAMBONET ARTHUR KRUPP Set de 12 Ancient Wall Plats\"}]},{\"@type\":\"WebSite\",\"@id\":\"https:\/\/www.erresse-shop.it\/fr\/#website\",\"url\":\"https:\/\/www.erresse-shop.it\/fr\/\",\"name\":\"Erresse Shop\",\"description\":\"Articoli di qualit\u00e0 per la casa\",\"potentialAction\":[{\"@type\":\"SearchAction\",\"target\":{\"@type\":\"EntryPoint\",\"urlTemplate\":\"https:\/\/www.erresse-shop.it\/fr\/?s={search_term_string}\"},\"query-input\":\"required name=search_term_string\"}],\"inLanguage\":\"fr-FR\"}]}<\/script>\n<!-- \/ Yoast SEO Premium plugin. -->","yoast_head_json":{"title":"SAMBONET ARTHUR KRUPP Set de 12 Ancient Wall Plats - Erresse Shop","description":"Service de 12 assiettes, appartenant \u00e0 la collection Ancient Wall, en porcelaine finement d\u00e9cor\u00e9e. L'ensemble comprend : 4 assiettes plates \u00d8 27,5 cm\u00a0; 4","robots":{"index":"index","follow":"follow","max-snippet":"max-snippet:-1","max-image-preview":"max-image-preview:large","max-video-preview":"max-video-preview:-1"},"canonical":"https:\/\/www.erresse-shop.it\/fr\/shop\/table-fr-2\/plats\/sambonet-arthur-krupp-set-de-12-ancient-wall-plats\/","og_locale":"fr_FR","og_type":"article","og_title":"SAMBONET ARTHUR KRUPP Set de 12 Ancient Wall Plats","og_description":"Service de 12 assiettes, appartenant \u00e0 la collection Ancient Wall, en porcelaine finement d\u00e9cor\u00e9e. L'ensemble comprend : 4 assiettes plates \u00d8 27,5 cm\u00a0; 4","og_url":"https:\/\/www.erresse-shop.it\/fr\/shop\/table-fr-2\/plats\/sambonet-arthur-krupp-set-de-12-ancient-wall-plats\/","og_site_name":"Erresse Shop","article_modified_time":"2026-02-24T09:44:21+00:00","og_image":[{"width":1200,"height":1200,"url":"https:\/\/www.erresse-shop.it\/wp-content\/uploads\/2024\/11\/SAMBONET-ARTHUR-KRUPP-Set-12-Piatti-Ancient-Wall.jpg","type":"image\/jpeg"}],"twitter_card":"summary_large_image","schema":{"@context":"https:\/\/schema.org","@graph":[{"@type":"WebPage","@id":"https:\/\/www.erresse-shop.it\/fr\/shop\/table-fr-2\/plats\/sambonet-arthur-krupp-set-de-12-ancient-wall-plats\/","url":"https:\/\/www.erresse-shop.it\/fr\/shop\/table-fr-2\/plats\/sambonet-arthur-krupp-set-de-12-ancient-wall-plats\/","name":"SAMBONET ARTHUR KRUPP Set de 12 Ancient Wall Plats - Erresse Shop","isPartOf":{"@id":"https:\/\/www.erresse-shop.it\/fr\/#website"},"datePublished":"2024-11-21T15:01:45+00:00","dateModified":"2026-02-24T09:44:21+00:00","description":"Service de 12 assiettes, appartenant \u00e0 la collection Ancient Wall, en porcelaine finement d\u00e9cor\u00e9e. L'ensemble comprend : 4 assiettes plates \u00d8 27,5 cm\u00a0; 4","breadcrumb":{"@id":"https:\/\/www.erresse-shop.it\/fr\/shop\/table-fr-2\/plats\/sambonet-arthur-krupp-set-de-12-ancient-wall-plats\/#breadcrumb"},"inLanguage":"fr-FR","potentialAction":[{"@type":"ReadAction","target":["https:\/\/www.erresse-shop.it\/fr\/shop\/table-fr-2\/plats\/sambonet-arthur-krupp-set-de-12-ancient-wall-plats\/"]}]},{"@type":"BreadcrumbList","@id":"https:\/\/www.erresse-shop.it\/fr\/shop\/table-fr-2\/plats\/sambonet-arthur-krupp-set-de-12-ancient-wall-plats\/#breadcrumb","itemListElement":[{"@type":"ListItem","position":1,"name":"Home","item":"https:\/\/www.erresse-shop.it\/fr\/"},{"@type":"ListItem","position":2,"name":"Shop","item":"https:\/\/www.erresse-shop.it\/fr\/shop\/"},{"@type":"ListItem","position":3,"name":"SAMBONET ARTHUR KRUPP Set de 12 Ancient Wall Plats"}]},{"@type":"WebSite","@id":"https:\/\/www.erresse-shop.it\/fr\/#website","url":"https:\/\/www.erresse-shop.it\/fr\/","name":"Erresse Shop","description":"Articoli di qualit\u00e0 per la casa","potentialAction":[{"@type":"SearchAction","target":{"@type":"EntryPoint","urlTemplate":"https:\/\/www.erresse-shop.it\/fr\/?s={search_term_string}"},"query-input":"required name=search_term_string"}],"inLanguage":"fr-FR"}]}},"df_price":49.99,"df_sale_price":49.99,"df_regular_price":219,"df_image_link":"https:\/\/www.erresse-shop.it\/wp-content\/uploads\/2024\/11\/SAMBONET-ARTHUR-KRUPP-Set-12-Piatti-Ancient-Wall-300x300.jpg","_links":{"self":[{"href":"https:\/\/www.erresse-shop.it\/fr\/wp-json\/wp\/v2\/product\/450284"}],"collection":[{"href":"https:\/\/www.erresse-shop.it\/fr\/wp-json\/wp\/v2\/product"}],"about":[{"href":"https:\/\/www.erresse-shop.it\/fr\/wp-json\/wp\/v2\/types\/product"}],"wp:featuredmedia":[{"embeddable":true,"href":"https:\/\/www.erresse-shop.it\/fr\/wp-json\/wp\/v2\/media\/450295"}],"wp:attachment":[{"href":"https:\/\/www.erresse-shop.it\/fr\/wp-json\/wp\/v2\/media?parent=450284"}],"wp:term":[{"taxonomy":"product_cat","embeddable":true,"href":"https:\/\/www.erresse-shop.it\/fr\/wp-json\/wp\/v2\/product_cat?post=450284"},{"taxonomy":"product_tag","embeddable":true,"href":"https:\/\/www.erresse-shop.it\/fr\/wp-json\/wp\/v2\/product_tag?post=450284"}],"curies":[{"name":"wp","href":"https:\/\/api.w.org\/{rel}","templated":true}]}}