{"id":450256,"date":"2024-11-21T13:22:05","date_gmt":"2024-11-21T13:22:06","guid":{"rendered":"https:\/\/www.erresse-shop.it\/?post_type=product&#038;p=450256"},"modified":"2026-02-24T09:53:57","modified_gmt":"2026-02-24T09:53:57","slug":"galateo-friends-rossetto-vinaigre-de-tomate-250-ml","status":"publish","type":"product","link":"https:\/\/www.erresse-shop.it\/fr\/shop\/table-fr-2\/huile-vinaigre-sel\/galateo-friends-rossetto-vinaigre-de-tomate-250-ml\/","title":{"rendered":"GALATEO &#038; FRIENDS Rossetto Vinaigre de Tomate 250 ml"},"content":{"rendered":"<div class=\"flex-shrink-0 flex flex-col relative items-end\">\n<div>\n<div class=\"gizmo-bot-avatar flex h-8 w-8 \u00e9l\u00e9ments-centre justifier-centre d\u00e9bordement-cach\u00e9 arrondi-plein\">\n<div class=\"relative p-1 arrondi-sm \u00e9l\u00e9ments flexibles-centre justifier-centre bg-token-main-surface-primary text-token-text-primary h-8 w-8\">\n<p>D\u00e9couvrez la saveur unique et intense du <strong>Rossetto Vinaigre de Tomate<\/strong>, un condiment polyvalent et innovant qui apporte \u00e0 la table toute la fra\u00eecheur et la douceur des tomates m\u00fbries au soleil. Dans cette bouteille de 250 ml, vous trouverez un vinaigre au go\u00fbt d\u00e9licat mais fort, parfait pour sublimer les plats frais et les recettes cr\u00e9atives.<\/p>\n<p><strong>Principales fonctionnalit\u00e9s\u00a0:<\/strong><\/p>\n<ul>\n<li>Go\u00fbt frais et \u00e9quilibr\u00e9, qui rehausse les plats d&#8217;une note unique et originale.<\/li>\n<li>Excellent pour ceux qui recherchent une alternative aux vinaigres traditionnels, avec la saveur naturelle de la tomate.<\/li>\n<li>Flacon de 250 ml, id\u00e9al pour un usage quotidien ou pour donner une touche sp\u00e9ciale \u00e0 vos recettes.<\/li>\n<\/ul>\n<p>Choisissez le <strong>Rossetto Vinaigre de Tomate <\/strong>pour enrichir votre cuisine d&#8217;un ingr\u00e9dient innovant et savoureux, qui apportera une bouff\u00e9e de fra\u00eecheur et de cr\u00e9ativit\u00e9 \u00e0 vos plats. Un condiment parfait pour ceux qui aiment exp\u00e9rimenter de nouvelles saveurs et pour ceux qui recherchent l&#8217;authenticit\u00e9 de la cuisine italienne.<\/p>\n<\/div>\n<\/div>\n<\/div>\n<\/div>\n","protected":false},"excerpt":{"rendered":"<p>D\u00e9couvrez la saveur unique et intense du Rossetto Vinaigre de Tomate, un condiment polyvalent et innovant qui apporte \u00e0 la<\/p>\n","protected":false},"featured_media":450261,"template":"","meta":{"_acf_changed":false,"inline_featured_image":false},"product_cat":[25933,20473,12782],"product_tag":[14430],"acf":[],"yoast_head":"<!-- This site is optimized with the Yoast SEO Premium plugin v18.6 (Yoast SEO v19.13) - https:\/\/yoast.com\/wordpress\/plugins\/seo\/ -->\n<title>GALATEO &amp; FRIENDS Rossetto Vinaigre de Tomate 250 ml - Erresse Shop<\/title>\n<meta name=\"description\" content=\"D\u00e9couvrez la saveur unique et intense du Rossetto Vinaigre de Tomate, un condiment polyvalent et innovant qui apporte \u00e0 la table toute la fra\u00eecheur et la\" \/>\n<meta name=\"robots\" content=\"index, follow, max-snippet:-1, max-image-preview:large, max-video-preview:-1\" \/>\n<link rel=\"canonical\" href=\"https:\/\/www.erresse-shop.it\/fr\/shop\/table-fr-2\/huile-vinaigre-sel\/galateo-friends-rossetto-vinaigre-de-tomate-250-ml\/\" \/>\n<meta property=\"og:locale\" content=\"fr_FR\" \/>\n<meta property=\"og:type\" content=\"article\" \/>\n<meta property=\"og:title\" content=\"GALATEO &amp; FRIENDS Rossetto Vinaigre de Tomate 250 ml\" \/>\n<meta property=\"og:description\" content=\"D\u00e9couvrez la saveur unique et intense du Rossetto Vinaigre de Tomate, un condiment polyvalent et innovant qui apporte \u00e0 la table toute la fra\u00eecheur et la\" \/>\n<meta property=\"og:url\" content=\"https:\/\/www.erresse-shop.it\/fr\/shop\/table-fr-2\/huile-vinaigre-sel\/galateo-friends-rossetto-vinaigre-de-tomate-250-ml\/\" \/>\n<meta property=\"og:site_name\" content=\"Erresse Shop\" \/>\n<meta property=\"article:modified_time\" content=\"2026-02-24T09:53:57+00:00\" \/>\n<meta property=\"og:image\" content=\"https:\/\/www.erresse-shop.it\/wp-content\/uploads\/2024\/11\/GALATEO-FRIENDS-Rossetto-Aceto-di-Pomodoro-250-ml.jpg\" \/>\n\t<meta property=\"og:image:width\" content=\"1200\" \/>\n\t<meta property=\"og:image:height\" content=\"1200\" \/>\n\t<meta property=\"og:image:type\" content=\"image\/jpeg\" \/>\n<meta name=\"twitter:card\" content=\"summary_large_image\" \/>\n<script type=\"application\/ld+json\" class=\"yoast-schema-graph\">{\"@context\":\"https:\/\/schema.org\",\"@graph\":[{\"@type\":\"WebPage\",\"@id\":\"https:\/\/www.erresse-shop.it\/fr\/shop\/table-fr-2\/huile-vinaigre-sel\/galateo-friends-rossetto-vinaigre-de-tomate-250-ml\/\",\"url\":\"https:\/\/www.erresse-shop.it\/fr\/shop\/table-fr-2\/huile-vinaigre-sel\/galateo-friends-rossetto-vinaigre-de-tomate-250-ml\/\",\"name\":\"GALATEO & FRIENDS Rossetto Vinaigre de Tomate 250 ml - Erresse Shop\",\"isPartOf\":{\"@id\":\"https:\/\/www.erresse-shop.it\/fr\/#website\"},\"datePublished\":\"2024-11-21T13:22:06+00:00\",\"dateModified\":\"2026-02-24T09:53:57+00:00\",\"description\":\"D\u00e9couvrez la saveur unique et intense du Rossetto Vinaigre de Tomate, un condiment polyvalent et innovant qui apporte \u00e0 la table toute la fra\u00eecheur et la\",\"breadcrumb\":{\"@id\":\"https:\/\/www.erresse-shop.it\/fr\/shop\/table-fr-2\/huile-vinaigre-sel\/galateo-friends-rossetto-vinaigre-de-tomate-250-ml\/#breadcrumb\"},\"inLanguage\":\"fr-FR\",\"potentialAction\":[{\"@type\":\"ReadAction\",\"target\":[\"https:\/\/www.erresse-shop.it\/fr\/shop\/table-fr-2\/huile-vinaigre-sel\/galateo-friends-rossetto-vinaigre-de-tomate-250-ml\/\"]}]},{\"@type\":\"BreadcrumbList\",\"@id\":\"https:\/\/www.erresse-shop.it\/fr\/shop\/table-fr-2\/huile-vinaigre-sel\/galateo-friends-rossetto-vinaigre-de-tomate-250-ml\/#breadcrumb\",\"itemListElement\":[{\"@type\":\"ListItem\",\"position\":1,\"name\":\"Home\",\"item\":\"https:\/\/www.erresse-shop.it\/fr\/\"},{\"@type\":\"ListItem\",\"position\":2,\"name\":\"Shop\",\"item\":\"https:\/\/www.erresse-shop.it\/fr\/shop\/\"},{\"@type\":\"ListItem\",\"position\":3,\"name\":\"GALATEO &#038; FRIENDS Rossetto Vinaigre de Tomate 250 ml\"}]},{\"@type\":\"WebSite\",\"@id\":\"https:\/\/www.erresse-shop.it\/fr\/#website\",\"url\":\"https:\/\/www.erresse-shop.it\/fr\/\",\"name\":\"Erresse Shop\",\"description\":\"Articoli di qualit\u00e0 per la casa\",\"potentialAction\":[{\"@type\":\"SearchAction\",\"target\":{\"@type\":\"EntryPoint\",\"urlTemplate\":\"https:\/\/www.erresse-shop.it\/fr\/?s={search_term_string}\"},\"query-input\":\"required name=search_term_string\"}],\"inLanguage\":\"fr-FR\"}]}<\/script>\n<!-- \/ Yoast SEO Premium plugin. -->","yoast_head_json":{"title":"GALATEO & FRIENDS Rossetto Vinaigre de Tomate 250 ml - Erresse Shop","description":"D\u00e9couvrez la saveur unique et intense du Rossetto Vinaigre de Tomate, un condiment polyvalent et innovant qui apporte \u00e0 la table toute la fra\u00eecheur et la","robots":{"index":"index","follow":"follow","max-snippet":"max-snippet:-1","max-image-preview":"max-image-preview:large","max-video-preview":"max-video-preview:-1"},"canonical":"https:\/\/www.erresse-shop.it\/fr\/shop\/table-fr-2\/huile-vinaigre-sel\/galateo-friends-rossetto-vinaigre-de-tomate-250-ml\/","og_locale":"fr_FR","og_type":"article","og_title":"GALATEO & FRIENDS Rossetto Vinaigre de Tomate 250 ml","og_description":"D\u00e9couvrez la saveur unique et intense du Rossetto Vinaigre de Tomate, un condiment polyvalent et innovant qui apporte \u00e0 la table toute la fra\u00eecheur et la","og_url":"https:\/\/www.erresse-shop.it\/fr\/shop\/table-fr-2\/huile-vinaigre-sel\/galateo-friends-rossetto-vinaigre-de-tomate-250-ml\/","og_site_name":"Erresse Shop","article_modified_time":"2026-02-24T09:53:57+00:00","og_image":[{"width":1200,"height":1200,"url":"https:\/\/www.erresse-shop.it\/wp-content\/uploads\/2024\/11\/GALATEO-FRIENDS-Rossetto-Aceto-di-Pomodoro-250-ml.jpg","type":"image\/jpeg"}],"twitter_card":"summary_large_image","schema":{"@context":"https:\/\/schema.org","@graph":[{"@type":"WebPage","@id":"https:\/\/www.erresse-shop.it\/fr\/shop\/table-fr-2\/huile-vinaigre-sel\/galateo-friends-rossetto-vinaigre-de-tomate-250-ml\/","url":"https:\/\/www.erresse-shop.it\/fr\/shop\/table-fr-2\/huile-vinaigre-sel\/galateo-friends-rossetto-vinaigre-de-tomate-250-ml\/","name":"GALATEO & FRIENDS Rossetto Vinaigre de Tomate 250 ml - Erresse Shop","isPartOf":{"@id":"https:\/\/www.erresse-shop.it\/fr\/#website"},"datePublished":"2024-11-21T13:22:06+00:00","dateModified":"2026-02-24T09:53:57+00:00","description":"D\u00e9couvrez la saveur unique et intense du Rossetto Vinaigre de Tomate, un condiment polyvalent et innovant qui apporte \u00e0 la table toute la fra\u00eecheur et la","breadcrumb":{"@id":"https:\/\/www.erresse-shop.it\/fr\/shop\/table-fr-2\/huile-vinaigre-sel\/galateo-friends-rossetto-vinaigre-de-tomate-250-ml\/#breadcrumb"},"inLanguage":"fr-FR","potentialAction":[{"@type":"ReadAction","target":["https:\/\/www.erresse-shop.it\/fr\/shop\/table-fr-2\/huile-vinaigre-sel\/galateo-friends-rossetto-vinaigre-de-tomate-250-ml\/"]}]},{"@type":"BreadcrumbList","@id":"https:\/\/www.erresse-shop.it\/fr\/shop\/table-fr-2\/huile-vinaigre-sel\/galateo-friends-rossetto-vinaigre-de-tomate-250-ml\/#breadcrumb","itemListElement":[{"@type":"ListItem","position":1,"name":"Home","item":"https:\/\/www.erresse-shop.it\/fr\/"},{"@type":"ListItem","position":2,"name":"Shop","item":"https:\/\/www.erresse-shop.it\/fr\/shop\/"},{"@type":"ListItem","position":3,"name":"GALATEO &#038; FRIENDS Rossetto Vinaigre de Tomate 250 ml"}]},{"@type":"WebSite","@id":"https:\/\/www.erresse-shop.it\/fr\/#website","url":"https:\/\/www.erresse-shop.it\/fr\/","name":"Erresse Shop","description":"Articoli di qualit\u00e0 per la casa","potentialAction":[{"@type":"SearchAction","target":{"@type":"EntryPoint","urlTemplate":"https:\/\/www.erresse-shop.it\/fr\/?s={search_term_string}"},"query-input":"required name=search_term_string"}],"inLanguage":"fr-FR"}]}},"df_price":14,"df_sale_price":14,"df_regular_price":14,"df_image_link":"https:\/\/www.erresse-shop.it\/wp-content\/uploads\/2024\/11\/GALATEO-FRIENDS-Rossetto-Aceto-di-Pomodoro-250-ml-300x300.jpg","_links":{"self":[{"href":"https:\/\/www.erresse-shop.it\/fr\/wp-json\/wp\/v2\/product\/450256"}],"collection":[{"href":"https:\/\/www.erresse-shop.it\/fr\/wp-json\/wp\/v2\/product"}],"about":[{"href":"https:\/\/www.erresse-shop.it\/fr\/wp-json\/wp\/v2\/types\/product"}],"wp:featuredmedia":[{"embeddable":true,"href":"https:\/\/www.erresse-shop.it\/fr\/wp-json\/wp\/v2\/media\/450261"}],"wp:attachment":[{"href":"https:\/\/www.erresse-shop.it\/fr\/wp-json\/wp\/v2\/media?parent=450256"}],"wp:term":[{"taxonomy":"product_cat","embeddable":true,"href":"https:\/\/www.erresse-shop.it\/fr\/wp-json\/wp\/v2\/product_cat?post=450256"},{"taxonomy":"product_tag","embeddable":true,"href":"https:\/\/www.erresse-shop.it\/fr\/wp-json\/wp\/v2\/product_tag?post=450256"}],"curies":[{"name":"wp","href":"https:\/\/api.w.org\/{rel}","templated":true}]}}