{"id":450216,"date":"2024-11-21T11:06:17","date_gmt":"2024-11-21T11:06:18","guid":{"rendered":"https:\/\/www.erresse-shop.it\/?post_type=product&#038;p=450216"},"modified":"2024-11-21T11:22:42","modified_gmt":"2024-11-21T11:22:42","slug":"les-jardins-de-la-comtesse-panier-pique-nique-6-personnes-marine-copia","status":"publish","type":"product","link":"https:\/\/www.erresse-shop.it\/fr\/shop\/table-fr-2\/paniers-pique-nique\/les-jardins-de-la-comtesse-panier-pique-nique-6-personnes-marine-copia\/","title":{"rendered":"LES JARDINS DE LA COMTESSE Panier Pique-nique 6 Personnes Trianon"},"content":{"rendered":"<div style=\"text-align: justifier;\">\n<div>\n<div>Un <strong>panier<\/strong> raffin\u00e9 avec bretelles, poign\u00e9e et bandouli\u00e8re r\u00e9glable en cuir v\u00e9ritable lisse et surpiqu\u00e9.<\/div>\n<div>La poign\u00e9e sur le dessus permet de le transporter horizontalement sans basculer les plats pr\u00e9par\u00e9s.<\/div>\n<div>Innover ? Son tissu en toile enduite, facile \u00e0 nettoyer. N&#8217;ayez plus peur de salir votre\u00a0<strong>panier<\/strong>, il suffit de lui passer une \u00e9ponge et il est \u00e0 nouveau propre\u00a0! Il restera toujours parfait, lors de tous vos\u00a0<strong>pique-niques<\/strong>.<\/div>\n<div>Le fond forme un grand compartiment isotherme pour conserver les produits au frais. A l&#8217;int\u00e9rieur, vous trouverez des verres maintenus par des lacets en cuir, des lani\u00e8res en cuir pour maintenir une bouteille et un sac \u00e0 main avec des couverts design en acier inoxydable poli \u00e0 l&#8217;int\u00e9rieur.<\/div>\n<div>Le\u00a0<strong>panier<\/strong>\u00a0id\u00e9al pour un pique-nique.<\/div>\n<\/div>\n<p><strong>CONTENU<\/strong><\/p>\n<ul>\n<li>6 assiettes (diam\u00e8tre 20,5 cm) en c\u00e9ramique blanche. Les plaques sont maintenues par des lani\u00e8res de cuir cousues lisses double face.<\/li>\n<li>6 verres de vin (12 cl)<\/li>\n<li>Un petit sac contenant 6 couteaux, 6 fourchettes et 6 cuill\u00e8res \u00e0 caf\u00e9 design en acier inoxydable poli.<\/li>\n<li>Sali\u00e8re et poivri\u00e8re en m\u00e9tal dans sa fermeture en cuir.<\/li>\n<li>Un tire-bouchon dans sa fermeture en cuir.<\/li>\n<li>2 lani\u00e8res en cuir pour maintenir une bouteille.<\/li>\n<li>2 lani\u00e8res en cuir pour maintenir le sac \u00e0 main avec les couverts<\/li>\n<\/ul>\n<p>Dimensions : 52 x 36 x 27 cm<\/p>\n<p>Poids : 6 200 kg<\/p>\n<\/div>\n","protected":false},"excerpt":{"rendered":"<p>Un panier raffin\u00e9 avec bretelles, poign\u00e9e et bandouli\u00e8re r\u00e9glable en cuir v\u00e9ritable lisse et surpiqu\u00e9. La poign\u00e9e sur le dessus<\/p>\n","protected":false},"featured_media":450233,"template":"","meta":{"_acf_changed":false,"inline_featured_image":false},"product_cat":[15510,12782],"product_tag":[13384,13485,15502,24603],"acf":[],"yoast_head":"<!-- This site is optimized with the Yoast SEO Premium plugin v18.6 (Yoast SEO v19.13) - https:\/\/yoast.com\/wordpress\/plugins\/seo\/ -->\n<title>LES JARDINS DE LA COMTESSE Panier Pique-nique 6 Personnes Trianon - Erresse Shop<\/title>\n<meta name=\"description\" content=\"Un panier raffin\u00e9 avec bretelles, poign\u00e9e et bandouli\u00e8re r\u00e9glable en cuir v\u00e9ritable lisse et surpiqu\u00e9. La poign\u00e9e sur le dessus permet de le transporter\" \/>\n<meta name=\"robots\" content=\"index, follow, max-snippet:-1, max-image-preview:large, max-video-preview:-1\" \/>\n<link rel=\"canonical\" href=\"https:\/\/www.erresse-shop.it\/fr\/shop\/table-fr-2\/paniers-pique-nique\/les-jardins-de-la-comtesse-panier-pique-nique-6-personnes-marine-copia\/\" \/>\n<meta property=\"og:locale\" content=\"fr_FR\" \/>\n<meta property=\"og:type\" content=\"article\" \/>\n<meta property=\"og:title\" content=\"LES JARDINS DE LA COMTESSE Panier Pique-nique 6 Personnes Trianon\" \/>\n<meta property=\"og:description\" content=\"Un panier raffin\u00e9 avec bretelles, poign\u00e9e et bandouli\u00e8re r\u00e9glable en cuir v\u00e9ritable lisse et surpiqu\u00e9. La poign\u00e9e sur le dessus permet de le transporter\" \/>\n<meta property=\"og:url\" content=\"https:\/\/www.erresse-shop.it\/fr\/shop\/table-fr-2\/paniers-pique-nique\/les-jardins-de-la-comtesse-panier-pique-nique-6-personnes-marine-copia\/\" \/>\n<meta property=\"og:site_name\" content=\"Erresse Shop\" \/>\n<meta property=\"article:modified_time\" content=\"2024-11-21T11:22:42+00:00\" \/>\n<meta property=\"og:image\" content=\"https:\/\/www.erresse-shop.it\/wp-content\/uploads\/2024\/11\/LES-JARDINS-DE-LA-COMTESSE-Cestino-Picnic-6-Persone-Trianon.jpg\" \/>\n\t<meta property=\"og:image:width\" content=\"1200\" \/>\n\t<meta property=\"og:image:height\" content=\"1200\" \/>\n\t<meta property=\"og:image:type\" content=\"image\/jpeg\" \/>\n<meta name=\"twitter:card\" content=\"summary_large_image\" \/>\n<script type=\"application\/ld+json\" class=\"yoast-schema-graph\">{\"@context\":\"https:\/\/schema.org\",\"@graph\":[{\"@type\":\"WebPage\",\"@id\":\"https:\/\/www.erresse-shop.it\/fr\/shop\/table-fr-2\/paniers-pique-nique\/les-jardins-de-la-comtesse-panier-pique-nique-6-personnes-marine-copia\/\",\"url\":\"https:\/\/www.erresse-shop.it\/fr\/shop\/table-fr-2\/paniers-pique-nique\/les-jardins-de-la-comtesse-panier-pique-nique-6-personnes-marine-copia\/\",\"name\":\"LES JARDINS DE LA COMTESSE Panier Pique-nique 6 Personnes Trianon - Erresse Shop\",\"isPartOf\":{\"@id\":\"https:\/\/www.erresse-shop.it\/fr\/#website\"},\"datePublished\":\"2024-11-21T11:06:18+00:00\",\"dateModified\":\"2024-11-21T11:22:42+00:00\",\"description\":\"Un panier raffin\u00e9 avec bretelles, poign\u00e9e et bandouli\u00e8re r\u00e9glable en cuir v\u00e9ritable lisse et surpiqu\u00e9. La poign\u00e9e sur le dessus permet de le transporter\",\"breadcrumb\":{\"@id\":\"https:\/\/www.erresse-shop.it\/fr\/shop\/table-fr-2\/paniers-pique-nique\/les-jardins-de-la-comtesse-panier-pique-nique-6-personnes-marine-copia\/#breadcrumb\"},\"inLanguage\":\"fr-FR\",\"potentialAction\":[{\"@type\":\"ReadAction\",\"target\":[\"https:\/\/www.erresse-shop.it\/fr\/shop\/table-fr-2\/paniers-pique-nique\/les-jardins-de-la-comtesse-panier-pique-nique-6-personnes-marine-copia\/\"]}]},{\"@type\":\"BreadcrumbList\",\"@id\":\"https:\/\/www.erresse-shop.it\/fr\/shop\/table-fr-2\/paniers-pique-nique\/les-jardins-de-la-comtesse-panier-pique-nique-6-personnes-marine-copia\/#breadcrumb\",\"itemListElement\":[{\"@type\":\"ListItem\",\"position\":1,\"name\":\"Home\",\"item\":\"https:\/\/www.erresse-shop.it\/fr\/\"},{\"@type\":\"ListItem\",\"position\":2,\"name\":\"Shop\",\"item\":\"https:\/\/www.erresse-shop.it\/fr\/shop\/\"},{\"@type\":\"ListItem\",\"position\":3,\"name\":\"LES JARDINS DE LA COMTESSE Panier Pique-nique 6 Personnes Trianon\"}]},{\"@type\":\"WebSite\",\"@id\":\"https:\/\/www.erresse-shop.it\/fr\/#website\",\"url\":\"https:\/\/www.erresse-shop.it\/fr\/\",\"name\":\"Erresse Shop\",\"description\":\"Articoli di qualit\u00e0 per la casa\",\"potentialAction\":[{\"@type\":\"SearchAction\",\"target\":{\"@type\":\"EntryPoint\",\"urlTemplate\":\"https:\/\/www.erresse-shop.it\/fr\/?s={search_term_string}\"},\"query-input\":\"required name=search_term_string\"}],\"inLanguage\":\"fr-FR\"}]}<\/script>\n<!-- \/ Yoast SEO Premium plugin. -->","yoast_head_json":{"title":"LES JARDINS DE LA COMTESSE Panier Pique-nique 6 Personnes Trianon - Erresse Shop","description":"Un panier raffin\u00e9 avec bretelles, poign\u00e9e et bandouli\u00e8re r\u00e9glable en cuir v\u00e9ritable lisse et surpiqu\u00e9. La poign\u00e9e sur le dessus permet de le transporter","robots":{"index":"index","follow":"follow","max-snippet":"max-snippet:-1","max-image-preview":"max-image-preview:large","max-video-preview":"max-video-preview:-1"},"canonical":"https:\/\/www.erresse-shop.it\/fr\/shop\/table-fr-2\/paniers-pique-nique\/les-jardins-de-la-comtesse-panier-pique-nique-6-personnes-marine-copia\/","og_locale":"fr_FR","og_type":"article","og_title":"LES JARDINS DE LA COMTESSE Panier Pique-nique 6 Personnes Trianon","og_description":"Un panier raffin\u00e9 avec bretelles, poign\u00e9e et bandouli\u00e8re r\u00e9glable en cuir v\u00e9ritable lisse et surpiqu\u00e9. La poign\u00e9e sur le dessus permet de le transporter","og_url":"https:\/\/www.erresse-shop.it\/fr\/shop\/table-fr-2\/paniers-pique-nique\/les-jardins-de-la-comtesse-panier-pique-nique-6-personnes-marine-copia\/","og_site_name":"Erresse Shop","article_modified_time":"2024-11-21T11:22:42+00:00","og_image":[{"width":1200,"height":1200,"url":"https:\/\/www.erresse-shop.it\/wp-content\/uploads\/2024\/11\/LES-JARDINS-DE-LA-COMTESSE-Cestino-Picnic-6-Persone-Trianon.jpg","type":"image\/jpeg"}],"twitter_card":"summary_large_image","schema":{"@context":"https:\/\/schema.org","@graph":[{"@type":"WebPage","@id":"https:\/\/www.erresse-shop.it\/fr\/shop\/table-fr-2\/paniers-pique-nique\/les-jardins-de-la-comtesse-panier-pique-nique-6-personnes-marine-copia\/","url":"https:\/\/www.erresse-shop.it\/fr\/shop\/table-fr-2\/paniers-pique-nique\/les-jardins-de-la-comtesse-panier-pique-nique-6-personnes-marine-copia\/","name":"LES JARDINS DE LA COMTESSE Panier Pique-nique 6 Personnes Trianon - Erresse Shop","isPartOf":{"@id":"https:\/\/www.erresse-shop.it\/fr\/#website"},"datePublished":"2024-11-21T11:06:18+00:00","dateModified":"2024-11-21T11:22:42+00:00","description":"Un panier raffin\u00e9 avec bretelles, poign\u00e9e et bandouli\u00e8re r\u00e9glable en cuir v\u00e9ritable lisse et surpiqu\u00e9. La poign\u00e9e sur le dessus permet de le transporter","breadcrumb":{"@id":"https:\/\/www.erresse-shop.it\/fr\/shop\/table-fr-2\/paniers-pique-nique\/les-jardins-de-la-comtesse-panier-pique-nique-6-personnes-marine-copia\/#breadcrumb"},"inLanguage":"fr-FR","potentialAction":[{"@type":"ReadAction","target":["https:\/\/www.erresse-shop.it\/fr\/shop\/table-fr-2\/paniers-pique-nique\/les-jardins-de-la-comtesse-panier-pique-nique-6-personnes-marine-copia\/"]}]},{"@type":"BreadcrumbList","@id":"https:\/\/www.erresse-shop.it\/fr\/shop\/table-fr-2\/paniers-pique-nique\/les-jardins-de-la-comtesse-panier-pique-nique-6-personnes-marine-copia\/#breadcrumb","itemListElement":[{"@type":"ListItem","position":1,"name":"Home","item":"https:\/\/www.erresse-shop.it\/fr\/"},{"@type":"ListItem","position":2,"name":"Shop","item":"https:\/\/www.erresse-shop.it\/fr\/shop\/"},{"@type":"ListItem","position":3,"name":"LES JARDINS DE LA COMTESSE Panier Pique-nique 6 Personnes Trianon"}]},{"@type":"WebSite","@id":"https:\/\/www.erresse-shop.it\/fr\/#website","url":"https:\/\/www.erresse-shop.it\/fr\/","name":"Erresse Shop","description":"Articoli di qualit\u00e0 per la casa","potentialAction":[{"@type":"SearchAction","target":{"@type":"EntryPoint","urlTemplate":"https:\/\/www.erresse-shop.it\/fr\/?s={search_term_string}"},"query-input":"required name=search_term_string"}],"inLanguage":"fr-FR"}]}},"df_price":117.42500000000001,"df_sale_price":117.42500000000001,"df_regular_price":213.5,"df_image_link":"https:\/\/www.erresse-shop.it\/wp-content\/uploads\/2024\/11\/LES-JARDINS-DE-LA-COMTESSE-Cestino-Picnic-6-Persone-Trianon-300x300.jpg","_links":{"self":[{"href":"https:\/\/www.erresse-shop.it\/fr\/wp-json\/wp\/v2\/product\/450216"}],"collection":[{"href":"https:\/\/www.erresse-shop.it\/fr\/wp-json\/wp\/v2\/product"}],"about":[{"href":"https:\/\/www.erresse-shop.it\/fr\/wp-json\/wp\/v2\/types\/product"}],"wp:featuredmedia":[{"embeddable":true,"href":"https:\/\/www.erresse-shop.it\/fr\/wp-json\/wp\/v2\/media\/450233"}],"wp:attachment":[{"href":"https:\/\/www.erresse-shop.it\/fr\/wp-json\/wp\/v2\/media?parent=450216"}],"wp:term":[{"taxonomy":"product_cat","embeddable":true,"href":"https:\/\/www.erresse-shop.it\/fr\/wp-json\/wp\/v2\/product_cat?post=450216"},{"taxonomy":"product_tag","embeddable":true,"href":"https:\/\/www.erresse-shop.it\/fr\/wp-json\/wp\/v2\/product_tag?post=450216"}],"curies":[{"name":"wp","href":"https:\/\/api.w.org\/{rel}","templated":true}]}}